{"id":696,"date":"2019-10-27T11:29:15","date_gmt":"2019-10-27T11:29:15","guid":{"rendered":"https:\/\/www.lowcostivf.net\/hpv-genotype-testing\/"},"modified":"2020-01-15T12:55:37","modified_gmt":"2020-01-15T12:55:37","slug":"hpv-genotype-testing","status":"publish","type":"page","link":"https:\/\/www.lowcostivf.net\/tr\/hpv-genotype-testing\/","title":{"rendered":"Hpv Genotip Testi"},"content":{"rendered":"<hr class=\"styled-hr\" style=\"width: 100%;\">\n<h2 class=\"wsite-content-title\" style=\"text-align: left;\">\u0130nsan Papilloma Vir\u00fcs\u00fc (HPV) Testi<\/h2>\n<p>\u0130nsan Papilloma Vir\u00fcs\u00fc, HPV, cildinizi ve serviks, vulva, vajina, an\u00fcs, bo\u011faz ve a\u011f\u0131z gibi v\u00fccudunuzun nemli zar astarlar\u0131n\u0131 etkileyen bir vir\u00fcs grubunun ortak ad\u0131d\u0131r. Y\u00fczden fazla HPV vir\u00fcs\u00fc t\u00fcr\u00fc vard\u0131r ve yakla\u015f\u0131k k\u0131rk vir\u00fcs t\u00fcr\u00fc insan cinsel organ\u0131n\u0131 etkiler.<\/p>\n<p>HPV cinsel yolla bula\u015fan ve olduk\u00e7a yayg\u0131n g\u00f6r\u00fclen bir hastal\u0131kt\u0131r. \u00c7o\u011fu insan\u0131n hayat\u0131n\u0131n bir noktas\u0131nda buna sahip olmas\u0131 muhtemeldir ve baz\u0131 HPV vir\u00fcs\u00fc t\u00fcrleri fark edilmeden kendi kendine kaybolacakt\u0131r. Gen\u00e7 insanlar, belki de cinsel olarak daha aktif olabilecekleri veya ya\u015fland\u0131k\u00e7a ba\u011f\u0131\u015f\u0131kl\u0131k geli\u015ftirdi\u011fimiz i\u00e7in HPV vir\u00fcs\u00fcne daha yatk\u0131nd\u0131r.<\/p>\n<p>HPV, rahim a\u011fz\u0131 kanseri, rektal kanser, a\u011f\u0131z veya g\u0131rtlak kanseri gibi daha ciddi sorunlara yol a\u00e7abilecek anormal doku b\u00fcy\u00fcmesine veya h\u00fccrelerde de\u011fi\u015fikliklere (displazi olarak bilinir) neden olabilir. Daha yayg\u0131n olarak, HPV genital si\u011fillere veya si\u011fillere ve onlarla temas halinde olan cildin di\u011fer k\u0131s\u0131mlar\u0131nda si\u011fillere neden olur. Si\u011fillere ve si\u011fillere neden olan HPV t\u00fcrleri genellikle kansere d\u00f6n\u00fc\u015febilecek h\u00fccre de\u011fi\u015fikliklerine neden olmaz. D\u00fc\u015f\u00fck riskli HPV&#039;ler olarak adland\u0131r\u0131l\u0131rlar ve y\u00fcksek riskli HPV&#039;lere k\u0131yasla daha yayg\u0131nd\u0131rlar. Y\u00fcksek riskli HPV su\u015flar\u0131, yakla\u015f\u0131k 70% rahim a\u011fz\u0131 kanserine neden olan HPV 16 ve 18&#039;i i\u00e7erir. Di\u011fer y\u00fcksek riskli HPV vir\u00fcsleri aras\u0131nda 31, 35, 39, 45, 51, 52, 58 ve birka\u00e7 tane daha bulunur. Biz konu\u015furken daha fazla su\u015f ke\u015ffediliyor, bu nedenle y\u00fcksek riskli ve d\u00fc\u015f\u00fck riskli HPV vir\u00fcslerinin kesin bir listesi yok.<\/p>\n<p>Daha \u00f6nce vir\u00fcs\u00fc kapm\u0131\u015f biriyle vajinal, anal veya oral seks yoluyla HPV enfeksiyonu kapabilirsiniz. En s\u0131k vajinal veya anal seks s\u0131ras\u0131nda yay\u0131l\u0131r. Enfekte olan ki\u015fide herhangi bir si\u011fil\/lezyon veya vir\u00fcs\u00fcn semptomlar\u0131 olmasa bile, cinsel temasla di\u011fer insanlara bula\u015fabilir. Cildin di\u011fer b\u00f6lgelerine de HPV bula\u015fabilece\u011finden, prezervatif kullanmak sizi HPV vir\u00fcslerine kar\u015f\u0131 korumayabilir. Bu nedenle tarama ve a\u015f\u0131lama en iyi korunma y\u00f6ntemleridir.<\/p>\n<p>Cinsel olarak aktif olan herkes, birden fazla cinsel partneriniz olmasa bile HPV&#039;ye maruz kalma riski alt\u0131ndad\u0131r. Baz\u0131 HPV vir\u00fcs\u00fc t\u00fcrleri y\u0131llarca herhangi bir belirti g\u00f6stermez, bu da ilk kez ne zaman bula\u015ft\u0131\u011f\u0131n\u0131z\u0131 anlaman\u0131z\u0131 zorla\u015ft\u0131r\u0131r. Cinsel olarak aktif olan herkes HPV i\u00e7in taranmal\u0131d\u0131r. E\u011fer enfekte de\u011filseniz, o zaman yap\u0131lacak en iyi \u015fey a\u015f\u0131 olmakt\u0131r. HPV&#039;nin kanserojen t\u00fcrlerine kar\u015f\u0131 a\u015f\u0131lar geli\u015ftirilmi\u015ftir, bu nedenle a\u015f\u0131 olmak HPV&#039;nin en tehlikeli t\u00fcrlerine kar\u015f\u0131 ba\u011f\u0131\u015f\u0131kl\u0131k sa\u011flar.<\/p>\n<p>Hizmetlerimiz hakk\u0131nda daha fazla bilgi i\u00e7in l\u00fctfen <a title=\"\" href=\"\/tr\/contact\/\"> \u0130leti\u015fim Formu<\/a>.<\/p>\n<hr class=\"styled-hr\" style=\"width: 100%;\">\n<h2 class=\"wsite-content-title\" style=\"text-align: left;\">Do\u011furganl\u0131kla \u0130lgili Di\u011fer Hizmetler (ba\u011flant\u0131lara eri\u015fmek i\u00e7in resimlerin \u00fczerine t\u0131klay\u0131n)<\/h2>\n<hr class=\"styled-hr\" style=\"width: 100%;\">\n<p><a href=\"\/tr\/ivf-failures.html\/\"> <img decoding=\"async\" class=\"aligncenter\" style=\"width: auto; max-width: 100%;\" src=\"https:\/\/www.lowcostivf.net\/wp-content\/uploads\/2019\/10\/9470431.jpg\" alt=\"Ba\u015far\u0131s\u0131z bir t\u00fcp bebek tedavisinin nedeni ne olabilir? IVF ba\u015far\u0131s\u0131zl\u0131klar\u0131n\u0131n ard\u0131ndaki nedenler.\"><\/a><\/p>\n<h2 class=\"wsite-content-title\" style=\"text-align: center;\"><a href=\"\/tr\/ivf-failures\/\">Tekrarlanan T\u00fcp Bebek Ba\u015far\u0131s\u0131zl\u0131klar\u0131<\/a><\/h2>\n<p>Tekrarlanan IVF ba\u015far\u0131s\u0131zl\u0131klar\u0131 \u00e7ok sinir bozucu olabilir. T\u00fcp bebek tedavisi duygusal ve finansal bir yat\u0131r\u0131md\u0131r. Bu ama\u00e7la, birka\u00e7 t\u00fcp bebek ba\u015far\u0131s\u0131zl\u0131\u011f\u0131n\u0131z varsa, bir sonraki d\u00f6ng\u00fcn\u00fcze ba\u015flamadan \u00f6nce daha fazla ara\u015ft\u0131rma yapman\u0131z \u00f6nemli olacakt\u0131r.<\/p>\n<p><a href=\"\/tr\/hpv-genotype-testing.html\/\"> <img decoding=\"async\" class=\"aligncenter\" style=\"width: auto; max-width: 100%;\" src=\"https:\/\/www.lowcostivf.net\/wp-content\/uploads\/2019\/10\/1057490.jpg\" alt=\"Rahim a\u011fz\u0131 kanseri ve genital si\u011filler i\u00e7in HPV testi.\"><\/a><\/p>\n<h2 class=\"wsite-content-title\" style=\"text-align: center;\"><a href=\"\/tr\/hpv-genotype-testing\/\">HPV Testi, Genotipleme ve Y\u00f6netimi<\/a><\/h2>\n<p>HPV, insan papilloma vir\u00fcs\u00fc anlam\u0131na gelir. \u00c7ok yayg\u0131n bir vir\u00fcst\u00fcr. Genital HPV, HPV enfeksiyonu olan biriyle do\u011frudan cilt-cilt temas\u0131 yoluyla yay\u0131l\u0131r. Temas vajinal, anal ve oral seksi i\u00e7erir.<\/p>\n<p><a href=\"\/tr\/miscarriages.html\/\"> <img decoding=\"async\" class=\"aligncenter\" style=\"width: auto; max-width: 100%;\" src=\"https:\/\/www.lowcostivf.net\/wp-content\/uploads\/2019\/10\/5852766.jpg\" alt=\"Tekrarlayan ve tekrarlayan d\u00fc\u015f\u00fcklerin nedenleri ve tedavisi. Neden d\u00fc\u015f\u00fck yap\u0131yorum?\"><\/a><\/p>\n<h2 class=\"wsite-content-title\" style=\"text-align: center;\"><a href=\"\/tr\/miscarriages\/\">Tekrarlayan D\u00fc\u015f\u00fckler<\/a><\/h2>\n<p>Tekrarlayan veya tekrarlayan d\u00fc\u015f\u00fckler, hastan\u0131n arka arkaya \u00fc\u00e7 veya daha fazla d\u00fc\u015f\u00fck ya\u015fad\u0131\u011f\u0131 bir durumdur. Bu d\u00fc\u015f\u00fcklerin nedeni yumurta\/sperm kaynakl\u0131 olabilece\u011fi gibi genetik bir ili\u015fki de olabilir.<\/p>\n<p><a href=\"\/tr\/surgical-sperm-retrieval.html\/\"> <img decoding=\"async\" class=\"aligncenter\" style=\"width: auto; max-width: 100%;\" src=\"https:\/\/www.lowcostivf.net\/wp-content\/uploads\/2019\/10\/5932588.jpg\" alt=\"Cerrahi sperm elde etme ve \u00e7\u0131karma y\u00f6ntemleri TESA, TESE, Mikro Tese, PESA ve MESA&#039;y\u0131 i\u00e7erir.\"><\/a><\/p>\n<h2 class=\"wsite-content-title\" style=\"text-align: center;\"><a title=\"\" href=\"\/tr\/surgical-sperm-retrieval\/\">Cerrahi Sperm Toplama<br \/>\n(TESA\/PESA\/MESA)<\/a><\/h2>\n<p>Cerrahi sperm ekstraksiyonu veya cerrahi sperm elde etme, ejakulat\u0131 d\u00f6llenmeye uygun canl\u0131 sperm h\u00fccresi i\u00e7ermeyen hastalarda cerrahi olarak canl\u0131 sperm elde etmeyi ama\u00e7layan bir dizi k\u00fc\u00e7\u00fck operasyonlar\u0131 i\u00e7erir.<\/p>\n<p><a href=\"\/tr\/sickle-cell-disease-prevention.html\/\"> <img decoding=\"async\" class=\"aligncenter\" style=\"width: auto; max-width: 100%;\" src=\"https:\/\/www.lowcostivf.net\/wp-content\/uploads\/2019\/10\/666559.jpg\" alt=\"Orak h\u00fccre hastal\u0131\u011f\u0131, PGD ile t\u00fcp bebek tedavisi ile \u00f6nlenebilir. \"><\/a><\/p>\n<h2 class=\"wsite-content-title\" style=\"text-align: center;\"><a href=\"\/tr\/sickle-cell-disease-prevention\/\">Orak h\u00fccre anemisi<\/a><\/h2>\n<p>Orak h\u00fccreli anemi veya orak h\u00fccre hastal\u0131\u011f\u0131, k\u0131rm\u0131z\u0131 kan h\u00fccrelerinin orak \u015feklinde oldu\u011fu bir durumdur. Kal\u0131t\u0131m paterni otozomal resesiftir, bu nedenle her iki partner de mutasyona u\u011fram\u0131\u015f genin ta\u015f\u0131y\u0131c\u0131lar\u0131 olmal\u0131d\u0131r. PGD ile korunma m\u00fcmk\u00fcnd\u00fcr.<\/p>\n<p><a href=\"\/tr\/pre-implantation-genetic-diagnosis-pgd.html\/\"> <img decoding=\"async\" class=\"aligncenter\" style=\"width: auto; max-width: 100%;\" src=\"https:\/\/www.lowcostivf.net\/wp-content\/uploads\/2019\/10\/2557819_orig.jpg\" alt=\"Kistik fibroz, duchenne&#039;s mask\u00fcler distrofi gibi genetik bozukluklar i\u00e7in PGD\"><\/a><\/p>\n<h2 class=\"wsite-content-title\" style=\"text-align: center;\"><a title=\"\" href=\"\/tr\/pre-implantation-genetic-diagnosis-pgd\/\">Genetik Tan\u0131 i\u00e7in PGD<\/a><\/h2>\n<p>\u0130mplantasyon \u00d6ncesi Genetik Tan\u0131 veya daha do\u011frusu pre-implantasyon genetik tarama, embriyolar\u0131n yayg\u0131n genetik bozukluklar veya tek gen kusurlar\u0131 i\u00e7in taranabildi\u011fi bir embriyo se\u00e7im y\u00f6ntemidir.<\/p>","protected":false},"excerpt":{"rendered":"<p>\u0130nsan Papilloma Vir\u00fcs\u00fc (HPV) Testi \u0130nsan Papilloma Vir\u00fcs\u00fc HPV, cildinizi ve v\u00fccudunuzun rahim a\u011fz\u0131, vulva, vajina, an\u00fcs, bo\u011faz ve a\u011f\u0131z gibi nemli zar astarlar\u0131n\u0131 etkileyen bir grup vir\u00fcs\u00fcn ortak ad\u0131d\u0131r. HPV vir\u00fcs\u00fcn\u00fcn y\u00fcz\u00fcn \u00fczerinde t\u00fcr\u00fc ve yakla\u015f\u0131k k\u0131rk t\u00fcr\u00fc vard\u0131r.<\/p>","protected":false},"author":1,"featured_media":1522,"parent":0,"menu_order":0,"comment_status":"closed","ping_status":"closed","template":"","meta":{"footnotes":""},"categories":[],"tags":[],"class_list":["post-696","page","type-page","status-publish","has-post-thumbnail","hentry"],"yoast_head":"<!-- This site is optimized with the Yoast SEO plugin v24.3 - https:\/\/yoast.com\/wordpress\/plugins\/seo\/ -->\n<title>Hpv Genotype Testing - North Cyprus IVF<\/title>\n<meta name=\"description\" content=\"What is HPV? Please refer to this page for detailed Information about Human Papilloma Virus (HPV) and protection methods.\" \/>\n<meta name=\"robots\" content=\"index, follow, max-snippet:-1, max-image-preview:large, max-video-preview:-1\" \/>\n<link rel=\"canonical\" href=\"https:\/\/www.lowcostivf.net\/tr\/hpv-genotype-testing\/\" \/>\n<meta property=\"og:locale\" content=\"tr_TR\" \/>\n<meta property=\"og:type\" content=\"article\" \/>\n<meta property=\"og:title\" content=\"Hpv Genotype Testing - North Cyprus IVF\" \/>\n<meta property=\"og:description\" content=\"What is HPV? Please refer to this page for detailed Information about Human Papilloma Virus (HPV) and protection methods.\" \/>\n<meta property=\"og:url\" content=\"https:\/\/www.lowcostivf.net\/tr\/hpv-genotype-testing\/\" \/>\n<meta property=\"og:site_name\" content=\"North Cyprus IVF\" \/>\n<meta property=\"article:publisher\" content=\"https:\/\/www.facebook.com\/northcyprusivf\/\" \/>\n<meta property=\"article:modified_time\" content=\"2020-01-15T12:55:37+00:00\" \/>\n<meta property=\"og:image\" content=\"https:\/\/www.lowcostivf.net\/wp-content\/uploads\/2019\/11\/hpv-genotype-testing.jpg\" \/>\n\t<meta property=\"og:image:width\" content=\"1140\" \/>\n\t<meta property=\"og:image:height\" content=\"570\" \/>\n\t<meta property=\"og:image:type\" content=\"image\/jpeg\" \/>\n<meta name=\"twitter:card\" content=\"summary_large_image\" \/>\n<meta name=\"twitter:label1\" content=\"Tahmini okuma s\u00fcresi\" \/>\n\t<meta name=\"twitter:data1\" content=\"3 dakika\" \/>\n<script type=\"application\/ld+json\" class=\"yoast-schema-graph\">{\"@context\":\"https:\/\/schema.org\",\"@graph\":[{\"@type\":\"WebPage\",\"@id\":\"https:\/\/www.lowcostivf.net\/hpv-genotype-testing\/\",\"url\":\"https:\/\/www.lowcostivf.net\/hpv-genotype-testing\/\",\"name\":\"Hpv Genotype Testing - North Cyprus IVF\",\"isPartOf\":{\"@id\":\"https:\/\/www.lowcostivf.net\/#website\"},\"primaryImageOfPage\":{\"@id\":\"https:\/\/www.lowcostivf.net\/hpv-genotype-testing\/#primaryimage\"},\"image\":{\"@id\":\"https:\/\/www.lowcostivf.net\/hpv-genotype-testing\/#primaryimage\"},\"thumbnailUrl\":\"https:\/\/www.lowcostivf.net\/wp-content\/uploads\/2019\/11\/hpv-genotype-testing.jpg\",\"datePublished\":\"2019-10-27T11:29:15+00:00\",\"dateModified\":\"2020-01-15T12:55:37+00:00\",\"description\":\"What is HPV? Please refer to this page for detailed Information about Human Papilloma Virus (HPV) and protection methods.\",\"breadcrumb\":{\"@id\":\"https:\/\/www.lowcostivf.net\/hpv-genotype-testing\/#breadcrumb\"},\"inLanguage\":\"tr\",\"potentialAction\":[{\"@type\":\"ReadAction\",\"target\":[\"https:\/\/www.lowcostivf.net\/hpv-genotype-testing\/\"]}]},{\"@type\":\"ImageObject\",\"inLanguage\":\"tr\",\"@id\":\"https:\/\/www.lowcostivf.net\/hpv-genotype-testing\/#primaryimage\",\"url\":\"https:\/\/www.lowcostivf.net\/wp-content\/uploads\/2019\/11\/hpv-genotype-testing.jpg\",\"contentUrl\":\"https:\/\/www.lowcostivf.net\/wp-content\/uploads\/2019\/11\/hpv-genotype-testing.jpg\",\"width\":1140,\"height\":570},{\"@type\":\"BreadcrumbList\",\"@id\":\"https:\/\/www.lowcostivf.net\/hpv-genotype-testing\/#breadcrumb\",\"itemListElement\":[{\"@type\":\"ListItem\",\"position\":1,\"name\":\"Home\",\"item\":\"https:\/\/www.lowcostivf.net\/\"},{\"@type\":\"ListItem\",\"position\":2,\"name\":\"Hpv Genotype Testing\"}]},{\"@type\":\"WebSite\",\"@id\":\"https:\/\/www.lowcostivf.net\/#website\",\"url\":\"https:\/\/www.lowcostivf.net\/\",\"name\":\"North Cyprus IVF\",\"description\":\"Highest IVF Success in Cyprus\",\"publisher\":{\"@id\":\"https:\/\/www.lowcostivf.net\/#organization\"},\"potentialAction\":[{\"@type\":\"SearchAction\",\"target\":{\"@type\":\"EntryPoint\",\"urlTemplate\":\"https:\/\/www.lowcostivf.net\/?s={search_term_string}\"},\"query-input\":{\"@type\":\"PropertyValueSpecification\",\"valueRequired\":true,\"valueName\":\"search_term_string\"}}],\"inLanguage\":\"tr\"},{\"@type\":\"Organization\",\"@id\":\"https:\/\/www.lowcostivf.net\/#organization\",\"name\":\"North Cyprus IVF Centre\",\"alternateName\":\"Cyprus IVF Centre\",\"url\":\"https:\/\/www.lowcostivf.net\/\",\"logo\":{\"@type\":\"ImageObject\",\"inLanguage\":\"tr\",\"@id\":\"https:\/\/www.lowcostivf.net\/#\/schema\/logo\/image\/\",\"url\":\"https:\/\/www.lowcostivf.net\/wp-content\/uploads\/2023\/08\/logo-cyprus-ivf-center-logo.png\",\"contentUrl\":\"https:\/\/www.lowcostivf.net\/wp-content\/uploads\/2023\/08\/logo-cyprus-ivf-center-logo.png\",\"width\":300,\"height\":300,\"caption\":\"North Cyprus IVF Centre\"},\"image\":{\"@id\":\"https:\/\/www.lowcostivf.net\/#\/schema\/logo\/image\/\"},\"sameAs\":[\"https:\/\/www.facebook.com\/northcyprusivf\/\"]}]}<\/script>\n<!-- \/ Yoast SEO plugin. -->","yoast_head_json":{"title":"Hpv Genotype Testing - North Cyprus IVF","description":"What is HPV? Please refer to this page for detailed Information about Human Papilloma Virus (HPV) and protection methods.","robots":{"index":"index","follow":"follow","max-snippet":"max-snippet:-1","max-image-preview":"max-image-preview:large","max-video-preview":"max-video-preview:-1"},"canonical":"https:\/\/www.lowcostivf.net\/tr\/hpv-genotype-testing\/","og_locale":"tr_TR","og_type":"article","og_title":"Hpv Genotype Testing - North Cyprus IVF","og_description":"What is HPV? Please refer to this page for detailed Information about Human Papilloma Virus (HPV) and protection methods.","og_url":"https:\/\/www.lowcostivf.net\/tr\/hpv-genotype-testing\/","og_site_name":"North Cyprus IVF","article_publisher":"https:\/\/www.facebook.com\/northcyprusivf\/","article_modified_time":"2020-01-15T12:55:37+00:00","og_image":[{"width":1140,"height":570,"url":"https:\/\/www.lowcostivf.net\/wp-content\/uploads\/2019\/11\/hpv-genotype-testing.jpg","type":"image\/jpeg"}],"twitter_card":"summary_large_image","twitter_misc":{"Tahmini okuma s\u00fcresi":"3 dakika"},"schema":{"@context":"https:\/\/schema.org","@graph":[{"@type":"WebPage","@id":"https:\/\/www.lowcostivf.net\/hpv-genotype-testing\/","url":"https:\/\/www.lowcostivf.net\/hpv-genotype-testing\/","name":"Hpv Genotype Testing - North Cyprus IVF","isPartOf":{"@id":"https:\/\/www.lowcostivf.net\/#website"},"primaryImageOfPage":{"@id":"https:\/\/www.lowcostivf.net\/hpv-genotype-testing\/#primaryimage"},"image":{"@id":"https:\/\/www.lowcostivf.net\/hpv-genotype-testing\/#primaryimage"},"thumbnailUrl":"https:\/\/www.lowcostivf.net\/wp-content\/uploads\/2019\/11\/hpv-genotype-testing.jpg","datePublished":"2019-10-27T11:29:15+00:00","dateModified":"2020-01-15T12:55:37+00:00","description":"What is HPV? Please refer to this page for detailed Information about Human Papilloma Virus (HPV) and protection methods.","breadcrumb":{"@id":"https:\/\/www.lowcostivf.net\/hpv-genotype-testing\/#breadcrumb"},"inLanguage":"tr","potentialAction":[{"@type":"ReadAction","target":["https:\/\/www.lowcostivf.net\/hpv-genotype-testing\/"]}]},{"@type":"ImageObject","inLanguage":"tr","@id":"https:\/\/www.lowcostivf.net\/hpv-genotype-testing\/#primaryimage","url":"https:\/\/www.lowcostivf.net\/wp-content\/uploads\/2019\/11\/hpv-genotype-testing.jpg","contentUrl":"https:\/\/www.lowcostivf.net\/wp-content\/uploads\/2019\/11\/hpv-genotype-testing.jpg","width":1140,"height":570},{"@type":"BreadcrumbList","@id":"https:\/\/www.lowcostivf.net\/hpv-genotype-testing\/#breadcrumb","itemListElement":[{"@type":"ListItem","position":1,"name":"Home","item":"https:\/\/www.lowcostivf.net\/"},{"@type":"ListItem","position":2,"name":"Hpv Genotype Testing"}]},{"@type":"WebSite","@id":"https:\/\/www.lowcostivf.net\/#website","url":"https:\/\/www.lowcostivf.net\/","name":"North Cyprus IVF","description":"Highest IVF Success in Cyprus","publisher":{"@id":"https:\/\/www.lowcostivf.net\/#organization"},"potentialAction":[{"@type":"SearchAction","target":{"@type":"EntryPoint","urlTemplate":"https:\/\/www.lowcostivf.net\/?s={search_term_string}"},"query-input":{"@type":"PropertyValueSpecification","valueRequired":true,"valueName":"search_term_string"}}],"inLanguage":"tr"},{"@type":"Organization","@id":"https:\/\/www.lowcostivf.net\/#organization","name":"North Cyprus IVF Centre","alternateName":"Cyprus IVF Centre","url":"https:\/\/www.lowcostivf.net\/","logo":{"@type":"ImageObject","inLanguage":"tr","@id":"https:\/\/www.lowcostivf.net\/#\/schema\/logo\/image\/","url":"https:\/\/www.lowcostivf.net\/wp-content\/uploads\/2023\/08\/logo-cyprus-ivf-center-logo.png","contentUrl":"https:\/\/www.lowcostivf.net\/wp-content\/uploads\/2023\/08\/logo-cyprus-ivf-center-logo.png","width":300,"height":300,"caption":"North Cyprus IVF Centre"},"image":{"@id":"https:\/\/www.lowcostivf.net\/#\/schema\/logo\/image\/"},"sameAs":["https:\/\/www.facebook.com\/northcyprusivf\/"]}]}},"_links":{"self":[{"href":"https:\/\/www.lowcostivf.net\/tr\/wp-json\/wp\/v2\/pages\/696"}],"collection":[{"href":"https:\/\/www.lowcostivf.net\/tr\/wp-json\/wp\/v2\/pages"}],"about":[{"href":"https:\/\/www.lowcostivf.net\/tr\/wp-json\/wp\/v2\/types\/page"}],"author":[{"embeddable":true,"href":"https:\/\/www.lowcostivf.net\/tr\/wp-json\/wp\/v2\/users\/1"}],"replies":[{"embeddable":true,"href":"https:\/\/www.lowcostivf.net\/tr\/wp-json\/wp\/v2\/comments?post=696"}],"version-history":[{"count":4,"href":"https:\/\/www.lowcostivf.net\/tr\/wp-json\/wp\/v2\/pages\/696\/revisions"}],"predecessor-version":[{"id":3613,"href":"https:\/\/www.lowcostivf.net\/tr\/wp-json\/wp\/v2\/pages\/696\/revisions\/3613"}],"wp:featuredmedia":[{"embeddable":true,"href":"https:\/\/www.lowcostivf.net\/tr\/wp-json\/wp\/v2\/media\/1522"}],"wp:attachment":[{"href":"https:\/\/www.lowcostivf.net\/tr\/wp-json\/wp\/v2\/media?parent=696"}],"wp:term":[{"taxonomy":"category","embeddable":true,"href":"https:\/\/www.lowcostivf.net\/tr\/wp-json\/wp\/v2\/categories?post=696"},{"taxonomy":"post_tag","embeddable":true,"href":"https:\/\/www.lowcostivf.net\/tr\/wp-json\/wp\/v2\/tags?post=696"}],"curies":[{"name":"wp","href":"https:\/\/api.w.org\/{rel}","templated":true}]}}