{"id":685,"date":"2019-10-27T11:29:07","date_gmt":"2019-10-27T11:29:07","guid":{"rendered":"https:\/\/www.lowcostivf.net\/egg-freezing\/"},"modified":"2020-03-06T14:36:16","modified_gmt":"2020-03-06T14:36:16","slug":"egg-freezing","status":"publish","type":"page","link":"https:\/\/www.lowcostivf.net\/tr\/egg-freezing\/","title":{"rendered":"Yumurta Dondurma"},"content":{"rendered":"<div data-elementor-type=\"wp-page\" data-elementor-id=\"685\" class=\"elementor elementor-685\" data-elementor-post-type=\"page\">\n\t\t\t\t\t\t\t\t\t<section class=\"elementor-section elementor-top-section elementor-element elementor-element-ba1b176 elementor-section-boxed elementor-section-height-default elementor-section-height-default\" data-id=\"ba1b176\" data-element_type=\"section\">\n\t\t\t\t\t\t<div class=\"elementor-container elementor-column-gap-default\">\n\t\t\t\t\t<div class=\"elementor-column elementor-col-100 elementor-top-column elementor-element elementor-element-b6820f8\" data-id=\"b6820f8\" data-element_type=\"column\">\n\t\t\t<div class=\"elementor-widget-wrap elementor-element-populated\">\n\t\t\t\t\t\t\t\t<div class=\"elementor-element elementor-element-bd255d9 elementor-widget elementor-widget-jnews_element_header_elementor\" data-id=\"bd255d9\" data-element_type=\"widget\" data-widget_type=\"jnews_element_header_elementor.default\">\n\t\t\t\t<div class=\"elementor-widget-container\">\n\t\t\t<div  class=\"jeg_block_heading jeg_block_heading_5 jeg_aligncenter jnews_module__0_69fb52e067e67\">\n                <h3 class=\"jeg_block_title\"><span>Kuzey K\u0131br\u0131s T\u00fcp Bebek Merkezinde Yumurta Dondurmaya Genel Bak\u0131\u015f<\/span><\/h3>\n                <style>.jnews_module__0_69fb52e067e67.jeg_block_heading_5 .jeg_block_title span, .jnews_module__0_69fb52e067e67.jeg_block_heading_5 .jeg_block_title i { color: #7a7a7a; }<\/style>\n            <\/div>\t\t<\/div>\n\t\t\t\t<\/div>\n\t\t\t\t\t<\/div>\n\t\t<\/div>\n\t\t\t\t\t\t\t<\/div>\n\t\t<\/section>\n\t\t\t\t<section class=\"elementor-section elementor-top-section elementor-element elementor-element-b4d375c elementor-section-boxed elementor-section-height-default elementor-section-height-default\" data-id=\"b4d375c\" data-element_type=\"section\">\n\t\t\t\t\t\t<div class=\"elementor-container elementor-column-gap-default\">\n\t\t\t\t\t<div class=\"elementor-column elementor-col-50 elementor-top-column elementor-element elementor-element-1fbd85c\" data-id=\"1fbd85c\" data-element_type=\"column\">\n\t\t\t<div class=\"elementor-widget-wrap elementor-element-populated\">\n\t\t\t\t\t\t\t\t<div class=\"elementor-element elementor-element-4aa270b elementor-widget elementor-widget-jnews_post_feature_elementor\" data-id=\"4aa270b\" data-element_type=\"widget\" data-widget_type=\"jnews_post_feature_elementor.default\">\n\t\t\t\t<div class=\"elementor-widget-container\">\n\t\t\t<div class=\"jeg_featured featured_image\"><a href=\"https:\/\/www.lowcostivf.net\/wp-content\/uploads\/2019\/11\/egg-freezing.jpg\"><div class=\"thumbnail-container animate-lazy\" style=\"padding-bottom:50%\"><img loading=\"lazy\" decoding=\"async\" width=\"750\" height=\"375\" src=\"data:image\/gif;base64,R0lGODlhAQABAIAAAP\/\/\/wAAACH5BAEAAAAALAAAAAABAAEAAAICRAEAOw==\" class=\"attachment-jnews-750x375 size-jnews-750x375 lazyload wp-post-image\" alt=\"Yumurta Dondurma\" sizes=\"(max-width: 750px) 100vw, 750px\" data-src=\"https:\/\/www.lowcostivf.net\/wp-content\/uploads\/2019\/11\/egg-freezing-750x375.jpg\" data-srcset=\"https:\/\/www.lowcostivf.net\/wp-content\/uploads\/2019\/11\/egg-freezing-750x375.jpg 750w, https:\/\/www.lowcostivf.net\/wp-content\/uploads\/2019\/11\/egg-freezing-300x150.jpg 300w, https:\/\/www.lowcostivf.net\/wp-content\/uploads\/2019\/11\/egg-freezing-768x384.jpg 768w, https:\/\/www.lowcostivf.net\/wp-content\/uploads\/2019\/11\/egg-freezing-1024x512.jpg 1024w, https:\/\/www.lowcostivf.net\/wp-content\/uploads\/2019\/11\/egg-freezing-360x180.jpg 360w, https:\/\/www.lowcostivf.net\/wp-content\/uploads\/2019\/11\/egg-freezing.jpg 1140w\" data-sizes=\"auto\" data-expand=\"700\" \/><\/div><\/a><\/div>\t\t<\/div>\n\t\t\t\t<\/div>\n\t\t\t\t\t<\/div>\n\t\t<\/div>\n\t\t\t\t<div class=\"elementor-column elementor-col-50 elementor-top-column elementor-element elementor-element-498bad2\" data-id=\"498bad2\" data-element_type=\"column\">\n\t\t\t<div class=\"elementor-widget-wrap elementor-element-populated\">\n\t\t\t\t\t\t\t\t<div class=\"elementor-element elementor-element-92d7ae9 elementor-widget elementor-widget-text-editor\" data-id=\"92d7ae9\" data-element_type=\"widget\" data-widget_type=\"text-editor.default\">\n\t\t\t\t<div class=\"elementor-widget-container\">\n\t\t\t\t\t\t\t<p>Yumurta dondurma, t\u00fcp bebek prosed\u00fcrlerinde nispeten yeni bir kavramd\u0131r. Doku ve h\u00fccre dondurma, insan oositlerinin (yumurtalar\u0131n) k\u0131r\u0131lgan do\u011fas\u0131 nedeniyle bir s\u00fcredir uygulamada olmas\u0131na ra\u011fmen, yumurtalar\u0131n dondurulmas\u0131, sperm veya embriyo dondurmaya k\u0131yasla geleneksel olarak \u00e7ok daha d\u00fc\u015f\u00fck ba\u015far\u0131 oranlar\u0131na sahiptir. \u0130nsan gametlerini ve embriyolar\u0131n\u0131 dondurman\u0131n daha \u00f6nceki y\u00f6ntemi, yava\u015f dondurma olarak biliniyordu. Yava\u015f dondurma y\u00f6ntemiyle, yumurtalar\/sperm h\u00fccreleri veya embriyolar yava\u015f yava\u015f d\u00fc\u015f\u00fck s\u0131cakl\u0131klara so\u011futulacak ve daha sonra uzun s\u00fcreli koruma i\u00e7in s\u0131v\u0131 nitrojene aktar\u0131lacakt\u0131r. Ancak bu y\u00f6ntemle sperm h\u00fccrelerinin ve embriyolar\u0131n ya\u015fama oran\u0131 \u00e7ok y\u00fcksek olsa da oositlerin (yumurtalar\u0131n) bu y\u00f6ntemle ya\u015fama oran\u0131 \u00e7ok d\u00fc\u015f\u00fck olmu\u015ftur. Hatta bir\u00e7ok bilim adam\u0131, bu y\u00fczy\u0131l\u0131n ba\u015f\u0131nda yumurta dondurman\u0131n ba\u015far\u0131l\u0131 bir prosed\u00fcr olmad\u0131\u011f\u0131 ve kullan\u0131lmamas\u0131 gerekti\u011fi sonucuna vard\u0131. Yava\u015f dondurma y\u00f6ntemindeki sorun, so\u011futma i\u015flemi s\u0131ras\u0131nda yumurtalar\u0131n \u00fczerinde buz kristallerinin olu\u015fmas\u0131 ve bu buz kristallerinin \u00f6l\u00fcmc\u00fcl hasara yol a\u00e7arak yumurtan\u0131n \u00f6lmesine neden olmas\u0131yd\u0131.<\/p>\t\t\t\t\t\t<\/div>\n\t\t\t\t<\/div>\n\t\t\t\t\t<\/div>\n\t\t<\/div>\n\t\t\t\t\t\t\t<\/div>\n\t\t<\/section>\n\t\t\t\t<section class=\"elementor-section elementor-top-section elementor-element elementor-element-763ee7a4 elementor-section-boxed elementor-section-height-default elementor-section-height-default\" data-id=\"763ee7a4\" data-element_type=\"section\">\n\t\t\t\t\t\t<div class=\"elementor-container elementor-column-gap-default\">\n\t\t\t\t\t<div class=\"elementor-column elementor-col-100 elementor-top-column elementor-element elementor-element-2dc3d58e\" data-id=\"2dc3d58e\" data-element_type=\"column\">\n\t\t\t<div class=\"elementor-widget-wrap elementor-element-populated\">\n\t\t\t\t\t\t\t\t<div class=\"elementor-element elementor-element-81e1423 elementor-widget elementor-widget-text-editor\" data-id=\"81e1423\" data-element_type=\"widget\" data-widget_type=\"text-editor.default\">\n\t\t\t\t<div class=\"elementor-widget-container\">\n\t\t\t\t\t\t\t<p>Yumurta dondurma, t\u00fcp bebek prosed\u00fcrlerinde nispeten yeni bir kavramd\u0131r. Doku ve h\u00fccre dondurma, insan oositlerinin (yumurtalar\u0131n) k\u0131r\u0131lgan do\u011fas\u0131 nedeniyle bir s\u00fcredir uygulamada olmas\u0131na ra\u011fmen, yumurtalar\u0131n dondurulmas\u0131, sperm veya embriyo dondurmaya k\u0131yasla geleneksel olarak \u00e7ok daha d\u00fc\u015f\u00fck ba\u015far\u0131 oranlar\u0131na sahiptir.<\/p>\n<p>\u0130nsan gametlerini ve embriyolar\u0131n\u0131 dondurman\u0131n daha \u00f6nceki y\u00f6ntemi, yava\u015f dondurma olarak biliniyordu. Yava\u015f dondurma y\u00f6ntemiyle, yumurtalar\/sperm h\u00fccreleri veya embriyolar yava\u015f yava\u015f d\u00fc\u015f\u00fck s\u0131cakl\u0131klara so\u011futulacak ve daha sonra uzun s\u00fcreli koruma i\u00e7in s\u0131v\u0131 nitrojene aktar\u0131lacakt\u0131r. Ancak bu y\u00f6ntemle sperm h\u00fccrelerinin ve embriyolar\u0131n ya\u015fama oran\u0131 \u00e7ok y\u00fcksek olsa da oositlerin (yumurtalar\u0131n) bu y\u00f6ntemle ya\u015fama oran\u0131 \u00e7ok d\u00fc\u015f\u00fck olmu\u015ftur. Hatta bir\u00e7ok bilim adam\u0131, bu y\u00fczy\u0131l\u0131n ba\u015f\u0131nda yumurta dondurman\u0131n ba\u015far\u0131l\u0131 bir prosed\u00fcr olmad\u0131\u011f\u0131 ve kullan\u0131lmamas\u0131 gerekti\u011fi sonucuna vard\u0131. Yava\u015f dondurma y\u00f6ntemindeki sorun, so\u011futma i\u015flemi s\u0131ras\u0131nda yumurtalar\u0131n \u00fczerinde buz kristallerinin olu\u015fmas\u0131 ve bu buz kristallerinin \u00f6l\u00fcmc\u00fcl hasara yol a\u00e7arak yumurtan\u0131n \u00f6lmesine neden olmas\u0131yd\u0131.<\/p>\n<p>2000&#039;li y\u0131llar\u0131n ba\u015f\u0131nda daha yeni bir vitrifikasyon y\u00f6ntemi kullan\u0131ma sunuldu ve insan oositinin dondurulmas\u0131 konusundaki umutlar\u0131 art\u0131rd\u0131. Bu yeni y\u00f6nteme bazen ultra h\u0131zl\u0131 dondurma denir. Bu yeni teknoloji ve yeni icat edilen \u00e7\u00f6z\u00fcmlerle yumurta dondurma, embriyo ve sperm dondurma teknikleri kadar ba\u015far\u0131l\u0131 hale geldi.<\/p>\n<p>Kuzey K\u0131br\u0131s T\u00fcp Bebek Merkezi 2007 y\u0131l\u0131ndan bu yana vitrifikasyon y\u00f6ntemi ile oosit (yumurta) dondurma hizmeti vermektedir. Vitrifikasyonda kullan\u0131lan k\u00fclt\u00fcr ortamlar\u0131 ve tekniklerdeki s\u00fcrekli iyile\u015ftirmeler ile art\u0131k vitrifiye oositlerin 90%&#039;den fazla hayatta kalma oran\u0131n\u0131 sunuyoruz. Bu, dondurulan 10 yumurtadan 9&#039;unun bu s\u00fcre\u00e7te hayatta kalaca\u011f\u0131 ve canl\u0131 bir embriyoya d\u00f6llenme potansiyeli ta\u015f\u0131yaca\u011f\u0131 anlam\u0131na gelir.<\/p>\n<p>Bug\u00fcn, giderek daha fazla kad\u0131n i\u015f basamaklar\u0131n\u0131 t\u0131rman\u0131yor, bu da bir aile kurman\u0131n veya bir bebek planlaman\u0131n genellikle gecikece\u011fi anlam\u0131na gelebilir. Bu gecikme, i\u015fleyen biyolojik saat taraf\u0131ndan her zaman desteklenmeyebilir. Kariyer planlamas\u0131yla, giderek daha fazla kad\u0131n, ailelerini planlamaya haz\u0131r hale gelmeden do\u011furganl\u0131klar\u0131n\u0131 kaybediyor. B\u00f6yle bir durumda kad\u0131n zor bir kararla kar\u015f\u0131 kar\u015f\u0131ya kal\u0131r. Ya biyolojik \u00e7ocuklar\u0131na sahip olmamay\u0131 kabul ediyor ya da anneli\u011fi deneyimlemek i\u00e7in i\u015f piyasas\u0131ndan ayr\u0131l\u0131yor. Ancak vitrifikasyon sayesinde art\u0131k \u00fc\u00e7\u00fcnc\u00fc bir se\u00e7enek daha var.<\/p>\n<p><strong>Yumurta Dondurma i\u00e7in uygun aday kimdir?<\/strong><br>\n<em>Ki\u015fisel nedenlerle \u00e7ocuk sahibi olmaya hen\u00fcz haz\u0131r olmayan ancak ileri bir tarihte \u00e7ocuk sahibi olmak isteyen kad\u0131nlar,<br>\nKemoterapi veya radyasyon tedavisi g\u00f6rmek \u00fczere olan kad\u0131nlar,<br>\nDo\u011furganl\u0131k de\u011ferlendirmesi veya aile \u00f6yk\u00fcs\u00fc ile kan\u0131tland\u0131\u011f\u0131 gibi erken yumurtal\u0131k yetmezli\u011fi riski ta\u015f\u0131yan kad\u0131nlar,<\/em><\/p>\n<p>hepsi yumurta dondurma prosed\u00fcr\u00fc i\u00e7in ideal adaylard\u0131r. Yumurta dondurmada yer alan ad\u0131mlar, standart IVF tedavilerinde yer alan ad\u0131mlara \u00e7ok benzer. Aradaki fark, toplanan yumurtalar d\u00f6llenmez ve hastan\u0131n rahmine transfer edilmez. Bunun yerine yumurtalar, hasta ailesini planlamaya haz\u0131r oldu\u011funda ileride kullanmak \u00fczere saklan\u0131r.<\/p>\n<p>Bu t\u00fcr bir tedaviye ge\u00e7meden \u00f6nce belirli testlerden ve taramalardan ge\u00e7mek \u00f6nemli olacakt\u0131r. Bu testler, yumurtal\u0131klardan toplanacak yumurtalar\u0131n say\u0131s\u0131n\u0131 ve kalitesini en \u00fcst d\u00fczeye \u00e7\u0131karmak i\u00e7in en uygun tedavi protokol\u00fcn\u00fc tasarlamam\u0131z\u0131 sa\u011flar. Normalde, belirli bir adet d\u00f6ng\u00fcs\u00fcnde, her kad\u0131n tek bir yumurta \u00fcretir ve bu tek yumurta d\u00f6llenme potansiyeline sahip olabilir veya olmayabilir. Size ek ila\u00e7lar vererek, yumurtal\u0131klar\u0131n\u0131z\u0131n \u00e7ok say\u0131da kaliteli yumurta \u00fcretmesini sa\u011fl\u0131yoruz, b\u00f6ylece m\u00fcmk\u00fcn oldu\u011funca \u00e7ok yumurta toplay\u0131p gelecekteki bir hamilelikte kullanman\u0131z i\u00e7in dondurabiliyoruz. Ama\u00e7 m\u00fcmk\u00fcn oldu\u011fu kadar \u00e7ok yumurta toplamak iken, istenmeyen yan etkileri olan bir durum olan yumurtal\u0131k hiperstim\u00fclasyonunu riske atmak istemiyoruz. Bu nedenle, tedavi protokol\u00fcn\u00fcz\u00fc spesifik hormon seviyelerinize ve di\u011fer bir\u00e7ok parametreye g\u00f6re optimize etmek \u00e7ok \u00f6nemlidir.<\/p>\n<p><strong>Bir yumurta dondurma d\u00f6ng\u00fcs\u00fc planlanmadan \u00f6nce yap\u0131lmas\u0131 gereken testler a\u015fa\u011f\u0131daki gibidir:<\/strong><br>\n\u2013 Adet d\u00f6neminizin 2. veya 3. g\u00fcn\u00fcnde antral folik\u00fcl takibi i\u00e7in pelvik ultrason taramas\u0131 yapt\u0131rman\u0131z\u0131 isteyece\u011fiz.<br>\n\u2013 Ayn\u0131 g\u00fcn yumurtal\u0131k fonksiyonunuzun de\u011ferlendirilmesi i\u00e7in FSH, LH, Estradiol, Prolaktin ve AMH hormon testleri de istenecek ve b\u00f6ylece kullan\u0131lacak do\u011fru ila\u00e7 tedavisi belirlenecektir. Ayr\u0131nt\u0131l\u0131 bir t\u0131bbi ge\u00e7mi\u015f formuyla birlikte bu bilgilere sahip oldu\u011fumuzda, gelecekteki \u00e7ocuk(lar)\u0131n\u0131z olacak iyi say\u0131da ve kaliteli yumurtalar\u0131 ba\u015far\u0131l\u0131 bir \u015fekilde elde edebilmemiz i\u00e7in tedavi protokol\u00fcn\u00fcz\u00fc tasarlayabilece\u011fiz! K\u0131s\u0131rl\u0131k testi ve sonu\u00e7lar\u0131n\u0131z\u0131n ne anlama geldi\u011fi hakk\u0131nda daha fazla bilgi i\u00e7in l\u00fctfen sayfam\u0131za bak\u0131n. <strong>&#8216;<a href=\"\/tr\/testing\/\">K\u0131s\u0131rl\u0131k Testi<\/a>&#8216;<\/strong> b\u00f6l\u00fcm.<\/p>\n<p><strong>Yumurta Dondurma Maliyeti Ne Kadard\u0131r?<\/strong><br>\nYumurta dondurman\u0131n temel maliyeti 2.500 Euro&#039;dur. Bu \u00fccrete t\u00fcp bebek \u00fcnitemizde yapaca\u011f\u0131n\u0131z t\u0131bbi kons\u00fcltasyonlar, t\u0131bbi i\u015flemleriniz ve dondurma i\u015flemleriniz dahildir. Ancak toplanan yumurta say\u0131s\u0131na ve her bir pipette ka\u00e7 tane yumurta dondurmak istedi\u011finize ba\u011fl\u0131 olarak maliyet farkl\u0131l\u0131k g\u00f6sterecektir. \u00d6rne\u011fin, toplam 8 yumurta alabiliyorsak ve bu yumurtalar\u0131n hepsini ayn\u0131 saman i\u00e7inde dondurmak istiyorsan\u0131z, o zaman tedavi maliyeti 2.500 kal\u0131r. Ancak her bir yumurtan\u0131n ayr\u0131 ayr\u0131 pipetlerde dondurulmas\u0131n\u0131 isterseniz, ilave her pipet 300 Euro&#039;ya mal olacakt\u0131r. Yumurtalar birlikte donduruldu\u011funda ayn\u0131 zamanda birlikte \u0131s\u0131t\u0131l\u0131r (\u00e7\u00f6z\u00fcl\u00fcr), yani yeniden dondurmak ba\u015far\u0131l\u0131 bir sonu\u00e7 vermeyece\u011fi i\u00e7in hepsinin birden kullan\u0131lmas\u0131 gerekir. Dondurulmu\u015f yumurtalar\u0131n\u0131z\u0131 \u00e7o\u011ful gebeliklerde kullanmay\u0131 d\u00fc\u015f\u00fcn\u00fcyorsan\u0131z (yumurtalar\u0131n\u0131zla birden fazla \u00e7ocuk sahibi olmak istiyorsan\u0131z), yumurtalar\u0131 2&#039;li veya 3&#039;l\u00fc setler halinde dondurman\u0131z\u0131 tavsiye ederiz, bu da size gelecekte nas\u0131l yapaca\u011f\u0131n\u0131z konusunda daha fazla esneklik sa\u011flar. onlar\u0131 kullan. Yumurtalar\u0131 saman ba\u015f\u0131na 1 yumurta setlerinde dondurmak da \u00e7ok iyi bir fikir de\u011fildir \u00e7\u00fcnk\u00fc t\u00fcm yumurtalar \u00e7\u00f6z\u00fclme s\u00fcrecinde hayatta kalamaz ve t\u00fcm yumurtalar canl\u0131 bir embriyoya d\u00f6n\u00fc\u015fmez. Bu nedenle set ba\u015f\u0131na 2\/3 oosit olmas\u0131 iyi bir fikirdir.<\/p>\n<p>Yumurta ve embriyo dondurman\u0131n derinlemesine bir tart\u0131\u015fmas\u0131 i\u00e7in l\u00fctfen &quot;&quot; b\u00f6l\u00fcm\u00fcm\u00fcze bak\u0131n.<strong><a href=\"\/tr\/latest-news-from-north-cyprus-ivf-center\/fertility-preservation-egg-versus-embryo-freezing\/\" target=\"_blank\" rel=\"noopener noreferrer\">Yumurta ve Embriyo Dondurma<\/a><\/strong>\u201d blog yaz\u0131s\u0131.<\/p>\t\t\t\t\t\t<\/div>\n\t\t\t\t<\/div>\n\t\t\t\t\t<\/div>\n\t\t<\/div>\n\t\t\t\t\t\t\t<\/div>\n\t\t<\/section>\n\t\t\t\t\t\t\t<\/div>","protected":false},"excerpt":{"rendered":"<p>Kuzey K\u0131br\u0131s T\u00fcp Bebek Merkezinde Yumurta Dondurma \u0130\u015flemine Genel Bak\u0131\u015f Resim boyutu: 750\u00d7375 Yumurta dondurma, t\u00fcp bebek i\u015flemlerinde nispeten yeni bir kavramd\u0131r. Her ne kadar doku ve h\u00fccre dondurma i\u015flemi bir s\u00fcredir uygulan\u0131yor olsa da, insan oositlerinin (yumurta) k\u0131r\u0131lgan yap\u0131s\u0131ndan dolay\u0131, yumurtalar\u0131n dondurulmas\u0131 geleneksel olarak \u00e7ok daha d\u00fc\u015f\u00fck ba\u015far\u0131 oranlar\u0131na sahip olmu\u015ftur.<\/p>","protected":false},"author":1,"featured_media":1481,"parent":0,"menu_order":0,"comment_status":"closed","ping_status":"closed","template":"elementor_header_footer","meta":{"footnotes":""},"categories":[],"tags":[],"class_list":["post-685","page","type-page","status-publish","has-post-thumbnail","hentry"],"yoast_head":"<!-- This site is optimized with the Yoast SEO plugin v24.3 - https:\/\/yoast.com\/wordpress\/plugins\/seo\/ -->\n<title>Egg Freezing - North Cyprus IVF<\/title>\n<meta name=\"description\" content=\"Oocyte vitrification gives women a chance to freeze their eggs to plan pregnancy in the future. Who is a suitable candidate for Egg Freezing?\" \/>\n<meta name=\"robots\" content=\"index, follow, max-snippet:-1, max-image-preview:large, max-video-preview:-1\" \/>\n<link rel=\"canonical\" href=\"https:\/\/www.lowcostivf.net\/tr\/egg-freezing\/\" \/>\n<meta property=\"og:locale\" content=\"tr_TR\" \/>\n<meta property=\"og:type\" content=\"article\" \/>\n<meta property=\"og:title\" content=\"Egg Freezing - North Cyprus IVF\" \/>\n<meta property=\"og:description\" content=\"Oocyte vitrification gives women a chance to freeze their eggs to plan pregnancy in the future. Who is a suitable candidate for Egg Freezing?\" \/>\n<meta property=\"og:url\" content=\"https:\/\/www.lowcostivf.net\/tr\/egg-freezing\/\" \/>\n<meta property=\"og:site_name\" content=\"North Cyprus IVF\" \/>\n<meta property=\"article:publisher\" content=\"https:\/\/www.facebook.com\/northcyprusivf\/\" \/>\n<meta property=\"article:modified_time\" content=\"2020-03-06T14:36:16+00:00\" \/>\n<meta property=\"og:image\" content=\"https:\/\/www.lowcostivf.net\/wp-content\/uploads\/2019\/11\/egg-freezing.jpg\" \/>\n\t<meta property=\"og:image:width\" content=\"1140\" \/>\n\t<meta property=\"og:image:height\" content=\"570\" \/>\n\t<meta property=\"og:image:type\" content=\"image\/jpeg\" \/>\n<meta name=\"twitter:card\" content=\"summary_large_image\" \/>\n<meta name=\"twitter:label1\" content=\"Tahmini okuma s\u00fcresi\" \/>\n\t<meta name=\"twitter:data1\" content=\"6 dakika\" \/>\n<script type=\"application\/ld+json\" class=\"yoast-schema-graph\">{\"@context\":\"https:\/\/schema.org\",\"@graph\":[{\"@type\":\"WebPage\",\"@id\":\"https:\/\/www.lowcostivf.net\/egg-freezing\/\",\"url\":\"https:\/\/www.lowcostivf.net\/egg-freezing\/\",\"name\":\"Egg Freezing - North Cyprus IVF\",\"isPartOf\":{\"@id\":\"https:\/\/www.lowcostivf.net\/#website\"},\"primaryImageOfPage\":{\"@id\":\"https:\/\/www.lowcostivf.net\/egg-freezing\/#primaryimage\"},\"image\":{\"@id\":\"https:\/\/www.lowcostivf.net\/egg-freezing\/#primaryimage\"},\"thumbnailUrl\":\"https:\/\/www.lowcostivf.net\/wp-content\/uploads\/2019\/11\/egg-freezing.jpg\",\"datePublished\":\"2019-10-27T11:29:07+00:00\",\"dateModified\":\"2020-03-06T14:36:16+00:00\",\"description\":\"Oocyte vitrification gives women a chance to freeze their eggs to plan pregnancy in the future. Who is a suitable candidate for Egg Freezing?\",\"breadcrumb\":{\"@id\":\"https:\/\/www.lowcostivf.net\/egg-freezing\/#breadcrumb\"},\"inLanguage\":\"tr\",\"potentialAction\":[{\"@type\":\"ReadAction\",\"target\":[\"https:\/\/www.lowcostivf.net\/egg-freezing\/\"]}]},{\"@type\":\"ImageObject\",\"inLanguage\":\"tr\",\"@id\":\"https:\/\/www.lowcostivf.net\/egg-freezing\/#primaryimage\",\"url\":\"https:\/\/www.lowcostivf.net\/wp-content\/uploads\/2019\/11\/egg-freezing.jpg\",\"contentUrl\":\"https:\/\/www.lowcostivf.net\/wp-content\/uploads\/2019\/11\/egg-freezing.jpg\",\"width\":1140,\"height\":570},{\"@type\":\"BreadcrumbList\",\"@id\":\"https:\/\/www.lowcostivf.net\/egg-freezing\/#breadcrumb\",\"itemListElement\":[{\"@type\":\"ListItem\",\"position\":1,\"name\":\"Home\",\"item\":\"https:\/\/www.lowcostivf.net\/\"},{\"@type\":\"ListItem\",\"position\":2,\"name\":\"Egg Freezing\"}]},{\"@type\":\"WebSite\",\"@id\":\"https:\/\/www.lowcostivf.net\/#website\",\"url\":\"https:\/\/www.lowcostivf.net\/\",\"name\":\"North Cyprus IVF\",\"description\":\"Highest IVF Success in Cyprus\",\"publisher\":{\"@id\":\"https:\/\/www.lowcostivf.net\/#organization\"},\"potentialAction\":[{\"@type\":\"SearchAction\",\"target\":{\"@type\":\"EntryPoint\",\"urlTemplate\":\"https:\/\/www.lowcostivf.net\/?s={search_term_string}\"},\"query-input\":{\"@type\":\"PropertyValueSpecification\",\"valueRequired\":true,\"valueName\":\"search_term_string\"}}],\"inLanguage\":\"tr\"},{\"@type\":\"Organization\",\"@id\":\"https:\/\/www.lowcostivf.net\/#organization\",\"name\":\"North Cyprus IVF Centre\",\"alternateName\":\"Cyprus IVF Centre\",\"url\":\"https:\/\/www.lowcostivf.net\/\",\"logo\":{\"@type\":\"ImageObject\",\"inLanguage\":\"tr\",\"@id\":\"https:\/\/www.lowcostivf.net\/#\/schema\/logo\/image\/\",\"url\":\"https:\/\/www.lowcostivf.net\/wp-content\/uploads\/2023\/08\/logo-cyprus-ivf-center-logo.png\",\"contentUrl\":\"https:\/\/www.lowcostivf.net\/wp-content\/uploads\/2023\/08\/logo-cyprus-ivf-center-logo.png\",\"width\":300,\"height\":300,\"caption\":\"North Cyprus IVF Centre\"},\"image\":{\"@id\":\"https:\/\/www.lowcostivf.net\/#\/schema\/logo\/image\/\"},\"sameAs\":[\"https:\/\/www.facebook.com\/northcyprusivf\/\"]}]}<\/script>\n<!-- \/ Yoast SEO plugin. -->","yoast_head_json":{"title":"Egg Freezing - North Cyprus IVF","description":"Oocyte vitrification gives women a chance to freeze their eggs to plan pregnancy in the future. Who is a suitable candidate for Egg Freezing?","robots":{"index":"index","follow":"follow","max-snippet":"max-snippet:-1","max-image-preview":"max-image-preview:large","max-video-preview":"max-video-preview:-1"},"canonical":"https:\/\/www.lowcostivf.net\/tr\/egg-freezing\/","og_locale":"tr_TR","og_type":"article","og_title":"Egg Freezing - North Cyprus IVF","og_description":"Oocyte vitrification gives women a chance to freeze their eggs to plan pregnancy in the future. Who is a suitable candidate for Egg Freezing?","og_url":"https:\/\/www.lowcostivf.net\/tr\/egg-freezing\/","og_site_name":"North Cyprus IVF","article_publisher":"https:\/\/www.facebook.com\/northcyprusivf\/","article_modified_time":"2020-03-06T14:36:16+00:00","og_image":[{"width":1140,"height":570,"url":"https:\/\/www.lowcostivf.net\/wp-content\/uploads\/2019\/11\/egg-freezing.jpg","type":"image\/jpeg"}],"twitter_card":"summary_large_image","twitter_misc":{"Tahmini okuma s\u00fcresi":"6 dakika"},"schema":{"@context":"https:\/\/schema.org","@graph":[{"@type":"WebPage","@id":"https:\/\/www.lowcostivf.net\/egg-freezing\/","url":"https:\/\/www.lowcostivf.net\/egg-freezing\/","name":"Egg Freezing - North Cyprus IVF","isPartOf":{"@id":"https:\/\/www.lowcostivf.net\/#website"},"primaryImageOfPage":{"@id":"https:\/\/www.lowcostivf.net\/egg-freezing\/#primaryimage"},"image":{"@id":"https:\/\/www.lowcostivf.net\/egg-freezing\/#primaryimage"},"thumbnailUrl":"https:\/\/www.lowcostivf.net\/wp-content\/uploads\/2019\/11\/egg-freezing.jpg","datePublished":"2019-10-27T11:29:07+00:00","dateModified":"2020-03-06T14:36:16+00:00","description":"Oocyte vitrification gives women a chance to freeze their eggs to plan pregnancy in the future. Who is a suitable candidate for Egg Freezing?","breadcrumb":{"@id":"https:\/\/www.lowcostivf.net\/egg-freezing\/#breadcrumb"},"inLanguage":"tr","potentialAction":[{"@type":"ReadAction","target":["https:\/\/www.lowcostivf.net\/egg-freezing\/"]}]},{"@type":"ImageObject","inLanguage":"tr","@id":"https:\/\/www.lowcostivf.net\/egg-freezing\/#primaryimage","url":"https:\/\/www.lowcostivf.net\/wp-content\/uploads\/2019\/11\/egg-freezing.jpg","contentUrl":"https:\/\/www.lowcostivf.net\/wp-content\/uploads\/2019\/11\/egg-freezing.jpg","width":1140,"height":570},{"@type":"BreadcrumbList","@id":"https:\/\/www.lowcostivf.net\/egg-freezing\/#breadcrumb","itemListElement":[{"@type":"ListItem","position":1,"name":"Home","item":"https:\/\/www.lowcostivf.net\/"},{"@type":"ListItem","position":2,"name":"Egg Freezing"}]},{"@type":"WebSite","@id":"https:\/\/www.lowcostivf.net\/#website","url":"https:\/\/www.lowcostivf.net\/","name":"North Cyprus IVF","description":"Highest IVF Success in Cyprus","publisher":{"@id":"https:\/\/www.lowcostivf.net\/#organization"},"potentialAction":[{"@type":"SearchAction","target":{"@type":"EntryPoint","urlTemplate":"https:\/\/www.lowcostivf.net\/?s={search_term_string}"},"query-input":{"@type":"PropertyValueSpecification","valueRequired":true,"valueName":"search_term_string"}}],"inLanguage":"tr"},{"@type":"Organization","@id":"https:\/\/www.lowcostivf.net\/#organization","name":"North Cyprus IVF Centre","alternateName":"Cyprus IVF Centre","url":"https:\/\/www.lowcostivf.net\/","logo":{"@type":"ImageObject","inLanguage":"tr","@id":"https:\/\/www.lowcostivf.net\/#\/schema\/logo\/image\/","url":"https:\/\/www.lowcostivf.net\/wp-content\/uploads\/2023\/08\/logo-cyprus-ivf-center-logo.png","contentUrl":"https:\/\/www.lowcostivf.net\/wp-content\/uploads\/2023\/08\/logo-cyprus-ivf-center-logo.png","width":300,"height":300,"caption":"North Cyprus IVF Centre"},"image":{"@id":"https:\/\/www.lowcostivf.net\/#\/schema\/logo\/image\/"},"sameAs":["https:\/\/www.facebook.com\/northcyprusivf\/"]}]}},"_links":{"self":[{"href":"https:\/\/www.lowcostivf.net\/tr\/wp-json\/wp\/v2\/pages\/685"}],"collection":[{"href":"https:\/\/www.lowcostivf.net\/tr\/wp-json\/wp\/v2\/pages"}],"about":[{"href":"https:\/\/www.lowcostivf.net\/tr\/wp-json\/wp\/v2\/types\/page"}],"author":[{"embeddable":true,"href":"https:\/\/www.lowcostivf.net\/tr\/wp-json\/wp\/v2\/users\/1"}],"replies":[{"embeddable":true,"href":"https:\/\/www.lowcostivf.net\/tr\/wp-json\/wp\/v2\/comments?post=685"}],"version-history":[{"count":11,"href":"https:\/\/www.lowcostivf.net\/tr\/wp-json\/wp\/v2\/pages\/685\/revisions"}],"predecessor-version":[{"id":3840,"href":"https:\/\/www.lowcostivf.net\/tr\/wp-json\/wp\/v2\/pages\/685\/revisions\/3840"}],"wp:featuredmedia":[{"embeddable":true,"href":"https:\/\/www.lowcostivf.net\/tr\/wp-json\/wp\/v2\/media\/1481"}],"wp:attachment":[{"href":"https:\/\/www.lowcostivf.net\/tr\/wp-json\/wp\/v2\/media?parent=685"}],"wp:term":[{"taxonomy":"category","embeddable":true,"href":"https:\/\/www.lowcostivf.net\/tr\/wp-json\/wp\/v2\/categories?post=685"},{"taxonomy":"post_tag","embeddable":true,"href":"https:\/\/www.lowcostivf.net\/tr\/wp-json\/wp\/v2\/tags?post=685"}],"curies":[{"name":"wp","href":"https:\/\/api.w.org\/{rel}","templated":true}]}}