{"id":724,"date":"2019-10-27T11:29:31","date_gmt":"2019-10-27T11:29:31","guid":{"rendered":"https:\/\/www.lowcostivf.net\/pruebas-de-infertilidad\/"},"modified":"2019-11-13T14:00:46","modified_gmt":"2019-11-13T14:00:46","slug":"pruebas-de-infertilidad","status":"publish","type":"page","link":"https:\/\/www.lowcostivf.net\/it\/pruebas-de-infertilidad\/","title":{"rendered":"Pruebas De Infertilidad"},"content":{"rendered":"<h2 class=\"wsite-content-title\">PRUEBAS DE INFERTILIDAD<\/h2>\n<p><strong>\u200b\u00bfCOME INTERPRETAR LA PRUEBA DE HORMONAS Y EL AN\u00c1LISIS DE ESPERMA?<\/strong><br \/>\nOgni paziente \u00e8 unico ed \u00e8 probabile che ogni paziente richieda un protocollo di trattamento personalizzato basato sulla propria storia di infertilit\u00e0, antecedenti di pruebas de fertilidad e\/o trattamenti. Cuanta pi\u00f9 informazioni otteniamo circa la sua storia di infertilit\u00e0, pi\u00f9 possiamo commentare le sue necessit\u00e0 e richieste specifiche. Nella fecondazione in vitro di Cipro del Nord, la nostra priorit\u00e0 \u00e8 assicurarsi che ogni paziente riceva attenzione personalizzata e che ogni protocollo di trattamento sia preparato con cura alle necessit\u00e0 di ogni paziente.<\/p>\n<p>Prima di poter formulare una strategia di trattamento efficace. \u00c8 molto importante che ci siano alcuni risultati delle pruebas, che non daranno informazioni specifiche sui fattori negativi dell&#039;infertilit\u00e0. Possiamo analizzare le prudenze di fertilit\u00e0 in due categorie come prudenze di donne e uomini:<\/p>\n<p><strong>Prueba de Infertilidad Femenina:<\/strong><br \/>\nPrueba de infertilidad femenina comienza con una serie di pruebas hormonales junto con un sonograma. Questo \u00e8 molto di pi\u00f9 nel menu del primo passo nella valutazione femminile della fertilit\u00e0 fino a quando non c&#039;\u00e8 una ragione per iniziare la ricerca da un&#039;altra parte.<\/p>\n<ol>\n<li>Pruebas hormonales: Una delle parti pi\u00f9 importanti di informazione quando si tratta della fertilit\u00e0 femminile \u00e8 la valutazione oculare. La valutazione ov\u00e1rica si riferisce alla raccolta di informazioni sulle riserve oculari del paziente e sulla probabile qualit\u00e0 degli ovociti. Gli ormoni che sono correlati alla funzione riproduttiva del paziente sono i seguenti:<\/li>\n<\/ol>\n<p><em>Ormone stimolante del follicolo FSH (ormone follicolo stimolante): <\/em>Questo ormone specifico viene prodotto dalla ghiandola pituitaria. L&#039;ormone FSH stimola le cellule della granulosa che si trovano nelle ovaie e riducono la produzione di estrogeni. I livelli elevati di FSH sono un&#039;indicazione che il rifornimento di ovuli di una donna (riserva oculare) sta diminuendo, o diminuendo, per tanto, la ghiandola pituitaria libera di pi\u00f9 per compensare questa perdita. Tipicamente, i livelli di FSH aumentano naturalmente anni prima che una donna entri in menopausa, e le donne in postmenopausa possono avere livelli di FSH che possono essere compresi tra 25,8 e 134,8 mIU \/ ml.<\/p>\n<p><em>Hormona Luteinizante LH (ormone luteinizzante):<\/em> L&#039;ormone LH viene prodotto anche dalla ghiandola pituitaria. Nelle membrane, l&#039;ovulazione dei follicoli maturi nell&#039;ovaio \u00e8 indotta da una grande esplosione di secrezione di LH, quindi, l&#039;ormone LH \u00e8 responsabile della maturazione e della rottura finale dell&#039;ovocito.<\/p>\n<p><em>Estradiolo E2<\/em>: L&#039;estradiolo \u00e8 una forma dell&#039;ormone estrogeno. Nelle donne, l&#039;estradiolo viene prodotto nelle ovaie e nelle ghiandole soprarrenali. Tambi\u00e9n se produce en la placenta durante el embarazo. L&#039;estradiolo favorisce la crescita degli organi sessuali femminili ed \u00e8 anche indicativo della funzione oculare di una donna.<\/p>\n<p><em>Ormone stimolante della tiroide <\/em><em>TSH (ormone stimolante la tiroide<\/em><em>): <\/em>La produzione di TSH implica una cadenza di eventi. L&#039;ipotalamo produce un ormone chiamato TRH, che fa desensibilizzare l&#039;ipofisi per liberare il TSH. Questo ormone aiuta a valutare i problemi della ghiandola tiroidea. I problemi della tiroide possono causare una serie di sintomi, cos\u00ec come influenzare la fertilit\u00e0.<\/p>\n<p><em>Hormona Anti-Mulleriana AMH (Ormone Anti-Mulleriano): <\/em>Los niveles de AMH indican el crecimiento de peque\u00f1os fol\u00edculos en los ovarios. La AMH \u00e8 prodotta direttamente dalle c\u00e9lulas de la granulosa en los fol\u00edculos ov\u00e1ricos. AMH, pertanto, accetta come una media pi\u00f9 precisa delle riserve oculari rispetto all&#039;FSH. Questo \u00e8 particolarmente sicuro per le donne nelle et\u00e0 pi\u00f9 avanzate. Per i pazienti maggiori di 35 anni di et\u00e0, i risultati delle pruebas ormonali senza una medicina di AMH non forniranno una valutazione completa del livello di fertilit\u00e0.<\/p>\n<p>Idealmente, le pruebas ormonali si verificano il giorno 2 o il giorno 3 del tuo periodo mestruale per una valutazione precisa. El rango normal de estas hormonas son las siguientes:<\/p>\n<p>Rango normale per las pruebas hormonales<\/p>\n<p><strong>Prueba Rango normale Unidad de medida<\/strong><\/p>\n<p>FSH 2,9 \u2013 12,0 mUI\/ml<br \/>\nLH 1,5 \u2013 8,0 mUI\/ml<br \/>\nEstradiolo 18,0 \u2013 147,0 pg\/ml<br \/>\nProlattina 5,0 \u2013 35,0 ng\/ml<br \/>\nTSH 0,25 \u2013 5,0 mUI\/ml<\/p>\n<p>AMH<br \/>\n&lt; 0,3 ng\/ml Livello di fertilit\u00e0 molto basso<br \/>\n0,3 \u2013 1,0 ng\/ml Basso livello di fertilit\u00e0<br \/>\n1,0 \u2013 3,0 ng\/ml Livello ottimale di fertilit\u00e0<br \/>\n&gt; 3,0 ng\/ml Rischio di PCOS<\/p>\n<p>Osserva che c&#039;\u00e8 pi\u00f9 di una escala de medida. Su laboratorio pu\u00f2 medir sus niveles hormonales en ng \/ ml, pmol \/ lo mIU \/ ml o qualalquier otra escala. Questo significa che i numeri per te solo non sentiranno meno che il numero se proporzione con una scala di media. Ad esempio, un livello di AMH di 5 non significher\u00e0 nulla, poich\u00e9 un livello di AMH di 5 ng\/ml indica un livello ottimale di fertilit\u00e0, con la possibilit\u00e0 di SOP, mentre un livello di AMH di 5 pmol\/l indica un livello di fertilit\u00e0 casi non rilevabile. Bisogna anche tenere presente che pesare che le scale di misura e le unit\u00e0 di misura possono essere uguali, i valori di riferimento dati dal kit utilizzato in laboratorio possono essere diversi dai valori proporzionati anteriormente. S\u00f3lo debe utilizar os numeros anteriores para fines de referencia y dejar que nuestros especialistas en FIV interpretar lo que estos numeros sugieren al fin de evitar qualalquier confusi\u00f3n.<\/p>\n<p>Un&#039;idea errata \u00e8 che alcuni pazienti hanno a che fare con la prueba di FSH. Se hai un livello elevato di FSH, questa \u00e8 un&#039;indicazione di riserve ovariche agotade. Perch\u00e9 l&#039;FSH di per s\u00e9 non \u00e8 un parametro sufficiente per la valutazione, se il suo livello di FSH \u00e8 pi\u00f9 alto del limite di 20 ng \/ mL, quindi \u00e8 probabile che abbia ridotto le riserve oculari. Abbiamo alcuni pazienti che cercano medicine alternative e rimedi erboristici per ridurre i loro livelli elevati di FSH in suero. Esta no es una buena estrategia. Indipendentemente da ci\u00f2 che vengono o dai rimedi erboristici che toma, non puoi ottenere che le tue ovaie producano pi\u00f9 riserve. Ogni donna con un certo insieme di riserve oculari e dalla pubert\u00e0, sono riserve ridotte in numero attraverso ogni ciclo mestruale. Se le tue riserve sono state agottate e il tuo livello di fertilit\u00e0 \u00e8 stato ridotto, quindi \u00e8 di vitale importanza iniziare a pianificare il tuo trattamento e cercare l&#039;aiuto del tuo specialista in FIV per formulare un programma di trattamento adeguato alle tue necessit\u00e0. Usando la medicina alternativa e las hierbas chinas che sperano di ripristinare le tue riserve ovariche non hep usted alcanza su meta. Sin embargo, una strategia de tratamiento bien planificada. Sin embargo, ciertos suplementos y ciertos remedios a base de hierbas pueden ser incorporados en su protocolo de FIV con el fin de ayudar a los medicamentos de IVF a trabajar m\u00e1s eficazmente en la contrataci\u00f3n de los \u201cmejores huevos\u201d de los ovarios ya agotados.<\/p>\n<ol>\n<li>Linea di base, ultrasuoni: Una ecografia della linea di base \u00e8 un&#039;esplorazione realizzata il giorno 2 o il giorno 3 del tuo periodo mestruale, esattamente quando le pruebas ormonali necessarie vengono somministrate. Pertanto, un solo passaggio presso l&#039;officina del suo ginecologo sar\u00e0 sufficiente per tener conto di tutta la sua valutazione preliminare dell&#039;infertilit\u00e0. I risultati dello scanner indicano la dimensione delle ovaie, l&#039;utero, il numero di follicoli antrali e l&#039;apparizione dell&#039;endometrio. Il tuo registro dei follicoli antrali indica che i follicoli sono presenti nell&#039;elenco per essere reclutati per l&#039;ovulazione durante il trattamento della FIV. Un registro totale di follicoli antrali da 5\/6 o pi\u00f9 \u00e8 un&#039;indicazione di un livello accettabile di prenotazioni oculari. Se il numero di follicoli antrali supera il 12 in ogni ovario, allora il paziente deve essere considerato un potenziale candidato per PCOS ed esaminato pi\u00f9 adelante per una diagnostica appropriata. PCO o PCOS possono anche indicare una relazione LH \/ FH che \u00e8 notevolmente superiore a un valore medio di (1). Oltre al recuento follicolare antrale, l&#039;ecografia ci ha anche dato un&#039;opportunit\u00e0 per la valutazione oculare e uterina. Potrebbe esserci un problema importante nell&#039;utero o nelle ovaie che potrebbe interferire con un imbarazzo eccessivo, che dovrebbe essere visibile durante questa esplorazione.<\/li>\n<\/ol>\n<p><strong>Pruebas de infertilidad para hombres<\/strong><br \/>\nPrueba de infertilidad masculina comienza con an\u00e1lisis de semen. L&#039;analisi del seme valuter\u00e0 la massa di sperma rispetto a vari parametri come il conteggio degli spermatozoi, la concentrazione, la motilit\u00e0, la morfologia, il conteggio delle cellule rosse, il pH e anche alcuni altri. Questi parametri saranno indicativi della capacit\u00e0 dello sperma di fertilizzare l&#039;ovulo. Un&#039;analisi del seme produrr\u00e0 risultati pi\u00f9 precisi se hace dopo 3 o 4 giorni di astinenza (senza attivit\u00e0 sessuale). Idealmente, non dovresti consumare eccessivi alcolici o prodotti di tabacco unos mesi prima dell&#039;imbarazzo pianificato. Los criteris de la WHO para los valores normales de esperma son los siguientes:<\/p>\n<p><strong><em>Criteri dell&#039;OMS per la valutazione dell&#039;Esperma<\/em><\/strong><br \/>\nVolume:&gt; 2,0 ml<br \/>\nConcentraci\u00f3n:&gt; 20 millones \/ ml (esto tambi\u00e9n se conoce como \u201crecuento de esperma\u201d)<br \/>\nMobilit\u00e0:&gt; 50% (Descrizione nelle categorie Mobilit\u00e0 A, B e C)<br \/>\nMorfolog\u00eda:&gt; 30% con morfolog\u00eda normal (Si bien este nivel de morfolog\u00eda ha sido sugerido como normal, en la mayor\u00eda de los casos, por encima del 4% la morfolog\u00eda normal se acepta como una prueba normal.<br \/>\nGl\u00f3bulos blancos (c\u00e9lulas redondas): &lt;1 mill\u00f3n \/ ml<br \/>\nPh: 7,2 \u2013 7,8<\/p>\n<p>Questi sono parametri cruciali considerati in un&#039;analisi del seme. Altre pruebas possono non essere necessarie a seconda della sua storia di infertilit\u00e0, pruebas o tratamientos. Se bien los parametros anteriores son los requisitos m\u00ednimos de una muestra de esperma establecida por l&#039;Organizaci\u00f3n Mundial de la Salud WHO, se refieren a los valores normales que deber\u00edan estar presenta en una muestra de esperma para obtener un embarazo naturale durante il coito. Durante los tratamientos de IVF, a menudo trabajamos con muestras de esperma que tienen un recuento de espermatozoides mucho menor, la motilidad y la morfolog\u00eda. Las muestras de esperma que caen por debajo de los requisitis stabilidos por l&#039;OMS pueden clasificarse de la siguiente manera:<\/p>\n<p><strong>Oligozoospermia<\/strong> Consultare il numero di spermatozoi nel visualizzatore che \u00e8 probabile che sia pi\u00f9 basso dei parametri normali stabiliti dall&#039;OMS. El rango normale del recuento de espermatozoides es superior a 20 millones \/ ml, pertanto, los hombres cuyos an\u00e1lisis esperm\u00e1ticos indican un recuento de espermatozoides inferiore a 20 millones \/ ml se considera que pertenecen a la categoria oligospermia (oligozoospermia).<\/p>\n<p><strong>Astenozoospermia <\/strong>Se refiere a la muestra de esperma cuya motilidad se ha incontrato que \u00e8 inferiore a 50%. La capacit\u00e0 di movimento dello sperma \u00e8 direttamente correlata con la sua capacit\u00e0 per nadar attraverso le vie cervicali, allegare alle trombe di Falopio e fecondare gli ovociti. Cuanto meno es la motilidad, menor es la capacidad de los espermatozoides para alcanzar y fertilizar los huevos por su cuenta. Senza embargo, con le tecnologie FIV\/ICSI, \u00e8 uno dei fattori di infertilit\u00e0 che possono essere facilmente corretti.<\/p>\n<p><strong>Teratozoospermia <\/strong>Si presenta a un livello minimo di celle di sperma che sono in forma normale. In altre parole, la teratospermia (teratozoospermia) si riferisce a un alto livello di cellule spermatiche nello schermo che sono considerate &quot;anormali&quot;. Queste anomalie possono corrispondere a difetti di cabeza, cola o pieza central. A seconda dell&#039;anomalia spermatica presente e degli altri parametri dello sperma, alcuni metodi di trattamento come ICSI o MicroFluidic Chip possono fornire una soluzione.<\/p>\n<p><strong>Azoospermia <\/strong>Es una condizione caracterizada por la ausencia total de espermatozoides en el esperma. La azoospermia pu\u00f2 essere classificata come azoospermia ostruttiva o azoospermia non ostruttiva. A seconda della diagnosi, i metodi chirurgici di estrazione dello sperma possono essere utilizzati e un trattamento ben riuscito della FIV pu\u00f2 essere portato a termine.<\/p>\n<p>Devi tener presente che sono le pruebas b\u00e1sicas realizzate per valutare il tuo livello di (en) fertilidad. Se hai lavorato a concepire per pi\u00f9 di un anno e non hai avuto la possibilit\u00e0 di entrare nell&#039;imbarazzo, le pruebas menzionate in questa pagina saranno il primo giro di pruebas affinch\u00e9 una valutazione iniziale possa essere effettuata. Senza embargo, ci sono molte altre pruebas che possono essere realizzate per rivelare altri possibili problemi con la sterilit\u00e0. Se ben questa pagina non fornisce una lista completa di tutte le pruebas de infertilidad che esistono, \u00e8 molto buona guida per una valutazione iniziale. Con i gas che si incontrano con alcune perdite di infertilit\u00e0 e immagini diagnostiche, a volte possono essere un&#039;idea migliore per continuare con il trattamento della FIV, sempre e quando i livelli di fertilit\u00e0 indicano parametri accettabili.<\/p>\n<p>Per qualsiasi consultazione che tu possa avere su qualsiasi tema di questi temi, utilizza il formulario di contatto e continuaci per metterti in contatto con noi con le tue richieste e saremo lieti di rispondere.<\/p>","protected":false},"excerpt":{"rendered":"<p>PRUEBAS DE INFERTILIDAD \u200b\u00bfC\u00d3MO INTERPRETAR LA PRUEBA DE HORMONAS Y EL AN\u00c1LISIS DE ESPERMA? Ogni paziente \u00e8 unico e ogni paziente \u00e8 probabile che richieda un protocollo di trattamento personalizzato basato sulla propria storia di infertilit\u00e0, antecedenti di prove di fecondazione e\/o trattamenti. Quanta pi\u00f9 informazione otteniamo sulla tua cronologia di [\u2026]<\/p>","protected":false},"author":1,"featured_media":1417,"parent":0,"menu_order":0,"comment_status":"closed","ping_status":"closed","template":"","meta":{"footnotes":""},"categories":[],"tags":[],"class_list":["post-724","page","type-page","status-publish","has-post-thumbnail","hentry"],"yoast_head":"<!-- This site is optimized with the Yoast SEO plugin v24.3 - https:\/\/yoast.com\/wordpress\/plugins\/seo\/ -->\n<title>Pruebas De Infertilidad - North Cyprus IVF<\/title>\n<meta name=\"robots\" content=\"index, follow, max-snippet:-1, max-image-preview:large, max-video-preview:-1\" \/>\n<link rel=\"canonical\" href=\"https:\/\/www.lowcostivf.net\/it\/pruebas-de-infertilidad\/\" \/>\n<meta property=\"og:locale\" content=\"it_IT\" \/>\n<meta property=\"og:type\" content=\"article\" \/>\n<meta property=\"og:title\" content=\"Pruebas De Infertilidad - North Cyprus IVF\" \/>\n<meta property=\"og:description\" content=\"PRUEBAS DE INFERTILIDAD \u200b\u00bfC\u00d3MO INTERPRETAR LA PRUEBA DE HORMONAS Y EL AN\u00c1LISIS DE ESPERMA? Cada paciente es \u00fanico y cada paciente es probable que requiera un protocolo de tratamiento personalizado basado en su propia historia de infertilidad, antecedentes de pruebas de fertilidad y \/ o tratamientos. Cuanta m\u00e1s informaci\u00f3n obtenemos acerca de su historial de [&hellip;]\" \/>\n<meta property=\"og:url\" content=\"https:\/\/www.lowcostivf.net\/it\/pruebas-de-infertilidad\/\" \/>\n<meta property=\"og:site_name\" content=\"North Cyprus IVF\" \/>\n<meta property=\"article:publisher\" content=\"https:\/\/www.facebook.com\/northcyprusivf\/\" \/>\n<meta property=\"article:modified_time\" content=\"2019-11-13T14:00:46+00:00\" \/>\n<meta property=\"og:image\" content=\"https:\/\/www.lowcostivf.net\/wp-content\/uploads\/2019\/11\/Pruebas-De-Infertilidad.jpg\" \/>\n\t<meta property=\"og:image:width\" content=\"1140\" \/>\n\t<meta property=\"og:image:height\" content=\"570\" \/>\n\t<meta property=\"og:image:type\" content=\"image\/jpeg\" \/>\n<meta name=\"twitter:card\" content=\"summary_large_image\" \/>\n<meta name=\"twitter:label1\" content=\"Tempo di lettura stimato\" \/>\n\t<meta name=\"twitter:data1\" content=\"12 minuti\" \/>\n<script type=\"application\/ld+json\" class=\"yoast-schema-graph\">{\"@context\":\"https:\/\/schema.org\",\"@graph\":[{\"@type\":\"WebPage\",\"@id\":\"https:\/\/www.lowcostivf.net\/pruebas-de-infertilidad\/\",\"url\":\"https:\/\/www.lowcostivf.net\/pruebas-de-infertilidad\/\",\"name\":\"Pruebas De Infertilidad - North Cyprus IVF\",\"isPartOf\":{\"@id\":\"https:\/\/www.lowcostivf.net\/#website\"},\"primaryImageOfPage\":{\"@id\":\"https:\/\/www.lowcostivf.net\/pruebas-de-infertilidad\/#primaryimage\"},\"image\":{\"@id\":\"https:\/\/www.lowcostivf.net\/pruebas-de-infertilidad\/#primaryimage\"},\"thumbnailUrl\":\"https:\/\/www.lowcostivf.net\/wp-content\/uploads\/2019\/11\/Pruebas-De-Infertilidad.jpg\",\"datePublished\":\"2019-10-27T11:29:31+00:00\",\"dateModified\":\"2019-11-13T14:00:46+00:00\",\"breadcrumb\":{\"@id\":\"https:\/\/www.lowcostivf.net\/pruebas-de-infertilidad\/#breadcrumb\"},\"inLanguage\":\"it-IT\",\"potentialAction\":[{\"@type\":\"ReadAction\",\"target\":[\"https:\/\/www.lowcostivf.net\/pruebas-de-infertilidad\/\"]}]},{\"@type\":\"ImageObject\",\"inLanguage\":\"it-IT\",\"@id\":\"https:\/\/www.lowcostivf.net\/pruebas-de-infertilidad\/#primaryimage\",\"url\":\"https:\/\/www.lowcostivf.net\/wp-content\/uploads\/2019\/11\/Pruebas-De-Infertilidad.jpg\",\"contentUrl\":\"https:\/\/www.lowcostivf.net\/wp-content\/uploads\/2019\/11\/Pruebas-De-Infertilidad.jpg\",\"width\":1140,\"height\":570},{\"@type\":\"BreadcrumbList\",\"@id\":\"https:\/\/www.lowcostivf.net\/pruebas-de-infertilidad\/#breadcrumb\",\"itemListElement\":[{\"@type\":\"ListItem\",\"position\":1,\"name\":\"Home\",\"item\":\"https:\/\/www.lowcostivf.net\/\"},{\"@type\":\"ListItem\",\"position\":2,\"name\":\"Pruebas De Infertilidad\"}]},{\"@type\":\"WebSite\",\"@id\":\"https:\/\/www.lowcostivf.net\/#website\",\"url\":\"https:\/\/www.lowcostivf.net\/\",\"name\":\"North Cyprus IVF\",\"description\":\"Highest IVF Success in Cyprus\",\"publisher\":{\"@id\":\"https:\/\/www.lowcostivf.net\/#organization\"},\"potentialAction\":[{\"@type\":\"SearchAction\",\"target\":{\"@type\":\"EntryPoint\",\"urlTemplate\":\"https:\/\/www.lowcostivf.net\/?s={search_term_string}\"},\"query-input\":{\"@type\":\"PropertyValueSpecification\",\"valueRequired\":true,\"valueName\":\"search_term_string\"}}],\"inLanguage\":\"it-IT\"},{\"@type\":\"Organization\",\"@id\":\"https:\/\/www.lowcostivf.net\/#organization\",\"name\":\"North Cyprus IVF Centre\",\"alternateName\":\"Cyprus IVF Centre\",\"url\":\"https:\/\/www.lowcostivf.net\/\",\"logo\":{\"@type\":\"ImageObject\",\"inLanguage\":\"it-IT\",\"@id\":\"https:\/\/www.lowcostivf.net\/#\/schema\/logo\/image\/\",\"url\":\"https:\/\/www.lowcostivf.net\/wp-content\/uploads\/2023\/08\/logo-cyprus-ivf-center-logo.png\",\"contentUrl\":\"https:\/\/www.lowcostivf.net\/wp-content\/uploads\/2023\/08\/logo-cyprus-ivf-center-logo.png\",\"width\":300,\"height\":300,\"caption\":\"North Cyprus IVF Centre\"},\"image\":{\"@id\":\"https:\/\/www.lowcostivf.net\/#\/schema\/logo\/image\/\"},\"sameAs\":[\"https:\/\/www.facebook.com\/northcyprusivf\/\"]}]}<\/script>\n<!-- \/ Yoast SEO plugin. -->","yoast_head_json":{"title":"Pruebas De Infertilidad - North Cyprus IVF","robots":{"index":"index","follow":"follow","max-snippet":"max-snippet:-1","max-image-preview":"max-image-preview:large","max-video-preview":"max-video-preview:-1"},"canonical":"https:\/\/www.lowcostivf.net\/it\/pruebas-de-infertilidad\/","og_locale":"it_IT","og_type":"article","og_title":"Pruebas De Infertilidad - North Cyprus IVF","og_description":"PRUEBAS DE INFERTILIDAD \u200b\u00bfC\u00d3MO INTERPRETAR LA PRUEBA DE HORMONAS Y EL AN\u00c1LISIS DE ESPERMA? Cada paciente es \u00fanico y cada paciente es probable que requiera un protocolo de tratamiento personalizado basado en su propia historia de infertilidad, antecedentes de pruebas de fertilidad y \/ o tratamientos. Cuanta m\u00e1s informaci\u00f3n obtenemos acerca de su historial de [&hellip;]","og_url":"https:\/\/www.lowcostivf.net\/it\/pruebas-de-infertilidad\/","og_site_name":"North Cyprus IVF","article_publisher":"https:\/\/www.facebook.com\/northcyprusivf\/","article_modified_time":"2019-11-13T14:00:46+00:00","og_image":[{"width":1140,"height":570,"url":"https:\/\/www.lowcostivf.net\/wp-content\/uploads\/2019\/11\/Pruebas-De-Infertilidad.jpg","type":"image\/jpeg"}],"twitter_card":"summary_large_image","twitter_misc":{"Tempo di lettura stimato":"12 minuti"},"schema":{"@context":"https:\/\/schema.org","@graph":[{"@type":"WebPage","@id":"https:\/\/www.lowcostivf.net\/pruebas-de-infertilidad\/","url":"https:\/\/www.lowcostivf.net\/pruebas-de-infertilidad\/","name":"Pruebas De Infertilidad - North Cyprus IVF","isPartOf":{"@id":"https:\/\/www.lowcostivf.net\/#website"},"primaryImageOfPage":{"@id":"https:\/\/www.lowcostivf.net\/pruebas-de-infertilidad\/#primaryimage"},"image":{"@id":"https:\/\/www.lowcostivf.net\/pruebas-de-infertilidad\/#primaryimage"},"thumbnailUrl":"https:\/\/www.lowcostivf.net\/wp-content\/uploads\/2019\/11\/Pruebas-De-Infertilidad.jpg","datePublished":"2019-10-27T11:29:31+00:00","dateModified":"2019-11-13T14:00:46+00:00","breadcrumb":{"@id":"https:\/\/www.lowcostivf.net\/pruebas-de-infertilidad\/#breadcrumb"},"inLanguage":"it-IT","potentialAction":[{"@type":"ReadAction","target":["https:\/\/www.lowcostivf.net\/pruebas-de-infertilidad\/"]}]},{"@type":"ImageObject","inLanguage":"it-IT","@id":"https:\/\/www.lowcostivf.net\/pruebas-de-infertilidad\/#primaryimage","url":"https:\/\/www.lowcostivf.net\/wp-content\/uploads\/2019\/11\/Pruebas-De-Infertilidad.jpg","contentUrl":"https:\/\/www.lowcostivf.net\/wp-content\/uploads\/2019\/11\/Pruebas-De-Infertilidad.jpg","width":1140,"height":570},{"@type":"BreadcrumbList","@id":"https:\/\/www.lowcostivf.net\/pruebas-de-infertilidad\/#breadcrumb","itemListElement":[{"@type":"ListItem","position":1,"name":"Home","item":"https:\/\/www.lowcostivf.net\/"},{"@type":"ListItem","position":2,"name":"Pruebas De Infertilidad"}]},{"@type":"WebSite","@id":"https:\/\/www.lowcostivf.net\/#website","url":"https:\/\/www.lowcostivf.net\/","name":"North Cyprus IVF","description":"Highest IVF Success in Cyprus","publisher":{"@id":"https:\/\/www.lowcostivf.net\/#organization"},"potentialAction":[{"@type":"SearchAction","target":{"@type":"EntryPoint","urlTemplate":"https:\/\/www.lowcostivf.net\/?s={search_term_string}"},"query-input":{"@type":"PropertyValueSpecification","valueRequired":true,"valueName":"search_term_string"}}],"inLanguage":"it-IT"},{"@type":"Organization","@id":"https:\/\/www.lowcostivf.net\/#organization","name":"North Cyprus IVF Centre","alternateName":"Cyprus IVF Centre","url":"https:\/\/www.lowcostivf.net\/","logo":{"@type":"ImageObject","inLanguage":"it-IT","@id":"https:\/\/www.lowcostivf.net\/#\/schema\/logo\/image\/","url":"https:\/\/www.lowcostivf.net\/wp-content\/uploads\/2023\/08\/logo-cyprus-ivf-center-logo.png","contentUrl":"https:\/\/www.lowcostivf.net\/wp-content\/uploads\/2023\/08\/logo-cyprus-ivf-center-logo.png","width":300,"height":300,"caption":"North Cyprus IVF Centre"},"image":{"@id":"https:\/\/www.lowcostivf.net\/#\/schema\/logo\/image\/"},"sameAs":["https:\/\/www.facebook.com\/northcyprusivf\/"]}]}},"_links":{"self":[{"href":"https:\/\/www.lowcostivf.net\/it\/wp-json\/wp\/v2\/pages\/724"}],"collection":[{"href":"https:\/\/www.lowcostivf.net\/it\/wp-json\/wp\/v2\/pages"}],"about":[{"href":"https:\/\/www.lowcostivf.net\/it\/wp-json\/wp\/v2\/types\/page"}],"author":[{"embeddable":true,"href":"https:\/\/www.lowcostivf.net\/it\/wp-json\/wp\/v2\/users\/1"}],"replies":[{"embeddable":true,"href":"https:\/\/www.lowcostivf.net\/it\/wp-json\/wp\/v2\/comments?post=724"}],"version-history":[{"count":1,"href":"https:\/\/www.lowcostivf.net\/it\/wp-json\/wp\/v2\/pages\/724\/revisions"}],"predecessor-version":[{"id":1418,"href":"https:\/\/www.lowcostivf.net\/it\/wp-json\/wp\/v2\/pages\/724\/revisions\/1418"}],"wp:featuredmedia":[{"embeddable":true,"href":"https:\/\/www.lowcostivf.net\/it\/wp-json\/wp\/v2\/media\/1417"}],"wp:attachment":[{"href":"https:\/\/www.lowcostivf.net\/it\/wp-json\/wp\/v2\/media?parent=724"}],"wp:term":[{"taxonomy":"category","embeddable":true,"href":"https:\/\/www.lowcostivf.net\/it\/wp-json\/wp\/v2\/categories?post=724"},{"taxonomy":"post_tag","embeddable":true,"href":"https:\/\/www.lowcostivf.net\/it\/wp-json\/wp\/v2\/tags?post=724"}],"curies":[{"name":"wp","href":"https:\/\/api.w.org\/{rel}","templated":true}]}}