{"id":696,"date":"2019-10-27T11:29:15","date_gmt":"2019-10-27T11:29:15","guid":{"rendered":"https:\/\/www.lowcostivf.net\/hpv-genotype-testing\/"},"modified":"2020-01-15T12:55:37","modified_gmt":"2020-01-15T12:55:37","slug":"hpv-genotype-testing","status":"publish","type":"page","link":"https:\/\/www.lowcostivf.net\/it\/hpv-genotype-testing\/","title":{"rendered":"Test del genotipo Hpv"},"content":{"rendered":"<hr class=\"styled-hr\" style=\"width: 100%;\">\n<h2 class=\"wsite-content-title\" style=\"text-align: left;\">Test del virus del papilloma umano (HPV).<\/h2>\n<p>Il virus del papilloma umano, HPV, \u00e8 il nome comune di un gruppo di virus che colpiscono la pelle e le membrane umide del corpo come la cervice, la vulva, la vagina, l&#039;ano, la gola e la bocca. Esistono oltre cento tipi di virus HPV e circa quaranta tipi di virus colpiscono la genitelia umana.<\/p>\n<p>L&#039;HPV \u00e8 una malattia a trasmissione sessuale molto comune. \u00c8 probabile che la maggior parte delle persone lo abbia a un certo punto della propria vita e alcuni tipi di virus HPV scompariranno da soli senza essere notati. Le persone pi\u00f9 giovani sono pi\u00f9 inclini al virus HPV forse perch\u00e9 potrebbero essere pi\u00f9 sessualmente attive o perch\u00e9 sviluppiamo l&#039;immunit\u00e0 quando invecchiamo.<\/p>\n<p>L&#039;HPV pu\u00f2 causare una crescita anormale dei tessuti o cambiamenti all&#039;interno delle cellule (noti come displasia) che possono portare a problemi pi\u00f9 gravi come il cancro cervicale, il cancro del retto, il cancro alla bocca o alla gola. Pi\u00f9 comunemente, l&#039;HPV provoca verruche genziali o verruche e verruche su altre parti della pelle che sono state a contatto con esse. I tipi di HPV che causano verruche e verruche di solito non causano cambiamenti cellulari che possono trasformarsi in cancro. Sono chiamati HPV a basso rischio e sono pi\u00f9 comuni rispetto agli HPV ad alto rischio. I ceppi di HPV ad alto rischio includono HPV 16 e 18, che causano circa 70% di tumori cervicali. Altri virus HPV ad alto rischio includono 31, 35, 39, 45, 51, 52, 58 e pochi altri. Mentre parliamo, vengono scoperti altri ceppi, quindi non esiste un elenco definitivo di virus HPV ad alto e basso rischio.<\/p>\n<p>Puoi contrarre l&#039;infezione da HPV attraverso il sesso vaginale, anale o orale con qualcuno che ha precedentemente acquisito il virus. \u00c8 pi\u00f9 comunemente diffuso durante il sesso vaginale o anale. Anche se la persona infetta non presenta verruche\/lesioni o sintomi del virus, pu\u00f2 comunque essere diffuso ad altre persone con contatti sessuali. L&#039;uso del preservativo potrebbe non proteggerti necessariamente dai virus HPV poich\u00e9 anche altre parti della pelle possono essere infettate dall&#039;HPV. Pertanto, lo screening e la vaccinazione sono i migliori metodi di protezione.<\/p>\n<p>Chiunque sia sessualmente attivo \u00e8 a rischio di esposizione all&#039;HPV, anche se non ha pi\u00f9 partner sessuali. Alcuni tipi di virus HPV non mostrano alcun sintomo per anni, rendendo difficile sapere quando sei stato infettato per la prima volta. Chiunque sia sessualmente attivo dovrebbe essere sottoposto a screening per l&#039;HPV. Se non sei infetto, la cosa migliore da fare \u00e8 vaccinarti. I vaccini sono stati sviluppati contro i tipi cancerogeni di HPV, quindi essere vaccinati fornisce l&#039;immunit\u00e0 per i tipi pi\u00f9 pericolosi di HPV.<\/p>\n<p>Per maggiori informazioni sui nostri servizi, si prega di utilizzare il <a title=\"\" href=\"\/it\/contact\/\"> Modulo di Contatto<\/a>.<\/p>\n<hr class=\"styled-hr\" style=\"width: 100%;\">\n<h2 class=\"wsite-content-title\" style=\"text-align: left;\">Altri servizi relativi alla fertilit\u00e0 (fare clic sulle immagini per accedere ai collegamenti)<\/h2>\n<hr class=\"styled-hr\" style=\"width: 100%;\">\n<p><a href=\"\/it\/ivf-failures.html\/\"> <img decoding=\"async\" class=\"aligncenter\" style=\"width: auto; max-width: 100%;\" src=\"https:\/\/www.lowcostivf.net\/wp-content\/uploads\/2019\/10\/9470431.jpg\" alt=\"Quale potrebbe essere la causa di un trattamento di fecondazione in vitro fallito? Motivi alla base dei fallimenti della fecondazione in vitro.\"><\/a><\/p>\n<h2 class=\"wsite-content-title\" style=\"text-align: center;\"><a href=\"\/it\/ivf-failures\/\">Ripetuti fallimenti della fecondazione in vitro<\/a><\/h2>\n<p>Ripetuti fallimenti della fecondazione in vitro possono essere molto frustranti. Il trattamento di fecondazione in vitro \u00e8 un investimento emotivo e finanziario. A tal fine, se hai un numero di fallimenti della fecondazione in vitro, sar\u00e0 importante sottoporsi a ulteriori indagini prima di tentare il ciclo successivo.<\/p>\n<p><a href=\"\/it\/hpv-genotype-testing.html\/\"> <img decoding=\"async\" class=\"aligncenter\" style=\"width: auto; max-width: 100%;\" src=\"https:\/\/www.lowcostivf.net\/wp-content\/uploads\/2019\/10\/1057490.jpg\" alt=\"Test HPV per cancro cervicale e verruche genitali.\"><\/a><\/p>\n<h2 class=\"wsite-content-title\" style=\"text-align: center;\"><a href=\"\/it\/hpv-genotype-testing\/\">Test HPV, genotipizzazione e gestione<\/a><\/h2>\n<p>HPV sta per virus del papilloma umano. \u00c8 un virus molto comune. L&#039;HPV genitale si diffonde attraverso il contatto diretto pelle a pelle con qualcuno che ha un&#039;infezione da HPV. Il contatto include il sesso vaginale, anale e orale.<\/p>\n<p><a href=\"\/it\/miscarriages.html\/\"> <img decoding=\"async\" class=\"aligncenter\" style=\"width: auto; max-width: 100%;\" src=\"https:\/\/www.lowcostivf.net\/wp-content\/uploads\/2019\/10\/5852766.jpg\" alt=\"Cause e trattamento degli aborti ripetuti e ricorrenti. Perch\u00e9 abortisco?\"><\/a><\/p>\n<h2 class=\"wsite-content-title\" style=\"text-align: center;\"><a href=\"\/it\/miscarriages\/\">Aborti ricorrenti<\/a><\/h2>\n<p>Gli aborti ripetuti o ricorrenti sono una condizione in cui il paziente ha subito tre o pi\u00f9 aborti consecutivi. La ragione di questi aborti spontanei potrebbe essere correlata all&#039;ovulo\/spermatozoo o potrebbe avere un&#039;associazione genetica.<\/p>\n<p><a href=\"\/it\/surgical-sperm-retrieval.html\/\"> <img decoding=\"async\" class=\"aligncenter\" style=\"width: auto; max-width: 100%;\" src=\"https:\/\/www.lowcostivf.net\/wp-content\/uploads\/2019\/10\/5932588.jpg\" alt=\"I metodi chirurgici di recupero ed estrazione dello sperma includono TESA, TESE, Micro Tese, PESA e MESA.\"><\/a><\/p>\n<h2 class=\"wsite-content-title\" style=\"text-align: center;\"><a title=\"\" href=\"\/it\/surgical-sperm-retrieval\/\">Recupero chirurgico dello sperma<br \/>\n(TESA\/PESA\/MESA)<\/a><\/h2>\n<p>L&#039;estrazione chirurgica dello sperma, o il recupero chirurgico dello sperma, contiene una serie di operazioni minori che mirano a recuperare chirurgicamente spermatozoi vivi in pazienti il cui eiaculato non contiene spermatozoi vivi adatti alla fecondazione.<\/p>\n<p><a href=\"\/it\/sickle-cell-disease-prevention.html\/\"> <img decoding=\"async\" class=\"aligncenter\" style=\"width: auto; max-width: 100%;\" src=\"https:\/\/www.lowcostivf.net\/wp-content\/uploads\/2019\/10\/666559.jpg\" alt=\"L&#039;anemia falciforme pu\u00f2 essere prevenuta attraverso il trattamento di fecondazione in vitro con PGD. \"><\/a><\/p>\n<h2 class=\"wsite-content-title\" style=\"text-align: center;\"><a href=\"\/it\/sickle-cell-disease-prevention\/\">Anemia falciforme<\/a><\/h2>\n<p>L&#039;anemia falciforme, o anemia falciforme, \u00e8 una condizione in cui i globuli rossi sono a forma di falce. Il modello di ereditariet\u00e0 \u00e8 autosomico recessivo, pertanto entrambi i partner devono essere portatori del gene mutato. La prevenzione \u00e8 possibile tramite PGD.<\/p>\n<p><a href=\"\/it\/pre-implantation-genetic-diagnosis-pgd.html\/\"> <img decoding=\"async\" class=\"aligncenter\" style=\"width: auto; max-width: 100%;\" src=\"https:\/\/www.lowcostivf.net\/wp-content\/uploads\/2019\/10\/2557819_orig.jpg\" alt=\"PGD per malattie genetiche come la fibrosi cistica, la distrofia mascolare di duchenne\"><\/a><\/p>\n<h2 class=\"wsite-content-title\" style=\"text-align: center;\"><a title=\"\" href=\"\/it\/pre-implantation-genetic-diagnosis-pgd\/\">PGD per la diagnosi genetica<\/a><\/h2>\n<p>La diagnosi genetica preimpianto, o pi\u00f9 precisamente, lo screening genetico preimpianto \u00e8 un metodo di selezione degli embrioni in cui gli embrioni possono essere sottoposti a screening per malattie genetiche comuni o difetti di un singolo gene.<\/p>","protected":false},"excerpt":{"rendered":"<p>Test del Papilloma Virus Umano (HPV) Il Papilloma Virus Umano, HPV, \u00e8 il nome comune di un gruppo di virus che colpiscono la pelle e le membrane umide del corpo, come la cervice, la vulva, la vagina, l&#039;ano, la gola e la bocca. Esistono oltre cento tipi di virus HPV e circa quaranta tipi di [\u2026]<\/p>","protected":false},"author":1,"featured_media":1522,"parent":0,"menu_order":0,"comment_status":"closed","ping_status":"closed","template":"","meta":{"footnotes":""},"categories":[],"tags":[],"class_list":["post-696","page","type-page","status-publish","has-post-thumbnail","hentry"],"yoast_head":"<!-- This site is optimized with the Yoast SEO plugin v24.3 - https:\/\/yoast.com\/wordpress\/plugins\/seo\/ -->\n<title>Hpv Genotype Testing - North Cyprus IVF<\/title>\n<meta name=\"description\" content=\"What is HPV? Please refer to this page for detailed Information about Human Papilloma Virus (HPV) and protection methods.\" \/>\n<meta name=\"robots\" content=\"index, follow, max-snippet:-1, max-image-preview:large, max-video-preview:-1\" \/>\n<link rel=\"canonical\" href=\"https:\/\/www.lowcostivf.net\/it\/hpv-genotype-testing\/\" \/>\n<meta property=\"og:locale\" content=\"it_IT\" \/>\n<meta property=\"og:type\" content=\"article\" \/>\n<meta property=\"og:title\" content=\"Hpv Genotype Testing - North Cyprus IVF\" \/>\n<meta property=\"og:description\" content=\"What is HPV? Please refer to this page for detailed Information about Human Papilloma Virus (HPV) and protection methods.\" \/>\n<meta property=\"og:url\" content=\"https:\/\/www.lowcostivf.net\/it\/hpv-genotype-testing\/\" \/>\n<meta property=\"og:site_name\" content=\"North Cyprus IVF\" \/>\n<meta property=\"article:publisher\" content=\"https:\/\/www.facebook.com\/northcyprusivf\/\" \/>\n<meta property=\"article:modified_time\" content=\"2020-01-15T12:55:37+00:00\" \/>\n<meta property=\"og:image\" content=\"https:\/\/www.lowcostivf.net\/wp-content\/uploads\/2019\/11\/hpv-genotype-testing.jpg\" \/>\n\t<meta property=\"og:image:width\" content=\"1140\" \/>\n\t<meta property=\"og:image:height\" content=\"570\" \/>\n\t<meta property=\"og:image:type\" content=\"image\/jpeg\" \/>\n<meta name=\"twitter:card\" content=\"summary_large_image\" \/>\n<meta name=\"twitter:label1\" content=\"Tempo di lettura stimato\" \/>\n\t<meta name=\"twitter:data1\" content=\"3 minuti\" \/>\n<script type=\"application\/ld+json\" class=\"yoast-schema-graph\">{\"@context\":\"https:\/\/schema.org\",\"@graph\":[{\"@type\":\"WebPage\",\"@id\":\"https:\/\/www.lowcostivf.net\/hpv-genotype-testing\/\",\"url\":\"https:\/\/www.lowcostivf.net\/hpv-genotype-testing\/\",\"name\":\"Hpv Genotype Testing - North Cyprus IVF\",\"isPartOf\":{\"@id\":\"https:\/\/www.lowcostivf.net\/#website\"},\"primaryImageOfPage\":{\"@id\":\"https:\/\/www.lowcostivf.net\/hpv-genotype-testing\/#primaryimage\"},\"image\":{\"@id\":\"https:\/\/www.lowcostivf.net\/hpv-genotype-testing\/#primaryimage\"},\"thumbnailUrl\":\"https:\/\/www.lowcostivf.net\/wp-content\/uploads\/2019\/11\/hpv-genotype-testing.jpg\",\"datePublished\":\"2019-10-27T11:29:15+00:00\",\"dateModified\":\"2020-01-15T12:55:37+00:00\",\"description\":\"What is HPV? Please refer to this page for detailed Information about Human Papilloma Virus (HPV) and protection methods.\",\"breadcrumb\":{\"@id\":\"https:\/\/www.lowcostivf.net\/hpv-genotype-testing\/#breadcrumb\"},\"inLanguage\":\"it-IT\",\"potentialAction\":[{\"@type\":\"ReadAction\",\"target\":[\"https:\/\/www.lowcostivf.net\/hpv-genotype-testing\/\"]}]},{\"@type\":\"ImageObject\",\"inLanguage\":\"it-IT\",\"@id\":\"https:\/\/www.lowcostivf.net\/hpv-genotype-testing\/#primaryimage\",\"url\":\"https:\/\/www.lowcostivf.net\/wp-content\/uploads\/2019\/11\/hpv-genotype-testing.jpg\",\"contentUrl\":\"https:\/\/www.lowcostivf.net\/wp-content\/uploads\/2019\/11\/hpv-genotype-testing.jpg\",\"width\":1140,\"height\":570},{\"@type\":\"BreadcrumbList\",\"@id\":\"https:\/\/www.lowcostivf.net\/hpv-genotype-testing\/#breadcrumb\",\"itemListElement\":[{\"@type\":\"ListItem\",\"position\":1,\"name\":\"Home\",\"item\":\"https:\/\/www.lowcostivf.net\/\"},{\"@type\":\"ListItem\",\"position\":2,\"name\":\"Hpv Genotype Testing\"}]},{\"@type\":\"WebSite\",\"@id\":\"https:\/\/www.lowcostivf.net\/#website\",\"url\":\"https:\/\/www.lowcostivf.net\/\",\"name\":\"North Cyprus IVF\",\"description\":\"Highest IVF Success in Cyprus\",\"publisher\":{\"@id\":\"https:\/\/www.lowcostivf.net\/#organization\"},\"potentialAction\":[{\"@type\":\"SearchAction\",\"target\":{\"@type\":\"EntryPoint\",\"urlTemplate\":\"https:\/\/www.lowcostivf.net\/?s={search_term_string}\"},\"query-input\":{\"@type\":\"PropertyValueSpecification\",\"valueRequired\":true,\"valueName\":\"search_term_string\"}}],\"inLanguage\":\"it-IT\"},{\"@type\":\"Organization\",\"@id\":\"https:\/\/www.lowcostivf.net\/#organization\",\"name\":\"North Cyprus IVF Centre\",\"alternateName\":\"Cyprus IVF Centre\",\"url\":\"https:\/\/www.lowcostivf.net\/\",\"logo\":{\"@type\":\"ImageObject\",\"inLanguage\":\"it-IT\",\"@id\":\"https:\/\/www.lowcostivf.net\/#\/schema\/logo\/image\/\",\"url\":\"https:\/\/www.lowcostivf.net\/wp-content\/uploads\/2023\/08\/logo-cyprus-ivf-center-logo.png\",\"contentUrl\":\"https:\/\/www.lowcostivf.net\/wp-content\/uploads\/2023\/08\/logo-cyprus-ivf-center-logo.png\",\"width\":300,\"height\":300,\"caption\":\"North Cyprus IVF Centre\"},\"image\":{\"@id\":\"https:\/\/www.lowcostivf.net\/#\/schema\/logo\/image\/\"},\"sameAs\":[\"https:\/\/www.facebook.com\/northcyprusivf\/\"]}]}<\/script>\n<!-- \/ Yoast SEO plugin. -->","yoast_head_json":{"title":"Hpv Genotype Testing - North Cyprus IVF","description":"What is HPV? Please refer to this page for detailed Information about Human Papilloma Virus (HPV) and protection methods.","robots":{"index":"index","follow":"follow","max-snippet":"max-snippet:-1","max-image-preview":"max-image-preview:large","max-video-preview":"max-video-preview:-1"},"canonical":"https:\/\/www.lowcostivf.net\/it\/hpv-genotype-testing\/","og_locale":"it_IT","og_type":"article","og_title":"Hpv Genotype Testing - North Cyprus IVF","og_description":"What is HPV? Please refer to this page for detailed Information about Human Papilloma Virus (HPV) and protection methods.","og_url":"https:\/\/www.lowcostivf.net\/it\/hpv-genotype-testing\/","og_site_name":"North Cyprus IVF","article_publisher":"https:\/\/www.facebook.com\/northcyprusivf\/","article_modified_time":"2020-01-15T12:55:37+00:00","og_image":[{"width":1140,"height":570,"url":"https:\/\/www.lowcostivf.net\/wp-content\/uploads\/2019\/11\/hpv-genotype-testing.jpg","type":"image\/jpeg"}],"twitter_card":"summary_large_image","twitter_misc":{"Tempo di lettura stimato":"3 minuti"},"schema":{"@context":"https:\/\/schema.org","@graph":[{"@type":"WebPage","@id":"https:\/\/www.lowcostivf.net\/hpv-genotype-testing\/","url":"https:\/\/www.lowcostivf.net\/hpv-genotype-testing\/","name":"Hpv Genotype Testing - North Cyprus IVF","isPartOf":{"@id":"https:\/\/www.lowcostivf.net\/#website"},"primaryImageOfPage":{"@id":"https:\/\/www.lowcostivf.net\/hpv-genotype-testing\/#primaryimage"},"image":{"@id":"https:\/\/www.lowcostivf.net\/hpv-genotype-testing\/#primaryimage"},"thumbnailUrl":"https:\/\/www.lowcostivf.net\/wp-content\/uploads\/2019\/11\/hpv-genotype-testing.jpg","datePublished":"2019-10-27T11:29:15+00:00","dateModified":"2020-01-15T12:55:37+00:00","description":"What is HPV? Please refer to this page for detailed Information about Human Papilloma Virus (HPV) and protection methods.","breadcrumb":{"@id":"https:\/\/www.lowcostivf.net\/hpv-genotype-testing\/#breadcrumb"},"inLanguage":"it-IT","potentialAction":[{"@type":"ReadAction","target":["https:\/\/www.lowcostivf.net\/hpv-genotype-testing\/"]}]},{"@type":"ImageObject","inLanguage":"it-IT","@id":"https:\/\/www.lowcostivf.net\/hpv-genotype-testing\/#primaryimage","url":"https:\/\/www.lowcostivf.net\/wp-content\/uploads\/2019\/11\/hpv-genotype-testing.jpg","contentUrl":"https:\/\/www.lowcostivf.net\/wp-content\/uploads\/2019\/11\/hpv-genotype-testing.jpg","width":1140,"height":570},{"@type":"BreadcrumbList","@id":"https:\/\/www.lowcostivf.net\/hpv-genotype-testing\/#breadcrumb","itemListElement":[{"@type":"ListItem","position":1,"name":"Home","item":"https:\/\/www.lowcostivf.net\/"},{"@type":"ListItem","position":2,"name":"Hpv Genotype Testing"}]},{"@type":"WebSite","@id":"https:\/\/www.lowcostivf.net\/#website","url":"https:\/\/www.lowcostivf.net\/","name":"North Cyprus IVF","description":"Highest IVF Success in Cyprus","publisher":{"@id":"https:\/\/www.lowcostivf.net\/#organization"},"potentialAction":[{"@type":"SearchAction","target":{"@type":"EntryPoint","urlTemplate":"https:\/\/www.lowcostivf.net\/?s={search_term_string}"},"query-input":{"@type":"PropertyValueSpecification","valueRequired":true,"valueName":"search_term_string"}}],"inLanguage":"it-IT"},{"@type":"Organization","@id":"https:\/\/www.lowcostivf.net\/#organization","name":"North Cyprus IVF Centre","alternateName":"Cyprus IVF Centre","url":"https:\/\/www.lowcostivf.net\/","logo":{"@type":"ImageObject","inLanguage":"it-IT","@id":"https:\/\/www.lowcostivf.net\/#\/schema\/logo\/image\/","url":"https:\/\/www.lowcostivf.net\/wp-content\/uploads\/2023\/08\/logo-cyprus-ivf-center-logo.png","contentUrl":"https:\/\/www.lowcostivf.net\/wp-content\/uploads\/2023\/08\/logo-cyprus-ivf-center-logo.png","width":300,"height":300,"caption":"North Cyprus IVF Centre"},"image":{"@id":"https:\/\/www.lowcostivf.net\/#\/schema\/logo\/image\/"},"sameAs":["https:\/\/www.facebook.com\/northcyprusivf\/"]}]}},"_links":{"self":[{"href":"https:\/\/www.lowcostivf.net\/it\/wp-json\/wp\/v2\/pages\/696"}],"collection":[{"href":"https:\/\/www.lowcostivf.net\/it\/wp-json\/wp\/v2\/pages"}],"about":[{"href":"https:\/\/www.lowcostivf.net\/it\/wp-json\/wp\/v2\/types\/page"}],"author":[{"embeddable":true,"href":"https:\/\/www.lowcostivf.net\/it\/wp-json\/wp\/v2\/users\/1"}],"replies":[{"embeddable":true,"href":"https:\/\/www.lowcostivf.net\/it\/wp-json\/wp\/v2\/comments?post=696"}],"version-history":[{"count":4,"href":"https:\/\/www.lowcostivf.net\/it\/wp-json\/wp\/v2\/pages\/696\/revisions"}],"predecessor-version":[{"id":3613,"href":"https:\/\/www.lowcostivf.net\/it\/wp-json\/wp\/v2\/pages\/696\/revisions\/3613"}],"wp:featuredmedia":[{"embeddable":true,"href":"https:\/\/www.lowcostivf.net\/it\/wp-json\/wp\/v2\/media\/1522"}],"wp:attachment":[{"href":"https:\/\/www.lowcostivf.net\/it\/wp-json\/wp\/v2\/media?parent=696"}],"wp:term":[{"taxonomy":"category","embeddable":true,"href":"https:\/\/www.lowcostivf.net\/it\/wp-json\/wp\/v2\/categories?post=696"},{"taxonomy":"post_tag","embeddable":true,"href":"https:\/\/www.lowcostivf.net\/it\/wp-json\/wp\/v2\/tags?post=696"}],"curies":[{"name":"wp","href":"https:\/\/api.w.org\/{rel}","templated":true}]}}