{"id":729,"date":"2019-10-27T11:29:33","date_gmt":"2019-10-27T11:29:33","guid":{"rendered":"https:\/\/www.lowcostivf.net\/surgical-sperm-retrieval\/"},"modified":"2020-01-27T12:45:14","modified_gmt":"2020-01-27T12:45:14","slug":"surgical-sperm-retrieval","status":"publish","type":"page","link":"https:\/\/www.lowcostivf.net\/fr\/surgical-sperm-retrieval\/","title":{"rendered":"R\u00e9cup\u00e9ration chirurgicale de sperme"},"content":{"rendered":"<div data-elementor-type=\"wp-page\" data-elementor-id=\"729\" class=\"elementor elementor-729\" data-elementor-post-type=\"page\">\n\t\t\t\t\t\t\t\t\t<section class=\"elementor-section elementor-top-section elementor-element elementor-element-d5c8bbb elementor-section-boxed elementor-section-height-default elementor-section-height-default\" data-id=\"d5c8bbb\" data-element_type=\"section\">\n\t\t\t\t\t\t<div class=\"elementor-container elementor-column-gap-default\">\n\t\t\t\t\t<div class=\"elementor-column elementor-col-100 elementor-top-column elementor-element elementor-element-bd130e2\" data-id=\"bd130e2\" data-element_type=\"column\">\n\t\t\t<div class=\"elementor-widget-wrap elementor-element-populated\">\n\t\t\t\t\t\t\t\t<div class=\"elementor-element elementor-element-639eb75 elementor-widget elementor-widget-jnews_element_header_elementor\" data-id=\"639eb75\" data-element_type=\"widget\" data-widget_type=\"jnews_element_header_elementor.default\">\n\t\t\t\t<div class=\"elementor-widget-container\">\n\t\t\t<div  class=\"jeg_block_heading jeg_block_heading_5 jeg_aligncenter jnews_module__0_6a05aa153a152\">\n                <h3 class=\"jeg_block_title\"><span>Pr\u00e9sentation de la r\u00e9cup\u00e9ration chirurgicale du sperme<\/span><\/h3>\n                <style>.jnews_module__0_6a05aa153a152.jeg_block_heading_5 .jeg_block_title span, .jnews_module__0_6a05aa153a152.jeg_block_heading_5 .jeg_block_title i { color: #7a7a7a; }<\/style>\n            <\/div>\t\t<\/div>\n\t\t\t\t<\/div>\n\t\t\t\t\t<\/div>\n\t\t<\/div>\n\t\t\t\t\t\t\t<\/div>\n\t\t<\/section>\n\t\t\t\t<section class=\"elementor-section elementor-top-section elementor-element elementor-element-c8d97fa elementor-section-boxed elementor-section-height-default elementor-section-height-default\" data-id=\"c8d97fa\" data-element_type=\"section\">\n\t\t\t\t\t\t<div class=\"elementor-container elementor-column-gap-default\">\n\t\t\t\t\t<div class=\"elementor-column elementor-col-50 elementor-top-column elementor-element elementor-element-526e722\" data-id=\"526e722\" data-element_type=\"column\">\n\t\t\t<div class=\"elementor-widget-wrap elementor-element-populated\">\n\t\t\t\t\t\t\t\t<div class=\"elementor-element elementor-element-fd69d09 elementor-widget elementor-widget-jnews_post_feature_elementor\" data-id=\"fd69d09\" data-element_type=\"widget\" data-widget_type=\"jnews_post_feature_elementor.default\">\n\t\t\t\t<div class=\"elementor-widget-container\">\n\t\t\t<div class=\"jeg_featured featured_image\"><a href=\"https:\/\/www.lowcostivf.net\/wp-content\/uploads\/2019\/11\/Surgical-Sperm-Retrieval.jpg\"><div class=\"thumbnail-container animate-lazy\" style=\"padding-bottom:50%\"><img loading=\"lazy\" decoding=\"async\" width=\"750\" height=\"375\" src=\"data:image\/gif;base64,R0lGODlhAQABAIAAAP\/\/\/wAAACH5BAEAAAAALAAAAAABAAEAAAICRAEAOw==\" class=\"attachment-jnews-750x375 size-jnews-750x375 lazyload wp-post-image\" alt=\"R\u00e9cup\u00e9ration chirurgicale de sperme\" sizes=\"(max-width: 750px) 100vw, 750px\" data-src=\"https:\/\/www.lowcostivf.net\/wp-content\/uploads\/2019\/11\/Surgical-Sperm-Retrieval-750x375.jpg\" data-srcset=\"https:\/\/www.lowcostivf.net\/wp-content\/uploads\/2019\/11\/Surgical-Sperm-Retrieval-750x375.jpg 750w, https:\/\/www.lowcostivf.net\/wp-content\/uploads\/2019\/11\/Surgical-Sperm-Retrieval-300x150.jpg 300w, https:\/\/www.lowcostivf.net\/wp-content\/uploads\/2019\/11\/Surgical-Sperm-Retrieval-768x384.jpg 768w, https:\/\/www.lowcostivf.net\/wp-content\/uploads\/2019\/11\/Surgical-Sperm-Retrieval-1024x512.jpg 1024w, https:\/\/www.lowcostivf.net\/wp-content\/uploads\/2019\/11\/Surgical-Sperm-Retrieval-360x180.jpg 360w, https:\/\/www.lowcostivf.net\/wp-content\/uploads\/2019\/11\/Surgical-Sperm-Retrieval.jpg 1140w\" data-sizes=\"auto\" data-expand=\"700\" \/><\/div><\/a><\/div>\t\t<\/div>\n\t\t\t\t<\/div>\n\t\t\t\t\t<\/div>\n\t\t<\/div>\n\t\t\t\t<div class=\"elementor-column elementor-col-50 elementor-top-column elementor-element elementor-element-95fa1ca\" data-id=\"95fa1ca\" data-element_type=\"column\">\n\t\t\t<div class=\"elementor-widget-wrap elementor-element-populated\">\n\t\t\t\t\t\t\t\t<div class=\"elementor-element elementor-element-272633b elementor-widget elementor-widget-text-editor\" data-id=\"272633b\" data-element_type=\"widget\" data-widget_type=\"text-editor.default\">\n\t\t\t\t<div class=\"elementor-widget-container\">\n\t\t\t\t\t\t\t<p>L&#039;azoospermie est l&#039;un des principaux facteurs d&#039;infertilit\u00e9. Il a \u00e9t\u00e9 estim\u00e9 qu&#039;environ 15% de tous les cas d&#039;infertilit\u00e9 masculine sont dus \u00e0 l&#039;azoospermie, qui fait r\u00e9f\u00e9rence \u00e0 l&#039;absence totale de spermatozo\u00efdes vivants dans l&#039;\u00e9jaculat. Les causes de l&#039;azoospermie sont class\u00e9es en deux groupes. L&#039;azoospermie obstructive sugg\u00e8re qu&#039;il y a un blocage quelque part le long du syst\u00e8me de d\u00e9livrance du sperme et que les spermatozo\u00efdes vivants ne peuvent pas p\u00e9n\u00e9trer dans l&#039;\u00e9jaculat car ils sont bloqu\u00e9s. L&#039;azoospermie obstructive pourrait provenir d&#039;un probl\u00e8me dans l&#039;un des conduits qui permettent le passage des spermatozo\u00efdes. Les infections sont une cause fr\u00e9quente de ce type d&#039;azoospermie. L&#039;azoospermie non obstructive sugg\u00e8re que plut\u00f4t qu&#039;un blocage, il y a un probl\u00e8me de production de sperme et que les testicules sont incapables de produire du tout du sperme. Cela peut \u00eatre d\u00fb \u00e0 des d\u00e9faillances testiculaires dues \u00e0 des anomalies chromosomiques, \u00e0 une varicoc\u00e8le connue sous le nom de kystes b\u00e9nins et \u00e0 des probl\u00e8mes hormonaux. Dans tous les cas, si vous avez fait faire une analyse de sperme et que les r\u00e9sultats indiquent une azoospermie, un examen plus approfondi doit \u00eatre effectu\u00e9 par un urologue pour un diagnostic complet.<\/p>\t\t\t\t\t\t<\/div>\n\t\t\t\t<\/div>\n\t\t\t\t\t<\/div>\n\t\t<\/div>\n\t\t\t\t\t\t\t<\/div>\n\t\t<\/section>\n\t\t\t\t<section class=\"elementor-section elementor-top-section elementor-element elementor-element-189a7a8 elementor-section-boxed elementor-section-height-default elementor-section-height-default\" data-id=\"189a7a8\" data-element_type=\"section\">\n\t\t\t\t\t\t<div class=\"elementor-container elementor-column-gap-default\">\n\t\t\t\t\t<div class=\"elementor-column elementor-col-100 elementor-top-column elementor-element elementor-element-15b7d6c5\" data-id=\"15b7d6c5\" data-element_type=\"column\">\n\t\t\t<div class=\"elementor-widget-wrap elementor-element-populated\">\n\t\t\t\t\t\t\t\t<div class=\"elementor-element elementor-element-35055a0a elementor-widget elementor-widget-text-editor\" data-id=\"35055a0a\" data-element_type=\"widget\" data-widget_type=\"text-editor.default\">\n\t\t\t\t<div class=\"elementor-widget-container\">\n\t\t\t\t\t\t\t<p>Avant de proc\u00e9der au traitement, il est tr\u00e8s important que le patient masculin ait \u00e9t\u00e9 \u00e9valu\u00e9 par son urologue et que la raison pr\u00e9cise de l&#039;azoospermie ait \u00e9t\u00e9 \u00e9tablie, qu&#039;elle soit obstructive ou non obstructive. De m\u00eame, une analyse d&#039;urine post-\u00e9jaculat est un test important pour administrer les hommes azoospermiques afin que l&#039;\u00e9jaculation r\u00e9trograde puisse \u00eatre exclue comme explication possible de l&#039;azoospermie. Si vous recevez un diagnostic d&#039;\u00e9jaculation r\u00e9trograde, des m\u00e9thodes tr\u00e8s simples d&#039;isolement du sperme de votre urine peuvent \u00eatre appliqu\u00e9es et les spermatozo\u00efdes isol\u00e9s peuvent \u00eatre utilis\u00e9s pour le traitement de FIV. Un examen physique indiquera \u00e9galement les causes possibles de l&#039;azoospermie. Par exemple, les hommes avec un volume testiculaire normal avec un \u00e9pididyme indur\u00e9 bilat\u00e9ralement ou un canal d\u00e9f\u00e9rent absent peuvent \u00eatre identifi\u00e9s comme \u00e9tant azoospermiques d&#039;\u00e9tiologie obstructive. En revanche, la pr\u00e9sence d&#039;un faible volume de testicules et d&#039;ant\u00e9c\u00e9dents de cryptorchidie indiquera un cas d&#039;azoospermie d&#039;\u00e9tiologie non obstructive.<\/p><p>Avec les innovations r\u00e9centes dans les technologies m\u00e9dicales, les m\u00e9thodes chirurgicales d&#039;extraction de sperme sont devenues disponibles. Avec toute proc\u00e9dure de pr\u00e9l\u00e8vement de sperme, il y a trois objectifs principaux \u00e0 prioriser\u00a0:<\/p><p>-Pour obtenir la meilleure qualit\u00e9 de sperme possible avec l&#039;intervention chirurgicale. \u00c9tant donn\u00e9 que l&#039;\u00e9chantillon de sperme qui sera obtenu ne contiendra pas de spermatozo\u00efdes matures pr\u00e9sents dans l&#039;\u00e9jaculat de sperme normal, le chirurgien doit encore faire de son mieux pour r\u00e9cup\u00e9rer les spermatozo\u00efdes qui peuvent \u00eatre aussi proches que possible des spermatozo\u00efdes matures, si le patient a une spermatozo\u00efdes.<br \/>-Pour obtenir une quantit\u00e9 suffisante de sperme pour une utilisation fra\u00eeche pendant le cycle de FIV et \u00e9ventuellement pour la cryoconservation pour un cycle futur. M\u00eame s&#039;il s&#039;agit d&#039;une proc\u00e9dure tr\u00e8s mineure, il s&#039;agit toujours d&#039;une proc\u00e9dure chirurgicale, donc si possible, la proc\u00e9dure doit viser \u00e0 r\u00e9cup\u00e9rer suffisamment de sperme pour quelques cycles de FIV.<br \/>-S&#039;assurer qu&#039;il y a un minimum de dommages \u00e0 l&#039;appareil reproducteur lors de l&#039;obtention chirurgicale de l&#039;\u00e9chantillon de sperme afin que les futures tentatives de r\u00e9cup\u00e9ration\/extraction chirurgicale de sperme ne soient pas compromises.<\/p><p>Les m\u00e9thodes chirurgicales de collecte de sperme comprennent les suivantes\u00a0:<\/p><p><strong>1- Aspiration percutan\u00e9e de spermatozo\u00efdes \u00e9pididymaires (PESA)<\/strong><br \/>PESA est une m\u00e9thode simple d&#039;extraction de sperme utilis\u00e9e pour les hommes qui ont une obstruction du canal d\u00e9f\u00e9rent, soit en raison d&#039;une vasectomie ou d&#039;une autre obstruction. Afin de minimiser les cicatrices, le PESA est g\u00e9n\u00e9ralement effectu\u00e9 sur un c\u00f4t\u00e9. Bien que le sperme obtenu avec cette proc\u00e9dure soit immature et de qualit\u00e9 inf\u00e9rieure, la plupart du temps, PESA produira suffisamment de spermatozo\u00efdes pour la proc\u00e9dure ICSI. Vous devez \u00e9galement garder \u00e0 l&#039;esprit que plus la p\u00e9riode pendant laquelle vous avez \u00e9t\u00e9 expos\u00e9 \u00e0 l&#039;obstruction est longue, plus la qualit\u00e9 et la quantit\u00e9 de sperme pouvant \u00eatre obtenues avec cette m\u00e9thode sont faibles. Par cons\u00e9quent, les patients plus jeunes r\u00e9pondent souvent mieux \u00e0 cette m\u00e9thode que les hommes des tranches d&#039;\u00e2ge plus avanc\u00e9es. De m\u00eame, bien que la PESA donne de bons r\u00e9sultats pour les patients ayant subi une vasectomie, la dur\u00e9e apr\u00e8s la vasectomie peut \u00eatre d\u00e9cisive pour l&#039;obtention d&#039;un bon \u00e9chantillon.<\/p><p><strong>2- Micro-aspiration de sperme \u00e9pididymaire (MESA)<\/strong><br \/>La technique de r\u00e9cup\u00e9ration de sperme MESA implique l&#039;aspiration du sperme de l&#039;\u00e9pididyme avec une aiguille fine, qui est une version plus avanc\u00e9e de la proc\u00e9dure PESA. Il s&#039;agit d&#039;une intervention chirurgicale et se d\u00e9roule sous anesth\u00e9sie g\u00e9n\u00e9rale. Les spermatozo\u00efdes extraits \u00e0 l&#039;aide de cette technique sont souvent de mauvaise qualit\u00e9 mais conviennent g\u00e9n\u00e9ralement \u00e0 la cong\u00e9lation. Dans certains cas, suffisamment de sperme peut \u00eatre collect\u00e9 pour un certain nombre de proc\u00e9dures ICSI, permettant aux patients d&#039;utiliser une partie du sperme pour le cycle frais en cours et d&#039;en conserver une partie pour un cycle futur.<\/p><p><strong>3- Extraction de spermatozo\u00efdes testiculaires (TESE)<\/strong><br \/>Cette m\u00e9thode d&#039;extraction de sperme est souvent utilis\u00e9e pour le type d&#039;azoospermie non obstructive o\u00f9 le sperme ne peut pas \u00eatre obtenu \u00e0 partir de l&#039;\u00e9pididyme. La proc\u00e9dure TESE n\u00e9cessite de pr\u00e9lever un petit morceau de tissu du testicule et d&#039;isoler le sperme de ce tissu. Par rapport \u00e0 MESA ou PESA, un nombre inf\u00e9rieur de spermatozo\u00efdes est susceptible d&#039;\u00eatre extrait et, dans certains cas, des spermatozo\u00efdes viables peuvent ne pas \u00eatre trouv\u00e9s dans le tissu de biopsie, ce qui peut n\u00e9cessiter l&#039;annulation du cycle ou le choix du don de sperme.<\/p><p>Il faut savoir que les \u00e9chantillons de sperme extraits\/r\u00e9cup\u00e9r\u00e9s par des m\u00e9thodes chirurgicales ne seront pas aussi matures que les spermatozo\u00efdes trouv\u00e9s dans l&#039;\u00e9jaculat, par cons\u00e9quent, les taux de r\u00e9ussite avec des \u00e9chantillons de sperme obtenus chirurgicalement sont susceptibles d&#039;\u00eatre inf\u00e9rieurs \u00e0 ceux des \u00e9chantillons de sperme standard. En outre, alors que dans certains cas, il peut sembler que la cong\u00e9lation de l&#039;\u00e9chantillon obtenu chirurgicalement peut \u00eatre une option, la viabilit\u00e9 de cet \u00e9chantillon est susceptible d&#039;\u00eatre encore r\u00e9duite avec les proc\u00e9dures de cong\u00e9lation\/d\u00e9cong\u00e9lation. C&#039;est toujours une bonne id\u00e9e d&#039;utiliser des spermatozo\u00efdes pr\u00e9lev\u00e9s chirurgicalement lorsqu&#039;ils sont frais.<\/p><p>Le sch\u00e9ma ci-dessous montre comment chacune des m\u00e9thodes chirurgicales de pr\u00e9l\u00e8vement de sperme est administr\u00e9e\u00a0:<\/p><p><a> <img decoding=\"async\" style=\"width: auto; max-width: 100%;\" src=\"https:\/\/www.lowcostivf.net\/wp-content\/uploads\/2019\/10\/993378_orig.jpg\" alt=\"M\u00e9thodes chirurgicales d&#039;extraction de sperme\" \/><\/a><\/p><p>Vous pourriez \u00e9galement \u00eatre int\u00e9ress\u00e9 par notre \u00ab<a href=\"\/fr\/stem-cell-therapy-for-azoospermia\/\" target=\"_blank\" rel=\"noopener noreferrer\"><strong>\u00c9tude th\u00e9rapeutique sur les cellules souches<\/strong><\/a>\u00bb pour l&#039;azoospermie non obstructive.<\/p><hr class=\"styled-hr\" style=\"width: 100%;\" \/>\t\t\t\t\t\t<\/div>\n\t\t\t\t<\/div>\n\t\t\t\t\t<\/div>\n\t\t<\/div>\n\t\t\t\t\t\t\t<\/div>\n\t\t<\/section>\n\t\t\t\t\t\t\t<\/div>","protected":false},"excerpt":{"rendered":"<p>Pr\u00e9sentation de la r\u00e9cup\u00e9ration chirurgicale de spermatozo\u00efdes Image de taille : 750\u00d7375 L&#039;azoospermie est l&#039;un des principaux facteurs d&#039;infertilit\u00e9. Il a \u00e9t\u00e9 estim\u00e9 qu&#039;environ 15% de tous les cas d&#039;infertilit\u00e9 masculine sont dus \u00e0 l&#039;azoospermie, qui fait r\u00e9f\u00e9rence \u00e0 l&#039;absence totale de spermatozo\u00efdes vivants dans l&#039;\u00e9jaculat. Les causes de l&#039;azoospermie sont class\u00e9es en deux groupes. [\u2026]<\/p>","protected":false},"author":1,"featured_media":1404,"parent":0,"menu_order":0,"comment_status":"closed","ping_status":"closed","template":"elementor_header_footer","meta":{"footnotes":""},"categories":[],"tags":[],"class_list":["post-729","page","type-page","status-publish","has-post-thumbnail","hentry"],"yoast_head":"<!-- This site is optimized with the Yoast SEO plugin v24.3 - https:\/\/yoast.com\/wordpress\/plugins\/seo\/ -->\n<title>Surgical Sperm Retrieval - North Cyprus IVF<\/title>\n<meta name=\"description\" content=\"Surgical sperm extraction methods such as TESA, PESA or MESA allow us to obtain sperm surgically from within the epididymis or the testis.\" \/>\n<meta name=\"robots\" content=\"index, follow, max-snippet:-1, max-image-preview:large, max-video-preview:-1\" \/>\n<link rel=\"canonical\" href=\"https:\/\/www.lowcostivf.net\/fr\/surgical-sperm-retrieval\/\" \/>\n<meta property=\"og:locale\" content=\"fr_FR\" \/>\n<meta property=\"og:type\" content=\"article\" \/>\n<meta property=\"og:title\" content=\"Surgical Sperm Retrieval - North Cyprus IVF\" \/>\n<meta property=\"og:description\" content=\"Surgical sperm extraction methods such as TESA, PESA or MESA allow us to obtain sperm surgically from within the epididymis or the testis.\" \/>\n<meta property=\"og:url\" content=\"https:\/\/www.lowcostivf.net\/fr\/surgical-sperm-retrieval\/\" \/>\n<meta property=\"og:site_name\" content=\"North Cyprus IVF\" \/>\n<meta property=\"article:publisher\" content=\"https:\/\/www.facebook.com\/northcyprusivf\/\" \/>\n<meta property=\"article:modified_time\" content=\"2020-01-27T12:45:14+00:00\" \/>\n<meta property=\"og:image\" content=\"https:\/\/www.lowcostivf.net\/wp-content\/uploads\/2019\/11\/Surgical-Sperm-Retrieval.jpg\" \/>\n\t<meta property=\"og:image:width\" content=\"1140\" \/>\n\t<meta property=\"og:image:height\" content=\"570\" \/>\n\t<meta property=\"og:image:type\" content=\"image\/jpeg\" \/>\n<meta name=\"twitter:card\" content=\"summary_large_image\" \/>\n<meta name=\"twitter:label1\" content=\"Dur\u00e9e de lecture estim\u00e9e\" \/>\n\t<meta name=\"twitter:data1\" content=\"5 minutes\" \/>\n<script type=\"application\/ld+json\" class=\"yoast-schema-graph\">{\"@context\":\"https:\/\/schema.org\",\"@graph\":[{\"@type\":\"WebPage\",\"@id\":\"https:\/\/www.lowcostivf.net\/surgical-sperm-retrieval\/\",\"url\":\"https:\/\/www.lowcostivf.net\/surgical-sperm-retrieval\/\",\"name\":\"Surgical Sperm Retrieval - North Cyprus IVF\",\"isPartOf\":{\"@id\":\"https:\/\/www.lowcostivf.net\/#website\"},\"primaryImageOfPage\":{\"@id\":\"https:\/\/www.lowcostivf.net\/surgical-sperm-retrieval\/#primaryimage\"},\"image\":{\"@id\":\"https:\/\/www.lowcostivf.net\/surgical-sperm-retrieval\/#primaryimage\"},\"thumbnailUrl\":\"https:\/\/www.lowcostivf.net\/wp-content\/uploads\/2019\/11\/Surgical-Sperm-Retrieval.jpg\",\"datePublished\":\"2019-10-27T11:29:33+00:00\",\"dateModified\":\"2020-01-27T12:45:14+00:00\",\"description\":\"Surgical sperm extraction methods such as TESA, PESA or MESA allow us to obtain sperm surgically from within the epididymis or the testis.\",\"breadcrumb\":{\"@id\":\"https:\/\/www.lowcostivf.net\/surgical-sperm-retrieval\/#breadcrumb\"},\"inLanguage\":\"fr-FR\",\"potentialAction\":[{\"@type\":\"ReadAction\",\"target\":[\"https:\/\/www.lowcostivf.net\/surgical-sperm-retrieval\/\"]}]},{\"@type\":\"ImageObject\",\"inLanguage\":\"fr-FR\",\"@id\":\"https:\/\/www.lowcostivf.net\/surgical-sperm-retrieval\/#primaryimage\",\"url\":\"https:\/\/www.lowcostivf.net\/wp-content\/uploads\/2019\/11\/Surgical-Sperm-Retrieval.jpg\",\"contentUrl\":\"https:\/\/www.lowcostivf.net\/wp-content\/uploads\/2019\/11\/Surgical-Sperm-Retrieval.jpg\",\"width\":1140,\"height\":570},{\"@type\":\"BreadcrumbList\",\"@id\":\"https:\/\/www.lowcostivf.net\/surgical-sperm-retrieval\/#breadcrumb\",\"itemListElement\":[{\"@type\":\"ListItem\",\"position\":1,\"name\":\"Home\",\"item\":\"https:\/\/www.lowcostivf.net\/\"},{\"@type\":\"ListItem\",\"position\":2,\"name\":\"Surgical Sperm Retrieval\"}]},{\"@type\":\"WebSite\",\"@id\":\"https:\/\/www.lowcostivf.net\/#website\",\"url\":\"https:\/\/www.lowcostivf.net\/\",\"name\":\"North Cyprus IVF\",\"description\":\"Highest IVF Success in Cyprus\",\"publisher\":{\"@id\":\"https:\/\/www.lowcostivf.net\/#organization\"},\"potentialAction\":[{\"@type\":\"SearchAction\",\"target\":{\"@type\":\"EntryPoint\",\"urlTemplate\":\"https:\/\/www.lowcostivf.net\/?s={search_term_string}\"},\"query-input\":{\"@type\":\"PropertyValueSpecification\",\"valueRequired\":true,\"valueName\":\"search_term_string\"}}],\"inLanguage\":\"fr-FR\"},{\"@type\":\"Organization\",\"@id\":\"https:\/\/www.lowcostivf.net\/#organization\",\"name\":\"North Cyprus IVF Centre\",\"alternateName\":\"Cyprus IVF Centre\",\"url\":\"https:\/\/www.lowcostivf.net\/\",\"logo\":{\"@type\":\"ImageObject\",\"inLanguage\":\"fr-FR\",\"@id\":\"https:\/\/www.lowcostivf.net\/#\/schema\/logo\/image\/\",\"url\":\"https:\/\/www.lowcostivf.net\/wp-content\/uploads\/2023\/08\/logo-cyprus-ivf-center-logo.png\",\"contentUrl\":\"https:\/\/www.lowcostivf.net\/wp-content\/uploads\/2023\/08\/logo-cyprus-ivf-center-logo.png\",\"width\":300,\"height\":300,\"caption\":\"North Cyprus IVF Centre\"},\"image\":{\"@id\":\"https:\/\/www.lowcostivf.net\/#\/schema\/logo\/image\/\"},\"sameAs\":[\"https:\/\/www.facebook.com\/northcyprusivf\/\"]}]}<\/script>\n<!-- \/ Yoast SEO plugin. -->","yoast_head_json":{"title":"Surgical Sperm Retrieval - North Cyprus IVF","description":"Surgical sperm extraction methods such as TESA, PESA or MESA allow us to obtain sperm surgically from within the epididymis or the testis.","robots":{"index":"index","follow":"follow","max-snippet":"max-snippet:-1","max-image-preview":"max-image-preview:large","max-video-preview":"max-video-preview:-1"},"canonical":"https:\/\/www.lowcostivf.net\/fr\/surgical-sperm-retrieval\/","og_locale":"fr_FR","og_type":"article","og_title":"Surgical Sperm Retrieval - North Cyprus IVF","og_description":"Surgical sperm extraction methods such as TESA, PESA or MESA allow us to obtain sperm surgically from within the epididymis or the testis.","og_url":"https:\/\/www.lowcostivf.net\/fr\/surgical-sperm-retrieval\/","og_site_name":"North Cyprus IVF","article_publisher":"https:\/\/www.facebook.com\/northcyprusivf\/","article_modified_time":"2020-01-27T12:45:14+00:00","og_image":[{"width":1140,"height":570,"url":"https:\/\/www.lowcostivf.net\/wp-content\/uploads\/2019\/11\/Surgical-Sperm-Retrieval.jpg","type":"image\/jpeg"}],"twitter_card":"summary_large_image","twitter_misc":{"Dur\u00e9e de lecture estim\u00e9e":"5 minutes"},"schema":{"@context":"https:\/\/schema.org","@graph":[{"@type":"WebPage","@id":"https:\/\/www.lowcostivf.net\/surgical-sperm-retrieval\/","url":"https:\/\/www.lowcostivf.net\/surgical-sperm-retrieval\/","name":"Surgical Sperm Retrieval - North Cyprus IVF","isPartOf":{"@id":"https:\/\/www.lowcostivf.net\/#website"},"primaryImageOfPage":{"@id":"https:\/\/www.lowcostivf.net\/surgical-sperm-retrieval\/#primaryimage"},"image":{"@id":"https:\/\/www.lowcostivf.net\/surgical-sperm-retrieval\/#primaryimage"},"thumbnailUrl":"https:\/\/www.lowcostivf.net\/wp-content\/uploads\/2019\/11\/Surgical-Sperm-Retrieval.jpg","datePublished":"2019-10-27T11:29:33+00:00","dateModified":"2020-01-27T12:45:14+00:00","description":"Surgical sperm extraction methods such as TESA, PESA or MESA allow us to obtain sperm surgically from within the epididymis or the testis.","breadcrumb":{"@id":"https:\/\/www.lowcostivf.net\/surgical-sperm-retrieval\/#breadcrumb"},"inLanguage":"fr-FR","potentialAction":[{"@type":"ReadAction","target":["https:\/\/www.lowcostivf.net\/surgical-sperm-retrieval\/"]}]},{"@type":"ImageObject","inLanguage":"fr-FR","@id":"https:\/\/www.lowcostivf.net\/surgical-sperm-retrieval\/#primaryimage","url":"https:\/\/www.lowcostivf.net\/wp-content\/uploads\/2019\/11\/Surgical-Sperm-Retrieval.jpg","contentUrl":"https:\/\/www.lowcostivf.net\/wp-content\/uploads\/2019\/11\/Surgical-Sperm-Retrieval.jpg","width":1140,"height":570},{"@type":"BreadcrumbList","@id":"https:\/\/www.lowcostivf.net\/surgical-sperm-retrieval\/#breadcrumb","itemListElement":[{"@type":"ListItem","position":1,"name":"Home","item":"https:\/\/www.lowcostivf.net\/"},{"@type":"ListItem","position":2,"name":"Surgical Sperm Retrieval"}]},{"@type":"WebSite","@id":"https:\/\/www.lowcostivf.net\/#website","url":"https:\/\/www.lowcostivf.net\/","name":"North Cyprus IVF","description":"Highest IVF Success in Cyprus","publisher":{"@id":"https:\/\/www.lowcostivf.net\/#organization"},"potentialAction":[{"@type":"SearchAction","target":{"@type":"EntryPoint","urlTemplate":"https:\/\/www.lowcostivf.net\/?s={search_term_string}"},"query-input":{"@type":"PropertyValueSpecification","valueRequired":true,"valueName":"search_term_string"}}],"inLanguage":"fr-FR"},{"@type":"Organization","@id":"https:\/\/www.lowcostivf.net\/#organization","name":"North Cyprus IVF Centre","alternateName":"Cyprus IVF Centre","url":"https:\/\/www.lowcostivf.net\/","logo":{"@type":"ImageObject","inLanguage":"fr-FR","@id":"https:\/\/www.lowcostivf.net\/#\/schema\/logo\/image\/","url":"https:\/\/www.lowcostivf.net\/wp-content\/uploads\/2023\/08\/logo-cyprus-ivf-center-logo.png","contentUrl":"https:\/\/www.lowcostivf.net\/wp-content\/uploads\/2023\/08\/logo-cyprus-ivf-center-logo.png","width":300,"height":300,"caption":"North Cyprus IVF Centre"},"image":{"@id":"https:\/\/www.lowcostivf.net\/#\/schema\/logo\/image\/"},"sameAs":["https:\/\/www.facebook.com\/northcyprusivf\/"]}]}},"_links":{"self":[{"href":"https:\/\/www.lowcostivf.net\/fr\/wp-json\/wp\/v2\/pages\/729"}],"collection":[{"href":"https:\/\/www.lowcostivf.net\/fr\/wp-json\/wp\/v2\/pages"}],"about":[{"href":"https:\/\/www.lowcostivf.net\/fr\/wp-json\/wp\/v2\/types\/page"}],"author":[{"embeddable":true,"href":"https:\/\/www.lowcostivf.net\/fr\/wp-json\/wp\/v2\/users\/1"}],"replies":[{"embeddable":true,"href":"https:\/\/www.lowcostivf.net\/fr\/wp-json\/wp\/v2\/comments?post=729"}],"version-history":[{"count":8,"href":"https:\/\/www.lowcostivf.net\/fr\/wp-json\/wp\/v2\/pages\/729\/revisions"}],"predecessor-version":[{"id":3682,"href":"https:\/\/www.lowcostivf.net\/fr\/wp-json\/wp\/v2\/pages\/729\/revisions\/3682"}],"wp:featuredmedia":[{"embeddable":true,"href":"https:\/\/www.lowcostivf.net\/fr\/wp-json\/wp\/v2\/media\/1404"}],"wp:attachment":[{"href":"https:\/\/www.lowcostivf.net\/fr\/wp-json\/wp\/v2\/media?parent=729"}],"wp:term":[{"taxonomy":"category","embeddable":true,"href":"https:\/\/www.lowcostivf.net\/fr\/wp-json\/wp\/v2\/categories?post=729"},{"taxonomy":"post_tag","embeddable":true,"href":"https:\/\/www.lowcostivf.net\/fr\/wp-json\/wp\/v2\/tags?post=729"}],"curies":[{"name":"wp","href":"https:\/\/api.w.org\/{rel}","templated":true}]}}