{"id":696,"date":"2019-10-27T11:29:15","date_gmt":"2019-10-27T11:29:15","guid":{"rendered":"https:\/\/www.lowcostivf.net\/hpv-genotype-testing\/"},"modified":"2020-01-15T12:55:37","modified_gmt":"2020-01-15T12:55:37","slug":"hpv-genotype-testing","status":"publish","type":"page","link":"https:\/\/www.lowcostivf.net\/fr\/hpv-genotype-testing\/","title":{"rendered":"Test de g\u00e9notype du VPH"},"content":{"rendered":"<hr class=\"styled-hr\" style=\"width: 100%;\">\n<h2 class=\"wsite-content-title\" style=\"text-align: left;\">Test du virus du papillome humain (VPH)<\/h2>\n<p>Le virus du papillome humain, HPV, est le nom commun d&#039;un groupe de virus qui affectent votre peau et les membranes humides de votre corps telles que le col de l&#039;ut\u00e9rus, la vulve, le vagin, l&#039;anus, la gorge et la bouche. Il existe plus d&#039;une centaine de types de virus HPV et une quarantaine de types de virus affectent les organes g\u00e9nitaux humains.<\/p>\n<p>Le VPH est une maladie sexuellement transmissible tr\u00e8s r\u00e9pandue. La plupart des gens sont susceptibles de l&#039;avoir \u00e0 un moment donn\u00e9 de leur vie et certains types de virus HPV disparaissent d&#039;eux-m\u00eames sans \u00eatre remarqu\u00e9s. Les jeunes sont plus sujets au virus HPV, peut-\u00eatre parce qu&#039;ils sont plus actifs sexuellement ou parce que nous d\u00e9veloppons une immunit\u00e9 en vieillissant.<\/p>\n<p>Le VPH peut provoquer une croissance tissulaire anormale ou des changements au sein des cellules (connus sous le nom de dysplasie) qui peuvent entra\u00eener des probl\u00e8mes plus graves tels que le cancer du col de l&#039;ut\u00e9rus, le cancer du rectum, les cancers de la bouche ou de la gorge. Plus commun\u00e9ment, le VPH provoque des verrues g\u00e9nitales ou des verrues et des verrues sur d&#039;autres parties de la peau qui ont \u00e9t\u00e9 en contact avec eux. Les types de VPH qui causent les verrues et les verrues ne provoquent g\u00e9n\u00e9ralement pas de modifications cellulaires susceptibles de se transformer en cancer. Ils sont appel\u00e9s VPH \u00e0 faible risque et sont plus courants que les VPH \u00e0 haut risque. Les souches de VPH \u00e0 haut risque comprennent les VPH 16 et 18, qui causent environ 70% de cancers du col de l&#039;ut\u00e9rus. Les autres virus HPV \u00e0 haut risque comprennent 31, 35, 39, 45, 51, 52, 58 et quelques autres. Plus de souches sont d\u00e9couvertes en ce moment m\u00eame, il n&#039;y a donc pas de liste d\u00e9finitive des virus HPV \u00e0 haut risque et \u00e0 faible risque.<\/p>\n<p>Vous pouvez contracter une infection au VPH lors de relations sexuelles vaginales, anales ou orales avec une personne qui a d\u00e9j\u00e0 contract\u00e9 le virus. Il se propage le plus souvent lors de relations sexuelles vaginales ou anales. M\u00eame si la personne infect\u00e9e n&#039;a pas de verrues\/l\u00e9sions ou de sympt\u00f4mes du virus, il peut toujours \u00eatre transmis \u00e0 d&#039;autres personnes par contact sexuel. L&#039;utilisation d&#039;un pr\u00e9servatif ne vous prot\u00e8ge pas n\u00e9cessairement contre les virus HPV, car d&#039;autres parties de la peau peuvent \u00e9galement \u00eatre infect\u00e9es par le HPV. Par cons\u00e9quent, le d\u00e9pistage et la vaccination sont les meilleures m\u00e9thodes de protection.<\/p>\n<p>Toute personne sexuellement active risque d&#039;\u00eatre expos\u00e9e au VPH, m\u00eame si vous n&#039;avez pas plusieurs partenaires sexuels. Certains types de virus HPV ne pr\u00e9sentent aucun sympt\u00f4me pendant des ann\u00e9es, ce qui rend difficile de savoir quand vous avez \u00e9t\u00e9 infect\u00e9 pour la premi\u00e8re fois. Toute personne sexuellement active devrait subir un d\u00e9pistage du VPH. Si vous n&#039;\u00eates pas infect\u00e9, la meilleure chose \u00e0 faire est de vous faire vacciner. Des vaccins ont \u00e9t\u00e9 d\u00e9velopp\u00e9s contre les types canc\u00e9rig\u00e8nes de VPH, par cons\u00e9quent, \u00eatre vaccin\u00e9 conf\u00e8re une immunit\u00e9 contre les types de VPH les plus dangereux.<\/p>\n<p>Pour plus d&#039;informations sur nos services, veuillez utiliser le <a title=\"\" href=\"\/fr\/contact\/\"> formulaire de contact<\/a>.<\/p>\n<hr class=\"styled-hr\" style=\"width: 100%;\">\n<h2 class=\"wsite-content-title\" style=\"text-align: left;\">Autres services li\u00e9s \u00e0 la fertilit\u00e9 (cliquez sur les images pour acc\u00e9der aux liens)<\/h2>\n<hr class=\"styled-hr\" style=\"width: 100%;\">\n<p><a href=\"\/fr\/ivf-failures.html\/\"> <img decoding=\"async\" class=\"aligncenter\" style=\"width: auto; max-width: 100%;\" src=\"https:\/\/www.lowcostivf.net\/wp-content\/uploads\/2019\/10\/9470431.jpg\" alt=\"Quelle pourrait \u00eatre la cause de l&#039;\u00e9chec d&#039;un traitement de FIV ? Raisons des \u00e9checs de FIV.\"><\/a><\/p>\n<h2 class=\"wsite-content-title\" style=\"text-align: center;\"><a href=\"\/fr\/ivf-failures\/\">\u00c9checs r\u00e9p\u00e9t\u00e9s de la FIV<\/a><\/h2>\n<p>Les \u00e9checs r\u00e9p\u00e9t\u00e9s de FIV peuvent \u00eatre tr\u00e8s frustrants. Le traitement de FIV est un investissement \u00e9motionnel et financier. \u00c0 cette fin, si vous avez un certain nombre d&#039;\u00e9checs de FIV, il sera important de subir une enqu\u00eate plus approfondie avant de tenter votre prochain cycle.<\/p>\n<p><a href=\"\/fr\/hpv-genotype-testing.html\/\"> <img decoding=\"async\" class=\"aligncenter\" style=\"width: auto; max-width: 100%;\" src=\"https:\/\/www.lowcostivf.net\/wp-content\/uploads\/2019\/10\/1057490.jpg\" alt=\"Test VPH pour le cancer du col de l&#039;ut\u00e9rus et les verrues g\u00e9nitales.\"><\/a><\/p>\n<h2 class=\"wsite-content-title\" style=\"text-align: center;\"><a href=\"\/fr\/hpv-genotype-testing\/\">D\u00e9pistage, g\u00e9notypage et gestion du VPH<\/a><\/h2>\n<p>HPV signifie virus du papillome humain. C&#039;est un virus tr\u00e8s commun. Le VPH g\u00e9nital se transmet par contact direct de peau \u00e0 peau avec une personne infect\u00e9e par le VPH. Le contact comprend les relations sexuelles vaginales, anales et orales.<\/p>\n<p><a href=\"\/fr\/miscarriages.html\/\"> <img decoding=\"async\" class=\"aligncenter\" style=\"width: auto; max-width: 100%;\" src=\"https:\/\/www.lowcostivf.net\/wp-content\/uploads\/2019\/10\/5852766.jpg\" alt=\"Causes et traitement des fausses couches r\u00e9p\u00e9t\u00e9es et r\u00e9currentes. Pourquoi est-ce que je fais une fausse couche ?\"><\/a><\/p>\n<h2 class=\"wsite-content-title\" style=\"text-align: center;\"><a href=\"\/fr\/miscarriages\/\">Fausses couches \u00e0 r\u00e9p\u00e9tition<\/a><\/h2>\n<p>Les fausses couches r\u00e9p\u00e9t\u00e9es ou r\u00e9currentes sont une condition o\u00f9 le patient a subi trois fausses couches ou plus cons\u00e9cutives. La raison de ces fausses couches peut \u00eatre li\u00e9e \u00e0 l&#039;ovule\/au sperme ou peut avoir une association g\u00e9n\u00e9tique.<\/p>\n<p><a href=\"\/fr\/surgical-sperm-retrieval.html\/\"> <img decoding=\"async\" class=\"aligncenter\" style=\"width: auto; max-width: 100%;\" src=\"https:\/\/www.lowcostivf.net\/wp-content\/uploads\/2019\/10\/5932588.jpg\" alt=\"Les m\u00e9thodes chirurgicales de r\u00e9cup\u00e9ration et d&#039;extraction de sperme comprennent TESA, TESE, Micro Tese, PESA et MESA.\"><\/a><\/p>\n<h2 class=\"wsite-content-title\" style=\"text-align: center;\"><a title=\"\" href=\"\/fr\/surgical-sperm-retrieval\/\">R\u00e9cup\u00e9ration chirurgicale de sperme<br \/>\n(TESA\/PESA\/MESA)<\/a><\/h2>\n<p>L&#039;extraction chirurgicale de sperme ou la r\u00e9cup\u00e9ration chirurgicale de sperme contient un certain nombre d&#039;op\u00e9rations mineures visant \u00e0 r\u00e9cup\u00e9rer chirurgicalement des spermatozo\u00efdes vivants chez des patients dont l&#039;\u00e9jaculat ne contient pas de spermatozo\u00efdes vivants adapt\u00e9s \u00e0 la f\u00e9condation.<\/p>\n<p><a href=\"\/fr\/sickle-cell-disease-prevention.html\/\"> <img decoding=\"async\" class=\"aligncenter\" style=\"width: auto; max-width: 100%;\" src=\"https:\/\/www.lowcostivf.net\/wp-content\/uploads\/2019\/10\/666559.jpg\" alt=\"La dr\u00e9panocytose peut \u00eatre pr\u00e9venue par un traitement de FIV avec DPI. \"><\/a><\/p>\n<h2 class=\"wsite-content-title\" style=\"text-align: center;\"><a href=\"\/fr\/sickle-cell-disease-prevention\/\">L&#039;an\u00e9mie falciforme<\/a><\/h2>\n<p>La dr\u00e9panocytose, ou dr\u00e9panocytose, est une affection dans laquelle les globules rouges ont la forme d&#039;une faucille. Le mode de transmission est autosomique r\u00e9cessif, par cons\u00e9quent, les deux partenaires doivent \u00eatre porteurs du g\u00e8ne mut\u00e9. La pr\u00e9vention est possible via le DPI.<\/p>\n<p><a href=\"\/fr\/pre-implantation-genetic-diagnosis-pgd.html\/\"> <img decoding=\"async\" class=\"aligncenter\" style=\"width: auto; max-width: 100%;\" src=\"https:\/\/www.lowcostivf.net\/wp-content\/uploads\/2019\/10\/2557819_orig.jpg\" alt=\"DPI pour les maladies g\u00e9n\u00e9tiques telles que la fibrose kystique, la dystrophie masculaire de Duchenne\"><\/a><\/p>\n<h2 class=\"wsite-content-title\" style=\"text-align: center;\"><a title=\"\" href=\"\/fr\/pre-implantation-genetic-diagnosis-pgd\/\">DPI pour le diagnostic g\u00e9n\u00e9tique<\/a><\/h2>\n<p>Le diagnostic g\u00e9n\u00e9tique pr\u00e9implantatoire, ou plus pr\u00e9cis\u00e9ment le d\u00e9pistage g\u00e9n\u00e9tique pr\u00e9implantatoire, est une m\u00e9thode de s\u00e9lection d&#039;embryons dans laquelle les embryons peuvent \u00eatre d\u00e9pist\u00e9s pour des troubles g\u00e9n\u00e9tiques courants ou des d\u00e9fauts g\u00e9n\u00e9tiques uniques.<\/p>","protected":false},"excerpt":{"rendered":"<p>Test du virus du papillome humain (VPH) Le virus du papillome humain, VPH, est le nom commun d&#039;un groupe de virus qui affectent la peau et les membranes humides de votre corps, telles que le col de l&#039;ut\u00e9rus, la vulve, le vagin, l&#039;anus, la gorge et la bouche. Il existe plus d&#039;une centaine de types de virus HPV et une quarantaine de types de [\u2026]<\/p>","protected":false},"author":1,"featured_media":1522,"parent":0,"menu_order":0,"comment_status":"closed","ping_status":"closed","template":"","meta":{"footnotes":""},"categories":[],"tags":[],"class_list":["post-696","page","type-page","status-publish","has-post-thumbnail","hentry"],"yoast_head":"<!-- This site is optimized with the Yoast SEO plugin v24.3 - https:\/\/yoast.com\/wordpress\/plugins\/seo\/ -->\n<title>Hpv Genotype Testing - North Cyprus IVF<\/title>\n<meta name=\"description\" content=\"What is HPV? Please refer to this page for detailed Information about Human Papilloma Virus (HPV) and protection methods.\" \/>\n<meta name=\"robots\" content=\"index, follow, max-snippet:-1, max-image-preview:large, max-video-preview:-1\" \/>\n<link rel=\"canonical\" href=\"https:\/\/www.lowcostivf.net\/fr\/hpv-genotype-testing\/\" \/>\n<meta property=\"og:locale\" content=\"fr_FR\" \/>\n<meta property=\"og:type\" content=\"article\" \/>\n<meta property=\"og:title\" content=\"Hpv Genotype Testing - North Cyprus IVF\" \/>\n<meta property=\"og:description\" content=\"What is HPV? Please refer to this page for detailed Information about Human Papilloma Virus (HPV) and protection methods.\" \/>\n<meta property=\"og:url\" content=\"https:\/\/www.lowcostivf.net\/fr\/hpv-genotype-testing\/\" \/>\n<meta property=\"og:site_name\" content=\"North Cyprus IVF\" \/>\n<meta property=\"article:publisher\" content=\"https:\/\/www.facebook.com\/northcyprusivf\/\" \/>\n<meta property=\"article:modified_time\" content=\"2020-01-15T12:55:37+00:00\" \/>\n<meta property=\"og:image\" content=\"https:\/\/www.lowcostivf.net\/wp-content\/uploads\/2019\/11\/hpv-genotype-testing.jpg\" \/>\n\t<meta property=\"og:image:width\" content=\"1140\" \/>\n\t<meta property=\"og:image:height\" content=\"570\" \/>\n\t<meta property=\"og:image:type\" content=\"image\/jpeg\" \/>\n<meta name=\"twitter:card\" content=\"summary_large_image\" \/>\n<meta name=\"twitter:label1\" content=\"Dur\u00e9e de lecture estim\u00e9e\" \/>\n\t<meta name=\"twitter:data1\" content=\"3 minutes\" \/>\n<script type=\"application\/ld+json\" class=\"yoast-schema-graph\">{\"@context\":\"https:\/\/schema.org\",\"@graph\":[{\"@type\":\"WebPage\",\"@id\":\"https:\/\/www.lowcostivf.net\/hpv-genotype-testing\/\",\"url\":\"https:\/\/www.lowcostivf.net\/hpv-genotype-testing\/\",\"name\":\"Hpv Genotype Testing - North Cyprus IVF\",\"isPartOf\":{\"@id\":\"https:\/\/www.lowcostivf.net\/#website\"},\"primaryImageOfPage\":{\"@id\":\"https:\/\/www.lowcostivf.net\/hpv-genotype-testing\/#primaryimage\"},\"image\":{\"@id\":\"https:\/\/www.lowcostivf.net\/hpv-genotype-testing\/#primaryimage\"},\"thumbnailUrl\":\"https:\/\/www.lowcostivf.net\/wp-content\/uploads\/2019\/11\/hpv-genotype-testing.jpg\",\"datePublished\":\"2019-10-27T11:29:15+00:00\",\"dateModified\":\"2020-01-15T12:55:37+00:00\",\"description\":\"What is HPV? Please refer to this page for detailed Information about Human Papilloma Virus (HPV) and protection methods.\",\"breadcrumb\":{\"@id\":\"https:\/\/www.lowcostivf.net\/hpv-genotype-testing\/#breadcrumb\"},\"inLanguage\":\"fr-FR\",\"potentialAction\":[{\"@type\":\"ReadAction\",\"target\":[\"https:\/\/www.lowcostivf.net\/hpv-genotype-testing\/\"]}]},{\"@type\":\"ImageObject\",\"inLanguage\":\"fr-FR\",\"@id\":\"https:\/\/www.lowcostivf.net\/hpv-genotype-testing\/#primaryimage\",\"url\":\"https:\/\/www.lowcostivf.net\/wp-content\/uploads\/2019\/11\/hpv-genotype-testing.jpg\",\"contentUrl\":\"https:\/\/www.lowcostivf.net\/wp-content\/uploads\/2019\/11\/hpv-genotype-testing.jpg\",\"width\":1140,\"height\":570},{\"@type\":\"BreadcrumbList\",\"@id\":\"https:\/\/www.lowcostivf.net\/hpv-genotype-testing\/#breadcrumb\",\"itemListElement\":[{\"@type\":\"ListItem\",\"position\":1,\"name\":\"Home\",\"item\":\"https:\/\/www.lowcostivf.net\/\"},{\"@type\":\"ListItem\",\"position\":2,\"name\":\"Hpv Genotype Testing\"}]},{\"@type\":\"WebSite\",\"@id\":\"https:\/\/www.lowcostivf.net\/#website\",\"url\":\"https:\/\/www.lowcostivf.net\/\",\"name\":\"North Cyprus IVF\",\"description\":\"Highest IVF Success in Cyprus\",\"publisher\":{\"@id\":\"https:\/\/www.lowcostivf.net\/#organization\"},\"potentialAction\":[{\"@type\":\"SearchAction\",\"target\":{\"@type\":\"EntryPoint\",\"urlTemplate\":\"https:\/\/www.lowcostivf.net\/?s={search_term_string}\"},\"query-input\":{\"@type\":\"PropertyValueSpecification\",\"valueRequired\":true,\"valueName\":\"search_term_string\"}}],\"inLanguage\":\"fr-FR\"},{\"@type\":\"Organization\",\"@id\":\"https:\/\/www.lowcostivf.net\/#organization\",\"name\":\"North Cyprus IVF Centre\",\"alternateName\":\"Cyprus IVF Centre\",\"url\":\"https:\/\/www.lowcostivf.net\/\",\"logo\":{\"@type\":\"ImageObject\",\"inLanguage\":\"fr-FR\",\"@id\":\"https:\/\/www.lowcostivf.net\/#\/schema\/logo\/image\/\",\"url\":\"https:\/\/www.lowcostivf.net\/wp-content\/uploads\/2023\/08\/logo-cyprus-ivf-center-logo.png\",\"contentUrl\":\"https:\/\/www.lowcostivf.net\/wp-content\/uploads\/2023\/08\/logo-cyprus-ivf-center-logo.png\",\"width\":300,\"height\":300,\"caption\":\"North Cyprus IVF Centre\"},\"image\":{\"@id\":\"https:\/\/www.lowcostivf.net\/#\/schema\/logo\/image\/\"},\"sameAs\":[\"https:\/\/www.facebook.com\/northcyprusivf\/\"]}]}<\/script>\n<!-- \/ Yoast SEO plugin. -->","yoast_head_json":{"title":"Hpv Genotype Testing - North Cyprus IVF","description":"What is HPV? Please refer to this page for detailed Information about Human Papilloma Virus (HPV) and protection methods.","robots":{"index":"index","follow":"follow","max-snippet":"max-snippet:-1","max-image-preview":"max-image-preview:large","max-video-preview":"max-video-preview:-1"},"canonical":"https:\/\/www.lowcostivf.net\/fr\/hpv-genotype-testing\/","og_locale":"fr_FR","og_type":"article","og_title":"Hpv Genotype Testing - North Cyprus IVF","og_description":"What is HPV? Please refer to this page for detailed Information about Human Papilloma Virus (HPV) and protection methods.","og_url":"https:\/\/www.lowcostivf.net\/fr\/hpv-genotype-testing\/","og_site_name":"North Cyprus IVF","article_publisher":"https:\/\/www.facebook.com\/northcyprusivf\/","article_modified_time":"2020-01-15T12:55:37+00:00","og_image":[{"width":1140,"height":570,"url":"https:\/\/www.lowcostivf.net\/wp-content\/uploads\/2019\/11\/hpv-genotype-testing.jpg","type":"image\/jpeg"}],"twitter_card":"summary_large_image","twitter_misc":{"Dur\u00e9e de lecture estim\u00e9e":"3 minutes"},"schema":{"@context":"https:\/\/schema.org","@graph":[{"@type":"WebPage","@id":"https:\/\/www.lowcostivf.net\/hpv-genotype-testing\/","url":"https:\/\/www.lowcostivf.net\/hpv-genotype-testing\/","name":"Hpv Genotype Testing - North Cyprus IVF","isPartOf":{"@id":"https:\/\/www.lowcostivf.net\/#website"},"primaryImageOfPage":{"@id":"https:\/\/www.lowcostivf.net\/hpv-genotype-testing\/#primaryimage"},"image":{"@id":"https:\/\/www.lowcostivf.net\/hpv-genotype-testing\/#primaryimage"},"thumbnailUrl":"https:\/\/www.lowcostivf.net\/wp-content\/uploads\/2019\/11\/hpv-genotype-testing.jpg","datePublished":"2019-10-27T11:29:15+00:00","dateModified":"2020-01-15T12:55:37+00:00","description":"What is HPV? Please refer to this page for detailed Information about Human Papilloma Virus (HPV) and protection methods.","breadcrumb":{"@id":"https:\/\/www.lowcostivf.net\/hpv-genotype-testing\/#breadcrumb"},"inLanguage":"fr-FR","potentialAction":[{"@type":"ReadAction","target":["https:\/\/www.lowcostivf.net\/hpv-genotype-testing\/"]}]},{"@type":"ImageObject","inLanguage":"fr-FR","@id":"https:\/\/www.lowcostivf.net\/hpv-genotype-testing\/#primaryimage","url":"https:\/\/www.lowcostivf.net\/wp-content\/uploads\/2019\/11\/hpv-genotype-testing.jpg","contentUrl":"https:\/\/www.lowcostivf.net\/wp-content\/uploads\/2019\/11\/hpv-genotype-testing.jpg","width":1140,"height":570},{"@type":"BreadcrumbList","@id":"https:\/\/www.lowcostivf.net\/hpv-genotype-testing\/#breadcrumb","itemListElement":[{"@type":"ListItem","position":1,"name":"Home","item":"https:\/\/www.lowcostivf.net\/"},{"@type":"ListItem","position":2,"name":"Hpv Genotype Testing"}]},{"@type":"WebSite","@id":"https:\/\/www.lowcostivf.net\/#website","url":"https:\/\/www.lowcostivf.net\/","name":"North Cyprus IVF","description":"Highest IVF Success in Cyprus","publisher":{"@id":"https:\/\/www.lowcostivf.net\/#organization"},"potentialAction":[{"@type":"SearchAction","target":{"@type":"EntryPoint","urlTemplate":"https:\/\/www.lowcostivf.net\/?s={search_term_string}"},"query-input":{"@type":"PropertyValueSpecification","valueRequired":true,"valueName":"search_term_string"}}],"inLanguage":"fr-FR"},{"@type":"Organization","@id":"https:\/\/www.lowcostivf.net\/#organization","name":"North Cyprus IVF Centre","alternateName":"Cyprus IVF Centre","url":"https:\/\/www.lowcostivf.net\/","logo":{"@type":"ImageObject","inLanguage":"fr-FR","@id":"https:\/\/www.lowcostivf.net\/#\/schema\/logo\/image\/","url":"https:\/\/www.lowcostivf.net\/wp-content\/uploads\/2023\/08\/logo-cyprus-ivf-center-logo.png","contentUrl":"https:\/\/www.lowcostivf.net\/wp-content\/uploads\/2023\/08\/logo-cyprus-ivf-center-logo.png","width":300,"height":300,"caption":"North Cyprus IVF Centre"},"image":{"@id":"https:\/\/www.lowcostivf.net\/#\/schema\/logo\/image\/"},"sameAs":["https:\/\/www.facebook.com\/northcyprusivf\/"]}]}},"_links":{"self":[{"href":"https:\/\/www.lowcostivf.net\/fr\/wp-json\/wp\/v2\/pages\/696"}],"collection":[{"href":"https:\/\/www.lowcostivf.net\/fr\/wp-json\/wp\/v2\/pages"}],"about":[{"href":"https:\/\/www.lowcostivf.net\/fr\/wp-json\/wp\/v2\/types\/page"}],"author":[{"embeddable":true,"href":"https:\/\/www.lowcostivf.net\/fr\/wp-json\/wp\/v2\/users\/1"}],"replies":[{"embeddable":true,"href":"https:\/\/www.lowcostivf.net\/fr\/wp-json\/wp\/v2\/comments?post=696"}],"version-history":[{"count":4,"href":"https:\/\/www.lowcostivf.net\/fr\/wp-json\/wp\/v2\/pages\/696\/revisions"}],"predecessor-version":[{"id":3613,"href":"https:\/\/www.lowcostivf.net\/fr\/wp-json\/wp\/v2\/pages\/696\/revisions\/3613"}],"wp:featuredmedia":[{"embeddable":true,"href":"https:\/\/www.lowcostivf.net\/fr\/wp-json\/wp\/v2\/media\/1522"}],"wp:attachment":[{"href":"https:\/\/www.lowcostivf.net\/fr\/wp-json\/wp\/v2\/media?parent=696"}],"wp:term":[{"taxonomy":"category","embeddable":true,"href":"https:\/\/www.lowcostivf.net\/fr\/wp-json\/wp\/v2\/categories?post=696"},{"taxonomy":"post_tag","embeddable":true,"href":"https:\/\/www.lowcostivf.net\/fr\/wp-json\/wp\/v2\/tags?post=696"}],"curies":[{"name":"wp","href":"https:\/\/api.w.org\/{rel}","templated":true}]}}