{"id":691,"date":"2019-10-27T11:29:11","date_gmt":"2019-10-27T11:29:11","guid":{"rendered":"https:\/\/www.lowcostivf.net\/fiv-y-embarazo-para-mujeres-mayores-de-50-anos\/"},"modified":"2019-11-12T12:21:34","modified_gmt":"2019-11-12T12:21:34","slug":"fiv-y-embarazo-para-mujeres-mayores-de-50-anos","status":"publish","type":"page","link":"https:\/\/www.lowcostivf.net\/fr\/fiv-y-embarazo-para-mujeres-mayores-de-50-anos\/","title":{"rendered":"Fiv Y Embarazo Para Mujeres Mayores De 50 Ans"},"content":{"rendered":"<h2 class=\"wsite-content-title\"><strong>FIV et EMBARAZO pour les femmes maires de 50 ans\u00a0!<\/strong><\/h2>\n<p><strong><a href=\"\/fr\/ivf-over-50-for-older-women\/\">Anglais<\/a><\/strong> | <a href=\"\/fr\/fiv-plus-de-50-ans\/\"><strong>English<\/strong><\/a><\/p>\n<p>La st\u00e9rilit\u00e9 et l&#039;incapacit\u00e9 de concevoir en s\u00ed mismo es un probl\u00e8me important que puede influir dr\u00e1sticamente en la vida de una pareja. La preuve scientifique sugiere que la st\u00e9rilit\u00e9 peut \u00eatre une cause de mala calidad de vida asociada con la depresi\u00f3n y un mayor nivel de ansiedad. Cuando un paciente ya est\u00e1 pasando por tales dificultades en su vida, es el trabajo de una cl\u00ednica de fertilidad para ofrecer un service de alta calidad y atenci\u00f3n.<\/p>\n<p>Aqu\u00ed en Chypre du Nord FIV, estamos muy contentos de ser su centro de fertilidad, Y muy orgullosos de ayudarle en todos los sentidos. Hacer feliz a un paciente no s\u00f3lo puede medirse en t\u00e9rminos de un resultado de prueba de embarazo positivo o negativo. Implica mucho m\u00e1s que un mero resultado de la prueba. Necesita comunicaci\u00f3n clara y buena y alta calidad de la atenci\u00f3n. Este es un aspecto clave de la entrega de lo que el paciente quiere y necesita, en lugar de lo que el m\u00e9dico piensa lo que es mejor para el paciente.<\/p>\n<p>\u200b <a> <img decoding=\"async\" style=\"width: auto; max-width: 100%;\" src=\"https:\/\/www.lowcostivf.net\/wp-content\/uploads\/2019\/10\/shutterstock-225167101_1.jpeg\" alt=\"\u00bfQu\u00e9 opciones de fertilidad est\u00e1n disponible para las mujeres mayores de 50 a\u00f1os de edad?\" \/><\/a><\/p>\n<p>Mientras que a veces puede ser impossible hacer todo lo que un paciente puede solicitar, debido a limitaciones legales y consideraciones \u00e9ticas. Sin embargo, creemos qu&#039;una cl\u00ednica de fertilidad debe existir para proporcionar soluciones a las necesidades de los pacientes y siempre y cuando estas soluciones se pueden justificar a trav\u00e9s de razonamiento m\u00e9dico, Y debido a esto vamos a mantener a los pacientes felices\u00a0!<\/p>\n<p>La edad es uno de los factores que crean una desviaci\u00f3n entre las leyes de FIV y los enfoques de las cl\u00ednicas de fertilidad. Dans la mayor\u00eda de las cl\u00ednicas de fertilidad, existe un l\u00edmite de edad legal o artificial qu&#039;impide que las mujeres reciban tratamientos de fertilidad m\u00e1s all\u00e1 de cierta edad. Mientras que en algunos pa\u00edses \/ cl\u00ednicas esto puede ser tan bajo como 42, en algunos puede ir tan alto como 50 a\u00f1os de edad biol\u00f3gica. La mayor\u00eda de los argumentos relacionados con la edad se deben a consideraciones \u00e9ticas que no pueden justificarse a trav\u00e9s del razonamiento m\u00e9dico. En FIV del Norte de Chipre, nuestra orientaci\u00f3n centrada en el paciente permanece sin cambios cuando se trata de la cuesti\u00f3n del l\u00edmite de edad. Siempre hemos d\u00e9fendido l&#039;\u00e9limination de la &quot;barrera de edad&quot; en los tratamientos de fertilidad sobre la base de &quot;consideraciones \u00e9ticas&quot;. Las consideraciones \u00e9ticas tienden a ser muy abiertas, sobre todo en esta nueva generaci\u00f3n donde todo el mundo est\u00e1 obligado a tener sus propias ideas y opiniones. Sin embargo, demasiadas ideas y opiniones pueden a veces desdibujar el panorama general: Los tratamientos de fertilidad son un procedimiento m\u00e9dico y deben tratarse como tales. Mientras haya evidencia m\u00e9dica s\u00f3lida de que una mujer est\u00e1 sana y apta para un embarazo, se le debe permitir estar embarazada y tener su propio hijo. <a> <img decoding=\"async\" style=\"width: auto; max-width: 100%;\" src=\"https:\/\/www.lowcostivf.net\/wp-content\/uploads\/2019\/10\/egg-donation-in-cyprus_4.jpg\" alt=\"Tratamiento de FIV et l&#039;embarazo \u00e0 l&#039;\u00e2ge de 50\u00a0!\" \/><\/a><\/p>\n<p><strong>Funci\u00f3n ov\u00e1rica y adecuaci\u00f3n para el embarazo<\/strong><br \/>\nApenas unas semanas despu\u00e9s de que se haya finalizado el primer trimestre, el sistema reproductor de un feto femenino se habr\u00e1 formado compl\u00e8tement, incluyendo su reserva de \u00f3vulos, que es ligeramente menos de 10 millones de huevos para ser m\u00e1s precisos. A partir de la pubert\u00e9, las reservas comenzar\u00e1n a disminuir muy fuertemente con cada ciclo menstrual. En el momento en qu&#039;una mujer llega a los treinta a\u00f1os de edad, ella s\u00f3lo tendr\u00e1 el 10% de sus reservas de huevo a la izquierda\u00a0! A la edad de 40 a\u00f1os, habr\u00e1 perdido el 97% de todas sus reservas, raz\u00f3n por la cual las mujeres mayores de 40 a\u00f1os tendr\u00e1n dificultades para lograr o mantener el embarazo con sus propios \u00f3vulos. Mientras que los \u00f3vulos de una mujer tienen una fecha de vencimiento, el \u00fatero, o donde un \u00f3vulo fertilizado se unir\u00e1 y crecer\u00e1, permanecer\u00e1 perfectamente capaz de realizar su tarea. Esto es hacer que el embarazo en edades m\u00e1s antiguas una posibilidad, no s\u00f3lo con los propios \u00f3vulos. Pero nuestro reciente trabajo cl\u00ednico basado en investigation previas muestra que el embarazo con huevos propios puede ser possible, incluso despu\u00e9s de la menopausia. Discutiremos esto en mayor detalle en p\u00e1rrafos posteriores.<\/p>\n<p>La gente ahora est\u00e1 m\u00e1s sana y la esperanza de vida est\u00e1 en un m\u00e1ximo de todos los tiempos donde la mujer europea se espera que viva hasta los 82-83 a\u00f1os de edad, en promedio. Con los avances en el campo de la medicina, las personas viven vidas m\u00e1s sanas y pueden manejar m\u00e1s f\u00e1cilmente muchas condiciones de salud que pueden venir con la edad. Las pruebas actuales con &quot;m\u00e1s de 50&quot; embarazos no apuntan a ninguna preocupaci\u00f3n justificada sobre la salud de la madre. Las preocupaciones est\u00e1ndar de salud sobre el beb\u00e9 con respecto a los problemas gen\u00e9ticos que se pueden eliminar mediante el uso de los huevos de un donante de \u00f3vulos j\u00f3venes y saludables en la mayor\u00eda de los casos. Essentiellement, la menopausia ya no es un facteur limitante de la fertilidad de una mujer, debe ser disociado de ella, al igual que ha sido para las mujeres m\u00e1s j\u00f3venes con menopausia prematura. Al igual que las cl\u00ednicas de fertilidad est\u00e1n ofreciendo tratamiento para las mujeres menop\u00e1usicas m\u00e1s j\u00f3venes, tampoco deben negar esto a las mujeres mayores.<\/p>\n<p>En Chypre du Nord FIV, estamos felices de ofrecer tratamientos de fertilidad para las mujeres mayores de 50 a\u00f1os de edad, recientemente se nos ha concedido la oportunidad por el Ministerio de Salud en el norte de Chipre y ahora podemos legalmente proporcionar asistencia a todas las mujeres que son m\u00e9dicament aptos Para un embarazo. Hemos estado abogando por la eliminaci\u00f3n de las barreras de la edad no porque tengamos la intenci\u00f3n de ofrecer tratamiento a cualquiera que camine en las puertas de nuestra cl\u00ednica, sino m\u00e1s bien para erradicar la discriminaci\u00f3n basada en la edad. Si bien es cierto que la edad puede traer consigo problemas m\u00e9dicos que pueden causar preocupaci\u00f3n por el embarazo, hay muchos problemas m\u00e9dicos con los m\u00e1s j\u00f3venes que tambi\u00e9n deben ser motivo de preocupaci\u00f3n. No es el l\u00edmite de edad lo que resuelve este problema. Es el criterio de un medical capaz, que decidir\u00e1 despu\u00e9s de reviser cuidadosamente la informaci\u00f3n m\u00e9dica importante y decide si un paciente est\u00e1 apto para el embarazo o no.<\/p>\n<p><strong>En Chypre du Nord FIV, se han establecido las siguientes reglas b\u00e1sicas cuando se ofrece tratamiento de fertilidad a pacientes mayores de 50 a\u00f1os de edad:<br \/>\n<\/strong><br \/>\n\u2013 Los pacientes deben someterse a ciertas pruebas para detectar el CBC, los ri\u00f1ones y las funciones hep\u00e1ticas, as\u00ed como las pruebas hormonales. Si los resultados de las pruebas indican un problema, se necesitar\u00e1n m\u00e1s pruebas. Si parece haber un problema que puede ser exacerbado por un embarazo, entonces el embarazo debe ser evitado por completo.<br \/>\nCont\u00e9m uma<br \/>\n-Los pacientes deben someterse a un chequeo hearto est\u00e1ndar para asegurarse de que no tienen una afecci\u00f3n card\u00edaca que podr\u00eda poner en peligro su propia salud durante el embarazo. Pero nuestro principal objetivo es sobre su propia salud antes de considerar los tratamientos de fertilidad.<\/p>\n<p>\u2013 Los pacientes deben someterse a la detecci\u00f3n de problemas is\u00e1ndar que vienen predominantemente con la edad, como el nivel de glucosa en la sangre, el nivel de presi\u00f3n arterial, as\u00ed como los los niveles de colesterol. Estos son en su mayor\u00eda problemas relacionados con la edad, siempre debe examinarse\u00a0; No s\u00f3lo durante un embarazo.<\/p>\n<p>-Los pacientes deben ser conscientes de que los grupos de edad son plus propensos a las complicaciones del embarazo, siempre es necesario estar informado sobre la importancia de la salud frecuente examen duringe el embarazo. Las exploraciones de ultrasonido para el seguimiento del beb\u00e9, y los ex\u00e1menes de salud para controlar la salud de los pacientes deben ser una parte importante del embarazo.<\/p>\n<p>Aunque creemos que la edad no debe ser una forma de discriminaci\u00f3n contra las mujeres que quieren ser madre de un ni\u00f1o, no es nuestra intenci\u00f3n causar problemas de salud que pueden poner en peligro el bienestar general de nuestros pacientes. Aqu\u00ed es donde el juicio m\u00e9dico entra en la imagen. Aussi debe saberse que ciertas condiciones de salud son demasiado prevalentes en ciertas franjas de edad y teniendo en cuenta las probabilidades y los resultados probables, habr\u00e1 una barrera natural de edad para el embarazo.<\/p>\n<p><strong><em>\u00bfQu\u00e9 opciones de fertilidad est\u00e1n disponible para las mujeres mayores de 50 a\u00f1os de edad?<\/em><\/strong><br \/>\nMientras que m\u00e1s de 50 a\u00f1os de edad sugiere qu&#039;una mujer ha entrado en la menopausia o es peri-menop\u00e1usica, con los \u00faltimos avances en la medicina reproductiva, Chipre del Norte IVF Center ofrece algunas alternativas cuando se trata de tratamientos de fertilidad m\u00e1s de 50 . Aqu\u00ed est\u00e1n las dos opciones Que puede ofrecerse a las mujeres con reservas ov\u00e1ricas que han sido excesivamente disminuidas, prematuramente oa trav\u00e9s de la menopausia\u00a0:<\/p>\n<ol>\n<li>PRP de plasma ovarien\u00a0<strong>(Plasma Rico en Plaquetas)<\/strong> para el rejuvenecimiento ov\u00e1rico\u00a0: Esta es una new opci\u00f3n de tratamiento que hemos adoptado en 2017 sobre la base de la investigaci\u00f3n de los cient\u00edficos de Harvard. L&#039;investigation et los siguientes ensayos cl\u00ednicos han demostrado que la inyecci\u00f3n de las regiones espec\u00edficas en los ovarios de los pacientes con su propio plasma rico en plaquetas puede desencadenar la l\u00ednea de c\u00e9lulas germinales para estimular la producci\u00f3n de ovocitos. En el corto tiempo que hemos estado ofreciendo este tratamiento, hemos visto un aumento en los niveles de AMH a los niveles postmenop\u00e1usicos y hemos visto a muchas mujeres que comienzan a tener per\u00edodos menstruales nuevamente.\u200b<\/li>\n<\/ol>\n<p>Si bien esta opci\u00f3n de tratamiento es bastante nuevo y no podemos garantizar un embarazo para todas las mujeres despu\u00e9s de la menopausia, los resultados preliminares son muy prometedores y el procedimiento en s\u00ed no tiene ning\u00fan efecto secundario important. Puede obtener m\u00e1s informaci\u00f3n sobre nuestro <strong>&quot;Rejuvenecimiento ov\u00e1rico a trav\u00e9s de PRP&quot;<\/strong>.<\/p>\n<p>2. El tratamiento de la FIV con \u00f3vulos de donantes sigue siendo el patr\u00f3n oro de los tratamientos de fertilidad cuando se trata de tratamiento para mujeres mayores de 50 a\u00f1os de edad. Con el tratamiento de fertilizaci\u00f3n con \u00f3vulos de donante, se emparejan con un donante de \u00f3vulos probado para el embarazo basado en sus propios criterios de concordancia.<br \/>\nPara obtener m\u00e1s informaci\u00f3n sobre nosotros tratamientos, p\u00f3ngase en contacto con nosotros\u00a0!<\/p>\n<p>Merci beaucoup! -Chypre du Nord FIV<\/p>","protected":false},"excerpt":{"rendered":"<p>FIV et EMBARAZO pour les femmes majeures de 50 ans\u00a0! Anglais | Francais L&#039;infertilit\u00e9 et l&#039;incapacit\u00e9 de concevoir en soi sont un probl\u00e8me important qui peut influencer consid\u00e9rablement la vie d&#039;un conjoint. La preuve scientifique sugg\u00e8re que l\u2019infertilit\u00e9 peut \u00eatre une cause de mauvaise qualit\u00e9 de vie associ\u00e9e \u00e0 la [\u2026]<\/p>","protected":false},"author":1,"featured_media":1493,"parent":0,"menu_order":0,"comment_status":"closed","ping_status":"closed","template":"","meta":{"footnotes":""},"categories":[],"tags":[],"class_list":["post-691","page","type-page","status-publish","has-post-thumbnail","hentry"],"yoast_head":"<!-- This site is optimized with the Yoast SEO plugin v24.3 - https:\/\/yoast.com\/wordpress\/plugins\/seo\/ -->\n<title>Fiv Y Embarazo Para Mujeres Mayores De 50 Anos - North Cyprus IVF<\/title>\n<meta name=\"robots\" content=\"index, follow, max-snippet:-1, max-image-preview:large, max-video-preview:-1\" \/>\n<link rel=\"canonical\" href=\"https:\/\/www.lowcostivf.net\/fr\/fiv-y-embarazo-para-mujeres-mayores-de-50-anos\/\" \/>\n<meta property=\"og:locale\" content=\"fr_FR\" \/>\n<meta property=\"og:type\" content=\"article\" \/>\n<meta property=\"og:title\" content=\"Fiv Y Embarazo Para Mujeres Mayores De 50 Anos - North Cyprus IVF\" \/>\n<meta property=\"og:description\" content=\"FIV y EMBARAZO para mujeres mayores de 50 a\u00f1os! English | Francais La infertilidad y la incapacidad de concebir en s\u00ed mismo es un problema importante que puede influir dr\u00e1sticamente en la vida de una pareja. La evidencia cient\u00edfica sugiere que la infertilidad puede ser una causa de mala calidad de vida asociada con la [&hellip;]\" \/>\n<meta property=\"og:url\" content=\"https:\/\/www.lowcostivf.net\/fr\/fiv-y-embarazo-para-mujeres-mayores-de-50-anos\/\" \/>\n<meta property=\"og:site_name\" content=\"North Cyprus IVF\" \/>\n<meta property=\"article:publisher\" content=\"https:\/\/www.facebook.com\/northcyprusivf\/\" \/>\n<meta property=\"article:modified_time\" content=\"2019-11-12T12:21:34+00:00\" \/>\n<meta property=\"og:image\" content=\"https:\/\/www.lowcostivf.net\/wp-content\/uploads\/2019\/11\/ivf-over-50-for-older-women.jpg\" \/>\n\t<meta property=\"og:image:width\" content=\"1140\" \/>\n\t<meta property=\"og:image:height\" content=\"570\" \/>\n\t<meta property=\"og:image:type\" content=\"image\/jpeg\" \/>\n<meta name=\"twitter:card\" content=\"summary_large_image\" \/>\n<meta name=\"twitter:label1\" content=\"Dur\u00e9e de lecture estim\u00e9e\" \/>\n\t<meta name=\"twitter:data1\" content=\"9 minutes\" \/>\n<script type=\"application\/ld+json\" class=\"yoast-schema-graph\">{\"@context\":\"https:\/\/schema.org\",\"@graph\":[{\"@type\":\"WebPage\",\"@id\":\"https:\/\/www.lowcostivf.net\/fiv-y-embarazo-para-mujeres-mayores-de-50-anos\/\",\"url\":\"https:\/\/www.lowcostivf.net\/fiv-y-embarazo-para-mujeres-mayores-de-50-anos\/\",\"name\":\"Fiv Y Embarazo Para Mujeres Mayores De 50 Anos - North Cyprus IVF\",\"isPartOf\":{\"@id\":\"https:\/\/www.lowcostivf.net\/#website\"},\"primaryImageOfPage\":{\"@id\":\"https:\/\/www.lowcostivf.net\/fiv-y-embarazo-para-mujeres-mayores-de-50-anos\/#primaryimage\"},\"image\":{\"@id\":\"https:\/\/www.lowcostivf.net\/fiv-y-embarazo-para-mujeres-mayores-de-50-anos\/#primaryimage\"},\"thumbnailUrl\":\"https:\/\/www.lowcostivf.net\/wp-content\/uploads\/2019\/11\/ivf-over-50-for-older-women.jpg\",\"datePublished\":\"2019-10-27T11:29:11+00:00\",\"dateModified\":\"2019-11-12T12:21:34+00:00\",\"breadcrumb\":{\"@id\":\"https:\/\/www.lowcostivf.net\/fiv-y-embarazo-para-mujeres-mayores-de-50-anos\/#breadcrumb\"},\"inLanguage\":\"fr-FR\",\"potentialAction\":[{\"@type\":\"ReadAction\",\"target\":[\"https:\/\/www.lowcostivf.net\/fiv-y-embarazo-para-mujeres-mayores-de-50-anos\/\"]}]},{\"@type\":\"ImageObject\",\"inLanguage\":\"fr-FR\",\"@id\":\"https:\/\/www.lowcostivf.net\/fiv-y-embarazo-para-mujeres-mayores-de-50-anos\/#primaryimage\",\"url\":\"https:\/\/www.lowcostivf.net\/wp-content\/uploads\/2019\/11\/ivf-over-50-for-older-women.jpg\",\"contentUrl\":\"https:\/\/www.lowcostivf.net\/wp-content\/uploads\/2019\/11\/ivf-over-50-for-older-women.jpg\",\"width\":1140,\"height\":570},{\"@type\":\"BreadcrumbList\",\"@id\":\"https:\/\/www.lowcostivf.net\/fiv-y-embarazo-para-mujeres-mayores-de-50-anos\/#breadcrumb\",\"itemListElement\":[{\"@type\":\"ListItem\",\"position\":1,\"name\":\"Home\",\"item\":\"https:\/\/www.lowcostivf.net\/\"},{\"@type\":\"ListItem\",\"position\":2,\"name\":\"Fiv Y Embarazo Para Mujeres Mayores De 50 Anos\"}]},{\"@type\":\"WebSite\",\"@id\":\"https:\/\/www.lowcostivf.net\/#website\",\"url\":\"https:\/\/www.lowcostivf.net\/\",\"name\":\"North Cyprus IVF\",\"description\":\"Highest IVF Success in Cyprus\",\"publisher\":{\"@id\":\"https:\/\/www.lowcostivf.net\/#organization\"},\"potentialAction\":[{\"@type\":\"SearchAction\",\"target\":{\"@type\":\"EntryPoint\",\"urlTemplate\":\"https:\/\/www.lowcostivf.net\/?s={search_term_string}\"},\"query-input\":{\"@type\":\"PropertyValueSpecification\",\"valueRequired\":true,\"valueName\":\"search_term_string\"}}],\"inLanguage\":\"fr-FR\"},{\"@type\":\"Organization\",\"@id\":\"https:\/\/www.lowcostivf.net\/#organization\",\"name\":\"North Cyprus IVF Centre\",\"alternateName\":\"Cyprus IVF Centre\",\"url\":\"https:\/\/www.lowcostivf.net\/\",\"logo\":{\"@type\":\"ImageObject\",\"inLanguage\":\"fr-FR\",\"@id\":\"https:\/\/www.lowcostivf.net\/#\/schema\/logo\/image\/\",\"url\":\"https:\/\/www.lowcostivf.net\/wp-content\/uploads\/2023\/08\/logo-cyprus-ivf-center-logo.png\",\"contentUrl\":\"https:\/\/www.lowcostivf.net\/wp-content\/uploads\/2023\/08\/logo-cyprus-ivf-center-logo.png\",\"width\":300,\"height\":300,\"caption\":\"North Cyprus IVF Centre\"},\"image\":{\"@id\":\"https:\/\/www.lowcostivf.net\/#\/schema\/logo\/image\/\"},\"sameAs\":[\"https:\/\/www.facebook.com\/northcyprusivf\/\"]}]}<\/script>\n<!-- \/ Yoast SEO plugin. -->","yoast_head_json":{"title":"Fiv Y Embarazo Para Mujeres Mayores De 50 Anos - North Cyprus IVF","robots":{"index":"index","follow":"follow","max-snippet":"max-snippet:-1","max-image-preview":"max-image-preview:large","max-video-preview":"max-video-preview:-1"},"canonical":"https:\/\/www.lowcostivf.net\/fr\/fiv-y-embarazo-para-mujeres-mayores-de-50-anos\/","og_locale":"fr_FR","og_type":"article","og_title":"Fiv Y Embarazo Para Mujeres Mayores De 50 Anos - North Cyprus IVF","og_description":"FIV y EMBARAZO para mujeres mayores de 50 a\u00f1os! English | Francais La infertilidad y la incapacidad de concebir en s\u00ed mismo es un problema importante que puede influir dr\u00e1sticamente en la vida de una pareja. La evidencia cient\u00edfica sugiere que la infertilidad puede ser una causa de mala calidad de vida asociada con la [&hellip;]","og_url":"https:\/\/www.lowcostivf.net\/fr\/fiv-y-embarazo-para-mujeres-mayores-de-50-anos\/","og_site_name":"North Cyprus IVF","article_publisher":"https:\/\/www.facebook.com\/northcyprusivf\/","article_modified_time":"2019-11-12T12:21:34+00:00","og_image":[{"width":1140,"height":570,"url":"https:\/\/www.lowcostivf.net\/wp-content\/uploads\/2019\/11\/ivf-over-50-for-older-women.jpg","type":"image\/jpeg"}],"twitter_card":"summary_large_image","twitter_misc":{"Dur\u00e9e de lecture estim\u00e9e":"9 minutes"},"schema":{"@context":"https:\/\/schema.org","@graph":[{"@type":"WebPage","@id":"https:\/\/www.lowcostivf.net\/fiv-y-embarazo-para-mujeres-mayores-de-50-anos\/","url":"https:\/\/www.lowcostivf.net\/fiv-y-embarazo-para-mujeres-mayores-de-50-anos\/","name":"Fiv Y Embarazo Para Mujeres Mayores De 50 Anos - North Cyprus IVF","isPartOf":{"@id":"https:\/\/www.lowcostivf.net\/#website"},"primaryImageOfPage":{"@id":"https:\/\/www.lowcostivf.net\/fiv-y-embarazo-para-mujeres-mayores-de-50-anos\/#primaryimage"},"image":{"@id":"https:\/\/www.lowcostivf.net\/fiv-y-embarazo-para-mujeres-mayores-de-50-anos\/#primaryimage"},"thumbnailUrl":"https:\/\/www.lowcostivf.net\/wp-content\/uploads\/2019\/11\/ivf-over-50-for-older-women.jpg","datePublished":"2019-10-27T11:29:11+00:00","dateModified":"2019-11-12T12:21:34+00:00","breadcrumb":{"@id":"https:\/\/www.lowcostivf.net\/fiv-y-embarazo-para-mujeres-mayores-de-50-anos\/#breadcrumb"},"inLanguage":"fr-FR","potentialAction":[{"@type":"ReadAction","target":["https:\/\/www.lowcostivf.net\/fiv-y-embarazo-para-mujeres-mayores-de-50-anos\/"]}]},{"@type":"ImageObject","inLanguage":"fr-FR","@id":"https:\/\/www.lowcostivf.net\/fiv-y-embarazo-para-mujeres-mayores-de-50-anos\/#primaryimage","url":"https:\/\/www.lowcostivf.net\/wp-content\/uploads\/2019\/11\/ivf-over-50-for-older-women.jpg","contentUrl":"https:\/\/www.lowcostivf.net\/wp-content\/uploads\/2019\/11\/ivf-over-50-for-older-women.jpg","width":1140,"height":570},{"@type":"BreadcrumbList","@id":"https:\/\/www.lowcostivf.net\/fiv-y-embarazo-para-mujeres-mayores-de-50-anos\/#breadcrumb","itemListElement":[{"@type":"ListItem","position":1,"name":"Home","item":"https:\/\/www.lowcostivf.net\/"},{"@type":"ListItem","position":2,"name":"Fiv Y Embarazo Para Mujeres Mayores De 50 Anos"}]},{"@type":"WebSite","@id":"https:\/\/www.lowcostivf.net\/#website","url":"https:\/\/www.lowcostivf.net\/","name":"North Cyprus IVF","description":"Highest IVF Success in Cyprus","publisher":{"@id":"https:\/\/www.lowcostivf.net\/#organization"},"potentialAction":[{"@type":"SearchAction","target":{"@type":"EntryPoint","urlTemplate":"https:\/\/www.lowcostivf.net\/?s={search_term_string}"},"query-input":{"@type":"PropertyValueSpecification","valueRequired":true,"valueName":"search_term_string"}}],"inLanguage":"fr-FR"},{"@type":"Organization","@id":"https:\/\/www.lowcostivf.net\/#organization","name":"North Cyprus IVF Centre","alternateName":"Cyprus IVF Centre","url":"https:\/\/www.lowcostivf.net\/","logo":{"@type":"ImageObject","inLanguage":"fr-FR","@id":"https:\/\/www.lowcostivf.net\/#\/schema\/logo\/image\/","url":"https:\/\/www.lowcostivf.net\/wp-content\/uploads\/2023\/08\/logo-cyprus-ivf-center-logo.png","contentUrl":"https:\/\/www.lowcostivf.net\/wp-content\/uploads\/2023\/08\/logo-cyprus-ivf-center-logo.png","width":300,"height":300,"caption":"North Cyprus IVF Centre"},"image":{"@id":"https:\/\/www.lowcostivf.net\/#\/schema\/logo\/image\/"},"sameAs":["https:\/\/www.facebook.com\/northcyprusivf\/"]}]}},"_links":{"self":[{"href":"https:\/\/www.lowcostivf.net\/fr\/wp-json\/wp\/v2\/pages\/691"}],"collection":[{"href":"https:\/\/www.lowcostivf.net\/fr\/wp-json\/wp\/v2\/pages"}],"about":[{"href":"https:\/\/www.lowcostivf.net\/fr\/wp-json\/wp\/v2\/types\/page"}],"author":[{"embeddable":true,"href":"https:\/\/www.lowcostivf.net\/fr\/wp-json\/wp\/v2\/users\/1"}],"replies":[{"embeddable":true,"href":"https:\/\/www.lowcostivf.net\/fr\/wp-json\/wp\/v2\/comments?post=691"}],"version-history":[{"count":3,"href":"https:\/\/www.lowcostivf.net\/fr\/wp-json\/wp\/v2\/pages\/691\/revisions"}],"predecessor-version":[{"id":1664,"href":"https:\/\/www.lowcostivf.net\/fr\/wp-json\/wp\/v2\/pages\/691\/revisions\/1664"}],"wp:featuredmedia":[{"embeddable":true,"href":"https:\/\/www.lowcostivf.net\/fr\/wp-json\/wp\/v2\/media\/1493"}],"wp:attachment":[{"href":"https:\/\/www.lowcostivf.net\/fr\/wp-json\/wp\/v2\/media?parent=691"}],"wp:term":[{"taxonomy":"category","embeddable":true,"href":"https:\/\/www.lowcostivf.net\/fr\/wp-json\/wp\/v2\/categories?post=691"},{"taxonomy":"post_tag","embeddable":true,"href":"https:\/\/www.lowcostivf.net\/fr\/wp-json\/wp\/v2\/tags?post=691"}],"curies":[{"name":"wp","href":"https:\/\/api.w.org\/{rel}","templated":true}]}}