{"id":685,"date":"2019-10-27T11:29:07","date_gmt":"2019-10-27T11:29:07","guid":{"rendered":"https:\/\/www.lowcostivf.net\/egg-freezing\/"},"modified":"2020-03-06T14:36:16","modified_gmt":"2020-03-06T14:36:16","slug":"egg-freezing","status":"publish","type":"page","link":"https:\/\/www.lowcostivf.net\/fr\/egg-freezing\/","title":{"rendered":"Cong\u00e9lation d&#039;oeufs"},"content":{"rendered":"<div data-elementor-type=\"wp-page\" data-elementor-id=\"685\" class=\"elementor elementor-685\" data-elementor-post-type=\"page\">\n\t\t\t\t\t\t\t\t\t<section class=\"elementor-section elementor-top-section elementor-element elementor-element-ba1b176 elementor-section-boxed elementor-section-height-default elementor-section-height-default\" data-id=\"ba1b176\" data-element_type=\"section\">\n\t\t\t\t\t\t<div class=\"elementor-container elementor-column-gap-default\">\n\t\t\t\t\t<div class=\"elementor-column elementor-col-100 elementor-top-column elementor-element elementor-element-b6820f8\" data-id=\"b6820f8\" data-element_type=\"column\">\n\t\t\t<div class=\"elementor-widget-wrap elementor-element-populated\">\n\t\t\t\t\t\t\t\t<div class=\"elementor-element elementor-element-bd255d9 elementor-widget elementor-widget-jnews_element_header_elementor\" data-id=\"bd255d9\" data-element_type=\"widget\" data-widget_type=\"jnews_element_header_elementor.default\">\n\t\t\t\t<div class=\"elementor-widget-container\">\n\t\t\t<div  class=\"jeg_block_heading jeg_block_heading_5 jeg_aligncenter jnews_module__0_69f5417587b96\">\n                <h3 class=\"jeg_block_title\"><span>Aper\u00e7u de la cong\u00e9lation des ovules au centre de FIV de Chypre du Nord<\/span><\/h3>\n                <style>.jnews_module__0_69f5417587b96.jeg_block_heading_5 .jeg_block_title span, .jnews_module__0_69f5417587b96.jeg_block_heading_5 .jeg_block_title i { color: #7a7a7a; }<\/style>\n            <\/div>\t\t<\/div>\n\t\t\t\t<\/div>\n\t\t\t\t\t<\/div>\n\t\t<\/div>\n\t\t\t\t\t\t\t<\/div>\n\t\t<\/section>\n\t\t\t\t<section class=\"elementor-section elementor-top-section elementor-element elementor-element-b4d375c elementor-section-boxed elementor-section-height-default elementor-section-height-default\" data-id=\"b4d375c\" data-element_type=\"section\">\n\t\t\t\t\t\t<div class=\"elementor-container elementor-column-gap-default\">\n\t\t\t\t\t<div class=\"elementor-column elementor-col-50 elementor-top-column elementor-element elementor-element-1fbd85c\" data-id=\"1fbd85c\" data-element_type=\"column\">\n\t\t\t<div class=\"elementor-widget-wrap elementor-element-populated\">\n\t\t\t\t\t\t\t\t<div class=\"elementor-element elementor-element-4aa270b elementor-widget elementor-widget-jnews_post_feature_elementor\" data-id=\"4aa270b\" data-element_type=\"widget\" data-widget_type=\"jnews_post_feature_elementor.default\">\n\t\t\t\t<div class=\"elementor-widget-container\">\n\t\t\t<div class=\"jeg_featured featured_image\"><a href=\"https:\/\/www.lowcostivf.net\/wp-content\/uploads\/2019\/11\/egg-freezing.jpg\"><div class=\"thumbnail-container animate-lazy\" style=\"padding-bottom:50%\"><img loading=\"lazy\" decoding=\"async\" width=\"750\" height=\"375\" src=\"data:image\/gif;base64,R0lGODlhAQABAIAAAP\/\/\/wAAACH5BAEAAAAALAAAAAABAAEAAAICRAEAOw==\" class=\"attachment-jnews-750x375 size-jnews-750x375 lazyload wp-post-image\" alt=\"Cong\u00e9lation d&#039;oeufs\" sizes=\"(max-width: 750px) 100vw, 750px\" data-src=\"https:\/\/www.lowcostivf.net\/wp-content\/uploads\/2019\/11\/egg-freezing-750x375.jpg\" data-srcset=\"https:\/\/www.lowcostivf.net\/wp-content\/uploads\/2019\/11\/egg-freezing-750x375.jpg 750w, https:\/\/www.lowcostivf.net\/wp-content\/uploads\/2019\/11\/egg-freezing-300x150.jpg 300w, https:\/\/www.lowcostivf.net\/wp-content\/uploads\/2019\/11\/egg-freezing-768x384.jpg 768w, https:\/\/www.lowcostivf.net\/wp-content\/uploads\/2019\/11\/egg-freezing-1024x512.jpg 1024w, https:\/\/www.lowcostivf.net\/wp-content\/uploads\/2019\/11\/egg-freezing-360x180.jpg 360w, https:\/\/www.lowcostivf.net\/wp-content\/uploads\/2019\/11\/egg-freezing.jpg 1140w\" data-sizes=\"auto\" data-expand=\"700\" \/><\/div><\/a><\/div>\t\t<\/div>\n\t\t\t\t<\/div>\n\t\t\t\t\t<\/div>\n\t\t<\/div>\n\t\t\t\t<div class=\"elementor-column elementor-col-50 elementor-top-column elementor-element elementor-element-498bad2\" data-id=\"498bad2\" data-element_type=\"column\">\n\t\t\t<div class=\"elementor-widget-wrap elementor-element-populated\">\n\t\t\t\t\t\t\t\t<div class=\"elementor-element elementor-element-92d7ae9 elementor-widget elementor-widget-text-editor\" data-id=\"92d7ae9\" data-element_type=\"widget\" data-widget_type=\"text-editor.default\">\n\t\t\t\t<div class=\"elementor-widget-container\">\n\t\t\t\t\t\t\t<p>La cong\u00e9lation des ovules est un concept relativement nouveau dans les proc\u00e9dures de FIV. M\u00eame si la cong\u00e9lation des tissus et des cellules est pratiqu\u00e9e depuis un certain temps, en raison de la nature fragile des ovocytes humains (ovules), la cong\u00e9lation des ovules a traditionnellement eu des taux de r\u00e9ussite beaucoup plus faibles que la cong\u00e9lation des spermatozo\u00efdes ou des embryons. La m\u00e9thode ant\u00e9rieure de cong\u00e9lation des gam\u00e8tes et des embryons humains \u00e9tait connue sous le nom de cong\u00e9lation lente. Avec la m\u00e9thode de cong\u00e9lation lente, les \u0153ufs\/spermatozo\u00efdes ou les embryons seraient lentement refroidis \u00e0 basse temp\u00e9rature et seraient ensuite transf\u00e9r\u00e9s dans de l&#039;azote liquide pour une conservation \u00e0 long terme. Cependant, m\u00eame si les spermatozo\u00efdes et les embryons auraient un taux de survie tr\u00e8s \u00e9lev\u00e9 avec cette m\u00e9thode, la survie des ovocytes (\u0153ufs) avec cette m\u00e9thode a \u00e9t\u00e9 tr\u00e8s faible. De nombreux scientifiques ont m\u00eame conclu au d\u00e9but de ce si\u00e8cle que la cong\u00e9lation des ovules n&#039;\u00e9tait pas une proc\u00e9dure efficace et ne devait pas \u00eatre utilis\u00e9e. Le probl\u00e8me avec la m\u00e9thode de cong\u00e9lation lente \u00e9tait que, pendant le processus de refroidissement, des cristaux de glace se formaient sur les \u0153ufs, et ces cristaux de glace causeraient des dommages mortels, entra\u00eenant la mort de l&#039;\u0153uf.<\/p>\t\t\t\t\t\t<\/div>\n\t\t\t\t<\/div>\n\t\t\t\t\t<\/div>\n\t\t<\/div>\n\t\t\t\t\t\t\t<\/div>\n\t\t<\/section>\n\t\t\t\t<section class=\"elementor-section elementor-top-section elementor-element elementor-element-763ee7a4 elementor-section-boxed elementor-section-height-default elementor-section-height-default\" data-id=\"763ee7a4\" data-element_type=\"section\">\n\t\t\t\t\t\t<div class=\"elementor-container elementor-column-gap-default\">\n\t\t\t\t\t<div class=\"elementor-column elementor-col-100 elementor-top-column elementor-element elementor-element-2dc3d58e\" data-id=\"2dc3d58e\" data-element_type=\"column\">\n\t\t\t<div class=\"elementor-widget-wrap elementor-element-populated\">\n\t\t\t\t\t\t\t\t<div class=\"elementor-element elementor-element-81e1423 elementor-widget elementor-widget-text-editor\" data-id=\"81e1423\" data-element_type=\"widget\" data-widget_type=\"text-editor.default\">\n\t\t\t\t<div class=\"elementor-widget-container\">\n\t\t\t\t\t\t\t<p>La cong\u00e9lation des ovules est un concept relativement nouveau dans les proc\u00e9dures de FIV. M\u00eame si la cong\u00e9lation des tissus et des cellules est pratiqu\u00e9e depuis un certain temps, en raison de la nature fragile des ovocytes humains (ovules), la cong\u00e9lation des ovules a traditionnellement eu des taux de r\u00e9ussite beaucoup plus faibles que la cong\u00e9lation des spermatozo\u00efdes ou des embryons.<\/p>\n<p>La m\u00e9thode ant\u00e9rieure de cong\u00e9lation des gam\u00e8tes et des embryons humains \u00e9tait connue sous le nom de cong\u00e9lation lente. Avec la m\u00e9thode de cong\u00e9lation lente, les \u0153ufs\/spermatozo\u00efdes ou les embryons seraient lentement refroidis \u00e0 basse temp\u00e9rature et seraient ensuite transf\u00e9r\u00e9s dans de l&#039;azote liquide pour une conservation \u00e0 long terme. Cependant, m\u00eame si les spermatozo\u00efdes et les embryons auraient un taux de survie tr\u00e8s \u00e9lev\u00e9 avec cette m\u00e9thode, la survie des ovocytes (\u0153ufs) avec cette m\u00e9thode a \u00e9t\u00e9 tr\u00e8s faible. De nombreux scientifiques ont m\u00eame conclu au d\u00e9but de ce si\u00e8cle que la cong\u00e9lation des ovules n&#039;\u00e9tait pas une proc\u00e9dure efficace et ne devait pas \u00eatre utilis\u00e9e. Le probl\u00e8me avec la m\u00e9thode de cong\u00e9lation lente \u00e9tait que, pendant le processus de refroidissement, des cristaux de glace se formaient sur les \u0153ufs, et ces cristaux de glace causeraient des dommages mortels, entra\u00eenant la mort de l&#039;\u0153uf.<\/p>\n<p>Une nouvelle m\u00e9thode de vitrification est devenue disponible au d\u00e9but des ann\u00e9es 2000, suscitant des espoirs quant \u00e0 la cong\u00e9lation des ovocytes humains. Cette nouvelle m\u00e9thode est parfois appel\u00e9e cong\u00e9lation ultra-rapide. Gr\u00e2ce \u00e0 cette nouvelle technologie et aux solutions nouvellement invent\u00e9es, la cong\u00e9lation des ovules est devenue aussi efficace que les techniques de cong\u00e9lation d&#039;embryons et de sperme.<\/p>\n<p>Le centre de FIV de Chypre du Nord propose la cong\u00e9lation des ovocytes (ovules) via la m\u00e9thode de vitrification depuis 2007. Gr\u00e2ce \u00e0 des am\u00e9liorations constantes des milieux de culture et des techniques utilis\u00e9es dans la vitrification, nous offrons d\u00e9sormais un taux de survie sup\u00e9rieur \u00e0 90% des ovocytes vitrifi\u00e9s. Cela signifie que 9 \u0153ufs congel\u00e9s sur 10 survivront \u00e0 ce processus et auront le potentiel de f\u00e9conder un embryon viable.<\/p>\n<p>Aujourd&#039;hui, de plus en plus de femmes gravissent les \u00e9chelons de l&#039;emploi, ce qui peut signifier que la formation d&#039;une famille ou la planification d&#039;un b\u00e9b\u00e9 seraient souvent retard\u00e9es. Ce retard n&#039;est pas toujours favoris\u00e9 par le tic-tac de l&#039;horloge biologique. Avec la planification de carri\u00e8re, de plus en plus de femmes perdent leur fertilit\u00e9 avant d&#039;\u00eatre pr\u00eates \u00e0 planifier leur famille. Dans un tel cas, une femme est confront\u00e9e \u00e0 une d\u00e9cision difficile. Soit elle accepte de ne pas avoir ses enfants biologiques, soit elle abandonne le march\u00e9 du travail pour faire l&#039;exp\u00e9rience de la maternit\u00e9. Cependant, gr\u00e2ce \u00e0 la vitrification, il existe d\u00e9sormais une troisi\u00e8me option.<\/p>\n<p><strong>Qui est un bon candidat pour la cong\u00e9lation d&#039;\u0153ufs\u00a0?<\/strong><br>\n<em>Les femmes qui ne sont pas encore pr\u00eates \u00e0 avoir un enfant pour des raisons personnelles mais qui aimeraient en avoir l&#039;opportunit\u00e9 \u00e0 une date ult\u00e9rieure,<br>\nLes femmes qui sont sur le point de subir une chimioth\u00e9rapie ou une radioth\u00e9rapie,<br>\nLes femmes qui sont \u00e0 risque d&#039;insuffisance ovarienne pr\u00e9matur\u00e9e comme en t\u00e9moigne l&#039;\u00e9valuation de la fertilit\u00e9 ou les ant\u00e9c\u00e9dents familiaux,<\/em><\/p>\n<p>sont tous des candidats id\u00e9aux pour la proc\u00e9dure de cong\u00e9lation des ovules. Les \u00e9tapes impliqu\u00e9es dans la cong\u00e9lation des ovules sont tr\u00e8s similaires aux \u00e9tapes impliqu\u00e9es dans les traitements de FIV standard. La diff\u00e9rence est que les ovules r\u00e9cup\u00e9r\u00e9s ne sont pas f\u00e9cond\u00e9s et qu&#039;ils ne sont pas transf\u00e9r\u00e9s dans l&#039;ut\u00e9rus de la patiente. Au contraire, les \u0153ufs sont conserv\u00e9s pour une utilisation future par la patiente lorsqu&#039;elle est pr\u00eate \u00e0 planifier sa famille.<\/p>\n<p>Avant de proc\u00e9der \u00e0 ce type de traitement, il sera important de se soumettre \u00e0 certains tests et d\u00e9pistages. Ces tests nous permettent de concevoir un protocole de traitement optimal afin de maximiser le nombre et la qualit\u00e9 des ovules \u00e0 pr\u00e9lever dans les ovaires. Normalement, dans un cycle menstruel donn\u00e9, chaque femme produit un seul ovule, et cet ovule unique peut ou non avoir le potentiel de f\u00e9condation. En vous compl\u00e9tant avec des m\u00e9dicaments suppl\u00e9mentaires, nous nous assurons que vos ovaires produisent plusieurs ovules de bonne qualit\u00e9 afin que nous puissions collecter autant d&#039;ovules que possible et les congeler pour que vous puissiez les utiliser lors d&#039;une future grossesse. Bien que l&#039;objectif soit de collecter autant d&#039;ovules que possible, nous ne voulons pas risquer une hyperstimulation ovarienne, qui est une condition aux effets secondaires d\u00e9sagr\u00e9ables. Par cons\u00e9quent, il est tr\u00e8s important d&#039;optimiser votre protocole de traitement en fonction de vos niveaux d&#039;hormones sp\u00e9cifiques et de nombreux autres param\u00e8tres.<\/p>\n<p><strong>Les tests requis avant de planifier un cycle de cong\u00e9lation des \u0153ufs sont les suivants\u00a0:<\/strong><br>\n\u2013 Au jour 2 ou 3 de vos menstruations, nous vous demanderons de passer une \u00e9chographie pelvienne pour le suivi du follicule antral.<br>\n\u2013 Le m\u00eame jour, nous demanderons \u00e9galement des tests hormonaux FSH, LH, Estradiol, Prolactine et AMH pour faire une \u00e9valuation de votre fonction ovarienne afin que nous puissions identifier le bon traitement m\u00e9dicamenteux \u00e0 utiliser. Une fois que nous aurons ces informations ainsi qu&#039;un formulaire d&#039;ant\u00e9c\u00e9dents m\u00e9dicaux d\u00e9taill\u00e9s, nous pourrons concevoir votre protocole de traitement afin que nous puissions r\u00e9ussir \u00e0 obtenir un bon nombre et une bonne qualit\u00e9 d&#039;ovules, qui seront votre ou vos futur(s) enfant(s)\u00a0! Pour plus d&#039;informations sur les tests d&#039;infertilit\u00e9 et la signification de vos r\u00e9sultats, veuillez consulter notre <strong>&#8216;<a href=\"\/fr\/testing\/\">Test d&#039;infertilit\u00e9<\/a>&#8216;<\/strong> section.<\/p>\n<p><strong>Combien co\u00fbte la cong\u00e9lation des \u0153ufs\u00a0?<\/strong><br>\nLe co\u00fbt de base de la cong\u00e9lation des ovules est de 2 500 euros. Ce tarif comprend vos consultations m\u00e9dicales dans notre unit\u00e9 de FIV, vos actes m\u00e9dicaux et vos actes de cong\u00e9lation. Cependant, selon le nombre d&#039;\u0153ufs r\u00e9cup\u00e9r\u00e9s, et selon le nombre d&#039;\u0153ufs que vous aimeriez avoir congel\u00e9s dans chaque paille, le co\u00fbt sera diff\u00e9rent. Par exemple, si nous sommes en mesure de r\u00e9cup\u00e9rer un total de 8 \u0153ufs et que vous souhaitez que tous ces \u0153ufs soient congel\u00e9s dans la m\u00eame paille, alors le co\u00fbt du traitement resterait \u00e0 2 500. Cependant, si vous souhaitez que chaque \u0153uf soit congel\u00e9 s\u00e9par\u00e9ment dans des pailles s\u00e9par\u00e9es, chaque paille suppl\u00e9mentaire co\u00fbtera 300 euros. Lorsque les \u0153ufs sont congel\u00e9s ensemble, ils sont \u00e9galement r\u00e9chauff\u00e9s (d\u00e9congel\u00e9s) ensemble, ce qui signifie qu&#039;ils devront \u00eatre utilis\u00e9s tous en m\u00eame temps car les recongeler ne produira pas un r\u00e9sultat r\u00e9ussi. Si vous avez l&#039;intention d&#039;utiliser vos ovules congel\u00e9s lors de grossesses multiples (si vous souhaitez avoir plus d&#039;un enfant avec vos ovules), nous vous recommandons de congeler les ovules par lots de 2 ou 3, ce qui vous donnera une plus grande flexibilit\u00e9 \u00e0 l&#039;avenir sur la fa\u00e7on de Utilise les. La cong\u00e9lation des \u0153ufs par lots de 1 \u0153uf par paille n&#039;est pas non plus une tr\u00e8s bonne id\u00e9e car tous les \u0153ufs ne survivront pas au processus de d\u00e9cong\u00e9lation et tous les \u0153ufs ne se d\u00e9velopperont pas en un embryon viable. Par cons\u00e9quent, c&#039;est une bonne id\u00e9e d&#039;avoir 2\/3 d&#039;ovocytes par s\u00e9rie.<\/p>\n<p>Pour une discussion approfondie sur la cong\u00e9lation des ovules par rapport \u00e0 la cong\u00e9lation des embryons, veuillez consulter notre &quot;<strong><a href=\"\/fr\/latest-news-from-north-cyprus-ivf-center\/fertility-preservation-egg-versus-embryo-freezing\/\" target=\"_blank\" rel=\"noopener noreferrer\">Oeuf contre cong\u00e9lation d&#039;embryons<\/a><\/strong>\u201d article de blog.<\/p>\t\t\t\t\t\t<\/div>\n\t\t\t\t<\/div>\n\t\t\t\t\t<\/div>\n\t\t<\/div>\n\t\t\t\t\t\t\t<\/div>\n\t\t<\/section>\n\t\t\t\t\t\t\t<\/div>","protected":false},"excerpt":{"rendered":"<p>Vue d&#039;ensemble de la cong\u00e9lation des ovules au centre de FIV de Chypre du Nord Image de taille : 750\u00d7375 La cong\u00e9lation des ovules est un concept relativement nouveau dans les proc\u00e9dures de FIV. M\u00eame si la cong\u00e9lation des tissus et des cellules est pratiqu\u00e9e depuis un certain temps, en raison de la nature fragile des ovocytes (\u0153ufs) humains, la cong\u00e9lation des \u0153ufs a traditionnellement eu des taux de r\u00e9ussite beaucoup plus faibles [\u2026]<\/p>","protected":false},"author":1,"featured_media":1481,"parent":0,"menu_order":0,"comment_status":"closed","ping_status":"closed","template":"elementor_header_footer","meta":{"footnotes":""},"categories":[],"tags":[],"class_list":["post-685","page","type-page","status-publish","has-post-thumbnail","hentry"],"yoast_head":"<!-- This site is optimized with the Yoast SEO plugin v24.3 - https:\/\/yoast.com\/wordpress\/plugins\/seo\/ -->\n<title>Egg Freezing - North Cyprus IVF<\/title>\n<meta name=\"description\" content=\"Oocyte vitrification gives women a chance to freeze their eggs to plan pregnancy in the future. Who is a suitable candidate for Egg Freezing?\" \/>\n<meta name=\"robots\" content=\"index, follow, max-snippet:-1, max-image-preview:large, max-video-preview:-1\" \/>\n<link rel=\"canonical\" href=\"https:\/\/www.lowcostivf.net\/fr\/egg-freezing\/\" \/>\n<meta property=\"og:locale\" content=\"fr_FR\" \/>\n<meta property=\"og:type\" content=\"article\" \/>\n<meta property=\"og:title\" content=\"Egg Freezing - North Cyprus IVF\" \/>\n<meta property=\"og:description\" content=\"Oocyte vitrification gives women a chance to freeze their eggs to plan pregnancy in the future. Who is a suitable candidate for Egg Freezing?\" \/>\n<meta property=\"og:url\" content=\"https:\/\/www.lowcostivf.net\/fr\/egg-freezing\/\" \/>\n<meta property=\"og:site_name\" content=\"North Cyprus IVF\" \/>\n<meta property=\"article:publisher\" content=\"https:\/\/www.facebook.com\/northcyprusivf\/\" \/>\n<meta property=\"article:modified_time\" content=\"2020-03-06T14:36:16+00:00\" \/>\n<meta property=\"og:image\" content=\"https:\/\/www.lowcostivf.net\/wp-content\/uploads\/2019\/11\/egg-freezing.jpg\" \/>\n\t<meta property=\"og:image:width\" content=\"1140\" \/>\n\t<meta property=\"og:image:height\" content=\"570\" \/>\n\t<meta property=\"og:image:type\" content=\"image\/jpeg\" \/>\n<meta name=\"twitter:card\" content=\"summary_large_image\" \/>\n<meta name=\"twitter:label1\" content=\"Dur\u00e9e de lecture estim\u00e9e\" \/>\n\t<meta name=\"twitter:data1\" content=\"6 minutes\" \/>\n<script type=\"application\/ld+json\" class=\"yoast-schema-graph\">{\"@context\":\"https:\/\/schema.org\",\"@graph\":[{\"@type\":\"WebPage\",\"@id\":\"https:\/\/www.lowcostivf.net\/egg-freezing\/\",\"url\":\"https:\/\/www.lowcostivf.net\/egg-freezing\/\",\"name\":\"Egg Freezing - North Cyprus IVF\",\"isPartOf\":{\"@id\":\"https:\/\/www.lowcostivf.net\/#website\"},\"primaryImageOfPage\":{\"@id\":\"https:\/\/www.lowcostivf.net\/egg-freezing\/#primaryimage\"},\"image\":{\"@id\":\"https:\/\/www.lowcostivf.net\/egg-freezing\/#primaryimage\"},\"thumbnailUrl\":\"https:\/\/www.lowcostivf.net\/wp-content\/uploads\/2019\/11\/egg-freezing.jpg\",\"datePublished\":\"2019-10-27T11:29:07+00:00\",\"dateModified\":\"2020-03-06T14:36:16+00:00\",\"description\":\"Oocyte vitrification gives women a chance to freeze their eggs to plan pregnancy in the future. Who is a suitable candidate for Egg Freezing?\",\"breadcrumb\":{\"@id\":\"https:\/\/www.lowcostivf.net\/egg-freezing\/#breadcrumb\"},\"inLanguage\":\"fr-FR\",\"potentialAction\":[{\"@type\":\"ReadAction\",\"target\":[\"https:\/\/www.lowcostivf.net\/egg-freezing\/\"]}]},{\"@type\":\"ImageObject\",\"inLanguage\":\"fr-FR\",\"@id\":\"https:\/\/www.lowcostivf.net\/egg-freezing\/#primaryimage\",\"url\":\"https:\/\/www.lowcostivf.net\/wp-content\/uploads\/2019\/11\/egg-freezing.jpg\",\"contentUrl\":\"https:\/\/www.lowcostivf.net\/wp-content\/uploads\/2019\/11\/egg-freezing.jpg\",\"width\":1140,\"height\":570},{\"@type\":\"BreadcrumbList\",\"@id\":\"https:\/\/www.lowcostivf.net\/egg-freezing\/#breadcrumb\",\"itemListElement\":[{\"@type\":\"ListItem\",\"position\":1,\"name\":\"Home\",\"item\":\"https:\/\/www.lowcostivf.net\/\"},{\"@type\":\"ListItem\",\"position\":2,\"name\":\"Egg Freezing\"}]},{\"@type\":\"WebSite\",\"@id\":\"https:\/\/www.lowcostivf.net\/#website\",\"url\":\"https:\/\/www.lowcostivf.net\/\",\"name\":\"North Cyprus IVF\",\"description\":\"Highest IVF Success in Cyprus\",\"publisher\":{\"@id\":\"https:\/\/www.lowcostivf.net\/#organization\"},\"potentialAction\":[{\"@type\":\"SearchAction\",\"target\":{\"@type\":\"EntryPoint\",\"urlTemplate\":\"https:\/\/www.lowcostivf.net\/?s={search_term_string}\"},\"query-input\":{\"@type\":\"PropertyValueSpecification\",\"valueRequired\":true,\"valueName\":\"search_term_string\"}}],\"inLanguage\":\"fr-FR\"},{\"@type\":\"Organization\",\"@id\":\"https:\/\/www.lowcostivf.net\/#organization\",\"name\":\"North Cyprus IVF Centre\",\"alternateName\":\"Cyprus IVF Centre\",\"url\":\"https:\/\/www.lowcostivf.net\/\",\"logo\":{\"@type\":\"ImageObject\",\"inLanguage\":\"fr-FR\",\"@id\":\"https:\/\/www.lowcostivf.net\/#\/schema\/logo\/image\/\",\"url\":\"https:\/\/www.lowcostivf.net\/wp-content\/uploads\/2023\/08\/logo-cyprus-ivf-center-logo.png\",\"contentUrl\":\"https:\/\/www.lowcostivf.net\/wp-content\/uploads\/2023\/08\/logo-cyprus-ivf-center-logo.png\",\"width\":300,\"height\":300,\"caption\":\"North Cyprus IVF Centre\"},\"image\":{\"@id\":\"https:\/\/www.lowcostivf.net\/#\/schema\/logo\/image\/\"},\"sameAs\":[\"https:\/\/www.facebook.com\/northcyprusivf\/\"]}]}<\/script>\n<!-- \/ Yoast SEO plugin. -->","yoast_head_json":{"title":"Egg Freezing - North Cyprus IVF","description":"Oocyte vitrification gives women a chance to freeze their eggs to plan pregnancy in the future. Who is a suitable candidate for Egg Freezing?","robots":{"index":"index","follow":"follow","max-snippet":"max-snippet:-1","max-image-preview":"max-image-preview:large","max-video-preview":"max-video-preview:-1"},"canonical":"https:\/\/www.lowcostivf.net\/fr\/egg-freezing\/","og_locale":"fr_FR","og_type":"article","og_title":"Egg Freezing - North Cyprus IVF","og_description":"Oocyte vitrification gives women a chance to freeze their eggs to plan pregnancy in the future. Who is a suitable candidate for Egg Freezing?","og_url":"https:\/\/www.lowcostivf.net\/fr\/egg-freezing\/","og_site_name":"North Cyprus IVF","article_publisher":"https:\/\/www.facebook.com\/northcyprusivf\/","article_modified_time":"2020-03-06T14:36:16+00:00","og_image":[{"width":1140,"height":570,"url":"https:\/\/www.lowcostivf.net\/wp-content\/uploads\/2019\/11\/egg-freezing.jpg","type":"image\/jpeg"}],"twitter_card":"summary_large_image","twitter_misc":{"Dur\u00e9e de lecture estim\u00e9e":"6 minutes"},"schema":{"@context":"https:\/\/schema.org","@graph":[{"@type":"WebPage","@id":"https:\/\/www.lowcostivf.net\/egg-freezing\/","url":"https:\/\/www.lowcostivf.net\/egg-freezing\/","name":"Egg Freezing - North Cyprus IVF","isPartOf":{"@id":"https:\/\/www.lowcostivf.net\/#website"},"primaryImageOfPage":{"@id":"https:\/\/www.lowcostivf.net\/egg-freezing\/#primaryimage"},"image":{"@id":"https:\/\/www.lowcostivf.net\/egg-freezing\/#primaryimage"},"thumbnailUrl":"https:\/\/www.lowcostivf.net\/wp-content\/uploads\/2019\/11\/egg-freezing.jpg","datePublished":"2019-10-27T11:29:07+00:00","dateModified":"2020-03-06T14:36:16+00:00","description":"Oocyte vitrification gives women a chance to freeze their eggs to plan pregnancy in the future. Who is a suitable candidate for Egg Freezing?","breadcrumb":{"@id":"https:\/\/www.lowcostivf.net\/egg-freezing\/#breadcrumb"},"inLanguage":"fr-FR","potentialAction":[{"@type":"ReadAction","target":["https:\/\/www.lowcostivf.net\/egg-freezing\/"]}]},{"@type":"ImageObject","inLanguage":"fr-FR","@id":"https:\/\/www.lowcostivf.net\/egg-freezing\/#primaryimage","url":"https:\/\/www.lowcostivf.net\/wp-content\/uploads\/2019\/11\/egg-freezing.jpg","contentUrl":"https:\/\/www.lowcostivf.net\/wp-content\/uploads\/2019\/11\/egg-freezing.jpg","width":1140,"height":570},{"@type":"BreadcrumbList","@id":"https:\/\/www.lowcostivf.net\/egg-freezing\/#breadcrumb","itemListElement":[{"@type":"ListItem","position":1,"name":"Home","item":"https:\/\/www.lowcostivf.net\/"},{"@type":"ListItem","position":2,"name":"Egg Freezing"}]},{"@type":"WebSite","@id":"https:\/\/www.lowcostivf.net\/#website","url":"https:\/\/www.lowcostivf.net\/","name":"North Cyprus IVF","description":"Highest IVF Success in Cyprus","publisher":{"@id":"https:\/\/www.lowcostivf.net\/#organization"},"potentialAction":[{"@type":"SearchAction","target":{"@type":"EntryPoint","urlTemplate":"https:\/\/www.lowcostivf.net\/?s={search_term_string}"},"query-input":{"@type":"PropertyValueSpecification","valueRequired":true,"valueName":"search_term_string"}}],"inLanguage":"fr-FR"},{"@type":"Organization","@id":"https:\/\/www.lowcostivf.net\/#organization","name":"North Cyprus IVF Centre","alternateName":"Cyprus IVF Centre","url":"https:\/\/www.lowcostivf.net\/","logo":{"@type":"ImageObject","inLanguage":"fr-FR","@id":"https:\/\/www.lowcostivf.net\/#\/schema\/logo\/image\/","url":"https:\/\/www.lowcostivf.net\/wp-content\/uploads\/2023\/08\/logo-cyprus-ivf-center-logo.png","contentUrl":"https:\/\/www.lowcostivf.net\/wp-content\/uploads\/2023\/08\/logo-cyprus-ivf-center-logo.png","width":300,"height":300,"caption":"North Cyprus IVF Centre"},"image":{"@id":"https:\/\/www.lowcostivf.net\/#\/schema\/logo\/image\/"},"sameAs":["https:\/\/www.facebook.com\/northcyprusivf\/"]}]}},"_links":{"self":[{"href":"https:\/\/www.lowcostivf.net\/fr\/wp-json\/wp\/v2\/pages\/685"}],"collection":[{"href":"https:\/\/www.lowcostivf.net\/fr\/wp-json\/wp\/v2\/pages"}],"about":[{"href":"https:\/\/www.lowcostivf.net\/fr\/wp-json\/wp\/v2\/types\/page"}],"author":[{"embeddable":true,"href":"https:\/\/www.lowcostivf.net\/fr\/wp-json\/wp\/v2\/users\/1"}],"replies":[{"embeddable":true,"href":"https:\/\/www.lowcostivf.net\/fr\/wp-json\/wp\/v2\/comments?post=685"}],"version-history":[{"count":11,"href":"https:\/\/www.lowcostivf.net\/fr\/wp-json\/wp\/v2\/pages\/685\/revisions"}],"predecessor-version":[{"id":3840,"href":"https:\/\/www.lowcostivf.net\/fr\/wp-json\/wp\/v2\/pages\/685\/revisions\/3840"}],"wp:featuredmedia":[{"embeddable":true,"href":"https:\/\/www.lowcostivf.net\/fr\/wp-json\/wp\/v2\/media\/1481"}],"wp:attachment":[{"href":"https:\/\/www.lowcostivf.net\/fr\/wp-json\/wp\/v2\/media?parent=685"}],"wp:term":[{"taxonomy":"category","embeddable":true,"href":"https:\/\/www.lowcostivf.net\/fr\/wp-json\/wp\/v2\/categories?post=685"},{"taxonomy":"post_tag","embeddable":true,"href":"https:\/\/www.lowcostivf.net\/fr\/wp-json\/wp\/v2\/tags?post=685"}],"curies":[{"name":"wp","href":"https:\/\/api.w.org\/{rel}","templated":true}]}}