{"id":3296,"date":"2019-12-20T14:04:54","date_gmt":"2019-12-20T14:04:54","guid":{"rendered":"https:\/\/www.lowcostivf.net\/?page_id=3296"},"modified":"2023-11-19T14:15:20","modified_gmt":"2023-11-19T14:15:20","slug":"dr-idil-aslan","status":"publish","type":"page","link":"https:\/\/www.lowcostivf.net\/fr\/dr-idil-aslan\/","title":{"rendered":"Dr Idil Aslan"},"content":{"rendered":"<div data-elementor-type=\"wp-page\" data-elementor-id=\"3296\" class=\"elementor elementor-3296\" data-elementor-post-type=\"page\">\n\t\t\t\t\t\t\t\t\t<section class=\"elementor-section elementor-top-section elementor-element elementor-element-4f15b88 elementor-section-boxed elementor-section-height-default elementor-section-height-default\" data-id=\"4f15b88\" data-element_type=\"section\">\n\t\t\t\t\t\t<div class=\"elementor-container elementor-column-gap-default\">\n\t\t\t\t\t<div class=\"elementor-column elementor-col-100 elementor-top-column elementor-element elementor-element-8709e8b\" data-id=\"8709e8b\" data-element_type=\"column\">\n\t\t\t<div class=\"elementor-widget-wrap elementor-element-populated\">\n\t\t\t\t\t\t\t\t<div class=\"elementor-element elementor-element-08fad63 elementor-widget elementor-widget-jnews_element_header_elementor\" data-id=\"08fad63\" data-element_type=\"widget\" data-widget_type=\"jnews_element_header_elementor.default\">\n\t\t\t\t<div class=\"elementor-widget-container\">\n\t\t\t<div  class=\"jeg_block_heading jeg_block_heading_5 jeg_aligncenter jnews_module__0_69fa8a1811df4\">\n                <h3 class=\"jeg_block_title\"><span>Qui est Asst. Prof. Dr. Idil Aslan?<\/span><\/h3>\n                <style>.jnews_module__0_69fa8a1811df4.jeg_block_heading_5 .jeg_block_title span, .jnews_module__0_69fa8a1811df4.jeg_block_heading_5 .jeg_block_title i { color: #7a7a7a; }<\/style>\n            <\/div>\t\t<\/div>\n\t\t\t\t<\/div>\n\t\t\t\t\t<\/div>\n\t\t<\/div>\n\t\t\t\t\t\t\t<\/div>\n\t\t<\/section>\n\t\t\t\t<section class=\"elementor-section elementor-top-section elementor-element elementor-element-a528620 elementor-section-boxed elementor-section-height-default elementor-section-height-default\" data-id=\"a528620\" data-element_type=\"section\">\n\t\t\t\t\t\t<div class=\"elementor-container elementor-column-gap-default\">\n\t\t\t\t\t<div class=\"elementor-column elementor-col-100 elementor-top-column elementor-element elementor-element-6b75087\" data-id=\"6b75087\" data-element_type=\"column\">\n\t\t\t<div class=\"elementor-widget-wrap elementor-element-populated\">\n\t\t\t\t\t\t\t\t<div class=\"elementor-element elementor-element-d20a0f5 elementor-widget elementor-widget-image\" data-id=\"d20a0f5\" data-element_type=\"widget\" data-widget_type=\"image.default\">\n\t\t\t\t<div class=\"elementor-widget-container\">\n\t\t\t\t\t\t\t\t\t\t\t\t\t\t\t<img loading=\"lazy\" decoding=\"async\" width=\"1920\" height=\"960\" src=\"https:\/\/www.lowcostivf.net\/wp-content\/uploads\/2019\/12\/dr_idil_aslan.jpg\" class=\"attachment-full size-full wp-image-3299\" alt=\"\" srcset=\"https:\/\/www.lowcostivf.net\/wp-content\/uploads\/2019\/12\/dr_idil_aslan.jpg 1920w, https:\/\/www.lowcostivf.net\/wp-content\/uploads\/2019\/12\/dr_idil_aslan-300x150.jpg 300w, https:\/\/www.lowcostivf.net\/wp-content\/uploads\/2019\/12\/dr_idil_aslan-1024x512.jpg 1024w, https:\/\/www.lowcostivf.net\/wp-content\/uploads\/2019\/12\/dr_idil_aslan-768x384.jpg 768w, https:\/\/www.lowcostivf.net\/wp-content\/uploads\/2019\/12\/dr_idil_aslan-1536x768.jpg 1536w, https:\/\/www.lowcostivf.net\/wp-content\/uploads\/2019\/12\/dr_idil_aslan-360x180.jpg 360w, https:\/\/www.lowcostivf.net\/wp-content\/uploads\/2019\/12\/dr_idil_aslan-750x375.jpg 750w, https:\/\/www.lowcostivf.net\/wp-content\/uploads\/2019\/12\/dr_idil_aslan-1140x570.jpg 1140w\" sizes=\"(max-width: 1920px) 100vw, 1920px\" \/>\t\t\t\t\t\t\t\t\t\t\t\t\t\t\t<\/div>\n\t\t\t\t<\/div>\n\t\t\t\t<div class=\"elementor-element elementor-element-5dfb56b elementor-widget elementor-widget-heading\" data-id=\"5dfb56b\" data-element_type=\"widget\" data-widget_type=\"heading.default\">\n\t\t\t\t<div class=\"elementor-widget-container\">\n\t\t\t<h2 class=\"elementor-heading-title elementor-size-default\">Asst. Prof.Dr Idil Aslan<\/h2>\t\t<\/div>\n\t\t\t\t<\/div>\n\t\t\t\t<div class=\"elementor-element elementor-element-be67038 elementor-widget elementor-widget-text-editor\" data-id=\"be67038\" data-element_type=\"widget\" data-widget_type=\"text-editor.default\">\n\t\t\t\t<div class=\"elementor-widget-container\">\n\t\t\t\t\t\t\t<p>G\u00e9n\u00e9ticien \/ Directeur de laboratoire\u200b<\/p>\t\t\t\t\t\t<\/div>\n\t\t\t\t<\/div>\n\t\t\t\t<div class=\"elementor-element elementor-element-abfaebd elementor-widget elementor-widget-text-editor\" data-id=\"abfaebd\" data-element_type=\"widget\" data-widget_type=\"text-editor.default\">\n\t\t\t\t<div class=\"elementor-widget-container\">\n\t\t\t\t\t\t\t<strong>Formation universitaire<\/strong><br><p><br>BS-Universit\u00e9 d&#039;Ankara, Facult\u00e9 des sciences, D\u00e9partement de biologie<br>MS- Universit\u00e9 d&#039;Ankara, Facult\u00e9 de m\u00e9decine v\u00e9t\u00e9rinaire D\u00e9partement de biochimie<br>PhD- Universit\u00e9 d&#039;Ankara, Institut de Biotechnologie D\u00e9partement de G\u00e9n\u00e9tique Mol\u00e9culaire<\/p>\n<p><strong>Cours et certificats<\/strong><br>Formation P\u00e9dagogique : Profession d&#039;enseignant en 1994-1995<br>Langue : Holborn English Language Service Londres 1996-1997\/Certificat TOEIC<br>Ordinateur : Certificat utilisateur pour word\/Excell\/Powerpoint<\/p>\n<p><strong>Ouvrages<\/strong><br>1-Mutations homozygotes du g\u00e8ne de la 15-hydroxyprostaglandine d\u00e9shydrog\u00e9nase chez les patients atteints d&#039;ost\u00e9oarthropathie hypertrophique primaire. Y\u00fcksel-Konuk B, S\u0131rmac\u0131 A, Ayten GE, Ozdemir M, <strong>Aslan I,<\/strong> Y\u0131lmaz-Turay U, Erdo\u011fan Y, Tekin M.Rheumatol Int. 2009 mars 22<br>2-Les mutations dans TMC1 contribuent de mani\u00e8re significative \u00e0 la perte auditive neurosensorielle autosomique r\u00e9cessive non syndromique\u00a0: un rapport de cinq nouvelles mutations.Sirmaci A, Duman D, Ozt\u00fcrkmen-Akay H, Erbek S, Incesulu A, Ozt\u00fcrk-Hi\u015fmi B, Arici ZS, Y\u00fcksel-Konuk EB, Ta\u015fir-Yilmaz S, Tokg\u00f6z-Yilmaz S, Cengiz FB, Aslan I, Yildirim M, Hasanefendio\u011flu-Bayrak A, Ay\u00e7i\u00e7ek A, Yilmaz I, Fitoz S, Altin F, Ozda\u011f H, Tekin M. Int J Pediatr Otorhinolaryngol. 2009 mai<br>3-Les mutations homozygotes du facteur de croissance des fibroblastes 3 sont associ\u00e9es \u00e0 une nouvelle forme de surdit\u00e9 syndromique caract\u00e9ris\u00e9e par une ag\u00e9n\u00e9sie de l&#039;oreille interne, une microtie et une microdontie.Tekin M, Hi\u015fmi BO, Fitoz S, Ozda\u011f H, Cengiz FB, Sirmaci A, Aslan I, Inceo\u011flu B, Y\u00fcksel-Konuk EB, Yilmaz ST, Yasun O, Akar N.Am J Hum Genet. 2007 f\u00e9v;80(2):338-44.<br>4-Criblage des mutations du g\u00e8ne GJA7 (Cx45) dans une large s\u00e9rie internationale de proposants pr\u00e9sentant une d\u00e9ficience auditive non syndromique. Ouyang XM, Yan D, Aslan I, Du LL, Tekin M, Liu XZ. Genet Test Mol Biomarqueurs. 2011 Mai;15(5):333-6. Publication en ligne du 22 janvier 2011<br>5-Affiche\u00a0: 57e. R\u00e9union annuelle de l&#039;American Society of Human Genetics (ASHG) qui aura lieu du 23 au 27 octobre \u00e0 San Diego Posters 840\/T Importante h\u00e9t\u00e9rog\u00e9n\u00e9it\u00e9 du locus dans les familles turques atteintes d&#039;une perte auditive neurosensorielle autosomique r\u00e9cessive non syndromique Tekin M, Ozda\u011f H, S\u0131rmac\u0131 A, Gengiz FB , Aslan I, Incesulu A, Erbek S, Y\u0131lmaz I<\/p>\n<p><strong>M\u00e9thodes appliqu\u00e9es<\/strong><br>PCR - PCR en temps r\u00e9el<br>Toutes les m\u00e9thodes de d\u00e9tection de mutations (SSCP\/TTGE\/Marqueurs microsatellites\/S\u00e9quen\u00e7age ADN)<br>Culture de cellules<br>FISH (Diagnostic G\u00e9n\u00e9tique Pr\u00e9implantatoire)<\/p>\n<p><strong>Champ de travail<\/strong><br>Diagnostic g\u00e9n\u00e9tique pr\u00e9implantatoire\/s\u00e9lection du sexe<br>D\u00e9tection et g\u00e9notypage du virus du papillome humain<br>V\u00e9rification des mutations du panel de g\u00e8nes Trombofilia par PCR en temps r\u00e9el<\/p>\n<hr style=\"width: 100%; clear: both; visibility: hidden;\">\n<hr style=\"width: 100%;\">\t\t\t\t\t\t<\/div>\n\t\t\t\t<\/div>\n\t\t\t\t\t<\/div>\n\t\t<\/div>\n\t\t\t\t\t\t\t<\/div>\n\t\t<\/section>\n\t\t\t\t<section class=\"elementor-section elementor-top-section elementor-element elementor-element-aad310c elementor-section-boxed elementor-section-height-default elementor-section-height-default\" data-id=\"aad310c\" data-element_type=\"section\">\n\t\t\t\t\t\t<div class=\"elementor-container elementor-column-gap-default\">\n\t\t\t\t\t<div class=\"elementor-column elementor-col-100 elementor-top-column elementor-element elementor-element-8f99db4\" data-id=\"8f99db4\" data-element_type=\"column\">\n\t\t\t<div class=\"elementor-widget-wrap elementor-element-populated\">\n\t\t\t\t\t\t\t\t<section class=\"elementor-section elementor-inner-section elementor-element elementor-element-7f29020 elementor-section-boxed elementor-section-height-default elementor-section-height-default\" data-id=\"7f29020\" data-element_type=\"section\">\n\t\t\t\t\t\t<div class=\"elementor-container elementor-column-gap-default\">\n\t\t\t\t\t<div class=\"elementor-column elementor-col-33 elementor-inner-column elementor-element elementor-element-4e8b572\" data-id=\"4e8b572\" data-element_type=\"column\">\n\t\t\t<div class=\"elementor-widget-wrap elementor-element-populated\">\n\t\t\t\t\t\t\t\t<div class=\"elementor-element elementor-element-d0c674d elementor-cta--skin-classic elementor-animated-content elementor-bg-transform elementor-bg-transform-zoom-in elementor-widget elementor-widget-call-to-action\" data-id=\"d0c674d\" data-element_type=\"widget\" data-widget_type=\"call-to-action.default\">\n\t\t\t\t<div class=\"elementor-widget-container\">\n\t\t\t\t\t<a class=\"elementor-cta\" href=\"\/fr\/our-team\/\">\n\t\t\t\t\t<div class=\"elementor-cta__bg-wrapper\">\n\t\t\t\t<div class=\"elementor-cta__bg elementor-bg\" style=\"background-image: url(https:\/\/www.lowcostivf.net\/wp-content\/uploads\/2019\/12\/our_team-360x180.png);\" role=\"img\" aria-label=\"notre \u00e9quipe\"><\/div>\n\t\t\t\t<div class=\"elementor-cta__bg-overlay\"><\/div>\n\t\t\t<\/div>\n\t\t\t\t\t\t\t<div class=\"elementor-cta__content\">\n\t\t\t\t\n\t\t\t\t\t\t\t\t\t<h2 class=\"elementor-cta__title elementor-cta__content-item elementor-content-item\">\n\t\t\t\t\t\t\u00c9quipe FIV de Chypre du Nord\t\t\t\t\t<\/h2>\n\t\t\t\t\n\t\t\t\t\t\t\t\t\t<div class=\"elementor-cta__description elementor-cta__content-item elementor-content-item\">\n\t\t\t\t\t\t<p style=\"text-align: center; !important;\">Rencontrez nos sp\u00e9cialistes et les personnes derri\u00e8re le centre de FIV de Chypre du Nord<\/p>\t\t\t\t\t<\/div>\n\t\t\t\t\n\t\t\t\t\t\t\t<\/div>\n\t\t\t\t\t\t\t<div class=\"elementor-ribbon elementor-ribbon-left\">\n\t\t\t\t<div class=\"elementor-ribbon-inner\">Notre \u00e9quipe<\/div>\n\t\t\t<\/div>\n\t\t\t\t<\/a>\n\t\t\t\t<\/div>\n\t\t\t\t<\/div>\n\t\t\t\t\t<\/div>\n\t\t<\/div>\n\t\t\t\t<div class=\"elementor-column elementor-col-33 elementor-inner-column elementor-element elementor-element-8e974b6\" data-id=\"8e974b6\" data-element_type=\"column\">\n\t\t\t<div class=\"elementor-widget-wrap elementor-element-populated\">\n\t\t\t\t\t\t\t\t<div class=\"elementor-element elementor-element-2f2188a elementor-cta--skin-classic elementor-animated-content elementor-bg-transform elementor-bg-transform-zoom-in elementor-widget elementor-widget-call-to-action\" data-id=\"2f2188a\" data-element_type=\"widget\" data-widget_type=\"call-to-action.default\">\n\t\t\t\t<div class=\"elementor-widget-container\">\n\t\t\t\t\t<a class=\"elementor-cta\" href=\"\/fr\/ivf-success-rates\/\">\n\t\t\t\t\t<div class=\"elementor-cta__bg-wrapper\">\n\t\t\t\t<div class=\"elementor-cta__bg elementor-bg\" style=\"background-image: url(https:\/\/www.lowcostivf.net\/wp-content\/uploads\/2019\/11\/ivf-success-rates-350x250.jpg);\" role=\"img\" aria-label=\"taux-de-reussite-fiv\"><\/div>\n\t\t\t\t<div class=\"elementor-cta__bg-overlay\"><\/div>\n\t\t\t<\/div>\n\t\t\t\t\t\t\t<div class=\"elementor-cta__content\">\n\t\t\t\t\n\t\t\t\t\t\t\t\t\t<h2 class=\"elementor-cta__title elementor-cta__content-item elementor-content-item\">\n\t\t\t\t\t\tNos taux de r\u00e9ussite\t\t\t\t\t<\/h2>\n\t\t\t\t\n\t\t\t\t\t\t\t\t\t<div class=\"elementor-cta__description elementor-cta__content-item elementor-content-item\">\n\t\t\t\t\t\t<p style=\"text-align: center; !important;\">Pourquoi le centre de FIV de Chypre du Nord a-t-il des taux de r\u00e9ussite aussi \u00e9lev\u00e9s\u00a0?<\/p>\t\t\t\t\t<\/div>\n\t\t\t\t\n\t\t\t\t\t\t\t<\/div>\n\t\t\t\t\t\t\t<div class=\"elementor-ribbon elementor-ribbon-left\">\n\t\t\t\t<div class=\"elementor-ribbon-inner\">Taux de r\u00e9ussite<\/div>\n\t\t\t<\/div>\n\t\t\t\t<\/a>\n\t\t\t\t<\/div>\n\t\t\t\t<\/div>\n\t\t\t\t\t<\/div>\n\t\t<\/div>\n\t\t\t\t<div class=\"elementor-column elementor-col-33 elementor-inner-column elementor-element elementor-element-4cbafb2\" data-id=\"4cbafb2\" data-element_type=\"column\">\n\t\t\t<div class=\"elementor-widget-wrap elementor-element-populated\">\n\t\t\t\t\t\t\t\t<div class=\"elementor-element elementor-element-6d98c42 elementor-cta--skin-classic elementor-animated-content elementor-bg-transform elementor-bg-transform-zoom-in elementor-widget elementor-widget-call-to-action\" data-id=\"6d98c42\" data-element_type=\"widget\" data-widget_type=\"call-to-action.default\">\n\t\t\t\t<div class=\"elementor-widget-container\">\n\t\t\t\t\t<a class=\"elementor-cta\" href=\"\/fr\/latest-news-from-north-cyprus-ivf-center\/\">\n\t\t\t\t\t<div class=\"elementor-cta__bg-wrapper\">\n\t\t\t\t<div class=\"elementor-cta__bg elementor-bg\" style=\"background-image: url(https:\/\/www.lowcostivf.net\/wp-content\/uploads\/2019\/11\/blog-350x250.jpg);\" role=\"img\" aria-label=\"Blog\"><\/div>\n\t\t\t\t<div class=\"elementor-cta__bg-overlay\"><\/div>\n\t\t\t<\/div>\n\t\t\t\t\t\t\t<div class=\"elementor-cta__content\">\n\t\t\t\t\n\t\t\t\t\t\t\t\t\t<h2 class=\"elementor-cta__title elementor-cta__content-item elementor-content-item\">\n\t\t\t\t\t\tNotre blog\t\t\t\t\t<\/h2>\n\t\t\t\t\n\t\t\t\t\t\t\t\t\t<div class=\"elementor-cta__description elementor-cta__content-item elementor-content-item\">\n\t\t\t\t\t\t<p style=\"text-align: center; !important;\">Consultez notre blog pour des articles r\u00e9cents li\u00e9s \u00e0 la FIV et \u00e0 l&#039;infertilit\u00e9.<\/p>\t\t\t\t\t<\/div>\n\t\t\t\t\n\t\t\t\t\t\t\t<\/div>\n\t\t\t\t\t\t\t<div class=\"elementor-ribbon elementor-ribbon-left\">\n\t\t\t\t<div class=\"elementor-ribbon-inner\">Blog<\/div>\n\t\t\t<\/div>\n\t\t\t\t<\/a>\n\t\t\t\t<\/div>\n\t\t\t\t<\/div>\n\t\t\t\t\t<\/div>\n\t\t<\/div>\n\t\t\t\t\t\t\t<\/div>\n\t\t<\/section>\n\t\t\t\t\t<\/div>\n\t\t<\/div>\n\t\t\t\t\t\t\t<\/div>\n\t\t<\/section>\n\t\t\t\t\t\t\t<\/div>","protected":false},"excerpt":{"rendered":"<p>Qui est Asst. Professeur Dr Idil Aslan ? Asst. Prof. Dr. Idil Aslan G\u00e9n\u00e9ticien \/ Directeur de laboratoire Formation acad\u00e9mique BS-Universit\u00e9 d&#039;Ankara, Facult\u00e9 des sciences, D\u00e9partement de biologieMS- Universit\u00e9 d&#039;Ankara, Facult\u00e9 de m\u00e9decine v\u00e9t\u00e9rinaire D\u00e9partement de biochimiePhD- Universit\u00e9 d&#039;Ankara, Institut de biotechnologie D\u00e9partement de g\u00e9n\u00e9tique mol\u00e9culaire Cours et certificatsP\u00e9dagogique Formation : Profession d&#039;enseignant en 1994-1995Langue : Holborn English [\u2026]<\/p>","protected":false},"author":1,"featured_media":0,"parent":0,"menu_order":0,"comment_status":"closed","ping_status":"closed","template":"elementor_header_footer","meta":{"footnotes":""},"categories":[],"tags":[],"class_list":["post-3296","page","type-page","status-publish","hentry"],"yoast_head":"<!-- This site is optimized with the Yoast SEO plugin v24.3 - https:\/\/yoast.com\/wordpress\/plugins\/seo\/ -->\n<title>Dr. Idil Aslan - North Cyprus IVF<\/title>\n<meta name=\"robots\" content=\"index, follow, max-snippet:-1, max-image-preview:large, max-video-preview:-1\" \/>\n<link rel=\"canonical\" href=\"https:\/\/www.lowcostivf.net\/fr\/dr-idil-aslan\/\" \/>\n<meta property=\"og:locale\" content=\"fr_FR\" \/>\n<meta property=\"og:type\" content=\"article\" \/>\n<meta property=\"og:title\" content=\"Dr. Idil Aslan - North Cyprus IVF\" \/>\n<meta property=\"og:description\" content=\"Who is Asst. Prof. Dr. Idil Aslan? Asst. Prof. Dr. Idil Aslan Geneticist \/ Laboratory Director\u200b Academic Background BS-Ankara University, Faculy of Science, Department of BiologyMS- Ankara University, Faculty of Veterinary Medicine Department of BiochemistryPhD- Ankara University, Institue of Biotecnology Department of Molecular Genetics Courses and CertificatesPedagogic Formation: Profession of teaching in 1994-1995Language: Holborn English [&hellip;]\" \/>\n<meta property=\"og:url\" content=\"https:\/\/www.lowcostivf.net\/fr\/dr-idil-aslan\/\" \/>\n<meta property=\"og:site_name\" content=\"North Cyprus IVF\" \/>\n<meta property=\"article:publisher\" content=\"https:\/\/www.facebook.com\/northcyprusivf\/\" \/>\n<meta property=\"article:modified_time\" content=\"2023-11-19T14:15:20+00:00\" \/>\n<meta property=\"og:image\" content=\"https:\/\/www.lowcostivf.net\/wp-content\/uploads\/2019\/12\/dr_idil_aslan.jpg\" \/>\n<meta name=\"twitter:card\" content=\"summary_large_image\" \/>\n<meta name=\"twitter:label1\" content=\"Dur\u00e9e de lecture estim\u00e9e\" \/>\n\t<meta name=\"twitter:data1\" content=\"2 minutes\" \/>\n<script type=\"application\/ld+json\" class=\"yoast-schema-graph\">{\"@context\":\"https:\/\/schema.org\",\"@graph\":[{\"@type\":\"WebPage\",\"@id\":\"https:\/\/www.lowcostivf.net\/dr-idil-aslan\/\",\"url\":\"https:\/\/www.lowcostivf.net\/dr-idil-aslan\/\",\"name\":\"Dr. Idil Aslan - North Cyprus IVF\",\"isPartOf\":{\"@id\":\"https:\/\/www.lowcostivf.net\/#website\"},\"primaryImageOfPage\":{\"@id\":\"https:\/\/www.lowcostivf.net\/dr-idil-aslan\/#primaryimage\"},\"image\":{\"@id\":\"https:\/\/www.lowcostivf.net\/dr-idil-aslan\/#primaryimage\"},\"thumbnailUrl\":\"https:\/\/www.lowcostivf.net\/wp-content\/uploads\/2019\/12\/dr_idil_aslan.jpg\",\"datePublished\":\"2019-12-20T14:04:54+00:00\",\"dateModified\":\"2023-11-19T14:15:20+00:00\",\"breadcrumb\":{\"@id\":\"https:\/\/www.lowcostivf.net\/dr-idil-aslan\/#breadcrumb\"},\"inLanguage\":\"fr-FR\",\"potentialAction\":[{\"@type\":\"ReadAction\",\"target\":[\"https:\/\/www.lowcostivf.net\/dr-idil-aslan\/\"]}]},{\"@type\":\"ImageObject\",\"inLanguage\":\"fr-FR\",\"@id\":\"https:\/\/www.lowcostivf.net\/dr-idil-aslan\/#primaryimage\",\"url\":\"https:\/\/www.lowcostivf.net\/wp-content\/uploads\/2019\/12\/dr_idil_aslan.jpg\",\"contentUrl\":\"https:\/\/www.lowcostivf.net\/wp-content\/uploads\/2019\/12\/dr_idil_aslan.jpg\"},{\"@type\":\"BreadcrumbList\",\"@id\":\"https:\/\/www.lowcostivf.net\/dr-idil-aslan\/#breadcrumb\",\"itemListElement\":[{\"@type\":\"ListItem\",\"position\":1,\"name\":\"Home\",\"item\":\"https:\/\/www.lowcostivf.net\/\"},{\"@type\":\"ListItem\",\"position\":2,\"name\":\"Dr. Idil Aslan\"}]},{\"@type\":\"WebSite\",\"@id\":\"https:\/\/www.lowcostivf.net\/#website\",\"url\":\"https:\/\/www.lowcostivf.net\/\",\"name\":\"North Cyprus IVF\",\"description\":\"Highest IVF Success in Cyprus\",\"publisher\":{\"@id\":\"https:\/\/www.lowcostivf.net\/#organization\"},\"potentialAction\":[{\"@type\":\"SearchAction\",\"target\":{\"@type\":\"EntryPoint\",\"urlTemplate\":\"https:\/\/www.lowcostivf.net\/?s={search_term_string}\"},\"query-input\":{\"@type\":\"PropertyValueSpecification\",\"valueRequired\":true,\"valueName\":\"search_term_string\"}}],\"inLanguage\":\"fr-FR\"},{\"@type\":\"Organization\",\"@id\":\"https:\/\/www.lowcostivf.net\/#organization\",\"name\":\"North Cyprus IVF Centre\",\"alternateName\":\"Cyprus IVF Centre\",\"url\":\"https:\/\/www.lowcostivf.net\/\",\"logo\":{\"@type\":\"ImageObject\",\"inLanguage\":\"fr-FR\",\"@id\":\"https:\/\/www.lowcostivf.net\/#\/schema\/logo\/image\/\",\"url\":\"https:\/\/www.lowcostivf.net\/wp-content\/uploads\/2023\/08\/logo-cyprus-ivf-center-logo.png\",\"contentUrl\":\"https:\/\/www.lowcostivf.net\/wp-content\/uploads\/2023\/08\/logo-cyprus-ivf-center-logo.png\",\"width\":300,\"height\":300,\"caption\":\"North Cyprus IVF Centre\"},\"image\":{\"@id\":\"https:\/\/www.lowcostivf.net\/#\/schema\/logo\/image\/\"},\"sameAs\":[\"https:\/\/www.facebook.com\/northcyprusivf\/\"]}]}<\/script>\n<!-- \/ Yoast SEO plugin. -->","yoast_head_json":{"title":"Dr. Idil Aslan - North Cyprus IVF","robots":{"index":"index","follow":"follow","max-snippet":"max-snippet:-1","max-image-preview":"max-image-preview:large","max-video-preview":"max-video-preview:-1"},"canonical":"https:\/\/www.lowcostivf.net\/fr\/dr-idil-aslan\/","og_locale":"fr_FR","og_type":"article","og_title":"Dr. Idil Aslan - North Cyprus IVF","og_description":"Who is Asst. Prof. Dr. Idil Aslan? Asst. Prof. Dr. Idil Aslan Geneticist \/ Laboratory Director\u200b Academic Background BS-Ankara University, Faculy of Science, Department of BiologyMS- Ankara University, Faculty of Veterinary Medicine Department of BiochemistryPhD- Ankara University, Institue of Biotecnology Department of Molecular Genetics Courses and CertificatesPedagogic Formation: Profession of teaching in 1994-1995Language: Holborn English [&hellip;]","og_url":"https:\/\/www.lowcostivf.net\/fr\/dr-idil-aslan\/","og_site_name":"North Cyprus IVF","article_publisher":"https:\/\/www.facebook.com\/northcyprusivf\/","article_modified_time":"2023-11-19T14:15:20+00:00","og_image":[{"url":"https:\/\/www.lowcostivf.net\/wp-content\/uploads\/2019\/12\/dr_idil_aslan.jpg","type":"","width":"","height":""}],"twitter_card":"summary_large_image","twitter_misc":{"Dur\u00e9e de lecture estim\u00e9e":"2 minutes"},"schema":{"@context":"https:\/\/schema.org","@graph":[{"@type":"WebPage","@id":"https:\/\/www.lowcostivf.net\/dr-idil-aslan\/","url":"https:\/\/www.lowcostivf.net\/dr-idil-aslan\/","name":"Dr. Idil Aslan - North Cyprus IVF","isPartOf":{"@id":"https:\/\/www.lowcostivf.net\/#website"},"primaryImageOfPage":{"@id":"https:\/\/www.lowcostivf.net\/dr-idil-aslan\/#primaryimage"},"image":{"@id":"https:\/\/www.lowcostivf.net\/dr-idil-aslan\/#primaryimage"},"thumbnailUrl":"https:\/\/www.lowcostivf.net\/wp-content\/uploads\/2019\/12\/dr_idil_aslan.jpg","datePublished":"2019-12-20T14:04:54+00:00","dateModified":"2023-11-19T14:15:20+00:00","breadcrumb":{"@id":"https:\/\/www.lowcostivf.net\/dr-idil-aslan\/#breadcrumb"},"inLanguage":"fr-FR","potentialAction":[{"@type":"ReadAction","target":["https:\/\/www.lowcostivf.net\/dr-idil-aslan\/"]}]},{"@type":"ImageObject","inLanguage":"fr-FR","@id":"https:\/\/www.lowcostivf.net\/dr-idil-aslan\/#primaryimage","url":"https:\/\/www.lowcostivf.net\/wp-content\/uploads\/2019\/12\/dr_idil_aslan.jpg","contentUrl":"https:\/\/www.lowcostivf.net\/wp-content\/uploads\/2019\/12\/dr_idil_aslan.jpg"},{"@type":"BreadcrumbList","@id":"https:\/\/www.lowcostivf.net\/dr-idil-aslan\/#breadcrumb","itemListElement":[{"@type":"ListItem","position":1,"name":"Home","item":"https:\/\/www.lowcostivf.net\/"},{"@type":"ListItem","position":2,"name":"Dr. Idil Aslan"}]},{"@type":"WebSite","@id":"https:\/\/www.lowcostivf.net\/#website","url":"https:\/\/www.lowcostivf.net\/","name":"North Cyprus IVF","description":"Highest IVF Success in Cyprus","publisher":{"@id":"https:\/\/www.lowcostivf.net\/#organization"},"potentialAction":[{"@type":"SearchAction","target":{"@type":"EntryPoint","urlTemplate":"https:\/\/www.lowcostivf.net\/?s={search_term_string}"},"query-input":{"@type":"PropertyValueSpecification","valueRequired":true,"valueName":"search_term_string"}}],"inLanguage":"fr-FR"},{"@type":"Organization","@id":"https:\/\/www.lowcostivf.net\/#organization","name":"North Cyprus IVF Centre","alternateName":"Cyprus IVF Centre","url":"https:\/\/www.lowcostivf.net\/","logo":{"@type":"ImageObject","inLanguage":"fr-FR","@id":"https:\/\/www.lowcostivf.net\/#\/schema\/logo\/image\/","url":"https:\/\/www.lowcostivf.net\/wp-content\/uploads\/2023\/08\/logo-cyprus-ivf-center-logo.png","contentUrl":"https:\/\/www.lowcostivf.net\/wp-content\/uploads\/2023\/08\/logo-cyprus-ivf-center-logo.png","width":300,"height":300,"caption":"North Cyprus IVF Centre"},"image":{"@id":"https:\/\/www.lowcostivf.net\/#\/schema\/logo\/image\/"},"sameAs":["https:\/\/www.facebook.com\/northcyprusivf\/"]}]}},"_links":{"self":[{"href":"https:\/\/www.lowcostivf.net\/fr\/wp-json\/wp\/v2\/pages\/3296"}],"collection":[{"href":"https:\/\/www.lowcostivf.net\/fr\/wp-json\/wp\/v2\/pages"}],"about":[{"href":"https:\/\/www.lowcostivf.net\/fr\/wp-json\/wp\/v2\/types\/page"}],"author":[{"embeddable":true,"href":"https:\/\/www.lowcostivf.net\/fr\/wp-json\/wp\/v2\/users\/1"}],"replies":[{"embeddable":true,"href":"https:\/\/www.lowcostivf.net\/fr\/wp-json\/wp\/v2\/comments?post=3296"}],"version-history":[{"count":12,"href":"https:\/\/www.lowcostivf.net\/fr\/wp-json\/wp\/v2\/pages\/3296\/revisions"}],"predecessor-version":[{"id":12228,"href":"https:\/\/www.lowcostivf.net\/fr\/wp-json\/wp\/v2\/pages\/3296\/revisions\/12228"}],"wp:attachment":[{"href":"https:\/\/www.lowcostivf.net\/fr\/wp-json\/wp\/v2\/media?parent=3296"}],"wp:term":[{"taxonomy":"category","embeddable":true,"href":"https:\/\/www.lowcostivf.net\/fr\/wp-json\/wp\/v2\/categories?post=3296"},{"taxonomy":"post_tag","embeddable":true,"href":"https:\/\/www.lowcostivf.net\/fr\/wp-json\/wp\/v2\/tags?post=3296"}],"curies":[{"name":"wp","href":"https:\/\/api.w.org\/{rel}","templated":true}]}}