{"id":685,"date":"2019-10-27T11:29:07","date_gmt":"2019-10-27T11:29:07","guid":{"rendered":"https:\/\/www.lowcostivf.net\/egg-freezing\/"},"modified":"2020-03-06T14:36:16","modified_gmt":"2020-03-06T14:36:16","slug":"egg-freezing","status":"publish","type":"page","link":"https:\/\/www.lowcostivf.net\/es\/egg-freezing\/","title":{"rendered":"Congelaci\u00f3n de \u00f3vulos"},"content":{"rendered":"<div data-elementor-type=\"wp-page\" data-elementor-id=\"685\" class=\"elementor elementor-685\" data-elementor-post-type=\"page\">\n\t\t\t\t\t\t\t\t\t<section class=\"elementor-section elementor-top-section elementor-element elementor-element-ba1b176 elementor-section-boxed elementor-section-height-default elementor-section-height-default\" data-id=\"ba1b176\" data-element_type=\"section\">\n\t\t\t\t\t\t<div class=\"elementor-container elementor-column-gap-default\">\n\t\t\t\t\t<div class=\"elementor-column elementor-col-100 elementor-top-column elementor-element elementor-element-b6820f8\" data-id=\"b6820f8\" data-element_type=\"column\">\n\t\t\t<div class=\"elementor-widget-wrap elementor-element-populated\">\n\t\t\t\t\t\t\t\t<div class=\"elementor-element elementor-element-bd255d9 elementor-widget elementor-widget-jnews_element_header_elementor\" data-id=\"bd255d9\" data-element_type=\"widget\" data-widget_type=\"jnews_element_header_elementor.default\">\n\t\t\t\t<div class=\"elementor-widget-container\">\n\t\t\t<div  class=\"jeg_block_heading jeg_block_heading_5 jeg_aligncenter jnews_module__0_69dbb0997800a\">\n                <h3 class=\"jeg_block_title\"><span>Descripci\u00f3n general de la congelaci\u00f3n de \u00f3vulos en el Centro de FIV del norte de Chipre<\/span><\/h3>\n                <style>.jnews_module__0_69dbb0997800a.jeg_block_heading_5 .jeg_block_title span, .jnews_module__0_69dbb0997800a.jeg_block_heading_5 .jeg_block_title i { color: #7a7a7a; }<\/style>\n            <\/div>\t\t<\/div>\n\t\t\t\t<\/div>\n\t\t\t\t\t<\/div>\n\t\t<\/div>\n\t\t\t\t\t\t\t<\/div>\n\t\t<\/section>\n\t\t\t\t<section class=\"elementor-section elementor-top-section elementor-element elementor-element-b4d375c elementor-section-boxed elementor-section-height-default elementor-section-height-default\" data-id=\"b4d375c\" data-element_type=\"section\">\n\t\t\t\t\t\t<div class=\"elementor-container elementor-column-gap-default\">\n\t\t\t\t\t<div class=\"elementor-column elementor-col-50 elementor-top-column elementor-element elementor-element-1fbd85c\" data-id=\"1fbd85c\" data-element_type=\"column\">\n\t\t\t<div class=\"elementor-widget-wrap elementor-element-populated\">\n\t\t\t\t\t\t\t\t<div class=\"elementor-element elementor-element-4aa270b elementor-widget elementor-widget-jnews_post_feature_elementor\" data-id=\"4aa270b\" data-element_type=\"widget\" data-widget_type=\"jnews_post_feature_elementor.default\">\n\t\t\t\t<div class=\"elementor-widget-container\">\n\t\t\t<div class=\"jeg_featured featured_image\"><a href=\"https:\/\/www.lowcostivf.net\/wp-content\/uploads\/2019\/11\/egg-freezing.jpg\"><div class=\"thumbnail-container animate-lazy\" style=\"padding-bottom:50%\"><img loading=\"lazy\" decoding=\"async\" width=\"750\" height=\"375\" src=\"data:image\/gif;base64,R0lGODlhAQABAIAAAP\/\/\/wAAACH5BAEAAAAALAAAAAABAAEAAAICRAEAOw==\" class=\"attachment-jnews-750x375 size-jnews-750x375 lazyload wp-post-image\" alt=\"Congelaci\u00f3n de \u00f3vulos\" sizes=\"(max-width: 750px) 100vw, 750px\" data-src=\"https:\/\/www.lowcostivf.net\/wp-content\/uploads\/2019\/11\/egg-freezing-750x375.jpg\" data-srcset=\"https:\/\/www.lowcostivf.net\/wp-content\/uploads\/2019\/11\/egg-freezing-750x375.jpg 750w, https:\/\/www.lowcostivf.net\/wp-content\/uploads\/2019\/11\/egg-freezing-300x150.jpg 300w, https:\/\/www.lowcostivf.net\/wp-content\/uploads\/2019\/11\/egg-freezing-768x384.jpg 768w, https:\/\/www.lowcostivf.net\/wp-content\/uploads\/2019\/11\/egg-freezing-1024x512.jpg 1024w, https:\/\/www.lowcostivf.net\/wp-content\/uploads\/2019\/11\/egg-freezing-360x180.jpg 360w, https:\/\/www.lowcostivf.net\/wp-content\/uploads\/2019\/11\/egg-freezing.jpg 1140w\" data-sizes=\"auto\" data-expand=\"700\" \/><\/div><\/a><\/div>\t\t<\/div>\n\t\t\t\t<\/div>\n\t\t\t\t\t<\/div>\n\t\t<\/div>\n\t\t\t\t<div class=\"elementor-column elementor-col-50 elementor-top-column elementor-element elementor-element-498bad2\" data-id=\"498bad2\" data-element_type=\"column\">\n\t\t\t<div class=\"elementor-widget-wrap elementor-element-populated\">\n\t\t\t\t\t\t\t\t<div class=\"elementor-element elementor-element-92d7ae9 elementor-widget elementor-widget-text-editor\" data-id=\"92d7ae9\" data-element_type=\"widget\" data-widget_type=\"text-editor.default\">\n\t\t\t\t<div class=\"elementor-widget-container\">\n\t\t\t\t\t\t\t<p>La congelaci\u00f3n de \u00f3vulos es un concepto relativamente nuevo en los procedimientos de FIV. Aunque la congelaci\u00f3n de tejidos y c\u00e9lulas se ha practicado durante alg\u00fan tiempo, debido a la naturaleza fr\u00e1gil de los ovocitos humanos (\u00f3vulos), la congelaci\u00f3n de \u00f3vulos tradicionalmente ha tenido tasas de \u00e9xito mucho m\u00e1s bajas en comparaci\u00f3n con la congelaci\u00f3n de esperma o embriones. El m\u00e9todo anterior de congelaci\u00f3n de gametos y embriones humanos se conoc\u00eda como congelaci\u00f3n lenta. Con el m\u00e9todo de congelaci\u00f3n lenta, los \u00f3vulos, los espermatozoides o los embriones se enfriar\u00edan lentamente a bajas temperaturas y luego se transferir\u00edan a nitr\u00f3geno l\u00edquido para su conservaci\u00f3n a largo plazo. Sin embargo, aunque los espermatozoides y los embriones tendr\u00edan una tasa de supervivencia muy alta con este m\u00e9todo, la supervivencia de los ovocitos (\u00f3vulos) con este m\u00e9todo ha sido muy baja. Muchos cient\u00edficos incluso llegaron a la conclusi\u00f3n a principios de este siglo de que la congelaci\u00f3n de \u00f3vulos no es un procedimiento exitoso y no debe usarse. El problema con el m\u00e9todo de congelaci\u00f3n lenta era que, durante el proceso de enfriamiento, se formaban cristales de hielo en los huevos, y estos cristales de hielo causaban da\u00f1os letales, provocando la muerte del huevo.<\/p>\t\t\t\t\t\t<\/div>\n\t\t\t\t<\/div>\n\t\t\t\t\t<\/div>\n\t\t<\/div>\n\t\t\t\t\t\t\t<\/div>\n\t\t<\/section>\n\t\t\t\t<section class=\"elementor-section elementor-top-section elementor-element elementor-element-763ee7a4 elementor-section-boxed elementor-section-height-default elementor-section-height-default\" data-id=\"763ee7a4\" data-element_type=\"section\">\n\t\t\t\t\t\t<div class=\"elementor-container elementor-column-gap-default\">\n\t\t\t\t\t<div class=\"elementor-column elementor-col-100 elementor-top-column elementor-element elementor-element-2dc3d58e\" data-id=\"2dc3d58e\" data-element_type=\"column\">\n\t\t\t<div class=\"elementor-widget-wrap elementor-element-populated\">\n\t\t\t\t\t\t\t\t<div class=\"elementor-element elementor-element-81e1423 elementor-widget elementor-widget-text-editor\" data-id=\"81e1423\" data-element_type=\"widget\" data-widget_type=\"text-editor.default\">\n\t\t\t\t<div class=\"elementor-widget-container\">\n\t\t\t\t\t\t\t<p>La congelaci\u00f3n de \u00f3vulos es un concepto relativamente nuevo en los procedimientos de FIV. Aunque la congelaci\u00f3n de tejidos y c\u00e9lulas se ha practicado durante alg\u00fan tiempo, debido a la naturaleza fr\u00e1gil de los ovocitos humanos (\u00f3vulos), la congelaci\u00f3n de \u00f3vulos tradicionalmente ha tenido tasas de \u00e9xito mucho m\u00e1s bajas en comparaci\u00f3n con la congelaci\u00f3n de esperma o embriones.<\/p>\n<p>El m\u00e9todo anterior de congelaci\u00f3n de gametos y embriones humanos se conoc\u00eda como congelaci\u00f3n lenta. Con el m\u00e9todo de congelaci\u00f3n lenta, los \u00f3vulos, los espermatozoides o los embriones se enfriar\u00edan lentamente a bajas temperaturas y luego se transferir\u00edan a nitr\u00f3geno l\u00edquido para su conservaci\u00f3n a largo plazo. Sin embargo, aunque los espermatozoides y los embriones tendr\u00edan una tasa de supervivencia muy alta con este m\u00e9todo, la supervivencia de los ovocitos (\u00f3vulos) con este m\u00e9todo ha sido muy baja. Muchos cient\u00edficos incluso llegaron a la conclusi\u00f3n a principios de este siglo de que la congelaci\u00f3n de \u00f3vulos no es un procedimiento exitoso y no debe usarse. El problema con el m\u00e9todo de congelaci\u00f3n lenta era que, durante el proceso de enfriamiento, se formaban cristales de hielo en los huevos, y estos cristales de hielo causaban da\u00f1os letales, provocando la muerte del huevo.<\/p>\n<p>Un m\u00e9todo m\u00e1s nuevo de vitrificaci\u00f3n estuvo disponible a principios de la d\u00e9cada de 2000, lo que gener\u00f3 esperanzas sobre la congelaci\u00f3n de ovocitos humanos. Este nuevo m\u00e9todo a veces se denomina congelaci\u00f3n ultrarr\u00e1pida. Con esta nueva tecnolog\u00eda y las soluciones reci\u00e9n inventadas, la congelaci\u00f3n de \u00f3vulos se ha vuelto tan exitosa como las t\u00e9cnicas de congelaci\u00f3n de embriones y espermatozoides.<\/p>\n<p>El Centro de FIV del norte de Chipre ha estado ofreciendo congelaci\u00f3n de ovocitos (\u00f3vulos) mediante el m\u00e9todo de vitrificaci\u00f3n desde 2007. Con mejoras constantes en los medios de cultivo y las t\u00e9cnicas utilizadas en la vitrificaci\u00f3n, ahora ofrecemos una tasa de supervivencia de ovocitos vitrificados de m\u00e1s de 90%. Esto significa que 9 de cada 10 \u00f3vulos congelados sobrevivir\u00e1n a este proceso y tendr\u00e1n el potencial de fertilizar en un embri\u00f3n viable.<\/p>\n<p>Hoy en d\u00eda, cada vez m\u00e1s mujeres est\u00e1n escalando puestos de trabajo, lo que puede significar que la formaci\u00f3n de una familia o la planificaci\u00f3n de un beb\u00e9 a menudo se retrasar\u00edan. Es posible que este retraso no siempre se vea favorecido por el tictac del reloj biol\u00f3gico. Con la planificaci\u00f3n de carrera, m\u00e1s y m\u00e1s mujeres pierden su fertilidad antes de estar listas para planificar su familia. En tal caso, una mujer se enfrenta a una decisi\u00f3n dif\u00edcil. O acepta no tener hijos biol\u00f3gicos o abandona el mercado laboral para experimentar la maternidad. Sin embargo, gracias a la vitrificaci\u00f3n, ahora existe una tercera opci\u00f3n.<\/p>\n<p><strong>\u00bfQui\u00e9n es un candidato adecuado para la congelaci\u00f3n de \u00f3vulos?<\/strong><br>\n<em>Mujeres que a\u00fan no est\u00e1n preparadas para tener un hijo por motivos personales pero que les gustar\u00eda tener la oportunidad en el futuro,<br>\nMujeres que est\u00e1n a punto de someterse a quimioterapia o radioterapia,<br>\nMujeres que corren el riesgo de insuficiencia ov\u00e1rica prematura, como lo demuestra la evaluaci\u00f3n de la fertilidad o los antecedentes familiares,<\/em><\/p>\n<p>son todas candidatas ideales para el procedimiento de congelaci\u00f3n de \u00f3vulos. Los pasos involucrados en la congelaci\u00f3n de \u00f3vulos son muy similares a los pasos involucrados en los tratamientos est\u00e1ndar de FIV. La diferencia es que los \u00f3vulos recuperados no se fertilizan y no se transfieren al \u00fatero de la paciente. M\u00e1s bien, los \u00f3vulos se conservan para uso futuro de la paciente cuando est\u00e9 lista para planificar su familia.<\/p>\n<p>Antes de proceder con este tipo de tratamiento, ser\u00e1 importante someterse a ciertas pruebas y ex\u00e1menes de detecci\u00f3n. Estas pruebas nos permiten dise\u00f1ar un protocolo de tratamiento \u00f3ptimo para maximizar el conteo y la calidad de los \u00f3vulos a recolectar de los ovarios. Normalmente, en un ciclo menstrual dado, cada mujer produce un solo \u00f3vulo, y este solo \u00f3vulo puede o no tener el potencial de fertilizaci\u00f3n. Al complementarla con medicamentos adicionales, nos aseguramos de que sus ovarios produzcan m\u00faltiples \u00f3vulos de buena calidad para que podamos recolectar tantos \u00f3vulos como sea posible y congelarlos para que los use en un futuro embarazo. Si bien el objetivo es recolectar tantos \u00f3vulos como sea posible, no queremos arriesgarnos a la hiperestimulaci\u00f3n ov\u00e1rica, que es una condici\u00f3n con efectos secundarios desagradables. Por lo tanto, es muy importante optimizar su protocolo de tratamiento para sus niveles hormonales espec\u00edficos y muchos otros par\u00e1metros.<\/p>\n<p><strong>Las pruebas requeridas antes de planificar un ciclo de congelaci\u00f3n de \u00f3vulos son las siguientes:<\/strong><br>\n\u2013 El d\u00eda 2 o 3 de su per\u00edodo menstrual, le pediremos que se haga una ecograf\u00eda p\u00e9lvica para rastrear el fol\u00edculo antral.<br>\n\u2013 El mismo d\u00eda, tambi\u00e9n solicitaremos pruebas de hormonas FSH, LH, estradiol, prolactina y AMH para realizar una evaluaci\u00f3n de su funci\u00f3n ov\u00e1rica para que podamos identificar el curso correcto de medicaci\u00f3n a utilizar. Una vez que tengamos esta informaci\u00f3n junto con un formulario de historial m\u00e9dico detallado, podremos dise\u00f1ar su protocolo de tratamiento para que podamos obtener con \u00e9xito un buen conteo y calidad de los \u00f3vulos, \u00a1que ser\u00e1n sus futuros hijos! Para obtener m\u00e1s informaci\u00f3n sobre las pruebas de infertilidad y el significado de sus resultados, consulte nuestra <strong>&#8216;<a href=\"\/es\/testing\/\">Pruebas de infertilidad<\/a>&#8216;<\/strong> secci\u00f3n.<\/p>\n<p><strong>\u00bfCu\u00e1nto cuesta la congelaci\u00f3n de \u00f3vulos?<\/strong><br>\nEl coste de referencia de la congelaci\u00f3n de \u00f3vulos es de 2.500 euros. Esta tarifa incluye sus consultas m\u00e9dicas en nuestra unidad de FIV, sus procedimientos m\u00e9dicos y procedimientos de congelaci\u00f3n. Sin embargo, dependiendo de la cantidad de huevos recuperados y de cu\u00e1ntos huevos le gustar\u00eda congelar en cada pajilla, el costo variar\u00e1. Por ejemplo, si podemos recuperar un total de 8 \u00f3vulos y desea congelar todos estos \u00f3vulos en la misma pajilla, el costo del tratamiento seguir\u00e1 siendo de 2500. Sin embargo, si desea que cada huevo se congele por separado en pajillas separadas, entonces cada pajilla adicional costar\u00e1 300 euros. Cuando los \u00f3vulos se congelan juntos, tambi\u00e9n se calientan (descongelan) juntos, lo que significa que deber\u00e1n usarse todos a la vez, ya que volver a congelarlos no producir\u00e1 un resultado exitoso. Si tiene la intenci\u00f3n de usar sus \u00f3vulos congelados en embarazos m\u00faltiples (si desea tener m\u00e1s de un hijo con sus \u00f3vulos), le recomendamos congelar los \u00f3vulos en conjuntos de 2 o 3, lo que le brinda una mayor flexibilidad en el futuro sobre c\u00f3mo usalos, usalos a ellos. Congelar huevos en juegos de 1 huevo por pajilla tampoco es una muy buena idea ya que no todos los huevos sobrevivir\u00e1n al proceso de descongelaci\u00f3n y no todos los huevos se convertir\u00e1n en un embri\u00f3n viable. Por lo tanto, es una buena idea tener 2\/3 ovocitos por serie.<\/p>\n<p>Para obtener una discusi\u00f3n detallada sobre la congelaci\u00f3n de \u00f3vulos versus embriones, consulte nuestro \u201c<strong><a href=\"\/es\/latest-news-from-north-cyprus-ivf-center\/fertility-preservation-egg-versus-embryo-freezing\/\" target=\"_blank\" rel=\"noopener noreferrer\">Congelaci\u00f3n de \u00f3vulos versus embriones<\/a><\/strong>\u201d art\u00edculo de blog.<\/p>\t\t\t\t\t\t<\/div>\n\t\t\t\t<\/div>\n\t\t\t\t\t<\/div>\n\t\t<\/div>\n\t\t\t\t\t\t\t<\/div>\n\t\t<\/section>\n\t\t\t\t\t\t\t<\/div>","protected":false},"excerpt":{"rendered":"<p>Descripci\u00f3n general de la congelaci\u00f3n de \u00f3vulos en el Centro de FIV del norte de Chipre Imagen con tama\u00f1o: 750\u00d7375 La congelaci\u00f3n de \u00f3vulos es un concepto relativamente nuevo en los procedimientos de FIV. Aunque la congelaci\u00f3n de tejidos y c\u00e9lulas se practica desde hace alg\u00fan tiempo, debido a la naturaleza fr\u00e1gil de los ovocitos (\u00f3vulos) humanos, la congelaci\u00f3n de \u00f3vulos tradicionalmente ha tenido tasas de \u00e9xito mucho m\u00e1s bajas [\u2026]<\/p>","protected":false},"author":1,"featured_media":1481,"parent":0,"menu_order":0,"comment_status":"closed","ping_status":"closed","template":"elementor_header_footer","meta":{"footnotes":""},"categories":[],"tags":[],"class_list":["post-685","page","type-page","status-publish","has-post-thumbnail","hentry"],"yoast_head":"<!-- This site is optimized with the Yoast SEO plugin v24.3 - https:\/\/yoast.com\/wordpress\/plugins\/seo\/ -->\n<title>Egg Freezing - North Cyprus IVF<\/title>\n<meta name=\"description\" content=\"Oocyte vitrification gives women a chance to freeze their eggs to plan pregnancy in the future. Who is a suitable candidate for Egg Freezing?\" \/>\n<meta name=\"robots\" content=\"index, follow, max-snippet:-1, max-image-preview:large, max-video-preview:-1\" \/>\n<link rel=\"canonical\" href=\"https:\/\/www.lowcostivf.net\/es\/egg-freezing\/\" \/>\n<meta property=\"og:locale\" content=\"es_ES\" \/>\n<meta property=\"og:type\" content=\"article\" \/>\n<meta property=\"og:title\" content=\"Egg Freezing - North Cyprus IVF\" \/>\n<meta property=\"og:description\" content=\"Oocyte vitrification gives women a chance to freeze their eggs to plan pregnancy in the future. Who is a suitable candidate for Egg Freezing?\" \/>\n<meta property=\"og:url\" content=\"https:\/\/www.lowcostivf.net\/es\/egg-freezing\/\" \/>\n<meta property=\"og:site_name\" content=\"North Cyprus IVF\" \/>\n<meta property=\"article:publisher\" content=\"https:\/\/www.facebook.com\/northcyprusivf\/\" \/>\n<meta property=\"article:modified_time\" content=\"2020-03-06T14:36:16+00:00\" \/>\n<meta property=\"og:image\" content=\"https:\/\/www.lowcostivf.net\/wp-content\/uploads\/2019\/11\/egg-freezing.jpg\" \/>\n\t<meta property=\"og:image:width\" content=\"1140\" \/>\n\t<meta property=\"og:image:height\" content=\"570\" \/>\n\t<meta property=\"og:image:type\" content=\"image\/jpeg\" \/>\n<meta name=\"twitter:card\" content=\"summary_large_image\" \/>\n<meta name=\"twitter:label1\" content=\"Tiempo de lectura\" \/>\n\t<meta name=\"twitter:data1\" content=\"6 minutos\" \/>\n<script type=\"application\/ld+json\" class=\"yoast-schema-graph\">{\"@context\":\"https:\/\/schema.org\",\"@graph\":[{\"@type\":\"WebPage\",\"@id\":\"https:\/\/www.lowcostivf.net\/egg-freezing\/\",\"url\":\"https:\/\/www.lowcostivf.net\/egg-freezing\/\",\"name\":\"Egg Freezing - North Cyprus IVF\",\"isPartOf\":{\"@id\":\"https:\/\/www.lowcostivf.net\/#website\"},\"primaryImageOfPage\":{\"@id\":\"https:\/\/www.lowcostivf.net\/egg-freezing\/#primaryimage\"},\"image\":{\"@id\":\"https:\/\/www.lowcostivf.net\/egg-freezing\/#primaryimage\"},\"thumbnailUrl\":\"https:\/\/www.lowcostivf.net\/wp-content\/uploads\/2019\/11\/egg-freezing.jpg\",\"datePublished\":\"2019-10-27T11:29:07+00:00\",\"dateModified\":\"2020-03-06T14:36:16+00:00\",\"description\":\"Oocyte vitrification gives women a chance to freeze their eggs to plan pregnancy in the future. Who is a suitable candidate for Egg Freezing?\",\"breadcrumb\":{\"@id\":\"https:\/\/www.lowcostivf.net\/egg-freezing\/#breadcrumb\"},\"inLanguage\":\"es\",\"potentialAction\":[{\"@type\":\"ReadAction\",\"target\":[\"https:\/\/www.lowcostivf.net\/egg-freezing\/\"]}]},{\"@type\":\"ImageObject\",\"inLanguage\":\"es\",\"@id\":\"https:\/\/www.lowcostivf.net\/egg-freezing\/#primaryimage\",\"url\":\"https:\/\/www.lowcostivf.net\/wp-content\/uploads\/2019\/11\/egg-freezing.jpg\",\"contentUrl\":\"https:\/\/www.lowcostivf.net\/wp-content\/uploads\/2019\/11\/egg-freezing.jpg\",\"width\":1140,\"height\":570},{\"@type\":\"BreadcrumbList\",\"@id\":\"https:\/\/www.lowcostivf.net\/egg-freezing\/#breadcrumb\",\"itemListElement\":[{\"@type\":\"ListItem\",\"position\":1,\"name\":\"Home\",\"item\":\"https:\/\/www.lowcostivf.net\/\"},{\"@type\":\"ListItem\",\"position\":2,\"name\":\"Egg Freezing\"}]},{\"@type\":\"WebSite\",\"@id\":\"https:\/\/www.lowcostivf.net\/#website\",\"url\":\"https:\/\/www.lowcostivf.net\/\",\"name\":\"North Cyprus IVF\",\"description\":\"Highest IVF Success in Cyprus\",\"publisher\":{\"@id\":\"https:\/\/www.lowcostivf.net\/#organization\"},\"potentialAction\":[{\"@type\":\"SearchAction\",\"target\":{\"@type\":\"EntryPoint\",\"urlTemplate\":\"https:\/\/www.lowcostivf.net\/?s={search_term_string}\"},\"query-input\":{\"@type\":\"PropertyValueSpecification\",\"valueRequired\":true,\"valueName\":\"search_term_string\"}}],\"inLanguage\":\"es\"},{\"@type\":\"Organization\",\"@id\":\"https:\/\/www.lowcostivf.net\/#organization\",\"name\":\"North Cyprus IVF Centre\",\"alternateName\":\"Cyprus IVF Centre\",\"url\":\"https:\/\/www.lowcostivf.net\/\",\"logo\":{\"@type\":\"ImageObject\",\"inLanguage\":\"es\",\"@id\":\"https:\/\/www.lowcostivf.net\/#\/schema\/logo\/image\/\",\"url\":\"https:\/\/www.lowcostivf.net\/wp-content\/uploads\/2023\/08\/logo-cyprus-ivf-center-logo.png\",\"contentUrl\":\"https:\/\/www.lowcostivf.net\/wp-content\/uploads\/2023\/08\/logo-cyprus-ivf-center-logo.png\",\"width\":300,\"height\":300,\"caption\":\"North Cyprus IVF Centre\"},\"image\":{\"@id\":\"https:\/\/www.lowcostivf.net\/#\/schema\/logo\/image\/\"},\"sameAs\":[\"https:\/\/www.facebook.com\/northcyprusivf\/\"]}]}<\/script>\n<!-- \/ Yoast SEO plugin. -->","yoast_head_json":{"title":"Egg Freezing - North Cyprus IVF","description":"Oocyte vitrification gives women a chance to freeze their eggs to plan pregnancy in the future. Who is a suitable candidate for Egg Freezing?","robots":{"index":"index","follow":"follow","max-snippet":"max-snippet:-1","max-image-preview":"max-image-preview:large","max-video-preview":"max-video-preview:-1"},"canonical":"https:\/\/www.lowcostivf.net\/es\/egg-freezing\/","og_locale":"es_ES","og_type":"article","og_title":"Egg Freezing - North Cyprus IVF","og_description":"Oocyte vitrification gives women a chance to freeze their eggs to plan pregnancy in the future. Who is a suitable candidate for Egg Freezing?","og_url":"https:\/\/www.lowcostivf.net\/es\/egg-freezing\/","og_site_name":"North Cyprus IVF","article_publisher":"https:\/\/www.facebook.com\/northcyprusivf\/","article_modified_time":"2020-03-06T14:36:16+00:00","og_image":[{"width":1140,"height":570,"url":"https:\/\/www.lowcostivf.net\/wp-content\/uploads\/2019\/11\/egg-freezing.jpg","type":"image\/jpeg"}],"twitter_card":"summary_large_image","twitter_misc":{"Tiempo de lectura":"6 minutos"},"schema":{"@context":"https:\/\/schema.org","@graph":[{"@type":"WebPage","@id":"https:\/\/www.lowcostivf.net\/egg-freezing\/","url":"https:\/\/www.lowcostivf.net\/egg-freezing\/","name":"Egg Freezing - North Cyprus IVF","isPartOf":{"@id":"https:\/\/www.lowcostivf.net\/#website"},"primaryImageOfPage":{"@id":"https:\/\/www.lowcostivf.net\/egg-freezing\/#primaryimage"},"image":{"@id":"https:\/\/www.lowcostivf.net\/egg-freezing\/#primaryimage"},"thumbnailUrl":"https:\/\/www.lowcostivf.net\/wp-content\/uploads\/2019\/11\/egg-freezing.jpg","datePublished":"2019-10-27T11:29:07+00:00","dateModified":"2020-03-06T14:36:16+00:00","description":"Oocyte vitrification gives women a chance to freeze their eggs to plan pregnancy in the future. Who is a suitable candidate for Egg Freezing?","breadcrumb":{"@id":"https:\/\/www.lowcostivf.net\/egg-freezing\/#breadcrumb"},"inLanguage":"es","potentialAction":[{"@type":"ReadAction","target":["https:\/\/www.lowcostivf.net\/egg-freezing\/"]}]},{"@type":"ImageObject","inLanguage":"es","@id":"https:\/\/www.lowcostivf.net\/egg-freezing\/#primaryimage","url":"https:\/\/www.lowcostivf.net\/wp-content\/uploads\/2019\/11\/egg-freezing.jpg","contentUrl":"https:\/\/www.lowcostivf.net\/wp-content\/uploads\/2019\/11\/egg-freezing.jpg","width":1140,"height":570},{"@type":"BreadcrumbList","@id":"https:\/\/www.lowcostivf.net\/egg-freezing\/#breadcrumb","itemListElement":[{"@type":"ListItem","position":1,"name":"Home","item":"https:\/\/www.lowcostivf.net\/"},{"@type":"ListItem","position":2,"name":"Egg Freezing"}]},{"@type":"WebSite","@id":"https:\/\/www.lowcostivf.net\/#website","url":"https:\/\/www.lowcostivf.net\/","name":"North Cyprus IVF","description":"Highest IVF Success in Cyprus","publisher":{"@id":"https:\/\/www.lowcostivf.net\/#organization"},"potentialAction":[{"@type":"SearchAction","target":{"@type":"EntryPoint","urlTemplate":"https:\/\/www.lowcostivf.net\/?s={search_term_string}"},"query-input":{"@type":"PropertyValueSpecification","valueRequired":true,"valueName":"search_term_string"}}],"inLanguage":"es"},{"@type":"Organization","@id":"https:\/\/www.lowcostivf.net\/#organization","name":"North Cyprus IVF Centre","alternateName":"Cyprus IVF Centre","url":"https:\/\/www.lowcostivf.net\/","logo":{"@type":"ImageObject","inLanguage":"es","@id":"https:\/\/www.lowcostivf.net\/#\/schema\/logo\/image\/","url":"https:\/\/www.lowcostivf.net\/wp-content\/uploads\/2023\/08\/logo-cyprus-ivf-center-logo.png","contentUrl":"https:\/\/www.lowcostivf.net\/wp-content\/uploads\/2023\/08\/logo-cyprus-ivf-center-logo.png","width":300,"height":300,"caption":"North Cyprus IVF Centre"},"image":{"@id":"https:\/\/www.lowcostivf.net\/#\/schema\/logo\/image\/"},"sameAs":["https:\/\/www.facebook.com\/northcyprusivf\/"]}]}},"_links":{"self":[{"href":"https:\/\/www.lowcostivf.net\/es\/wp-json\/wp\/v2\/pages\/685"}],"collection":[{"href":"https:\/\/www.lowcostivf.net\/es\/wp-json\/wp\/v2\/pages"}],"about":[{"href":"https:\/\/www.lowcostivf.net\/es\/wp-json\/wp\/v2\/types\/page"}],"author":[{"embeddable":true,"href":"https:\/\/www.lowcostivf.net\/es\/wp-json\/wp\/v2\/users\/1"}],"replies":[{"embeddable":true,"href":"https:\/\/www.lowcostivf.net\/es\/wp-json\/wp\/v2\/comments?post=685"}],"version-history":[{"count":11,"href":"https:\/\/www.lowcostivf.net\/es\/wp-json\/wp\/v2\/pages\/685\/revisions"}],"predecessor-version":[{"id":3840,"href":"https:\/\/www.lowcostivf.net\/es\/wp-json\/wp\/v2\/pages\/685\/revisions\/3840"}],"wp:featuredmedia":[{"embeddable":true,"href":"https:\/\/www.lowcostivf.net\/es\/wp-json\/wp\/v2\/media\/1481"}],"wp:attachment":[{"href":"https:\/\/www.lowcostivf.net\/es\/wp-json\/wp\/v2\/media?parent=685"}],"wp:term":[{"taxonomy":"category","embeddable":true,"href":"https:\/\/www.lowcostivf.net\/es\/wp-json\/wp\/v2\/categories?post=685"},{"taxonomy":"post_tag","embeddable":true,"href":"https:\/\/www.lowcostivf.net\/es\/wp-json\/wp\/v2\/tags?post=685"}],"curies":[{"name":"wp","href":"https:\/\/api.w.org\/{rel}","templated":true}]}}