{"id":3296,"date":"2019-12-20T14:04:54","date_gmt":"2019-12-20T14:04:54","guid":{"rendered":"https:\/\/www.lowcostivf.net\/?page_id=3296"},"modified":"2023-11-19T14:15:20","modified_gmt":"2023-11-19T14:15:20","slug":"dr-idil-aslan","status":"publish","type":"page","link":"https:\/\/www.lowcostivf.net\/es\/dr-idil-aslan\/","title":{"rendered":"Dra. Idil Aslan"},"content":{"rendered":"<div data-elementor-type=\"wp-page\" data-elementor-id=\"3296\" class=\"elementor elementor-3296\" data-elementor-post-type=\"page\">\n\t\t\t\t\t\t\t\t\t<section class=\"elementor-section elementor-top-section elementor-element elementor-element-4f15b88 elementor-section-boxed elementor-section-height-default elementor-section-height-default\" data-id=\"4f15b88\" data-element_type=\"section\">\n\t\t\t\t\t\t<div class=\"elementor-container elementor-column-gap-default\">\n\t\t\t\t\t<div class=\"elementor-column elementor-col-100 elementor-top-column elementor-element elementor-element-8709e8b\" data-id=\"8709e8b\" data-element_type=\"column\">\n\t\t\t<div class=\"elementor-widget-wrap elementor-element-populated\">\n\t\t\t\t\t\t\t\t<div class=\"elementor-element elementor-element-08fad63 elementor-widget elementor-widget-jnews_element_header_elementor\" data-id=\"08fad63\" data-element_type=\"widget\" data-widget_type=\"jnews_element_header_elementor.default\">\n\t\t\t\t<div class=\"elementor-widget-container\">\n\t\t\t<div  class=\"jeg_block_heading jeg_block_heading_5 jeg_aligncenter jnews_module__0_69e49946a073b\">\n                <h3 class=\"jeg_block_title\"><span>\u00bfQui\u00e9n es el asistente? \u00bfProfesor Dr. Idil Aslan?<\/span><\/h3>\n                <style>.jnews_module__0_69e49946a073b.jeg_block_heading_5 .jeg_block_title span, .jnews_module__0_69e49946a073b.jeg_block_heading_5 .jeg_block_title i { color: #7a7a7a; }<\/style>\n            <\/div>\t\t<\/div>\n\t\t\t\t<\/div>\n\t\t\t\t\t<\/div>\n\t\t<\/div>\n\t\t\t\t\t\t\t<\/div>\n\t\t<\/section>\n\t\t\t\t<section class=\"elementor-section elementor-top-section elementor-element elementor-element-a528620 elementor-section-boxed elementor-section-height-default elementor-section-height-default\" data-id=\"a528620\" data-element_type=\"section\">\n\t\t\t\t\t\t<div class=\"elementor-container elementor-column-gap-default\">\n\t\t\t\t\t<div class=\"elementor-column elementor-col-100 elementor-top-column elementor-element elementor-element-6b75087\" data-id=\"6b75087\" data-element_type=\"column\">\n\t\t\t<div class=\"elementor-widget-wrap elementor-element-populated\">\n\t\t\t\t\t\t\t\t<div class=\"elementor-element elementor-element-d20a0f5 elementor-widget elementor-widget-image\" data-id=\"d20a0f5\" data-element_type=\"widget\" data-widget_type=\"image.default\">\n\t\t\t\t<div class=\"elementor-widget-container\">\n\t\t\t\t\t\t\t\t\t\t\t\t\t\t\t<img loading=\"lazy\" decoding=\"async\" width=\"1920\" height=\"960\" src=\"https:\/\/www.lowcostivf.net\/wp-content\/uploads\/2019\/12\/dr_idil_aslan.jpg\" class=\"attachment-full size-full wp-image-3299\" alt=\"\" srcset=\"https:\/\/www.lowcostivf.net\/wp-content\/uploads\/2019\/12\/dr_idil_aslan.jpg 1920w, https:\/\/www.lowcostivf.net\/wp-content\/uploads\/2019\/12\/dr_idil_aslan-300x150.jpg 300w, https:\/\/www.lowcostivf.net\/wp-content\/uploads\/2019\/12\/dr_idil_aslan-1024x512.jpg 1024w, https:\/\/www.lowcostivf.net\/wp-content\/uploads\/2019\/12\/dr_idil_aslan-768x384.jpg 768w, https:\/\/www.lowcostivf.net\/wp-content\/uploads\/2019\/12\/dr_idil_aslan-1536x768.jpg 1536w, https:\/\/www.lowcostivf.net\/wp-content\/uploads\/2019\/12\/dr_idil_aslan-360x180.jpg 360w, https:\/\/www.lowcostivf.net\/wp-content\/uploads\/2019\/12\/dr_idil_aslan-750x375.jpg 750w, https:\/\/www.lowcostivf.net\/wp-content\/uploads\/2019\/12\/dr_idil_aslan-1140x570.jpg 1140w\" sizes=\"(max-width: 1920px) 100vw, 1920px\" \/>\t\t\t\t\t\t\t\t\t\t\t\t\t\t\t<\/div>\n\t\t\t\t<\/div>\n\t\t\t\t<div class=\"elementor-element elementor-element-5dfb56b elementor-widget elementor-widget-heading\" data-id=\"5dfb56b\" data-element_type=\"widget\" data-widget_type=\"heading.default\">\n\t\t\t\t<div class=\"elementor-widget-container\">\n\t\t\t<h2 class=\"elementor-heading-title elementor-size-default\">Asistente Prof. Dra. Idil Aslan<\/h2>\t\t<\/div>\n\t\t\t\t<\/div>\n\t\t\t\t<div class=\"elementor-element elementor-element-be67038 elementor-widget elementor-widget-text-editor\" data-id=\"be67038\" data-element_type=\"widget\" data-widget_type=\"text-editor.default\">\n\t\t\t\t<div class=\"elementor-widget-container\">\n\t\t\t\t\t\t\t<p>Genetista \/ Director de Laboratorio\u200b<\/p>\t\t\t\t\t\t<\/div>\n\t\t\t\t<\/div>\n\t\t\t\t<div class=\"elementor-element elementor-element-abfaebd elementor-widget elementor-widget-text-editor\" data-id=\"abfaebd\" data-element_type=\"widget\" data-widget_type=\"text-editor.default\">\n\t\t\t\t<div class=\"elementor-widget-container\">\n\t\t\t\t\t\t\t<strong>Antecedentes Acad\u00e9micos<\/strong><br><p><br>BS-Universidad de Ankara, Facultad de Ciencias, Departamento de Biolog\u00eda<br>MS- Universidad de Ankara, Facultad de Medicina Veterinaria Departamento de Bioqu\u00edmica<br>PhD- Universidad de Ankara, Instituto de Biotecnolog\u00eda Departamento de Gen\u00e9tica Molecular<\/p>\n<p><strong>Cursos y Certificados<\/strong><br>Formaci\u00f3n Pedag\u00f3gica: Profesi\u00f3n de docente en 1994-1995<br>Idioma: Holborn English Language Service Londres 1996-1997\/Certificado TOEIC<br>Computadora: Certificado de usuario para word\/Excell\/Powerpoint<\/p>\n<p><strong>Publicaciones<\/strong><br>1-Mutaciones homocig\u00f3ticas en el gen de la 15-hidroxiprostaglandina deshidrogenasa en pacientes con osteoartropat\u00eda hipertr\u00f3fica primaria. Y\u00fcksel-Konuk B, S\u0131rmac\u0131 A, Ayten GE, Ozdemir M, <strong>aslan yo,<\/strong> Y\u0131lmaz-Turay U, Erdogan Y, Tekin M. Rheumatol Int. 2009 marzo 22<br>2-Las mutaciones en TMC1 contribuyen significativamente a la p\u00e9rdida auditiva neurosensorial autos\u00f3mica recesiva no sindr\u00f3mica: un informe de cinco mutaciones novedosas.Sirmaci A, Duman D, Ozt\u00fcrkmen-Akay H, Erbek S, Incesulu A, Ozt\u00fcrk-Hi\u015fmi B, Arici ZS, Y\u00fcksel-Konuk EB, Ta\u015fir-Yilmaz S, Tokg\u00f6z-Yilmaz S, Cengiz FB, Aslan I, Yildirim M, Hasanefendio\u011flu-Bayrak A, Ay\u00e7i\u00e7ek A, Yilmaz I, Fitoz S, Altin F, Ozda\u011f H, Tekin M. Int J Pediatr Otorhinolaryngol. 2009 mayo<br>Las mutaciones 3-homocigotas en el factor de crecimiento de fibroblastos 3 est\u00e1n asociadas con una nueva forma de sordera sindr\u00f3mica caracterizada por agenesia del o\u00eddo interno, microtia y microdoncia.Tekin M, Hi\u015fmi BO, Fitoz S, Ozda\u011f H, Cengiz FB, Sirmaci A, Aslan I, Inceo\u011flu B, Y\u00fcksel-Konuk EB, Yilmaz ST, Yasun O, Akar N.Am J Hum Genet. 2007 febrero;80(2):338-44.<br>4- Cribado de mutaciones del gen GJA7 (Cx45) en una gran serie internacional de probandos con hipoacusia no sindr\u00f3mica. Ouyang XM, Yan D, Aslan I, Du LL, Tekin M, Liu XZ. Genet Test Mol Biomarcadores. 2011 mayo; 15 (5): 333-6. Epub 2011 22 de enero<br>5-Cartel: 57\u00ba. Reuni\u00f3n anual de la Sociedad Estadounidense de Gen\u00e9tica Humana (ASHG) que tendr\u00e1 lugar del 23 al 27 de octubre en San Diego Posters 840\/T Heterogeneidad de locus significativa en familias turcas con p\u00e9rdida auditiva neurosensorial no sindr\u00f3mica autos\u00f3mica recesiva Tekin M, Ozda\u011f H, S\u0131rmac\u0131 A, Gengiz FB , Aslan I, Incesulu A, Erbek S, Yilmaz I<\/p>\n<p><strong>M\u00e9todos aplicados<\/strong><br>PCR- PCR en tiempo real<br>Todos los m\u00e9todos de detecci\u00f3n de mutaciones (SSCP\/TTGE\/marcadores de microsat\u00e9lites\/secuenciaci\u00f3n de ADN)<br>Cultivo de c\u00e9lulas<br>FISH (Diagn\u00f3stico Gen\u00e9tico Preimplantacional)<\/p>\n<p><strong>Campo de trabajo<\/strong><br>Diagn\u00f3stico Gen\u00e9tico Preimplantacional\/Selecci\u00f3n de G\u00e9nero<br>Detecci\u00f3n y Genotipado del Virus del Papiloma Humano<br>Verificaci\u00f3n de mutaci\u00f3n del panel de genes de Trombofilia por PCR en tiempo real<\/p>\n<hr style=\"width: 100%; clear: both; visibility: hidden;\">\n<hr style=\"width: 100%;\">\t\t\t\t\t\t<\/div>\n\t\t\t\t<\/div>\n\t\t\t\t\t<\/div>\n\t\t<\/div>\n\t\t\t\t\t\t\t<\/div>\n\t\t<\/section>\n\t\t\t\t<section class=\"elementor-section elementor-top-section elementor-element elementor-element-aad310c elementor-section-boxed elementor-section-height-default elementor-section-height-default\" data-id=\"aad310c\" data-element_type=\"section\">\n\t\t\t\t\t\t<div class=\"elementor-container elementor-column-gap-default\">\n\t\t\t\t\t<div class=\"elementor-column elementor-col-100 elementor-top-column elementor-element elementor-element-8f99db4\" data-id=\"8f99db4\" data-element_type=\"column\">\n\t\t\t<div class=\"elementor-widget-wrap elementor-element-populated\">\n\t\t\t\t\t\t\t\t<section class=\"elementor-section elementor-inner-section elementor-element elementor-element-7f29020 elementor-section-boxed elementor-section-height-default elementor-section-height-default\" data-id=\"7f29020\" data-element_type=\"section\">\n\t\t\t\t\t\t<div class=\"elementor-container elementor-column-gap-default\">\n\t\t\t\t\t<div class=\"elementor-column elementor-col-33 elementor-inner-column elementor-element elementor-element-4e8b572\" data-id=\"4e8b572\" data-element_type=\"column\">\n\t\t\t<div class=\"elementor-widget-wrap elementor-element-populated\">\n\t\t\t\t\t\t\t\t<div class=\"elementor-element elementor-element-d0c674d elementor-cta--skin-classic elementor-animated-content elementor-bg-transform elementor-bg-transform-zoom-in elementor-widget elementor-widget-call-to-action\" data-id=\"d0c674d\" data-element_type=\"widget\" data-widget_type=\"call-to-action.default\">\n\t\t\t\t<div class=\"elementor-widget-container\">\n\t\t\t\t\t<a class=\"elementor-cta\" href=\"\/es\/our-team\/\">\n\t\t\t\t\t<div class=\"elementor-cta__bg-wrapper\">\n\t\t\t\t<div class=\"elementor-cta__bg elementor-bg\" style=\"background-image: url(https:\/\/www.lowcostivf.net\/wp-content\/uploads\/2019\/12\/our_team-360x180.png);\" role=\"img\" aria-label=\"nuestro equipo\"><\/div>\n\t\t\t\t<div class=\"elementor-cta__bg-overlay\"><\/div>\n\t\t\t<\/div>\n\t\t\t\t\t\t\t<div class=\"elementor-cta__content\">\n\t\t\t\t\n\t\t\t\t\t\t\t\t\t<h2 class=\"elementor-cta__title elementor-cta__content-item elementor-content-item\">\n\t\t\t\t\t\tEquipo de FIV del norte de Chipre\t\t\t\t\t<\/h2>\n\t\t\t\t\n\t\t\t\t\t\t\t\t\t<div class=\"elementor-cta__description elementor-cta__content-item elementor-content-item\">\n\t\t\t\t\t\t<p style=\"text-align: center; !important;\">Conozca a nuestros especialistas y a la gente detr\u00e1s del Centro de FIV del Norte de Chipre<\/p>\t\t\t\t\t<\/div>\n\t\t\t\t\n\t\t\t\t\t\t\t<\/div>\n\t\t\t\t\t\t\t<div class=\"elementor-ribbon elementor-ribbon-left\">\n\t\t\t\t<div class=\"elementor-ribbon-inner\">Nuestro equipo<\/div>\n\t\t\t<\/div>\n\t\t\t\t<\/a>\n\t\t\t\t<\/div>\n\t\t\t\t<\/div>\n\t\t\t\t\t<\/div>\n\t\t<\/div>\n\t\t\t\t<div class=\"elementor-column elementor-col-33 elementor-inner-column elementor-element elementor-element-8e974b6\" data-id=\"8e974b6\" data-element_type=\"column\">\n\t\t\t<div class=\"elementor-widget-wrap elementor-element-populated\">\n\t\t\t\t\t\t\t\t<div class=\"elementor-element elementor-element-2f2188a elementor-cta--skin-classic elementor-animated-content elementor-bg-transform elementor-bg-transform-zoom-in elementor-widget elementor-widget-call-to-action\" data-id=\"2f2188a\" data-element_type=\"widget\" data-widget_type=\"call-to-action.default\">\n\t\t\t\t<div class=\"elementor-widget-container\">\n\t\t\t\t\t<a class=\"elementor-cta\" href=\"\/es\/ivf-success-rates\/\">\n\t\t\t\t\t<div class=\"elementor-cta__bg-wrapper\">\n\t\t\t\t<div class=\"elementor-cta__bg elementor-bg\" style=\"background-image: url(https:\/\/www.lowcostivf.net\/wp-content\/uploads\/2019\/11\/ivf-success-rates-350x250.jpg);\" role=\"img\" aria-label=\"FIV-tasas de \u00e9xito\"><\/div>\n\t\t\t\t<div class=\"elementor-cta__bg-overlay\"><\/div>\n\t\t\t<\/div>\n\t\t\t\t\t\t\t<div class=\"elementor-cta__content\">\n\t\t\t\t\n\t\t\t\t\t\t\t\t\t<h2 class=\"elementor-cta__title elementor-cta__content-item elementor-content-item\">\n\t\t\t\t\t\tNuestras tasas de \u00e9xito\t\t\t\t\t<\/h2>\n\t\t\t\t\n\t\t\t\t\t\t\t\t\t<div class=\"elementor-cta__description elementor-cta__content-item elementor-content-item\">\n\t\t\t\t\t\t<p style=\"text-align: center; !important;\">\u00bfPor qu\u00e9 el Centro de FIV del Norte de Chipre tiene tasas de \u00e9xito tan altas?<\/p>\t\t\t\t\t<\/div>\n\t\t\t\t\n\t\t\t\t\t\t\t<\/div>\n\t\t\t\t\t\t\t<div class=\"elementor-ribbon elementor-ribbon-left\">\n\t\t\t\t<div class=\"elementor-ribbon-inner\">Tasas de \u00e9xito<\/div>\n\t\t\t<\/div>\n\t\t\t\t<\/a>\n\t\t\t\t<\/div>\n\t\t\t\t<\/div>\n\t\t\t\t\t<\/div>\n\t\t<\/div>\n\t\t\t\t<div class=\"elementor-column elementor-col-33 elementor-inner-column elementor-element elementor-element-4cbafb2\" data-id=\"4cbafb2\" data-element_type=\"column\">\n\t\t\t<div class=\"elementor-widget-wrap elementor-element-populated\">\n\t\t\t\t\t\t\t\t<div class=\"elementor-element elementor-element-6d98c42 elementor-cta--skin-classic elementor-animated-content elementor-bg-transform elementor-bg-transform-zoom-in elementor-widget elementor-widget-call-to-action\" data-id=\"6d98c42\" data-element_type=\"widget\" data-widget_type=\"call-to-action.default\">\n\t\t\t\t<div class=\"elementor-widget-container\">\n\t\t\t\t\t<a class=\"elementor-cta\" href=\"\/es\/latest-news-from-north-cyprus-ivf-center\/\">\n\t\t\t\t\t<div class=\"elementor-cta__bg-wrapper\">\n\t\t\t\t<div class=\"elementor-cta__bg elementor-bg\" style=\"background-image: url(https:\/\/www.lowcostivf.net\/wp-content\/uploads\/2019\/11\/blog-350x250.jpg);\" role=\"img\" aria-label=\"Blog\"><\/div>\n\t\t\t\t<div class=\"elementor-cta__bg-overlay\"><\/div>\n\t\t\t<\/div>\n\t\t\t\t\t\t\t<div class=\"elementor-cta__content\">\n\t\t\t\t\n\t\t\t\t\t\t\t\t\t<h2 class=\"elementor-cta__title elementor-cta__content-item elementor-content-item\">\n\t\t\t\t\t\tNuestro blog\t\t\t\t\t<\/h2>\n\t\t\t\t\n\t\t\t\t\t\t\t\t\t<div class=\"elementor-cta__description elementor-cta__content-item elementor-content-item\">\n\t\t\t\t\t\t<p style=\"text-align: center; !important;\">Consulte nuestro blog para obtener art\u00edculos recientes relacionados con la FIV y la infertilidad.<\/p>\t\t\t\t\t<\/div>\n\t\t\t\t\n\t\t\t\t\t\t\t<\/div>\n\t\t\t\t\t\t\t<div class=\"elementor-ribbon elementor-ribbon-left\">\n\t\t\t\t<div class=\"elementor-ribbon-inner\">Blog<\/div>\n\t\t\t<\/div>\n\t\t\t\t<\/a>\n\t\t\t\t<\/div>\n\t\t\t\t<\/div>\n\t\t\t\t\t<\/div>\n\t\t<\/div>\n\t\t\t\t\t\t\t<\/div>\n\t\t<\/section>\n\t\t\t\t\t<\/div>\n\t\t<\/div>\n\t\t\t\t\t\t\t<\/div>\n\t\t<\/section>\n\t\t\t\t\t\t\t<\/div>","protected":false},"excerpt":{"rendered":"<p>\u00bfQui\u00e9n es el asistente? \u00bfProf. Dr. Idil Aslan? Asistente. Prof. Dr. Idil Aslan Genetista \/ Director de laboratorio Antecedentes acad\u00e9micos Licenciatura en la Universidad de Ankara, Facultad de Ciencias, Departamento de Biolog\u00eda Maestr\u00eda en la Universidad de Ankara, Facultad de Medicina Veterinaria Departamento de Bioqu\u00edmica Doctorado en la Universidad de Ankara, Instituto de Biotecnolog\u00eda Departamento de Gen\u00e9tica Molecular Cursos y certificadosPedag\u00f3gico Formaci\u00f3n: Profesi\u00f3n docente en 1994-1995Idioma: Ingl\u00e9s Holborn [\u2026]<\/p>","protected":false},"author":1,"featured_media":0,"parent":0,"menu_order":0,"comment_status":"closed","ping_status":"closed","template":"elementor_header_footer","meta":{"footnotes":""},"categories":[],"tags":[],"class_list":["post-3296","page","type-page","status-publish","hentry"],"yoast_head":"<!-- This site is optimized with the Yoast SEO plugin v24.3 - https:\/\/yoast.com\/wordpress\/plugins\/seo\/ -->\n<title>Dr. Idil Aslan - North Cyprus IVF<\/title>\n<meta name=\"robots\" content=\"index, follow, max-snippet:-1, max-image-preview:large, max-video-preview:-1\" \/>\n<link rel=\"canonical\" href=\"https:\/\/www.lowcostivf.net\/es\/dr-idil-aslan\/\" \/>\n<meta property=\"og:locale\" content=\"es_ES\" \/>\n<meta property=\"og:type\" content=\"article\" \/>\n<meta property=\"og:title\" content=\"Dr. Idil Aslan - North Cyprus IVF\" \/>\n<meta property=\"og:description\" content=\"Who is Asst. Prof. Dr. Idil Aslan? Asst. Prof. Dr. Idil Aslan Geneticist \/ Laboratory Director\u200b Academic Background BS-Ankara University, Faculy of Science, Department of BiologyMS- Ankara University, Faculty of Veterinary Medicine Department of BiochemistryPhD- Ankara University, Institue of Biotecnology Department of Molecular Genetics Courses and CertificatesPedagogic Formation: Profession of teaching in 1994-1995Language: Holborn English [&hellip;]\" \/>\n<meta property=\"og:url\" content=\"https:\/\/www.lowcostivf.net\/es\/dr-idil-aslan\/\" \/>\n<meta property=\"og:site_name\" content=\"North Cyprus IVF\" \/>\n<meta property=\"article:publisher\" content=\"https:\/\/www.facebook.com\/northcyprusivf\/\" \/>\n<meta property=\"article:modified_time\" content=\"2023-11-19T14:15:20+00:00\" \/>\n<meta property=\"og:image\" content=\"https:\/\/www.lowcostivf.net\/wp-content\/uploads\/2019\/12\/dr_idil_aslan.jpg\" \/>\n<meta name=\"twitter:card\" content=\"summary_large_image\" \/>\n<meta name=\"twitter:label1\" content=\"Tiempo de lectura\" \/>\n\t<meta name=\"twitter:data1\" content=\"2 minutos\" \/>\n<script type=\"application\/ld+json\" class=\"yoast-schema-graph\">{\"@context\":\"https:\/\/schema.org\",\"@graph\":[{\"@type\":\"WebPage\",\"@id\":\"https:\/\/www.lowcostivf.net\/dr-idil-aslan\/\",\"url\":\"https:\/\/www.lowcostivf.net\/dr-idil-aslan\/\",\"name\":\"Dr. Idil Aslan - North Cyprus IVF\",\"isPartOf\":{\"@id\":\"https:\/\/www.lowcostivf.net\/#website\"},\"primaryImageOfPage\":{\"@id\":\"https:\/\/www.lowcostivf.net\/dr-idil-aslan\/#primaryimage\"},\"image\":{\"@id\":\"https:\/\/www.lowcostivf.net\/dr-idil-aslan\/#primaryimage\"},\"thumbnailUrl\":\"https:\/\/www.lowcostivf.net\/wp-content\/uploads\/2019\/12\/dr_idil_aslan.jpg\",\"datePublished\":\"2019-12-20T14:04:54+00:00\",\"dateModified\":\"2023-11-19T14:15:20+00:00\",\"breadcrumb\":{\"@id\":\"https:\/\/www.lowcostivf.net\/dr-idil-aslan\/#breadcrumb\"},\"inLanguage\":\"es\",\"potentialAction\":[{\"@type\":\"ReadAction\",\"target\":[\"https:\/\/www.lowcostivf.net\/dr-idil-aslan\/\"]}]},{\"@type\":\"ImageObject\",\"inLanguage\":\"es\",\"@id\":\"https:\/\/www.lowcostivf.net\/dr-idil-aslan\/#primaryimage\",\"url\":\"https:\/\/www.lowcostivf.net\/wp-content\/uploads\/2019\/12\/dr_idil_aslan.jpg\",\"contentUrl\":\"https:\/\/www.lowcostivf.net\/wp-content\/uploads\/2019\/12\/dr_idil_aslan.jpg\"},{\"@type\":\"BreadcrumbList\",\"@id\":\"https:\/\/www.lowcostivf.net\/dr-idil-aslan\/#breadcrumb\",\"itemListElement\":[{\"@type\":\"ListItem\",\"position\":1,\"name\":\"Home\",\"item\":\"https:\/\/www.lowcostivf.net\/\"},{\"@type\":\"ListItem\",\"position\":2,\"name\":\"Dr. Idil Aslan\"}]},{\"@type\":\"WebSite\",\"@id\":\"https:\/\/www.lowcostivf.net\/#website\",\"url\":\"https:\/\/www.lowcostivf.net\/\",\"name\":\"North Cyprus IVF\",\"description\":\"Highest IVF Success in Cyprus\",\"publisher\":{\"@id\":\"https:\/\/www.lowcostivf.net\/#organization\"},\"potentialAction\":[{\"@type\":\"SearchAction\",\"target\":{\"@type\":\"EntryPoint\",\"urlTemplate\":\"https:\/\/www.lowcostivf.net\/?s={search_term_string}\"},\"query-input\":{\"@type\":\"PropertyValueSpecification\",\"valueRequired\":true,\"valueName\":\"search_term_string\"}}],\"inLanguage\":\"es\"},{\"@type\":\"Organization\",\"@id\":\"https:\/\/www.lowcostivf.net\/#organization\",\"name\":\"North Cyprus IVF Centre\",\"alternateName\":\"Cyprus IVF Centre\",\"url\":\"https:\/\/www.lowcostivf.net\/\",\"logo\":{\"@type\":\"ImageObject\",\"inLanguage\":\"es\",\"@id\":\"https:\/\/www.lowcostivf.net\/#\/schema\/logo\/image\/\",\"url\":\"https:\/\/www.lowcostivf.net\/wp-content\/uploads\/2023\/08\/logo-cyprus-ivf-center-logo.png\",\"contentUrl\":\"https:\/\/www.lowcostivf.net\/wp-content\/uploads\/2023\/08\/logo-cyprus-ivf-center-logo.png\",\"width\":300,\"height\":300,\"caption\":\"North Cyprus IVF Centre\"},\"image\":{\"@id\":\"https:\/\/www.lowcostivf.net\/#\/schema\/logo\/image\/\"},\"sameAs\":[\"https:\/\/www.facebook.com\/northcyprusivf\/\"]}]}<\/script>\n<!-- \/ Yoast SEO plugin. -->","yoast_head_json":{"title":"Dr. Idil Aslan - North Cyprus IVF","robots":{"index":"index","follow":"follow","max-snippet":"max-snippet:-1","max-image-preview":"max-image-preview:large","max-video-preview":"max-video-preview:-1"},"canonical":"https:\/\/www.lowcostivf.net\/es\/dr-idil-aslan\/","og_locale":"es_ES","og_type":"article","og_title":"Dr. Idil Aslan - North Cyprus IVF","og_description":"Who is Asst. Prof. Dr. Idil Aslan? Asst. Prof. Dr. Idil Aslan Geneticist \/ Laboratory Director\u200b Academic Background BS-Ankara University, Faculy of Science, Department of BiologyMS- Ankara University, Faculty of Veterinary Medicine Department of BiochemistryPhD- Ankara University, Institue of Biotecnology Department of Molecular Genetics Courses and CertificatesPedagogic Formation: Profession of teaching in 1994-1995Language: Holborn English [&hellip;]","og_url":"https:\/\/www.lowcostivf.net\/es\/dr-idil-aslan\/","og_site_name":"North Cyprus IVF","article_publisher":"https:\/\/www.facebook.com\/northcyprusivf\/","article_modified_time":"2023-11-19T14:15:20+00:00","og_image":[{"url":"https:\/\/www.lowcostivf.net\/wp-content\/uploads\/2019\/12\/dr_idil_aslan.jpg","type":"","width":"","height":""}],"twitter_card":"summary_large_image","twitter_misc":{"Tiempo de lectura":"2 minutos"},"schema":{"@context":"https:\/\/schema.org","@graph":[{"@type":"WebPage","@id":"https:\/\/www.lowcostivf.net\/dr-idil-aslan\/","url":"https:\/\/www.lowcostivf.net\/dr-idil-aslan\/","name":"Dr. Idil Aslan - North Cyprus IVF","isPartOf":{"@id":"https:\/\/www.lowcostivf.net\/#website"},"primaryImageOfPage":{"@id":"https:\/\/www.lowcostivf.net\/dr-idil-aslan\/#primaryimage"},"image":{"@id":"https:\/\/www.lowcostivf.net\/dr-idil-aslan\/#primaryimage"},"thumbnailUrl":"https:\/\/www.lowcostivf.net\/wp-content\/uploads\/2019\/12\/dr_idil_aslan.jpg","datePublished":"2019-12-20T14:04:54+00:00","dateModified":"2023-11-19T14:15:20+00:00","breadcrumb":{"@id":"https:\/\/www.lowcostivf.net\/dr-idil-aslan\/#breadcrumb"},"inLanguage":"es","potentialAction":[{"@type":"ReadAction","target":["https:\/\/www.lowcostivf.net\/dr-idil-aslan\/"]}]},{"@type":"ImageObject","inLanguage":"es","@id":"https:\/\/www.lowcostivf.net\/dr-idil-aslan\/#primaryimage","url":"https:\/\/www.lowcostivf.net\/wp-content\/uploads\/2019\/12\/dr_idil_aslan.jpg","contentUrl":"https:\/\/www.lowcostivf.net\/wp-content\/uploads\/2019\/12\/dr_idil_aslan.jpg"},{"@type":"BreadcrumbList","@id":"https:\/\/www.lowcostivf.net\/dr-idil-aslan\/#breadcrumb","itemListElement":[{"@type":"ListItem","position":1,"name":"Home","item":"https:\/\/www.lowcostivf.net\/"},{"@type":"ListItem","position":2,"name":"Dr. Idil Aslan"}]},{"@type":"WebSite","@id":"https:\/\/www.lowcostivf.net\/#website","url":"https:\/\/www.lowcostivf.net\/","name":"North Cyprus IVF","description":"Highest IVF Success in Cyprus","publisher":{"@id":"https:\/\/www.lowcostivf.net\/#organization"},"potentialAction":[{"@type":"SearchAction","target":{"@type":"EntryPoint","urlTemplate":"https:\/\/www.lowcostivf.net\/?s={search_term_string}"},"query-input":{"@type":"PropertyValueSpecification","valueRequired":true,"valueName":"search_term_string"}}],"inLanguage":"es"},{"@type":"Organization","@id":"https:\/\/www.lowcostivf.net\/#organization","name":"North Cyprus IVF Centre","alternateName":"Cyprus IVF Centre","url":"https:\/\/www.lowcostivf.net\/","logo":{"@type":"ImageObject","inLanguage":"es","@id":"https:\/\/www.lowcostivf.net\/#\/schema\/logo\/image\/","url":"https:\/\/www.lowcostivf.net\/wp-content\/uploads\/2023\/08\/logo-cyprus-ivf-center-logo.png","contentUrl":"https:\/\/www.lowcostivf.net\/wp-content\/uploads\/2023\/08\/logo-cyprus-ivf-center-logo.png","width":300,"height":300,"caption":"North Cyprus IVF Centre"},"image":{"@id":"https:\/\/www.lowcostivf.net\/#\/schema\/logo\/image\/"},"sameAs":["https:\/\/www.facebook.com\/northcyprusivf\/"]}]}},"_links":{"self":[{"href":"https:\/\/www.lowcostivf.net\/es\/wp-json\/wp\/v2\/pages\/3296"}],"collection":[{"href":"https:\/\/www.lowcostivf.net\/es\/wp-json\/wp\/v2\/pages"}],"about":[{"href":"https:\/\/www.lowcostivf.net\/es\/wp-json\/wp\/v2\/types\/page"}],"author":[{"embeddable":true,"href":"https:\/\/www.lowcostivf.net\/es\/wp-json\/wp\/v2\/users\/1"}],"replies":[{"embeddable":true,"href":"https:\/\/www.lowcostivf.net\/es\/wp-json\/wp\/v2\/comments?post=3296"}],"version-history":[{"count":12,"href":"https:\/\/www.lowcostivf.net\/es\/wp-json\/wp\/v2\/pages\/3296\/revisions"}],"predecessor-version":[{"id":12228,"href":"https:\/\/www.lowcostivf.net\/es\/wp-json\/wp\/v2\/pages\/3296\/revisions\/12228"}],"wp:attachment":[{"href":"https:\/\/www.lowcostivf.net\/es\/wp-json\/wp\/v2\/media?parent=3296"}],"wp:term":[{"taxonomy":"category","embeddable":true,"href":"https:\/\/www.lowcostivf.net\/es\/wp-json\/wp\/v2\/categories?post=3296"},{"taxonomy":"post_tag","embeddable":true,"href":"https:\/\/www.lowcostivf.net\/es\/wp-json\/wp\/v2\/tags?post=3296"}],"curies":[{"name":"wp","href":"https:\/\/api.w.org\/{rel}","templated":true}]}}