{"id":724,"date":"2019-10-27T11:29:31","date_gmt":"2019-10-27T11:29:31","guid":{"rendered":"https:\/\/www.lowcostivf.net\/pruebas-de-infertilidad\/"},"modified":"2019-11-13T14:00:46","modified_gmt":"2019-11-13T14:00:46","slug":"pruebas-de-infertilidad","status":"publish","type":"page","link":"https:\/\/www.lowcostivf.net\/de\/pruebas-de-infertilidad\/","title":{"rendered":"Pruebas De Infertilidad"},"content":{"rendered":"<h2 class=\"wsite-content-title\">PRUEBAS DE INFERTILIDAD<\/h2>\n<p><strong>Wie interpretiere ich die Hormonanalyse und die ESPERMA-Analyse?<\/strong><br \/>\nJeder Patient ist einmalig und jeder Patient ben\u00f6tigt wahrscheinlich ein pers\u00f6nliches Behandlungsprotokoll, das auf der Geschichte der Unfruchtbarkeit, den Voruntersuchungen der Fruchtbarkeit und\/oder der Behandlung basiert. Wenn Sie weitere Informationen \u00fcber Ihre Unfruchtbarkeitsgeschichte erhalten, k\u00f6nnen wir auch Ihre Notwendigkeiten und besonderen Anforderungen mitteilen. Bei der IVF in Nordzypern besteht unsere Priorit\u00e4t darin, darauf zu achten, dass jeder Patient eine personalisierte Aufmerksamkeit erh\u00e4lt und dass jedes Behandlungsprotokoll entsprechend den Anforderungen jedes einzelnen Patienten sorgf\u00e4ltig vorbereitet wird.<\/p>\n<p>Bevor Sie eine wirksame Behandlungsstrategie formulieren k\u00f6nnen. Es ist sehr wichtig, dass wir viele Testergebnisse erhalten haben, denn wir m\u00fcssen uns speziell \u00fcber die Faktoren informieren, die die Unfruchtbarkeit beeintr\u00e4chtigen. Wir k\u00f6nnen die Fruchtbarkeitstests in zwei Kategorien wie Tests von Frauen und M\u00e4nnern analysieren:<\/p>\n<p><strong>Prueba de Infertilidad Femenina:<\/strong><br \/>\nDie Pr\u00fcfung der Unfruchtbarkeit der Frau erfolgt gemeinsam mit einer Reihe hormoneller Pr\u00fcfungen zusammen mit einem Sonogramm. Dies ist der Grundstein f\u00fcr die Beurteilung der Fruchtbarkeit bei Frauen, bis zu dem Zeitpunkt, an dem eine Untersuchung auf einer anderen Seite durchgef\u00fchrt werden muss.<\/p>\n<ol>\n<li>Hormonelle Tests: Eine der wichtigsten Informationen, die bei der Beurteilung der weiblichen Fruchtbarkeit erforderlich sind. Die Bewertung der Eierst\u00f6cke wird auf die Zusammenstellung der Informationen \u00fcber die Eierreserven des Patienten und die wahrscheinliche Qualit\u00e4t der Eizellen verwiesen. Die Hormone, die mit der Reproduktionsfunktion des Patienten zusammenh\u00e4ngen, sind folgende:<\/li>\n<\/ol>\n<p><em>Follikelstimulierendes Hormon FSH (follikelstimulierendes Hormon): <\/em>Dieses spezielle Hormon wird von der Hypophyse produziert. Das FSH-Hormon stimuliert die Granulozytenzellen, die sich in den Eierst\u00f6cken befinden und die Produktion von \u00d6strogen beeintr\u00e4chtigen. Die erh\u00f6hten FSH-Niveaus sind ein Hinweis darauf, dass der Eileiter einer Frau (Ov\u00e1rica-Reserve) abgenommen hat, oder abgenommen hat, deshalb ist die Hypophyse mehr frei, um diesen Verlust zu kompensieren. Typischerweise haben sich die FSH-Werte bereits vor einem Jahr auf nat\u00fcrliche Weise entwickelt, bevor eine Frau in die Wechseljahre eintritt, und Frauen in der Menopause k\u00f6nnen FSH-Werte erreichen, die zwischen 25,8 und 134,8 mIU\/ml liegen.<\/p>\n<p><em>Hormona Luteinizante LH (Luteinisierendes Hormon):<\/em> Das LH-Hormon wird auch von der Hypophyse produziert. In den Gehirnen wird der Eisprung der Eierst\u00f6cke durch eine gro\u00dfe Explosion der LH-Sekretion ausgel\u00f6st, weshalb das LH-Hormon f\u00fcr die Reifung und den endg\u00fcltigen Bruch des Eileiters verantwortlich ist.<\/p>\n<p><em>\u00d6stradiol E2<\/em>: \u00d6stradiol ist eine Form des \u00d6strogenhormons. Bei Frauen wird \u00d6stradiol in den Eierst\u00f6cken und den Nebennieren produziert. Es wird auch w\u00e4hrend der Schwangerschaft auf der Plazenta produziert. \u00d6stradiol ist mit der Steigerung der weiblichen Sexualorgane verbunden und weist auch auf die Funktion der Eierst\u00f6cke einer Frau hin.<\/p>\n<p><em>Hormonstimulierendes Hormon <\/em><em>TSH (Schilddr\u00fcsenstimulierendes Hormon).<\/em><em>): <\/em>Die Produktion von TSH impliziert eine Reihe von Ereignissen. Die H\u00fcfte produziert ein TRH-Hormon, das die H\u00fcfte zur Freisetzung von TSH herabsetzt. Dieses Hormon hilft uns, die Probleme der Schilddr\u00fcse zu untersuchen. Probleme mit der Schwangerschaft k\u00f6nnen zu einer Reihe von Symptomen f\u00fchren, die auch von der Fruchtbarkeit betroffen sind.<\/p>\n<p><em>Hormona Anti-Mulleriana AMH (Anti-M\u00fcller-Hormon): <\/em>Die AMH-Werte weisen auf die Zunahme kleiner Follikel in den Eierst\u00f6cken hin. Das AMH wird direkt aus den Granulatzellen in den Eierstockfolien hergestellt. AMH akzeptierte daher eine genauere Betrachtung der Reserven im Vergleich mit FSH. Dies ist ein besonderes Anliegen f\u00fcr Frauen, die noch mehr Zeit haben. F\u00fcr \u00e4ltere Patienten im Alter von 35 Jahren ergaben die Ergebnisse der Hormonuntersuchungen ohne AMH-Medikament keine vollst\u00e4ndige Beurteilung des Fruchtbarkeitsniveaus.<\/p>\n<p>Im Idealfall sollten die Hormontests am 2. oder 3. Tag Ihrer Menstruationsperiode durchgef\u00fchrt werden, um eine genaue Beurteilung zu erm\u00f6glichen. Der normale Zustand dieser Hormone liegt in den folgenden Punkten:<\/p>\n<p>Rango normal f\u00fcr hormonelle Tests<\/p>\n<p><strong>Prueba Rango normale Unidad de medida<\/strong><\/p>\n<p>FSH 2,9 \u2013 12,0 mUI\/ml<br \/>\nLH 1,5 \u2013 8,0 mUI\/ml<br \/>\n\u00d6stradiol 18,0 \u2013 147,0 pg\/ml<br \/>\nProlaktin 5,0 \u2013 35,0 ng\/ml<br \/>\nTSH 0,25 \u2013 5,0 mUI\/ml<\/p>\n<p>AMH<br \/>\n&lt; 0,3 ng\/ml Sehr geringe Fruchtbarkeit<br \/>\n0,3 \u2013 1,0 ng\/ml Geringe Fruchtbarkeit<br \/>\n1,0 \u2013 3,0 ng\/ml Optimale Fruchtbarkeit<br \/>\n&gt; 3,0 ng\/ml PCOS-Risiko<\/p>\n<p>Beachten Sie, dass es mehr als eine medizinische Treppe gibt. Ihr Labor kann die Hormonwerte in ng\/ml, pmol\/lo miU\/ml oder je nach Bedarf variieren. Dies bedeutet, dass die Zahlen f\u00fcr Sie nicht so wichtig sind, dass die Zahl im Verh\u00e4ltnis zu einer mittleren Skala steht. Beispielsweise ist ein AMH-Wert von 5 nicht von Bedeutung, da ein AMH-Wert von 5 ng\/ml ein optimales Fruchtbarkeitsniveau anzeigt, mit der M\u00f6glichkeit von SOP, da ein AMH-Wert von 5 pmol\/ml einen Wert anzeigt Nivel de fertilidad casi nicht nachweisbar. Dar\u00fcber hinaus ist es wichtig, dass die medizinischen Ger\u00e4te und die medizinischen Ger\u00e4te gleichwertig sind. Die Referenzwerte des im Labor verwendeten Kits k\u00f6nnen sich von den vorherigen Werten unterscheiden. Wir sollten nur die vorherigen Nummern f\u00fcr Referenzzwecke nutzen und unsere FIV-Spezialisten davon abhalten, diese Nummern zu interpretieren, um eventuelle Verwirrung zu vermeiden.<\/p>\n<p>Es gab einen Irrtum, weil einige Patienten sich an die FSH-Pr\u00fcfung hielten. Wenn Sie einen FSH-Niveau erreicht haben, handelt es sich um einen Hinweis auf vorl\u00e4ufige Reserven. Da FSH derzeit kein ausreichender Parameter f\u00fcr die Auswertung ist, da sein FSH-Niveau \u00fcber der Grenze von 20 ng\/ml liegt, bedeutet dies, dass wahrscheinlich keine Reserven vorhanden sind. Wir haben einige Patienten mit alternativen Arzneimitteln und Kr\u00e4uterheilmitteln behandelt, um die FSH-H\u00f6hepunkte in unserem Leben zu reduzieren. Es ist keine gute Strategie. Unabh\u00e4ngig davon, welche Kr\u00e4uterheilmittel Sie verwenden, k\u00f6nnen Sie nicht darauf achten, dass Ihre Eierst\u00f6cke mehr Reserven produzieren. Jede Frau, die seit der Pubert\u00e4t ein M\u00e4dchen mit Eierstockreserven hat, nimmt in jedem Zyklus ihrer Menstruation ihre Reserven ab. Wenn Ihre Reserven nicht mehr vorhanden sind und Ihr Fruchtbarkeitsniveau abgenommen hat, ist es von entscheidender Bedeutung, dass Sie Ihre Behandlung genau planen und den Rat Ihres FIV-Spezialisten einhalten, um ein geeignetes Behandlungsprogramm f\u00fcr Ihre Bed\u00fcrfnisse zu erstellen. Verwenden Sie die alternative Medizin und die chinesische K\u00fcche, die Sie f\u00fcr die Restaurierung Ihrer Eierst\u00f6cke ben\u00f6tigen, ohne dass Sie sich die M\u00fche gemacht haben. Ohne Embargo, eine gut geplante L\u00f6sungsstrategie. Ohne Embargo k\u00f6nnen die auf der Grundlage des Protokolls erstellten Erg\u00e4nzungs- und Abhilfema\u00dfnahmen in das FIV-Protokoll aufgenommen werden, um die IVF-Medikamente zu erhalten und im Rahmen des Vertrags \u00fcber die \u201ebesseren Huevos\u201c der Eierst\u00f6cke, die Sie erhalten haben, mit gr\u00f6\u00dftm\u00f6glicher Wirksamkeit zu arbeiten.<\/p>\n<ol>\n<li>Linie der Basis, Ultraschall: Eine \u00d6kografie der Linie der Basis wurde am 2. oder 3. Tag meiner Menstruationsperiode durchgef\u00fchrt, die genau nach den hormonellen Tests verabreicht werden muss. Aus diesem Grund ist ein einziger Besuch in der Ginec\u00f3logo-Zentrale ausreichend, um die vorl\u00e4ufige Beurteilung der Unfruchtbarkeit durchzuf\u00fchren. Die Ergebnisse des Scans zeigen den Zustand der Eierst\u00f6cke, des Geb\u00e4rmutterhalses, der Anzahl der antralen Follikel und der Geb\u00e4rmutterschleimhaut an. Auf der Liste der antralischen Follikel stehen die Folikulos, die w\u00e4hrend der Behandlung mit FIV f\u00fcr den Eisprung geeignet sind. Eine aktuelle Gesamtzahl der antralen Folikulos von 5\/6 oder mehr ist ein Hinweis auf ein akzeptables Niveau der Eierstockreserven. Wenn die Anzahl der antralischen Follikel in jedem Eierstock 12 \u00fcberschreitet, muss der Patient einen potenziellen Kandidaten f\u00fcr PCOS in Betracht ziehen und ihn f\u00fcr eine geeignete Diagnose sorgf\u00e4ltig pr\u00fcfen. PCO oder PCOS k\u00f6nnen auch auf eine Beziehung zwischen LH und FH hinweisen, die deutlich \u00fcber dem Wert von (1) liegt. Abgesehen von der Untersuchung der Follikelh\u00f6hle bietet der Ultraschall auch eine Gelegenheit zur Beurteilung der Eizelle und der Geb\u00e4rmutter. Es muss sich um ein wichtiges Problem im Mutterleib oder um die Eierst\u00f6cke handeln, das durch eine Ausgangssperre gest\u00f6rt werden kann und w\u00e4hrend dieser Erkundung sichtbar sein muss.<\/li>\n<\/ol>\n<p><strong>Pruebas de infertilidad para hombres<\/strong><br \/>\nDie Pr\u00fcfung der m\u00e4nnlichen Unfruchtbarkeit erfolgt mit einer Samenanalyse. Die Analyse des Samens beurteilt das Sperma-Muskel in Bezug auf verschiedene Parameter wie Spermatozoen-Aufnahme, Konzentration, Beweglichkeit, Morphologie, Samenzellen-Aufnahme, pH-Wert und vieles mehr. Diese Parameter geben Aufschluss \u00fcber die F\u00e4higkeit des Samens, das Ei zu befruchten. Eine Analyse des produzierten Samens f\u00fchrte zu pr\u00e4ziseren Ergebnissen, nachdem sie drei oder vier Tage lang abstinent war (ohne sexuelle Aktivit\u00e4t). Im Idealfall sollten Sie vor der Planung nicht zu viel Alkohol oder Tabakprodukte konsumieren. Die WHO-Kriterien f\u00fcr die normalen Werte der Zukunft sind:<\/p>\n<p><strong><em>WHO-Kriterien f\u00fcr die Esperma-Bewertung<\/em><\/strong><br \/>\nVolumen:&gt; 2,0 ml<br \/>\nKonzentration:&gt; 20 Millionen \/ ml (dies kann auch als \u201eEmpfangsbeh\u00e4lter\u201c bezeichnet werden)<br \/>\nBeweglichkeit:&gt; 50% (Enthalten in den Beweglichkeitskategorien A, B und C)<br \/>\nMorfologie:&gt; 30% mit normaler Morfologie (Wenn diese Stufe der Morfologie als normal angesehen wird, wird sie im Gro\u00dfen und Ganzen von 4% als normale Morfologie angenommen und als normal gepr\u00fcft.<br \/>\nWei\u00dfe Gl\u00f3bulos (C\u00e9lulas Redondas): &lt;1 Million \/ ml<br \/>\nPH: 7,2 \u2013 7,8<\/p>\n<p>Diese Parameter sind bei einer Samenanalyse von entscheidender Bedeutung. Andere Tests k\u00f6nnen nicht von der Geschichte Ihrer Unfruchtbarkeit, Tests oder Behandlungen abh\u00e4ngen. Wenn die vorangegangenen Parameter die Mindestanforderungen eines von der Organisation Mundial de la Salud WHO festgelegten Ministeriums f\u00fcr Geisteskrankheit erf\u00fcllen, bitten wir Sie, die normalen Werte zu \u00fcberpr\u00fcfen, die Sie in einem Ministerium f\u00fcr Geisteskrankheit pr\u00e4sentieren m\u00fcssen, um w\u00e4hrend des Paares eine nat\u00fcrliche Vertrautheit zu erlangen. W\u00e4hrend der Behandlungen bei der IVF, einer Reihe von Versuchen mit Esperma-Muskeln, die ein weitaus geringeres Verst\u00e4ndnis von Espermatozoen, der Beweglichkeit und der Morphologie haben. Die dringendsten Anforderungen, die von der WHO gestellt werden m\u00fcssen, k\u00f6nnen die folgende Vorgehensweise klassifizieren:<\/p>\n<p><strong>Oligozoospermie<\/strong> Schauen Sie sich die Zahl der Bakterien im Labor an und pr\u00fcfen Sie, ob die von der WHO festgelegten normalen Parameter am h\u00f6chsten sind. Der normale Bereich der Espermatozoen-Erkrankung liegt \u00fcber 20 Millionen \/ ml, daher weisen M\u00e4nner mit einer Analyse der Espermatozoen darauf hin, dass eine Espermatoden-Erkrankung unter 20 Millionen \/ ml in Betracht gezogen wird, die zur Kategorie der Oligozoospermie (Oligozoospermie) geh\u00f6rt.<\/p>\n<p><strong>Astenozoospermie <\/strong>Bitte beachten Sie, dass das Ger\u00e4t nicht in der Lage ist, sich zu bewegen. Die F\u00e4higkeit, die Esperma zu bewegen, ist direkt mit ihrer F\u00e4higkeit verbunden, die Geb\u00e4rmutter zu bewegen, die Trompas von Falopio zu nehmen und die Eizellen zu befruchten. Wenn die Beweglichkeit geringer ist, ist die Kapazit\u00e4t der Espermatozoen geringer, um die Haut zu reinigen und zu d\u00fcngen. Aufgrund der FIV\/ICSI-Technologie handelt es sich jedoch um einen Unfruchtbarkeitsfaktor, der leicht korrigiert werden kann.<\/p>\n<p><strong>Teratozoospermie <\/strong>Stellen Sie sicher, dass ein normaler Zellinhalt erreicht ist. In anderen F\u00e4llen wird die Teratospermie (Teratozoospermie) im Auge auf ein hohes Niveau an espermatischen Zellen zur\u00fcckgef\u00fchrt, die als \u201eanormal\u201c angesehen werden. Estas Anomalien k\u00f6nnen mit Defekten in der Kabine, am Cola oder in der Zentrale korrespondieren. Abh\u00e4ngig von der vorliegenden Espermanomalie und den anderen Parametern des Esperators k\u00f6nnen Behandlungsmethoden wie ICSI oder MicroFluidic Chip zu einer geeigneten L\u00f6sung f\u00fchren.<\/p>\n<p><strong>Azoospermie <\/strong>Es handelt sich um einen Zustand, der durch die Gesamtheit der Espermatoden im Esperma gekennzeichnet ist. Die Azoospermie kann als Azoospermie obstruktiv oder Azoospermie nicht obstruktiv klassifiziert werden. Abh\u00e4ngig von Ihrer Diagnose k\u00f6nnen die Methoden zur Entnahme von Esperma von Mitarbeitern und einer erfolgreichen FIV-Behandlung \u00fcbernommen werden.<\/p>\n<p>Sie m\u00fcssen sich darauf verlassen, dass Sie die grundlegenden Pr\u00fcfungen durchgef\u00fchrt haben, um Ihr Fruchtbarkeitsniveau zu bewerten. Wenn Sie sich vor mehr als einem Jahr mit der Konzeption befasst haben und nicht in der Lage sind, die Pr\u00fcfung zu verfassen, werden die auf dieser Seite aufgef\u00fchrten Pr\u00fcfungen bereits in der ersten Pr\u00fcfungsrunde durchgef\u00fchrt, damit eine erste Bewertung durchgef\u00fchrt werden kann. Es gibt jedoch noch viele andere Tests, die Sie realisieren k\u00f6nnen, um andere m\u00f6gliche Probleme mit der Unfruchtbarkeit aufzudecken. Wenn auf dieser Seite keine vollst\u00e4ndige Liste aller vorhandenen Unfruchtbarkeitstests angeboten wird, handelt es sich um eine sehr gute Anleitung f\u00fcr eine erste Bewertung. Da die G\u00e4ste mit einigen Unfruchtbarkeitstests und Diagnosebildern besch\u00e4ftigt sind, kann es sich auch um eine gute Idee handeln, um mit der FIV-Behandlung fortzufahren, und wenn die Fruchtbarkeitsniveaus akzeptable Parameter anzeigen.<\/p>\n<p>Damit Sie sich jederzeit \u00fcber diese Themen informieren k\u00f6nnen, verwenden Sie bitte das Kontaktformular, um mit uns Kontakt aufzunehmen und uns mit Ihren Antworten zu unterhalten.<\/p>","protected":false},"excerpt":{"rendered":"<p>PR\u00dcFEN AUF UNFRUCHTBARKEIT \u200bWie interpretiere ich die Pr\u00fcfung von Hormonen und die Analyse von ESPERMA? Jeder Patient ist einmalig und jeder Patient ben\u00f6tigt wahrscheinlich ein pers\u00f6nliches Behandlungsprotokoll, das auf der Geschichte der Unfruchtbarkeit, den Voruntersuchungen der Fruchtbarkeit und\/oder der Behandlung basiert. Weitere Informationen erhalten Sie \u00fcber Ihre Geschichte von [\u2026]<\/p>","protected":false},"author":1,"featured_media":1417,"parent":0,"menu_order":0,"comment_status":"closed","ping_status":"closed","template":"","meta":{"footnotes":""},"categories":[],"tags":[],"class_list":["post-724","page","type-page","status-publish","has-post-thumbnail","hentry"],"yoast_head":"<!-- This site is optimized with the Yoast SEO plugin v24.3 - https:\/\/yoast.com\/wordpress\/plugins\/seo\/ -->\n<title>Pruebas De Infertilidad - North Cyprus IVF<\/title>\n<meta name=\"robots\" content=\"index, follow, max-snippet:-1, max-image-preview:large, max-video-preview:-1\" \/>\n<link rel=\"canonical\" href=\"https:\/\/www.lowcostivf.net\/de\/pruebas-de-infertilidad\/\" \/>\n<meta property=\"og:locale\" content=\"de_DE\" \/>\n<meta property=\"og:type\" content=\"article\" \/>\n<meta property=\"og:title\" content=\"Pruebas De Infertilidad - North Cyprus IVF\" \/>\n<meta property=\"og:description\" content=\"PRUEBAS DE INFERTILIDAD \u200b\u00bfC\u00d3MO INTERPRETAR LA PRUEBA DE HORMONAS Y EL AN\u00c1LISIS DE ESPERMA? Cada paciente es \u00fanico y cada paciente es probable que requiera un protocolo de tratamiento personalizado basado en su propia historia de infertilidad, antecedentes de pruebas de fertilidad y \/ o tratamientos. Cuanta m\u00e1s informaci\u00f3n obtenemos acerca de su historial de [&hellip;]\" \/>\n<meta property=\"og:url\" content=\"https:\/\/www.lowcostivf.net\/de\/pruebas-de-infertilidad\/\" \/>\n<meta property=\"og:site_name\" content=\"North Cyprus IVF\" \/>\n<meta property=\"article:publisher\" content=\"https:\/\/www.facebook.com\/northcyprusivf\/\" \/>\n<meta property=\"article:modified_time\" content=\"2019-11-13T14:00:46+00:00\" \/>\n<meta property=\"og:image\" content=\"https:\/\/www.lowcostivf.net\/wp-content\/uploads\/2019\/11\/Pruebas-De-Infertilidad.jpg\" \/>\n\t<meta property=\"og:image:width\" content=\"1140\" \/>\n\t<meta property=\"og:image:height\" content=\"570\" \/>\n\t<meta property=\"og:image:type\" content=\"image\/jpeg\" \/>\n<meta name=\"twitter:card\" content=\"summary_large_image\" \/>\n<meta name=\"twitter:label1\" content=\"Gesch\u00e4tzte Lesezeit\" \/>\n\t<meta name=\"twitter:data1\" content=\"12\u00a0Minuten\" \/>\n<script type=\"application\/ld+json\" class=\"yoast-schema-graph\">{\"@context\":\"https:\/\/schema.org\",\"@graph\":[{\"@type\":\"WebPage\",\"@id\":\"https:\/\/www.lowcostivf.net\/pruebas-de-infertilidad\/\",\"url\":\"https:\/\/www.lowcostivf.net\/pruebas-de-infertilidad\/\",\"name\":\"Pruebas De Infertilidad - North Cyprus IVF\",\"isPartOf\":{\"@id\":\"https:\/\/www.lowcostivf.net\/#website\"},\"primaryImageOfPage\":{\"@id\":\"https:\/\/www.lowcostivf.net\/pruebas-de-infertilidad\/#primaryimage\"},\"image\":{\"@id\":\"https:\/\/www.lowcostivf.net\/pruebas-de-infertilidad\/#primaryimage\"},\"thumbnailUrl\":\"https:\/\/www.lowcostivf.net\/wp-content\/uploads\/2019\/11\/Pruebas-De-Infertilidad.jpg\",\"datePublished\":\"2019-10-27T11:29:31+00:00\",\"dateModified\":\"2019-11-13T14:00:46+00:00\",\"breadcrumb\":{\"@id\":\"https:\/\/www.lowcostivf.net\/pruebas-de-infertilidad\/#breadcrumb\"},\"inLanguage\":\"de\",\"potentialAction\":[{\"@type\":\"ReadAction\",\"target\":[\"https:\/\/www.lowcostivf.net\/pruebas-de-infertilidad\/\"]}]},{\"@type\":\"ImageObject\",\"inLanguage\":\"de\",\"@id\":\"https:\/\/www.lowcostivf.net\/pruebas-de-infertilidad\/#primaryimage\",\"url\":\"https:\/\/www.lowcostivf.net\/wp-content\/uploads\/2019\/11\/Pruebas-De-Infertilidad.jpg\",\"contentUrl\":\"https:\/\/www.lowcostivf.net\/wp-content\/uploads\/2019\/11\/Pruebas-De-Infertilidad.jpg\",\"width\":1140,\"height\":570},{\"@type\":\"BreadcrumbList\",\"@id\":\"https:\/\/www.lowcostivf.net\/pruebas-de-infertilidad\/#breadcrumb\",\"itemListElement\":[{\"@type\":\"ListItem\",\"position\":1,\"name\":\"Home\",\"item\":\"https:\/\/www.lowcostivf.net\/\"},{\"@type\":\"ListItem\",\"position\":2,\"name\":\"Pruebas De Infertilidad\"}]},{\"@type\":\"WebSite\",\"@id\":\"https:\/\/www.lowcostivf.net\/#website\",\"url\":\"https:\/\/www.lowcostivf.net\/\",\"name\":\"North Cyprus IVF\",\"description\":\"Highest IVF Success in Cyprus\",\"publisher\":{\"@id\":\"https:\/\/www.lowcostivf.net\/#organization\"},\"potentialAction\":[{\"@type\":\"SearchAction\",\"target\":{\"@type\":\"EntryPoint\",\"urlTemplate\":\"https:\/\/www.lowcostivf.net\/?s={search_term_string}\"},\"query-input\":{\"@type\":\"PropertyValueSpecification\",\"valueRequired\":true,\"valueName\":\"search_term_string\"}}],\"inLanguage\":\"de\"},{\"@type\":\"Organization\",\"@id\":\"https:\/\/www.lowcostivf.net\/#organization\",\"name\":\"North Cyprus IVF Centre\",\"alternateName\":\"Cyprus IVF Centre\",\"url\":\"https:\/\/www.lowcostivf.net\/\",\"logo\":{\"@type\":\"ImageObject\",\"inLanguage\":\"de\",\"@id\":\"https:\/\/www.lowcostivf.net\/#\/schema\/logo\/image\/\",\"url\":\"https:\/\/www.lowcostivf.net\/wp-content\/uploads\/2023\/08\/logo-cyprus-ivf-center-logo.png\",\"contentUrl\":\"https:\/\/www.lowcostivf.net\/wp-content\/uploads\/2023\/08\/logo-cyprus-ivf-center-logo.png\",\"width\":300,\"height\":300,\"caption\":\"North Cyprus IVF Centre\"},\"image\":{\"@id\":\"https:\/\/www.lowcostivf.net\/#\/schema\/logo\/image\/\"},\"sameAs\":[\"https:\/\/www.facebook.com\/northcyprusivf\/\"]}]}<\/script>\n<!-- \/ Yoast SEO plugin. -->","yoast_head_json":{"title":"Pruebas De Infertilidad - North Cyprus IVF","robots":{"index":"index","follow":"follow","max-snippet":"max-snippet:-1","max-image-preview":"max-image-preview:large","max-video-preview":"max-video-preview:-1"},"canonical":"https:\/\/www.lowcostivf.net\/de\/pruebas-de-infertilidad\/","og_locale":"de_DE","og_type":"article","og_title":"Pruebas De Infertilidad - North Cyprus IVF","og_description":"PRUEBAS DE INFERTILIDAD \u200b\u00bfC\u00d3MO INTERPRETAR LA PRUEBA DE HORMONAS Y EL AN\u00c1LISIS DE ESPERMA? Cada paciente es \u00fanico y cada paciente es probable que requiera un protocolo de tratamiento personalizado basado en su propia historia de infertilidad, antecedentes de pruebas de fertilidad y \/ o tratamientos. Cuanta m\u00e1s informaci\u00f3n obtenemos acerca de su historial de [&hellip;]","og_url":"https:\/\/www.lowcostivf.net\/de\/pruebas-de-infertilidad\/","og_site_name":"North Cyprus IVF","article_publisher":"https:\/\/www.facebook.com\/northcyprusivf\/","article_modified_time":"2019-11-13T14:00:46+00:00","og_image":[{"width":1140,"height":570,"url":"https:\/\/www.lowcostivf.net\/wp-content\/uploads\/2019\/11\/Pruebas-De-Infertilidad.jpg","type":"image\/jpeg"}],"twitter_card":"summary_large_image","twitter_misc":{"Gesch\u00e4tzte Lesezeit":"12\u00a0Minuten"},"schema":{"@context":"https:\/\/schema.org","@graph":[{"@type":"WebPage","@id":"https:\/\/www.lowcostivf.net\/pruebas-de-infertilidad\/","url":"https:\/\/www.lowcostivf.net\/pruebas-de-infertilidad\/","name":"Pruebas De Infertilidad - North Cyprus IVF","isPartOf":{"@id":"https:\/\/www.lowcostivf.net\/#website"},"primaryImageOfPage":{"@id":"https:\/\/www.lowcostivf.net\/pruebas-de-infertilidad\/#primaryimage"},"image":{"@id":"https:\/\/www.lowcostivf.net\/pruebas-de-infertilidad\/#primaryimage"},"thumbnailUrl":"https:\/\/www.lowcostivf.net\/wp-content\/uploads\/2019\/11\/Pruebas-De-Infertilidad.jpg","datePublished":"2019-10-27T11:29:31+00:00","dateModified":"2019-11-13T14:00:46+00:00","breadcrumb":{"@id":"https:\/\/www.lowcostivf.net\/pruebas-de-infertilidad\/#breadcrumb"},"inLanguage":"de","potentialAction":[{"@type":"ReadAction","target":["https:\/\/www.lowcostivf.net\/pruebas-de-infertilidad\/"]}]},{"@type":"ImageObject","inLanguage":"de","@id":"https:\/\/www.lowcostivf.net\/pruebas-de-infertilidad\/#primaryimage","url":"https:\/\/www.lowcostivf.net\/wp-content\/uploads\/2019\/11\/Pruebas-De-Infertilidad.jpg","contentUrl":"https:\/\/www.lowcostivf.net\/wp-content\/uploads\/2019\/11\/Pruebas-De-Infertilidad.jpg","width":1140,"height":570},{"@type":"BreadcrumbList","@id":"https:\/\/www.lowcostivf.net\/pruebas-de-infertilidad\/#breadcrumb","itemListElement":[{"@type":"ListItem","position":1,"name":"Home","item":"https:\/\/www.lowcostivf.net\/"},{"@type":"ListItem","position":2,"name":"Pruebas De Infertilidad"}]},{"@type":"WebSite","@id":"https:\/\/www.lowcostivf.net\/#website","url":"https:\/\/www.lowcostivf.net\/","name":"North Cyprus IVF","description":"Highest IVF Success in Cyprus","publisher":{"@id":"https:\/\/www.lowcostivf.net\/#organization"},"potentialAction":[{"@type":"SearchAction","target":{"@type":"EntryPoint","urlTemplate":"https:\/\/www.lowcostivf.net\/?s={search_term_string}"},"query-input":{"@type":"PropertyValueSpecification","valueRequired":true,"valueName":"search_term_string"}}],"inLanguage":"de"},{"@type":"Organization","@id":"https:\/\/www.lowcostivf.net\/#organization","name":"North Cyprus IVF Centre","alternateName":"Cyprus IVF Centre","url":"https:\/\/www.lowcostivf.net\/","logo":{"@type":"ImageObject","inLanguage":"de","@id":"https:\/\/www.lowcostivf.net\/#\/schema\/logo\/image\/","url":"https:\/\/www.lowcostivf.net\/wp-content\/uploads\/2023\/08\/logo-cyprus-ivf-center-logo.png","contentUrl":"https:\/\/www.lowcostivf.net\/wp-content\/uploads\/2023\/08\/logo-cyprus-ivf-center-logo.png","width":300,"height":300,"caption":"North Cyprus IVF Centre"},"image":{"@id":"https:\/\/www.lowcostivf.net\/#\/schema\/logo\/image\/"},"sameAs":["https:\/\/www.facebook.com\/northcyprusivf\/"]}]}},"_links":{"self":[{"href":"https:\/\/www.lowcostivf.net\/de\/wp-json\/wp\/v2\/pages\/724"}],"collection":[{"href":"https:\/\/www.lowcostivf.net\/de\/wp-json\/wp\/v2\/pages"}],"about":[{"href":"https:\/\/www.lowcostivf.net\/de\/wp-json\/wp\/v2\/types\/page"}],"author":[{"embeddable":true,"href":"https:\/\/www.lowcostivf.net\/de\/wp-json\/wp\/v2\/users\/1"}],"replies":[{"embeddable":true,"href":"https:\/\/www.lowcostivf.net\/de\/wp-json\/wp\/v2\/comments?post=724"}],"version-history":[{"count":1,"href":"https:\/\/www.lowcostivf.net\/de\/wp-json\/wp\/v2\/pages\/724\/revisions"}],"predecessor-version":[{"id":1418,"href":"https:\/\/www.lowcostivf.net\/de\/wp-json\/wp\/v2\/pages\/724\/revisions\/1418"}],"wp:featuredmedia":[{"embeddable":true,"href":"https:\/\/www.lowcostivf.net\/de\/wp-json\/wp\/v2\/media\/1417"}],"wp:attachment":[{"href":"https:\/\/www.lowcostivf.net\/de\/wp-json\/wp\/v2\/media?parent=724"}],"wp:term":[{"taxonomy":"category","embeddable":true,"href":"https:\/\/www.lowcostivf.net\/de\/wp-json\/wp\/v2\/categories?post=724"},{"taxonomy":"post_tag","embeddable":true,"href":"https:\/\/www.lowcostivf.net\/de\/wp-json\/wp\/v2\/tags?post=724"}],"curies":[{"name":"wp","href":"https:\/\/api.w.org\/{rel}","templated":true}]}}