{"id":696,"date":"2019-10-27T11:29:15","date_gmt":"2019-10-27T11:29:15","guid":{"rendered":"https:\/\/www.lowcostivf.net\/hpv-genotype-testing\/"},"modified":"2020-01-15T12:55:37","modified_gmt":"2020-01-15T12:55:37","slug":"hpv-genotype-testing","status":"publish","type":"page","link":"https:\/\/www.lowcostivf.net\/de\/hpv-genotype-testing\/","title":{"rendered":"HPV-Genotyptest"},"content":{"rendered":"<hr class=\"styled-hr\" style=\"width: 100%;\">\n<h2 class=\"wsite-content-title\" style=\"text-align: left;\">Testen auf das humane Papillomavirus (HPV).<\/h2>\n<p>Humanes Papillomavirus, HPV, ist die gebr\u00e4uchliche Bezeichnung f\u00fcr eine Gruppe von Viren, die Ihre Haut und feuchte Membranen Ihres K\u00f6rpers wie Geb\u00e4rmutterhals, Vulva, Vagina, Anus, Rachen und Mund befallen. Es gibt \u00fcber hundert Arten des HPV-Virus und etwa vierzig Arten des Virus befallen die menschlichen Genitalien.<\/p>\n<p>HPV ist eine sexuell \u00fcbertragbare Krankheit, die sehr h\u00e4ufig vorkommt. Bei den meisten Menschen ist es wahrscheinlich, dass sie irgendwann in ihrem Leben daran erkranken, und einige Arten des HPV-Virus verschwinden von selbst, ohne dass es bemerkt wird. J\u00fcngere Menschen sind anf\u00e4lliger f\u00fcr das HPV-Virus, m\u00f6glicherweise weil sie m\u00f6glicherweise sexuell aktiver sind oder weil wir mit zunehmendem Alter eine Immunit\u00e4t entwickeln.<\/p>\n<p>HPV kann abnormales Gewebewachstum oder Zellver\u00e4nderungen (sogenannte Dysplasie) verursachen, die zu ernsteren Problemen wie Geb\u00e4rmutterhalskrebs, Mastdarmkrebs, Mund- oder Rachenkrebs f\u00fchren k\u00f6nnen. H\u00e4ufiger verursacht HPV Genitalwarzen oder Warzen und Warzen an anderen Stellen der Haut, die mit ihnen in Kontakt gekommen sind. HPV-Typen, die Warzen und Warzen verursachen, verursachen normalerweise keine Zellver\u00e4nderungen, die sich zu Krebs entwickeln k\u00f6nnen. Sie werden als Niedrigrisiko-HPVs bezeichnet und kommen im Vergleich zu Hochrisiko-HPVs h\u00e4ufiger vor. Zu den Hochrisiko-HPV-St\u00e4mmen geh\u00f6ren HPV 16 und 18, die etwa 70% an Geb\u00e4rmutterhalskrebs verursachen. Zu den anderen Hochrisiko-HPV-Viren geh\u00f6ren 31, 35, 39, 45, 51, 52, 58 und einige andere. W\u00e4hrend wir hier sprechen, werden weitere St\u00e4mme entdeckt, daher gibt es keine endg\u00fcltige Auflistung der HPV-Viren mit hohem und niedrigem Risiko.<\/p>\n<p>Sie k\u00f6nnen eine HPV-Infektion durch Vaginal-, Anal- oder Oralsex mit jemandem bekommen, der sich zuvor mit dem Virus infiziert hat. Die Verbreitung erfolgt am h\u00e4ufigsten beim Vaginal- oder Analsex. Auch wenn die infizierte Person keine Warzen\/L\u00e4sionen oder Symptome des Virus aufweist, kann das Virus durch sexuellen Kontakt auf andere Personen \u00fcbertragen werden. Die Verwendung eines Kondoms sch\u00fctzt Sie m\u00f6glicherweise nicht unbedingt vor HPV-Viren, da auch andere Teile der Haut mit HPV infiziert sein k\u00f6nnen. Daher sind Vorsorgeuntersuchungen und Impfungen die besten Schutzmethoden.<\/p>\n<p>Jeder, der sexuell aktiv ist, ist dem Risiko einer HPV-Infektion ausgesetzt, auch wenn er nicht mehrere Sexualpartner hat. Bestimmte Arten von HPV-Viren zeigen jahrelang keine Symptome, sodass es schwierig ist zu wissen, wann Sie sich zum ersten Mal infiziert haben. Jeder, der sexuell aktiv ist, sollte auf HPV untersucht werden. Wenn Sie nicht infiziert sind, ist die Impfung die beste Vorgehensweise. Gegen die krebserregenden HPV-Typen wurden Impfstoffe entwickelt. Eine Impfung bietet daher Immunit\u00e4t gegen die gef\u00e4hrlichsten HPV-Typen.<\/p>\n<p>F\u00fcr weitere Informationen zu unseren Dienstleistungen nutzen Sie bitte die <a title=\"\" href=\"\/de\/contact\/\"> Kontakt Formular<\/a>.<\/p>\n<hr class=\"styled-hr\" style=\"width: 100%;\">\n<h2 class=\"wsite-content-title\" style=\"text-align: left;\">Andere fruchtbarkeitsbezogene Dienstleistungen (klicken Sie auf die Bilder, um auf die Links zuzugreifen)<\/h2>\n<hr class=\"styled-hr\" style=\"width: 100%;\">\n<p><a href=\"\/de\/ivf-failures.html\/\"> <img decoding=\"async\" class=\"aligncenter\" style=\"width: auto; max-width: 100%;\" src=\"https:\/\/www.lowcostivf.net\/wp-content\/uploads\/2019\/10\/9470431.jpg\" alt=\"Was k\u00f6nnte die Ursache f\u00fcr eine fehlgeschlagene IVF-Behandlung sein? Gr\u00fcnde f\u00fcr IVF-Misserfolge.\"><\/a><\/p>\n<h2 class=\"wsite-content-title\" style=\"text-align: center;\"><a href=\"\/de\/ivf-failures\/\">Wiederholte IVF-Misserfolge<\/a><\/h2>\n<p>Wiederholte IVF-Misserfolge k\u00f6nnen sehr frustrierend sein. Eine IVF-Behandlung ist eine emotionale und finanzielle Investition. Aus diesem Grund ist es wichtig, dass bei mehreren IVF-Misserfolgen weitere Untersuchungen durchgef\u00fchrt werden, bevor Sie mit dem n\u00e4chsten Zyklus beginnen.<\/p>\n<p><a href=\"\/de\/hpv-genotype-testing.html\/\"> <img decoding=\"async\" class=\"aligncenter\" style=\"width: auto; max-width: 100%;\" src=\"https:\/\/www.lowcostivf.net\/wp-content\/uploads\/2019\/10\/1057490.jpg\" alt=\"HPV-Test auf Geb\u00e4rmutterhalskrebs und Genitalwarzen.\"><\/a><\/p>\n<h2 class=\"wsite-content-title\" style=\"text-align: center;\"><a href=\"\/de\/hpv-genotype-testing\/\">HPV-Tests, Genotypisierung und Management<\/a><\/h2>\n<p>HPV steht f\u00fcr Humanes Papillomavirus. Es handelt sich um einen sehr verbreiteten Virus. Genitales HPV wird durch direkten Hautkontakt mit jemandem \u00fcbertragen, der eine HPV-Infektion hat. Der Kontakt umfasst Vaginal-, Anal- und Oralsex.<\/p>\n<p><a href=\"\/de\/miscarriages.html\/\"> <img decoding=\"async\" class=\"aligncenter\" style=\"width: auto; max-width: 100%;\" src=\"https:\/\/www.lowcostivf.net\/wp-content\/uploads\/2019\/10\/5852766.jpg\" alt=\"Ursachen und Behandlung wiederholter und wiederkehrender Fehlgeburten. Warum habe ich eine Fehlgeburt?\"><\/a><\/p>\n<h2 class=\"wsite-content-title\" style=\"text-align: center;\"><a href=\"\/de\/miscarriages\/\">Wiederkehrende Fehlgeburten<\/a><\/h2>\n<p>Wiederholte oder wiederkehrende Fehlgeburten liegen vor, wenn die Patientin drei oder mehr Fehlgeburten hintereinander erlitten hat. Der Grund f\u00fcr diese Fehlgeburten k\u00f6nnte mit Eizellen\/Spermien zusammenh\u00e4ngen oder einen genetischen Zusammenhang haben.<\/p>\n<p><a href=\"\/de\/surgical-sperm-retrieval.html\/\"> <img decoding=\"async\" class=\"aligncenter\" style=\"width: auto; max-width: 100%;\" src=\"https:\/\/www.lowcostivf.net\/wp-content\/uploads\/2019\/10\/5932588.jpg\" alt=\"Zu den chirurgischen Methoden zur Spermienentnahme und -extraktion geh\u00f6ren TESA, TESE, Micro Tese, PESA und MESA.\"><\/a><\/p>\n<h2 class=\"wsite-content-title\" style=\"text-align: center;\"><a title=\"\" href=\"\/de\/surgical-sperm-retrieval\/\">Chirurgische Spermienentnahme<br \/>\n(TESA\/PESA\/MESA)<\/a><\/h2>\n<p>Die chirurgische Spermienextraktion bzw. chirurgische Spermienentnahme umfasst eine Reihe kleinerer Eingriffe, die darauf abzielen, lebende Spermien chirurgisch bei Patienten zu gewinnen, deren Ejakulat keine f\u00fcr die Befruchtung geeigneten lebenden Spermien enth\u00e4lt.<\/p>\n<p><a href=\"\/de\/sickle-cell-disease-prevention.html\/\"> <img decoding=\"async\" class=\"aligncenter\" style=\"width: auto; max-width: 100%;\" src=\"https:\/\/www.lowcostivf.net\/wp-content\/uploads\/2019\/10\/666559.jpg\" alt=\"Sichelzellan\u00e4mie kann durch eine IVF-Behandlung mit PID verhindert werden. \"><\/a><\/p>\n<h2 class=\"wsite-content-title\" style=\"text-align: center;\"><a href=\"\/de\/sickle-cell-disease-prevention\/\">Sichelzellenan\u00e4mie<\/a><\/h2>\n<p>Sichelzellenan\u00e4mie oder Sichelzellenan\u00e4mie ist eine Erkrankung, bei der die roten Blutk\u00f6rperchen sichelf\u00f6rmig sind. Das Vererbungsmuster ist autosomal-rezessiv, daher sollten beide Partner Tr\u00e4ger des mutierten Gens sein. Vorbeugung ist durch PID m\u00f6glich.<\/p>\n<p><a href=\"\/de\/pre-implantation-genetic-diagnosis-pgd.html\/\"> <img decoding=\"async\" class=\"aligncenter\" style=\"width: auto; max-width: 100%;\" src=\"https:\/\/www.lowcostivf.net\/wp-content\/uploads\/2019\/10\/2557819_orig.jpg\" alt=\"PID f\u00fcr genetische Erkrankungen wie Mukoviszidose, Duchenne-Muskeldystrophie\"><\/a><\/p>\n<h2 class=\"wsite-content-title\" style=\"text-align: center;\"><a title=\"\" href=\"\/de\/pre-implantation-genetic-diagnosis-pgd\/\">PID zur genetischen Diagnose<\/a><\/h2>\n<p>Die genetische Pr\u00e4implantationsdiagnostik, oder genauer gesagt das genetische Screening vor der Implantation, ist eine Embryoselektionsmethode, bei der Embryonen auf h\u00e4ufige genetische St\u00f6rungen oder einzelne Gendefekte untersucht werden k\u00f6nnen.<\/p>","protected":false},"excerpt":{"rendered":"<p>Test auf humanes Papillomavirus (HPV) Humanes Papillomavirus, HPV, ist der gebr\u00e4uchliche Name f\u00fcr eine Gruppe von Viren, die Ihre Haut und die feuchten Membranen Ihres K\u00f6rpers wie Geb\u00e4rmutterhals, Vulva, Vagina, Anus, Rachen und Mund befallen. Es gibt \u00fcber einhundert Typen des HPV-Virus und etwa vierzig Typen des [\u2026]<\/p>","protected":false},"author":1,"featured_media":1522,"parent":0,"menu_order":0,"comment_status":"closed","ping_status":"closed","template":"","meta":{"footnotes":""},"categories":[],"tags":[],"class_list":["post-696","page","type-page","status-publish","has-post-thumbnail","hentry"],"yoast_head":"<!-- This site is optimized with the Yoast SEO plugin v24.3 - https:\/\/yoast.com\/wordpress\/plugins\/seo\/ -->\n<title>Hpv Genotype Testing - North Cyprus IVF<\/title>\n<meta name=\"description\" content=\"What is HPV? Please refer to this page for detailed Information about Human Papilloma Virus (HPV) and protection methods.\" \/>\n<meta name=\"robots\" content=\"index, follow, max-snippet:-1, max-image-preview:large, max-video-preview:-1\" \/>\n<link rel=\"canonical\" href=\"https:\/\/www.lowcostivf.net\/de\/hpv-genotype-testing\/\" \/>\n<meta property=\"og:locale\" content=\"de_DE\" \/>\n<meta property=\"og:type\" content=\"article\" \/>\n<meta property=\"og:title\" content=\"Hpv Genotype Testing - North Cyprus IVF\" \/>\n<meta property=\"og:description\" content=\"What is HPV? Please refer to this page for detailed Information about Human Papilloma Virus (HPV) and protection methods.\" \/>\n<meta property=\"og:url\" content=\"https:\/\/www.lowcostivf.net\/de\/hpv-genotype-testing\/\" \/>\n<meta property=\"og:site_name\" content=\"North Cyprus IVF\" \/>\n<meta property=\"article:publisher\" content=\"https:\/\/www.facebook.com\/northcyprusivf\/\" \/>\n<meta property=\"article:modified_time\" content=\"2020-01-15T12:55:37+00:00\" \/>\n<meta property=\"og:image\" content=\"https:\/\/www.lowcostivf.net\/wp-content\/uploads\/2019\/11\/hpv-genotype-testing.jpg\" \/>\n\t<meta property=\"og:image:width\" content=\"1140\" \/>\n\t<meta property=\"og:image:height\" content=\"570\" \/>\n\t<meta property=\"og:image:type\" content=\"image\/jpeg\" \/>\n<meta name=\"twitter:card\" content=\"summary_large_image\" \/>\n<meta name=\"twitter:label1\" content=\"Gesch\u00e4tzte Lesezeit\" \/>\n\t<meta name=\"twitter:data1\" content=\"3\u00a0Minuten\" \/>\n<script type=\"application\/ld+json\" class=\"yoast-schema-graph\">{\"@context\":\"https:\/\/schema.org\",\"@graph\":[{\"@type\":\"WebPage\",\"@id\":\"https:\/\/www.lowcostivf.net\/hpv-genotype-testing\/\",\"url\":\"https:\/\/www.lowcostivf.net\/hpv-genotype-testing\/\",\"name\":\"Hpv Genotype Testing - North Cyprus IVF\",\"isPartOf\":{\"@id\":\"https:\/\/www.lowcostivf.net\/#website\"},\"primaryImageOfPage\":{\"@id\":\"https:\/\/www.lowcostivf.net\/hpv-genotype-testing\/#primaryimage\"},\"image\":{\"@id\":\"https:\/\/www.lowcostivf.net\/hpv-genotype-testing\/#primaryimage\"},\"thumbnailUrl\":\"https:\/\/www.lowcostivf.net\/wp-content\/uploads\/2019\/11\/hpv-genotype-testing.jpg\",\"datePublished\":\"2019-10-27T11:29:15+00:00\",\"dateModified\":\"2020-01-15T12:55:37+00:00\",\"description\":\"What is HPV? Please refer to this page for detailed Information about Human Papilloma Virus (HPV) and protection methods.\",\"breadcrumb\":{\"@id\":\"https:\/\/www.lowcostivf.net\/hpv-genotype-testing\/#breadcrumb\"},\"inLanguage\":\"de\",\"potentialAction\":[{\"@type\":\"ReadAction\",\"target\":[\"https:\/\/www.lowcostivf.net\/hpv-genotype-testing\/\"]}]},{\"@type\":\"ImageObject\",\"inLanguage\":\"de\",\"@id\":\"https:\/\/www.lowcostivf.net\/hpv-genotype-testing\/#primaryimage\",\"url\":\"https:\/\/www.lowcostivf.net\/wp-content\/uploads\/2019\/11\/hpv-genotype-testing.jpg\",\"contentUrl\":\"https:\/\/www.lowcostivf.net\/wp-content\/uploads\/2019\/11\/hpv-genotype-testing.jpg\",\"width\":1140,\"height\":570},{\"@type\":\"BreadcrumbList\",\"@id\":\"https:\/\/www.lowcostivf.net\/hpv-genotype-testing\/#breadcrumb\",\"itemListElement\":[{\"@type\":\"ListItem\",\"position\":1,\"name\":\"Home\",\"item\":\"https:\/\/www.lowcostivf.net\/\"},{\"@type\":\"ListItem\",\"position\":2,\"name\":\"Hpv Genotype Testing\"}]},{\"@type\":\"WebSite\",\"@id\":\"https:\/\/www.lowcostivf.net\/#website\",\"url\":\"https:\/\/www.lowcostivf.net\/\",\"name\":\"North Cyprus IVF\",\"description\":\"Highest IVF Success in Cyprus\",\"publisher\":{\"@id\":\"https:\/\/www.lowcostivf.net\/#organization\"},\"potentialAction\":[{\"@type\":\"SearchAction\",\"target\":{\"@type\":\"EntryPoint\",\"urlTemplate\":\"https:\/\/www.lowcostivf.net\/?s={search_term_string}\"},\"query-input\":{\"@type\":\"PropertyValueSpecification\",\"valueRequired\":true,\"valueName\":\"search_term_string\"}}],\"inLanguage\":\"de\"},{\"@type\":\"Organization\",\"@id\":\"https:\/\/www.lowcostivf.net\/#organization\",\"name\":\"North Cyprus IVF Centre\",\"alternateName\":\"Cyprus IVF Centre\",\"url\":\"https:\/\/www.lowcostivf.net\/\",\"logo\":{\"@type\":\"ImageObject\",\"inLanguage\":\"de\",\"@id\":\"https:\/\/www.lowcostivf.net\/#\/schema\/logo\/image\/\",\"url\":\"https:\/\/www.lowcostivf.net\/wp-content\/uploads\/2023\/08\/logo-cyprus-ivf-center-logo.png\",\"contentUrl\":\"https:\/\/www.lowcostivf.net\/wp-content\/uploads\/2023\/08\/logo-cyprus-ivf-center-logo.png\",\"width\":300,\"height\":300,\"caption\":\"North Cyprus IVF Centre\"},\"image\":{\"@id\":\"https:\/\/www.lowcostivf.net\/#\/schema\/logo\/image\/\"},\"sameAs\":[\"https:\/\/www.facebook.com\/northcyprusivf\/\"]}]}<\/script>\n<!-- \/ Yoast SEO plugin. -->","yoast_head_json":{"title":"Hpv Genotype Testing - North Cyprus IVF","description":"What is HPV? Please refer to this page for detailed Information about Human Papilloma Virus (HPV) and protection methods.","robots":{"index":"index","follow":"follow","max-snippet":"max-snippet:-1","max-image-preview":"max-image-preview:large","max-video-preview":"max-video-preview:-1"},"canonical":"https:\/\/www.lowcostivf.net\/de\/hpv-genotype-testing\/","og_locale":"de_DE","og_type":"article","og_title":"Hpv Genotype Testing - North Cyprus IVF","og_description":"What is HPV? Please refer to this page for detailed Information about Human Papilloma Virus (HPV) and protection methods.","og_url":"https:\/\/www.lowcostivf.net\/de\/hpv-genotype-testing\/","og_site_name":"North Cyprus IVF","article_publisher":"https:\/\/www.facebook.com\/northcyprusivf\/","article_modified_time":"2020-01-15T12:55:37+00:00","og_image":[{"width":1140,"height":570,"url":"https:\/\/www.lowcostivf.net\/wp-content\/uploads\/2019\/11\/hpv-genotype-testing.jpg","type":"image\/jpeg"}],"twitter_card":"summary_large_image","twitter_misc":{"Gesch\u00e4tzte Lesezeit":"3\u00a0Minuten"},"schema":{"@context":"https:\/\/schema.org","@graph":[{"@type":"WebPage","@id":"https:\/\/www.lowcostivf.net\/hpv-genotype-testing\/","url":"https:\/\/www.lowcostivf.net\/hpv-genotype-testing\/","name":"Hpv Genotype Testing - North Cyprus IVF","isPartOf":{"@id":"https:\/\/www.lowcostivf.net\/#website"},"primaryImageOfPage":{"@id":"https:\/\/www.lowcostivf.net\/hpv-genotype-testing\/#primaryimage"},"image":{"@id":"https:\/\/www.lowcostivf.net\/hpv-genotype-testing\/#primaryimage"},"thumbnailUrl":"https:\/\/www.lowcostivf.net\/wp-content\/uploads\/2019\/11\/hpv-genotype-testing.jpg","datePublished":"2019-10-27T11:29:15+00:00","dateModified":"2020-01-15T12:55:37+00:00","description":"What is HPV? Please refer to this page for detailed Information about Human Papilloma Virus (HPV) and protection methods.","breadcrumb":{"@id":"https:\/\/www.lowcostivf.net\/hpv-genotype-testing\/#breadcrumb"},"inLanguage":"de","potentialAction":[{"@type":"ReadAction","target":["https:\/\/www.lowcostivf.net\/hpv-genotype-testing\/"]}]},{"@type":"ImageObject","inLanguage":"de","@id":"https:\/\/www.lowcostivf.net\/hpv-genotype-testing\/#primaryimage","url":"https:\/\/www.lowcostivf.net\/wp-content\/uploads\/2019\/11\/hpv-genotype-testing.jpg","contentUrl":"https:\/\/www.lowcostivf.net\/wp-content\/uploads\/2019\/11\/hpv-genotype-testing.jpg","width":1140,"height":570},{"@type":"BreadcrumbList","@id":"https:\/\/www.lowcostivf.net\/hpv-genotype-testing\/#breadcrumb","itemListElement":[{"@type":"ListItem","position":1,"name":"Home","item":"https:\/\/www.lowcostivf.net\/"},{"@type":"ListItem","position":2,"name":"Hpv Genotype Testing"}]},{"@type":"WebSite","@id":"https:\/\/www.lowcostivf.net\/#website","url":"https:\/\/www.lowcostivf.net\/","name":"North Cyprus IVF","description":"Highest IVF Success in Cyprus","publisher":{"@id":"https:\/\/www.lowcostivf.net\/#organization"},"potentialAction":[{"@type":"SearchAction","target":{"@type":"EntryPoint","urlTemplate":"https:\/\/www.lowcostivf.net\/?s={search_term_string}"},"query-input":{"@type":"PropertyValueSpecification","valueRequired":true,"valueName":"search_term_string"}}],"inLanguage":"de"},{"@type":"Organization","@id":"https:\/\/www.lowcostivf.net\/#organization","name":"North Cyprus IVF Centre","alternateName":"Cyprus IVF Centre","url":"https:\/\/www.lowcostivf.net\/","logo":{"@type":"ImageObject","inLanguage":"de","@id":"https:\/\/www.lowcostivf.net\/#\/schema\/logo\/image\/","url":"https:\/\/www.lowcostivf.net\/wp-content\/uploads\/2023\/08\/logo-cyprus-ivf-center-logo.png","contentUrl":"https:\/\/www.lowcostivf.net\/wp-content\/uploads\/2023\/08\/logo-cyprus-ivf-center-logo.png","width":300,"height":300,"caption":"North Cyprus IVF Centre"},"image":{"@id":"https:\/\/www.lowcostivf.net\/#\/schema\/logo\/image\/"},"sameAs":["https:\/\/www.facebook.com\/northcyprusivf\/"]}]}},"_links":{"self":[{"href":"https:\/\/www.lowcostivf.net\/de\/wp-json\/wp\/v2\/pages\/696"}],"collection":[{"href":"https:\/\/www.lowcostivf.net\/de\/wp-json\/wp\/v2\/pages"}],"about":[{"href":"https:\/\/www.lowcostivf.net\/de\/wp-json\/wp\/v2\/types\/page"}],"author":[{"embeddable":true,"href":"https:\/\/www.lowcostivf.net\/de\/wp-json\/wp\/v2\/users\/1"}],"replies":[{"embeddable":true,"href":"https:\/\/www.lowcostivf.net\/de\/wp-json\/wp\/v2\/comments?post=696"}],"version-history":[{"count":4,"href":"https:\/\/www.lowcostivf.net\/de\/wp-json\/wp\/v2\/pages\/696\/revisions"}],"predecessor-version":[{"id":3613,"href":"https:\/\/www.lowcostivf.net\/de\/wp-json\/wp\/v2\/pages\/696\/revisions\/3613"}],"wp:featuredmedia":[{"embeddable":true,"href":"https:\/\/www.lowcostivf.net\/de\/wp-json\/wp\/v2\/media\/1522"}],"wp:attachment":[{"href":"https:\/\/www.lowcostivf.net\/de\/wp-json\/wp\/v2\/media?parent=696"}],"wp:term":[{"taxonomy":"category","embeddable":true,"href":"https:\/\/www.lowcostivf.net\/de\/wp-json\/wp\/v2\/categories?post=696"},{"taxonomy":"post_tag","embeddable":true,"href":"https:\/\/www.lowcostivf.net\/de\/wp-json\/wp\/v2\/tags?post=696"}],"curies":[{"name":"wp","href":"https:\/\/api.w.org\/{rel}","templated":true}]}}