{"id":685,"date":"2019-10-27T11:29:07","date_gmt":"2019-10-27T11:29:07","guid":{"rendered":"https:\/\/www.lowcostivf.net\/egg-freezing\/"},"modified":"2020-03-06T14:36:16","modified_gmt":"2020-03-06T14:36:16","slug":"egg-freezing","status":"publish","type":"page","link":"https:\/\/www.lowcostivf.net\/de\/egg-freezing\/","title":{"rendered":"Einfrieren von Eiern"},"content":{"rendered":"<div data-elementor-type=\"wp-page\" data-elementor-id=\"685\" class=\"elementor elementor-685\" data-elementor-post-type=\"page\">\n\t\t\t\t\t\t\t\t\t<section class=\"elementor-section elementor-top-section elementor-element elementor-element-ba1b176 elementor-section-boxed elementor-section-height-default elementor-section-height-default\" data-id=\"ba1b176\" data-element_type=\"section\">\n\t\t\t\t\t\t<div class=\"elementor-container elementor-column-gap-default\">\n\t\t\t\t\t<div class=\"elementor-column elementor-col-100 elementor-top-column elementor-element elementor-element-b6820f8\" data-id=\"b6820f8\" data-element_type=\"column\">\n\t\t\t<div class=\"elementor-widget-wrap elementor-element-populated\">\n\t\t\t\t\t\t\t\t<div class=\"elementor-element elementor-element-bd255d9 elementor-widget elementor-widget-jnews_element_header_elementor\" data-id=\"bd255d9\" data-element_type=\"widget\" data-widget_type=\"jnews_element_header_elementor.default\">\n\t\t\t\t<div class=\"elementor-widget-container\">\n\t\t\t<div  class=\"jeg_block_heading jeg_block_heading_5 jeg_aligncenter jnews_module__0_69fc6724e0473\">\n                <h3 class=\"jeg_block_title\"><span>\u00dcberblick \u00fcber das Einfrieren von Eizellen im IVF-Zentrum Nordzypern<\/span><\/h3>\n                <style>.jnews_module__0_69fc6724e0473.jeg_block_heading_5 .jeg_block_title span, .jnews_module__0_69fc6724e0473.jeg_block_heading_5 .jeg_block_title i { color: #7a7a7a; }<\/style>\n            <\/div>\t\t<\/div>\n\t\t\t\t<\/div>\n\t\t\t\t\t<\/div>\n\t\t<\/div>\n\t\t\t\t\t\t\t<\/div>\n\t\t<\/section>\n\t\t\t\t<section class=\"elementor-section elementor-top-section elementor-element elementor-element-b4d375c elementor-section-boxed elementor-section-height-default elementor-section-height-default\" data-id=\"b4d375c\" data-element_type=\"section\">\n\t\t\t\t\t\t<div class=\"elementor-container elementor-column-gap-default\">\n\t\t\t\t\t<div class=\"elementor-column elementor-col-50 elementor-top-column elementor-element elementor-element-1fbd85c\" data-id=\"1fbd85c\" data-element_type=\"column\">\n\t\t\t<div class=\"elementor-widget-wrap elementor-element-populated\">\n\t\t\t\t\t\t\t\t<div class=\"elementor-element elementor-element-4aa270b elementor-widget elementor-widget-jnews_post_feature_elementor\" data-id=\"4aa270b\" data-element_type=\"widget\" data-widget_type=\"jnews_post_feature_elementor.default\">\n\t\t\t\t<div class=\"elementor-widget-container\">\n\t\t\t<div class=\"jeg_featured featured_image\"><a href=\"https:\/\/www.lowcostivf.net\/wp-content\/uploads\/2019\/11\/egg-freezing.jpg\"><div class=\"thumbnail-container animate-lazy\" style=\"padding-bottom:50%\"><img loading=\"lazy\" decoding=\"async\" width=\"750\" height=\"375\" src=\"data:image\/gif;base64,R0lGODlhAQABAIAAAP\/\/\/wAAACH5BAEAAAAALAAAAAABAAEAAAICRAEAOw==\" class=\"attachment-jnews-750x375 size-jnews-750x375 lazyload wp-post-image\" alt=\"Einfrieren von Eiern\" sizes=\"(max-width: 750px) 100vw, 750px\" data-src=\"https:\/\/www.lowcostivf.net\/wp-content\/uploads\/2019\/11\/egg-freezing-750x375.jpg\" data-srcset=\"https:\/\/www.lowcostivf.net\/wp-content\/uploads\/2019\/11\/egg-freezing-750x375.jpg 750w, https:\/\/www.lowcostivf.net\/wp-content\/uploads\/2019\/11\/egg-freezing-300x150.jpg 300w, https:\/\/www.lowcostivf.net\/wp-content\/uploads\/2019\/11\/egg-freezing-768x384.jpg 768w, https:\/\/www.lowcostivf.net\/wp-content\/uploads\/2019\/11\/egg-freezing-1024x512.jpg 1024w, https:\/\/www.lowcostivf.net\/wp-content\/uploads\/2019\/11\/egg-freezing-360x180.jpg 360w, https:\/\/www.lowcostivf.net\/wp-content\/uploads\/2019\/11\/egg-freezing.jpg 1140w\" data-sizes=\"auto\" data-expand=\"700\" \/><\/div><\/a><\/div>\t\t<\/div>\n\t\t\t\t<\/div>\n\t\t\t\t\t<\/div>\n\t\t<\/div>\n\t\t\t\t<div class=\"elementor-column elementor-col-50 elementor-top-column elementor-element elementor-element-498bad2\" data-id=\"498bad2\" data-element_type=\"column\">\n\t\t\t<div class=\"elementor-widget-wrap elementor-element-populated\">\n\t\t\t\t\t\t\t\t<div class=\"elementor-element elementor-element-92d7ae9 elementor-widget elementor-widget-text-editor\" data-id=\"92d7ae9\" data-element_type=\"widget\" data-widget_type=\"text-editor.default\">\n\t\t\t\t<div class=\"elementor-widget-container\">\n\t\t\t\t\t\t\t<p>Das Einfrieren von Eizellen ist ein relativ neues Konzept bei IVF-Verfahren. Auch wenn das Einfrieren von Gewebe und Zellen schon seit einiger Zeit praktiziert wird, hatte das Einfrieren von Eizellen aufgrund der Zerbrechlichkeit menschlicher Eizellen traditionell deutlich geringere Erfolgsraten als das Einfrieren von Spermien oder Embryonen. Die fr\u00fchere Methode zum Einfrieren menschlicher Gameten und Embryonen war als langsames Einfrieren bekannt. Bei der langsamen Gefriermethode w\u00fcrden Eier\/Spermien oder Embryonen langsam auf niedrige Temperaturen abgek\u00fchlt und dann zur Langzeitkonservierung in fl\u00fcssigen Stickstoff \u00fcberf\u00fchrt. Obwohl Spermien und Embryonen mit dieser Methode eine sehr hohe \u00dcberlebensrate h\u00e4tten, war die \u00dcberlebensrate von Eizellen (Eizellen) mit dieser Methode sehr gering. Viele Wissenschaftler kamen zu Beginn dieses Jahrhunderts sogar zu dem Schluss, dass das Einfrieren von Eizellen kein erfolgreiches Verfahren ist und nicht angewendet werden sollte. Das Problem bei der langsamen Gefriermethode bestand darin, dass sich w\u00e4hrend des Abk\u00fchlvorgangs Eiskristalle auf den Eiern bildeten, die t\u00f6dliche Sch\u00e4den verursachten und zum Absterben des Eies f\u00fchrten.<\/p>\t\t\t\t\t\t<\/div>\n\t\t\t\t<\/div>\n\t\t\t\t\t<\/div>\n\t\t<\/div>\n\t\t\t\t\t\t\t<\/div>\n\t\t<\/section>\n\t\t\t\t<section class=\"elementor-section elementor-top-section elementor-element elementor-element-763ee7a4 elementor-section-boxed elementor-section-height-default elementor-section-height-default\" data-id=\"763ee7a4\" data-element_type=\"section\">\n\t\t\t\t\t\t<div class=\"elementor-container elementor-column-gap-default\">\n\t\t\t\t\t<div class=\"elementor-column elementor-col-100 elementor-top-column elementor-element elementor-element-2dc3d58e\" data-id=\"2dc3d58e\" data-element_type=\"column\">\n\t\t\t<div class=\"elementor-widget-wrap elementor-element-populated\">\n\t\t\t\t\t\t\t\t<div class=\"elementor-element elementor-element-81e1423 elementor-widget elementor-widget-text-editor\" data-id=\"81e1423\" data-element_type=\"widget\" data-widget_type=\"text-editor.default\">\n\t\t\t\t<div class=\"elementor-widget-container\">\n\t\t\t\t\t\t\t<p>Das Einfrieren von Eizellen ist ein relativ neues Konzept bei IVF-Verfahren. Auch wenn das Einfrieren von Gewebe und Zellen schon seit einiger Zeit praktiziert wird, hatte das Einfrieren von Eizellen aufgrund der Zerbrechlichkeit menschlicher Eizellen traditionell deutlich geringere Erfolgsraten als das Einfrieren von Spermien oder Embryonen.<\/p>\n<p>Die fr\u00fchere Methode zum Einfrieren menschlicher Gameten und Embryonen war als langsames Einfrieren bekannt. Bei der langsamen Gefriermethode w\u00fcrden Eier\/Spermien oder Embryonen langsam auf niedrige Temperaturen abgek\u00fchlt und dann zur Langzeitkonservierung in fl\u00fcssigen Stickstoff \u00fcberf\u00fchrt. Obwohl Spermien und Embryonen mit dieser Methode eine sehr hohe \u00dcberlebensrate h\u00e4tten, war die \u00dcberlebensrate von Eizellen (Eizellen) mit dieser Methode sehr gering. Viele Wissenschaftler kamen zu Beginn dieses Jahrhunderts sogar zu dem Schluss, dass das Einfrieren von Eizellen kein erfolgreiches Verfahren ist und nicht angewendet werden sollte. Das Problem bei der langsamen Gefriermethode bestand darin, dass sich w\u00e4hrend des Abk\u00fchlvorgangs Eiskristalle auf den Eiern bildeten, die t\u00f6dliche Sch\u00e4den verursachten und zum Absterben des Eies f\u00fchrten.<\/p>\n<p>Eine neuere Methode der Vitrifizierung wurde Anfang der 2000er Jahre verf\u00fcgbar und weckte Hoffnungen hinsichtlich des Einfrierens menschlicher Eizellen. Diese neue Methode wird manchmal als ultraschnelles Einfrieren bezeichnet. Mit dieser neuen Technologie und neu erfundenen L\u00f6sungen ist das Einfrieren von Eizellen ebenso erfolgreich geworden wie Techniken zum Einfrieren von Embryonen und Spermien.<\/p>\n<p>Das IVF-Zentrum Nordzypern bietet seit 2007 das Einfrieren von Eizellen mithilfe der Vitrifizierungsmethode an. Durch st\u00e4ndige Verbesserungen der Kulturmedien und der bei der Vitrifizierung verwendeten Techniken bieten wir jetzt eine \u00dcberlebensrate von vitrifizierten Eizellen von \u00fcber 90%. Das bedeutet, dass 9 von 10 eingefrorenen Eizellen diesen Prozess \u00fcberleben und das Potenzial haben, sich zu einem lebensf\u00e4higen Embryo zu befruchten.<\/p>\n<p>Heutzutage erklimmen immer mehr Frauen die Karriereleiter, was dazu f\u00fchren kann, dass sich die Gr\u00fcndung einer Familie oder die Planung eines Kindes oft verz\u00f6gern. Diese Verz\u00f6gerung wird m\u00f6glicherweise nicht immer durch die tickende biologische Uhr beg\u00fcnstigt. Bei der Karriereplanung verlieren immer mehr Frauen ihre Fruchtbarkeit, bevor sie bereit sind, ihre Familie zu planen. In einem solchen Fall steht eine Frau vor einer schwierigen Entscheidung. Entweder akzeptiert sie, dass sie keine leiblichen Kinder hat, oder sie scheidet aus dem Arbeitsmarkt aus, um Mutterschaft zu erleben. Dank der Vitrifizierung gibt es jedoch nun eine dritte M\u00f6glichkeit.<\/p>\n<p><strong>Wer ist ein geeigneter Kandidat f\u00fcr das Einfrieren von Eizellen?<\/strong><br>\n<em>Frauen, die aus pers\u00f6nlichen Gr\u00fcnden noch nicht bereit sind, ein Kind zu bekommen, aber die M\u00f6glichkeit zu einem sp\u00e4teren Zeitpunkt haben m\u00f6chten,<br>\nFrauen, die vor einer Chemo- oder Strahlentherapie stehen,<br>\nFrauen, bei denen das Risiko einer vorzeitigen Ovarialinsuffizienz besteht, wie durch Fruchtbarkeitsbeurteilung oder Familienanamnese nachgewiesen,<\/em><\/p>\n<p>sind allesamt ideale Kandidaten f\u00fcr das Einfrieren von Eizellen. Die Schritte beim Einfrieren von Eizellen sind den Schritten bei Standard-IVF-Behandlungen sehr \u00e4hnlich. Der Unterschied besteht darin, dass entnommene Eizellen nicht befruchtet werden und nicht in die Geb\u00e4rmutter der Patientin \u00fcbertragen werden. Vielmehr werden die Eizellen f\u00fcr die zuk\u00fcnftige Verwendung durch die Patientin aufbewahrt, wenn sie bereit ist, ihre Familie zu planen.<\/p>\n<p>Bevor mit dieser Art der Behandlung fortgefahren wird, ist es wichtig, sich bestimmten Tests und Screenings zu unterziehen. Mithilfe dieser Tests k\u00f6nnen wir ein optimales Behandlungsprotokoll entwerfen, um die Anzahl und Qualit\u00e4t der aus den Eierst\u00f6cken zu entnehmenden Eizellen zu maximieren. Normalerweise produziert jede Frau in einem bestimmten Menstruationszyklus eine einzelne Eizelle, und diese einzelne Eizelle kann das Potenzial zur Befruchtung haben oder auch nicht. Indem wir Ihnen zus\u00e4tzliche Medikamente verabreichen, stellen wir sicher, dass Ihre Eierst\u00f6cke mehrere Eizellen von guter Qualit\u00e4t produzieren, sodass wir so viele Eizellen wie m\u00f6glich sammeln und f\u00fcr Sie einfrieren k\u00f6nnen, damit Sie sie bei einer zuk\u00fcnftigen Schwangerschaft verwenden k\u00f6nnen. Das Ziel besteht zwar darin, so viele Eizellen wie m\u00f6glich zu sammeln, wir m\u00f6chten jedoch nicht das Risiko einer \u00dcberstimulation der Eierst\u00f6cke eingehen, die mit unangenehmen Nebenwirkungen einhergeht. Daher ist die Optimierung Ihres Behandlungsprotokolls auf Ihren spezifischen Hormonspiegel und viele andere Parameter sehr wichtig.<\/p>\n<p><strong>Folgende Tests sind vor der Planung eines Zyklus zum Einfrieren von Eizellen erforderlich:<\/strong><br>\n\u2013 Am 2. oder 3. Tag Ihrer Menstruation werden wir Sie um eine Ultraschalluntersuchung des Beckens bitten, um die Antrumfollikel zu verfolgen.<br>\n\u2013 Am selben Tag werden wir Sie auch um einen FSH-, LH-, \u00d6stradiol-, Prolaktin- und AMH-Hormontest bitten, um eine Beurteilung Ihrer Eierstockfunktion vorzunehmen, damit wir die richtige Medikation bestimmen k\u00f6nnen. Sobald uns diese Informationen zusammen mit einem detaillierten Anamneseformular vorliegen, k\u00f6nnen wir Ihr Behandlungsprotokoll so entwerfen, dass wir erfolgreich eine gute Anzahl und Qualit\u00e4t der Eizellen erreichen k\u00f6nnen, die Ihr zuk\u00fcnftiges Kind\/Ihre zuk\u00fcnftigen Kinder sein werden! Weitere Informationen zu Unfruchtbarkeitstests und der Bedeutung Ihrer Ergebnisse finden Sie in unserem <strong>&#8216;<a href=\"\/de\/testing\/\">Unfruchtbarkeitstest<\/a>&#8216;<\/strong> Abschnitt.<\/p>\n<p><strong>Wie viel kostet das Einfrieren von Eiern?<\/strong><br>\nDie Grundkosten f\u00fcr das Einfrieren von Eizellen betragen 2.500 Euro. Diese Geb\u00fchr beinhaltet Ihre medizinischen Konsultationen in unserer IVF-Abteilung, Ihre medizinischen Eingriffe und Einfrierverfahren. Abh\u00e4ngig von der Anzahl der entnommenen Eier und davon, wie viele Eier Sie in jedem Strohhalm einfrieren m\u00f6chten, fallen jedoch unterschiedliche Kosten an. Wenn wir beispielsweise in der Lage sind, insgesamt 8 Eier zu entnehmen, und Sie m\u00f6chten, dass alle diese Eier im selben Strohhalm eingefroren werden, betragen die Behandlungskosten weiterhin 2.500. Wenn Sie jedoch m\u00f6chten, dass jedes Ei separat in separaten Strohhalmen eingefroren wird, kostet jeder weitere Strohhalm 300 Euro. Wenn Eier zusammen eingefroren werden, werden sie auch zusammen erw\u00e4rmt (aufgetaut), was bedeutet, dass sie alle auf einmal verwendet werden m\u00fcssen, da ein erneutes Einfrieren keinen Erfolg bringt. Wenn Sie beabsichtigen, Ihre eingefrorenen Eizellen bei Mehrlingsschwangerschaften zu verwenden (wenn Sie mehr als ein Kind mit Ihren Eizellen haben m\u00f6chten), empfehlen wir das Einfrieren von Eizellen in 2er- oder 3er-Sets, um Ihnen in Zukunft eine gr\u00f6\u00dfere Flexibilit\u00e4t bei der Vorgehensweise zu geben benutze sie. Das Einfrieren von Eiern in S\u00e4tzen von jeweils einem Ei pro Strohhalm ist ebenfalls keine gute Idee, da nicht alle Eier den Auftauvorgang \u00fcberleben und sich nicht alle Eier zu einem lebensf\u00e4higen Embryo entwickeln. Daher ist es eine gute Idee, 2\/3 Eizellen pro Satz zu haben.<\/p>\n<p>Eine ausf\u00fchrliche Diskussion \u00fcber das Einfrieren von Eizellen und Embryonen finden Sie in unserem \u201e<strong><a href=\"\/de\/latest-news-from-north-cyprus-ivf-center\/fertility-preservation-egg-versus-embryo-freezing\/\" target=\"_blank\" rel=\"noopener noreferrer\">Einfrieren von Eizellen versus Embryonen<\/a><\/strong>\u201d Blogartikel.<\/p>\t\t\t\t\t\t<\/div>\n\t\t\t\t<\/div>\n\t\t\t\t\t<\/div>\n\t\t<\/div>\n\t\t\t\t\t\t\t<\/div>\n\t\t<\/section>\n\t\t\t\t\t\t\t<\/div>","protected":false},"excerpt":{"rendered":"<p>\u00dcberblick \u00fcber das Einfrieren von Eizellen im IVF-Zentrum Nordzypern Bild mit Gr\u00f6\u00dfe: 750\u00d7375 Das Einfrieren von Eizellen ist ein relativ neues Konzept bei IVF-Verfahren. Obwohl das Einfrieren von Gewebe und Zellen schon seit einiger Zeit praktiziert wird, waren die Erfolgsraten beim Einfrieren von Eizellen aufgrund der Zerbrechlichkeit menschlicher Eizellen (Eier) traditionell viel geringer [\u2026]<\/p>","protected":false},"author":1,"featured_media":1481,"parent":0,"menu_order":0,"comment_status":"closed","ping_status":"closed","template":"elementor_header_footer","meta":{"footnotes":""},"categories":[],"tags":[],"class_list":["post-685","page","type-page","status-publish","has-post-thumbnail","hentry"],"yoast_head":"<!-- This site is optimized with the Yoast SEO plugin v24.3 - https:\/\/yoast.com\/wordpress\/plugins\/seo\/ -->\n<title>Egg Freezing - North Cyprus IVF<\/title>\n<meta name=\"description\" content=\"Oocyte vitrification gives women a chance to freeze their eggs to plan pregnancy in the future. Who is a suitable candidate for Egg Freezing?\" \/>\n<meta name=\"robots\" content=\"index, follow, max-snippet:-1, max-image-preview:large, max-video-preview:-1\" \/>\n<link rel=\"canonical\" href=\"https:\/\/www.lowcostivf.net\/de\/egg-freezing\/\" \/>\n<meta property=\"og:locale\" content=\"de_DE\" \/>\n<meta property=\"og:type\" content=\"article\" \/>\n<meta property=\"og:title\" content=\"Egg Freezing - North Cyprus IVF\" \/>\n<meta property=\"og:description\" content=\"Oocyte vitrification gives women a chance to freeze their eggs to plan pregnancy in the future. Who is a suitable candidate for Egg Freezing?\" \/>\n<meta property=\"og:url\" content=\"https:\/\/www.lowcostivf.net\/de\/egg-freezing\/\" \/>\n<meta property=\"og:site_name\" content=\"North Cyprus IVF\" \/>\n<meta property=\"article:publisher\" content=\"https:\/\/www.facebook.com\/northcyprusivf\/\" \/>\n<meta property=\"article:modified_time\" content=\"2020-03-06T14:36:16+00:00\" \/>\n<meta property=\"og:image\" content=\"https:\/\/www.lowcostivf.net\/wp-content\/uploads\/2019\/11\/egg-freezing.jpg\" \/>\n\t<meta property=\"og:image:width\" content=\"1140\" \/>\n\t<meta property=\"og:image:height\" content=\"570\" \/>\n\t<meta property=\"og:image:type\" content=\"image\/jpeg\" \/>\n<meta name=\"twitter:card\" content=\"summary_large_image\" \/>\n<meta name=\"twitter:label1\" content=\"Gesch\u00e4tzte Lesezeit\" \/>\n\t<meta name=\"twitter:data1\" content=\"6\u00a0Minuten\" \/>\n<script type=\"application\/ld+json\" class=\"yoast-schema-graph\">{\"@context\":\"https:\/\/schema.org\",\"@graph\":[{\"@type\":\"WebPage\",\"@id\":\"https:\/\/www.lowcostivf.net\/egg-freezing\/\",\"url\":\"https:\/\/www.lowcostivf.net\/egg-freezing\/\",\"name\":\"Egg Freezing - North Cyprus IVF\",\"isPartOf\":{\"@id\":\"https:\/\/www.lowcostivf.net\/#website\"},\"primaryImageOfPage\":{\"@id\":\"https:\/\/www.lowcostivf.net\/egg-freezing\/#primaryimage\"},\"image\":{\"@id\":\"https:\/\/www.lowcostivf.net\/egg-freezing\/#primaryimage\"},\"thumbnailUrl\":\"https:\/\/www.lowcostivf.net\/wp-content\/uploads\/2019\/11\/egg-freezing.jpg\",\"datePublished\":\"2019-10-27T11:29:07+00:00\",\"dateModified\":\"2020-03-06T14:36:16+00:00\",\"description\":\"Oocyte vitrification gives women a chance to freeze their eggs to plan pregnancy in the future. Who is a suitable candidate for Egg Freezing?\",\"breadcrumb\":{\"@id\":\"https:\/\/www.lowcostivf.net\/egg-freezing\/#breadcrumb\"},\"inLanguage\":\"de\",\"potentialAction\":[{\"@type\":\"ReadAction\",\"target\":[\"https:\/\/www.lowcostivf.net\/egg-freezing\/\"]}]},{\"@type\":\"ImageObject\",\"inLanguage\":\"de\",\"@id\":\"https:\/\/www.lowcostivf.net\/egg-freezing\/#primaryimage\",\"url\":\"https:\/\/www.lowcostivf.net\/wp-content\/uploads\/2019\/11\/egg-freezing.jpg\",\"contentUrl\":\"https:\/\/www.lowcostivf.net\/wp-content\/uploads\/2019\/11\/egg-freezing.jpg\",\"width\":1140,\"height\":570},{\"@type\":\"BreadcrumbList\",\"@id\":\"https:\/\/www.lowcostivf.net\/egg-freezing\/#breadcrumb\",\"itemListElement\":[{\"@type\":\"ListItem\",\"position\":1,\"name\":\"Home\",\"item\":\"https:\/\/www.lowcostivf.net\/\"},{\"@type\":\"ListItem\",\"position\":2,\"name\":\"Egg Freezing\"}]},{\"@type\":\"WebSite\",\"@id\":\"https:\/\/www.lowcostivf.net\/#website\",\"url\":\"https:\/\/www.lowcostivf.net\/\",\"name\":\"North Cyprus IVF\",\"description\":\"Highest IVF Success in Cyprus\",\"publisher\":{\"@id\":\"https:\/\/www.lowcostivf.net\/#organization\"},\"potentialAction\":[{\"@type\":\"SearchAction\",\"target\":{\"@type\":\"EntryPoint\",\"urlTemplate\":\"https:\/\/www.lowcostivf.net\/?s={search_term_string}\"},\"query-input\":{\"@type\":\"PropertyValueSpecification\",\"valueRequired\":true,\"valueName\":\"search_term_string\"}}],\"inLanguage\":\"de\"},{\"@type\":\"Organization\",\"@id\":\"https:\/\/www.lowcostivf.net\/#organization\",\"name\":\"North Cyprus IVF Centre\",\"alternateName\":\"Cyprus IVF Centre\",\"url\":\"https:\/\/www.lowcostivf.net\/\",\"logo\":{\"@type\":\"ImageObject\",\"inLanguage\":\"de\",\"@id\":\"https:\/\/www.lowcostivf.net\/#\/schema\/logo\/image\/\",\"url\":\"https:\/\/www.lowcostivf.net\/wp-content\/uploads\/2023\/08\/logo-cyprus-ivf-center-logo.png\",\"contentUrl\":\"https:\/\/www.lowcostivf.net\/wp-content\/uploads\/2023\/08\/logo-cyprus-ivf-center-logo.png\",\"width\":300,\"height\":300,\"caption\":\"North Cyprus IVF Centre\"},\"image\":{\"@id\":\"https:\/\/www.lowcostivf.net\/#\/schema\/logo\/image\/\"},\"sameAs\":[\"https:\/\/www.facebook.com\/northcyprusivf\/\"]}]}<\/script>\n<!-- \/ Yoast SEO plugin. -->","yoast_head_json":{"title":"Egg Freezing - North Cyprus IVF","description":"Oocyte vitrification gives women a chance to freeze their eggs to plan pregnancy in the future. Who is a suitable candidate for Egg Freezing?","robots":{"index":"index","follow":"follow","max-snippet":"max-snippet:-1","max-image-preview":"max-image-preview:large","max-video-preview":"max-video-preview:-1"},"canonical":"https:\/\/www.lowcostivf.net\/de\/egg-freezing\/","og_locale":"de_DE","og_type":"article","og_title":"Egg Freezing - North Cyprus IVF","og_description":"Oocyte vitrification gives women a chance to freeze their eggs to plan pregnancy in the future. Who is a suitable candidate for Egg Freezing?","og_url":"https:\/\/www.lowcostivf.net\/de\/egg-freezing\/","og_site_name":"North Cyprus IVF","article_publisher":"https:\/\/www.facebook.com\/northcyprusivf\/","article_modified_time":"2020-03-06T14:36:16+00:00","og_image":[{"width":1140,"height":570,"url":"https:\/\/www.lowcostivf.net\/wp-content\/uploads\/2019\/11\/egg-freezing.jpg","type":"image\/jpeg"}],"twitter_card":"summary_large_image","twitter_misc":{"Gesch\u00e4tzte Lesezeit":"6\u00a0Minuten"},"schema":{"@context":"https:\/\/schema.org","@graph":[{"@type":"WebPage","@id":"https:\/\/www.lowcostivf.net\/egg-freezing\/","url":"https:\/\/www.lowcostivf.net\/egg-freezing\/","name":"Egg Freezing - North Cyprus IVF","isPartOf":{"@id":"https:\/\/www.lowcostivf.net\/#website"},"primaryImageOfPage":{"@id":"https:\/\/www.lowcostivf.net\/egg-freezing\/#primaryimage"},"image":{"@id":"https:\/\/www.lowcostivf.net\/egg-freezing\/#primaryimage"},"thumbnailUrl":"https:\/\/www.lowcostivf.net\/wp-content\/uploads\/2019\/11\/egg-freezing.jpg","datePublished":"2019-10-27T11:29:07+00:00","dateModified":"2020-03-06T14:36:16+00:00","description":"Oocyte vitrification gives women a chance to freeze their eggs to plan pregnancy in the future. Who is a suitable candidate for Egg Freezing?","breadcrumb":{"@id":"https:\/\/www.lowcostivf.net\/egg-freezing\/#breadcrumb"},"inLanguage":"de","potentialAction":[{"@type":"ReadAction","target":["https:\/\/www.lowcostivf.net\/egg-freezing\/"]}]},{"@type":"ImageObject","inLanguage":"de","@id":"https:\/\/www.lowcostivf.net\/egg-freezing\/#primaryimage","url":"https:\/\/www.lowcostivf.net\/wp-content\/uploads\/2019\/11\/egg-freezing.jpg","contentUrl":"https:\/\/www.lowcostivf.net\/wp-content\/uploads\/2019\/11\/egg-freezing.jpg","width":1140,"height":570},{"@type":"BreadcrumbList","@id":"https:\/\/www.lowcostivf.net\/egg-freezing\/#breadcrumb","itemListElement":[{"@type":"ListItem","position":1,"name":"Home","item":"https:\/\/www.lowcostivf.net\/"},{"@type":"ListItem","position":2,"name":"Egg Freezing"}]},{"@type":"WebSite","@id":"https:\/\/www.lowcostivf.net\/#website","url":"https:\/\/www.lowcostivf.net\/","name":"North Cyprus IVF","description":"Highest IVF Success in Cyprus","publisher":{"@id":"https:\/\/www.lowcostivf.net\/#organization"},"potentialAction":[{"@type":"SearchAction","target":{"@type":"EntryPoint","urlTemplate":"https:\/\/www.lowcostivf.net\/?s={search_term_string}"},"query-input":{"@type":"PropertyValueSpecification","valueRequired":true,"valueName":"search_term_string"}}],"inLanguage":"de"},{"@type":"Organization","@id":"https:\/\/www.lowcostivf.net\/#organization","name":"North Cyprus IVF Centre","alternateName":"Cyprus IVF Centre","url":"https:\/\/www.lowcostivf.net\/","logo":{"@type":"ImageObject","inLanguage":"de","@id":"https:\/\/www.lowcostivf.net\/#\/schema\/logo\/image\/","url":"https:\/\/www.lowcostivf.net\/wp-content\/uploads\/2023\/08\/logo-cyprus-ivf-center-logo.png","contentUrl":"https:\/\/www.lowcostivf.net\/wp-content\/uploads\/2023\/08\/logo-cyprus-ivf-center-logo.png","width":300,"height":300,"caption":"North Cyprus IVF Centre"},"image":{"@id":"https:\/\/www.lowcostivf.net\/#\/schema\/logo\/image\/"},"sameAs":["https:\/\/www.facebook.com\/northcyprusivf\/"]}]}},"_links":{"self":[{"href":"https:\/\/www.lowcostivf.net\/de\/wp-json\/wp\/v2\/pages\/685"}],"collection":[{"href":"https:\/\/www.lowcostivf.net\/de\/wp-json\/wp\/v2\/pages"}],"about":[{"href":"https:\/\/www.lowcostivf.net\/de\/wp-json\/wp\/v2\/types\/page"}],"author":[{"embeddable":true,"href":"https:\/\/www.lowcostivf.net\/de\/wp-json\/wp\/v2\/users\/1"}],"replies":[{"embeddable":true,"href":"https:\/\/www.lowcostivf.net\/de\/wp-json\/wp\/v2\/comments?post=685"}],"version-history":[{"count":11,"href":"https:\/\/www.lowcostivf.net\/de\/wp-json\/wp\/v2\/pages\/685\/revisions"}],"predecessor-version":[{"id":3840,"href":"https:\/\/www.lowcostivf.net\/de\/wp-json\/wp\/v2\/pages\/685\/revisions\/3840"}],"wp:featuredmedia":[{"embeddable":true,"href":"https:\/\/www.lowcostivf.net\/de\/wp-json\/wp\/v2\/media\/1481"}],"wp:attachment":[{"href":"https:\/\/www.lowcostivf.net\/de\/wp-json\/wp\/v2\/media?parent=685"}],"wp:term":[{"taxonomy":"category","embeddable":true,"href":"https:\/\/www.lowcostivf.net\/de\/wp-json\/wp\/v2\/categories?post=685"},{"taxonomy":"post_tag","embeddable":true,"href":"https:\/\/www.lowcostivf.net\/de\/wp-json\/wp\/v2\/tags?post=685"}],"curies":[{"name":"wp","href":"https:\/\/api.w.org\/{rel}","templated":true}]}}