{"id":681,"date":"2019-10-27T11:29:05","date_gmt":"2019-10-27T11:29:05","guid":{"rendered":"https:\/\/www.lowcostivf.net\/aplicacion-ovarian-de-prp-rejuvenacion-ovariana\/"},"modified":"2019-11-12T11:36:09","modified_gmt":"2019-11-12T11:36:09","slug":"aplicacion-ovarian-de-prp-rejuvenacion-ovariana","status":"publish","type":"page","link":"https:\/\/www.lowcostivf.net\/de\/aplicacion-ovarian-de-prp-rejuvenacion-ovariana\/","title":{"rendered":"Anwendung Ovarian De Prp Rejuvenacion Ovariana"},"content":{"rendered":"<h2 class=\"wsite-content-title\">\u200b<strong>PLASMA RICO UND PLAQUETAS<\/strong> \u2013 APPLICATIONES PARA LA REGENERACI\u00d3N CELULAR.<\/h2>\n<p>Die Reproduktion ist in ihrer einfachen Definition so gestaltet, dass sie sich mit einem einzigen Wissen der Wissenschaft an die Rezeption wenden muss. Das Wissen der Wissenschaft bezieht sich nicht unbedingt auf den Einsatz von Ger\u00e4ten aus der Hochtechnologie und der au\u00dferirdischen Technologie! Im Gro\u00dfen und Ganzen ist die Reproduktionsunterst\u00fctzung nur eine Nachbildung nat\u00fcrlicher biologischer und fisiologisch-biologischer Prozesse auf menschlicher Basis in unserem aktuellen Wissen und Verst\u00e4ndnis. Im Rahmen unserer Untersuchungen und Studien in Kliniken haben wir mit unserer kontinuierlichen Erfahrung und unserem Bewusstsein f\u00fcr die biologischen und fisiologisch-nat\u00fcrlichen Verfahren des Menschen die besten Behandlungsmethoden f\u00fcr unsere Patienten bei der Vorbereitung auf die Schwangerschaft entwickelt. W\u00e4hrend wir uns noch mehr Gedanken dar\u00fcber machen, wie wir auf die Mobilfunkebene gehen, k\u00f6nnen wir uns noch weiter verbessern, wenn wir ein Ayuda ben\u00f6tigen.<\/p>\n<p>Die Plaques, die auch als Trombocitos bezeichnet werden, sind zum Teil in die Vernarbung der Erbschaft und die Regeneration der Tejidos verwickelt. Das Plaqueta-Papier untersucht den Ort der L\u00e4sion (Endothel interrumpido), h\u00e4lt sich an den Ort der L\u00e4sion und kl\u00e4rt die M\u00e4nner ab, um den Prozess der Vernarbung der Erbschaft zu aktivieren. Das Blutplasma (abgek\u00fcrzt als PRP) ist ein blutr\u00fcnstiges Produkt, das von einer Person in den Blutkreislauf gebracht werden muss, und es werden Labortechniken verwendet, um den K\u00f6rper und die Blutgef\u00e4\u00dfe von dem K\u00f6rper zu trennen, der aus Blutgef\u00e4\u00dfen besteht. Es ist uns nicht gestattet, in wenigen Tagen geheilten Plasmas hohe Konzentrationen von Plaques zu erzielen. Der Vorschlag, Plasma in Plaques zu erhalten, ist gro\u00dfartig und multipliziert mit seinen nat\u00fcrlichen Heilwirkungen, da die Tage in relativ kurzen Zeitr\u00e4umen verbracht werden, sobald die nat\u00fcrlichen Cantidades in dieser Gegend versinken.<\/p>\n<p><strong>PRP<\/strong> Es handelt sich um eine relativ neue und hochversprechende therapeutische Anwendung, die den therapeutischen Vorteilen ohne sch\u00e4dliche Nebenwirkungen vielf\u00e4ltige Vorteile bieten kann, da es sich um ein Produkt handelt, das direkt von der Heilkraft abh\u00e4ngt. PRP ist in vielerlei Hinsicht ein wichtiger Faktor f\u00fcr die Regeneration der Bev\u00f6lkerung. Zu den wichtigsten geh\u00f6ren der epidermische Crecimiento-Faktor (EGF), der endotelial-vaskul\u00e4re Crecimiento-Faktor (VEGF), der Beta-1-Transformationsfaktor (TGF-B1), der Beta-Transformante-2-Faktor (TGF-B2) und verschiedene Plaqueklassen-PDGF ), Insulin (IGF-1) und Hepatozytenwachstumsfaktor (HGF). Diese Faktoren der Steigerung wirken sich auf das Zusammenspiel mehrerer Teile der Regeneration aus, wie z. B. die Steigerung, die Verbreitung und die Differenzierung der Zellen, aufgrund einer gr\u00f6\u00dferen Verwaltung und Sauerstoffzirkulation. W\u00e4hrend das PRP mit der Regenerierung des Tejidos durch das Personal der Wachstumsfaktoren gef\u00f6rdert wird, muss die Hacerlo-Kapazit\u00e4t auch eine Reaktion auf Entz\u00fcndungen hervorrufen, die durch ihre entz\u00fcndungshemmenden Molek\u00fcle wie der Faktor der Erh\u00f6hung der Leberfunktion verursacht wird.<\/p>\n<p><strong>PRP<\/strong> Sie werden aktuell f\u00fcr eine Vielzahl von Anwendungen genutzt, darunter dermatologische Anwendungen wie Anti-Verschlei\u00df-Behandlung, Haarentfernung, zahn\u00e4rztliche Anwendungen sowie die Regeneration langweiliger Haare. In j\u00fcngster Zeit haben Klinik\u00e4rzte und Tierversuche eine nachhaltige Versuchsreihe \u00fcbernommen, weil das PRP auf dem Gebiet der Unfruchtbarkeit und seiner regenerierenden Wirkung viele Vorteile bringen kann.<\/p>\n<p>Die Idee ist nicht extravagant, wenn wir uns auf die Wunden von all den Tagen konzentrieren, die wir in unserem cotidiana Leben konsumieren \u2013 Podemos caer y magullar, cortar a nosotros mismos mientras cortando un tomate. Sobald eine Krankheit beendet ist, wird die Entz\u00fcndungsgefahr schlie\u00dflich durch unser Immunsystem ausgel\u00f6st, und die Krankheit entz\u00fcndet sich durch ein Algen\u00f6dem. Die Kuration geht weiter, ein Capa amarillenta se forma \u00fcber die herida. Es handelt sich um eine Kombination aus wei\u00dfen Blutk\u00f6rperchen (Leukozyten), Blutgerinnseln, Plaques und verschiedenen Wachstumsfaktoren im K\u00f6rper, die Vermeidung von \u00dcberforderung, Infektionen und Regeneration des anhaftenden Tejidos sowie die Reparatur von Sch\u00e4den in der Umgebung. Durch die Nutzung dieses Prinzips ist die Einwirkung dieser Wachstumsfaktoren auf jeden Fall von entscheidender Bedeutung f\u00fcr die Verj\u00fcngung und Regeneration des Mobiltelefons.<\/p>\n<hr style=\"width: 100%; clear: both; visibility: hidden;\" \/>\n<p><a> <img decoding=\"async\" style=\"width: auto; max-width: 100%;\" src=\"https:\/\/www.lowcostivf.net\/wp-content\/uploads\/2019\/10\/ivf-treatment-pregnancy-over-50-older-women_2.jpeg\" alt=\"PRP-ANWENDUNG: REJUVENACI\u00d3N OVARIANA\" \/><\/a><\/p>\n<h2 class=\"wsite-content-title\"><strong>Endometriumanwendung von PRP<\/strong><\/h2>\n<p>Die chronische Endometritis und die Endometriose k\u00f6nnen zu Entz\u00fcndungsprozessen f\u00fchren, die Embryonalimplantation erschweren und den nat\u00fcrlichen Geschlechtsverkehr oder die In-vitro-Fertilisation (FIV) durchlaufen. In Tests mit Tieren wurde gezeigt, dass die PRP-Anwendungen proliferative Wirkungen auf die Zellen haben, die auch entz\u00fcndungshemmende Wirkungen haben und bei der Reparatur von Tejidos eingesetzt werden. Die PRP-Anwendung ist auch mit einer gr\u00f6\u00dferen Aktivit\u00e4t des Progesteronrezeptors verbunden. Die Progesteronrezeptoren sind die Hauptakteure, die eine Wiedergutmachung der Geb\u00e4rmutterschleimhaut verhindern m\u00fcssen, und sie wissen, dass sie mit der Embryonenimplantation vertraut sind.<\/p>\n<p>Die menschlichen Studien haben auch neue, identische Ergebnisse erzielt. W\u00e4hrend sich die E-Studios bereits in ihren Vorbereitungsphasen befanden, wurde die kommerzielle Anwendung mit den potenziellen Vorteilen und den durch die E-Studios realisierten sekund\u00e4ren biologischen Effekten belastet. In Nordzypern IVF haben wir PRP-Anwendungen f\u00fcr Patientinnen mit chronischer Endometritis, Patientinnen mit wiederkehrender Implantation und Frakturen bei FIV angeboten, ebenso wie Patientinnen, die kein Endometrium-Niveau erreichen konnten, um eine \u00dcbertragung von Embryonen zu verhindern.<\/p>\n<p>Die PRP-Endometriumanwendung wird 2 bis 4 Tage vor der \u00dcbertragung der Embryonen durchgef\u00fchrt, damit die Zellaktivit\u00e4t bis zum Erreichen dieses Zeitraums optimal ist. <strong>Die Kosten f\u00fcr die Anwendung<\/strong> <strong>Die PRP-Endometriumuntersuchung w\u00e4hrend eines FIV-Zyklus kostet 500 Euro.<\/strong><br \/>\n\u200b<\/p>\n<h2 class=\"wsite-content-title\"><strong>PRP-ANWENDUNG: REJUVENACI\u00d3N OVARIANA<\/strong><\/h2>\n<p>Eine der h\u00e4ufigsten Schwangerschaften kann dazu f\u00fchren, dass die Wechseljahre nicht umkehren. Wir haben uns mit dem Thema besch\u00e4ftigt, bis wir uns entschieden haben, dass wir es nicht tun. Jede Frau hat eine begrenzte Anzahl an Eierst\u00f6cken und diese Reserven sind mit der Zeit nach jedem Menstruationszyklus vermindert. Allerdings haben die j\u00fcngsten Fortschritte bei der Untersuchung und die Studienkliniken die M\u00f6glichkeit, die Funktion der Eizelle zu regenerieren, auch nach den Wechseljahren. Nach der letzten Untersuchung, die von Harvard-Wissenschaftlern durchgef\u00fchrt wurde, k\u00f6nnte die Anwendung von PRP in der Geb\u00e4rmutter die Zellkeimlinie im Ziel der Eierst\u00f6cke stimulieren. Die Wissenschaftler begannen mit Tierversuchen und stellten fest, dass die Wachstumsfaktoren eine Wiederbelebung der Eizellenproduktion in den Eierst\u00f6cken erm\u00f6glichten.<\/p>\n<p>Die Anwendung von PRP in Eierstock-Tejidos besteht aus dem Ziel, das Mobilfunkwachstum zu steigern und die Eierst\u00f6cke zu vermehren. Wenn die heutige klinische Evidenz in ihren vorbereitenden Phasen und der PRP-Anwendung erst nach einer neuen Praxis durchgef\u00fchrt wird, hat die vorhandene Evidenz zu unglaublichen Ergebnissen bei Patienten gef\u00fchrt, auch in den Phasen der Menopause. Wenn die Erfahrung mit dieser seit langem und heute begrenzten Anwendung sehr schnell ist, um sich an die Frauen zu gew\u00f6hnen, die in die Wechseljahre geraten sind, hat die PRP-Anwendung einige positive Auswirkungen.<\/p>\n<p>Die einzigen ver\u00f6ffentlichten wissenschaftlichen Dokumente haben die Wirkung der PRP-Infusion in den Eierst\u00f6cken bei 8 Frauen in den Wechseljahren untersucht. Aufgrund der Ergebnisse dieses Trainings, nach einer PRP-Infusion in den Eierstock, wurde der R\u00fccklauf der Eierstockfunktion drei Monate lang beobachtet. \u00dcber die Basis unserer eigenen Erfahrungen in Nordzypern IVF mit PRP-Infusion. Sobald die Anzahl der Frauen begrenzt ist, beobachten wir eine Erweiterung der Funktion\/Aktivit\u00e4t der Eierst\u00f6cke im Gro\u00dfen und Ganzen der Frauen, die eine PRP-Infusion erhalten.<\/p>\n<p>Basiert auf der aktiven Konvektion und dem vorhersehbaren Faktor f\u00fcr die endotheliale und vaskul\u00e4re Steigerung, der Erweiterung der Vaskularisierung und der sanguinischen Suministro, die sich durch die Vorteile ergeben, die eine Anwendung von PRP hervorgebracht hat. Die Wachstumsfaktoren der Plaques k\u00f6nnen auch die Aktivierung der Zellen der Mutter in den Eierst\u00f6cken stimulieren, die das Potenzial zur Reife in den Eizellen haben. Obwohl es sich um eine beobachtete Wirkung handelt, kann es nicht lange dauern, bis die Folikulation \u00fcberwacht wird, und die Eizellenqualit\u00e4t erlaubt es Frauen, sich in die Wechseljahre zu verwickeln und sie zu verlassen. Es liegen nun Beweise daf\u00fcr vor, dass das Auftreten eines solchen Schocks im Alter von 49 Jahren nach der PRP-Infusion stattgefunden hat.<\/p>\n<p>Da es sich bei der PRP-Anwendung um eine nat\u00fcrliche Form der Regeneration und Verj\u00fcngung der Haut handelt, k\u00f6nnen wir uns nur auf wissenschaftliche Beweise verlassen. Die Datenerhebung dauerte eine ganze Weile und die Ergebnisse der Verj\u00fcngungskur forderten die Behandlung von Frauenwissenschaftlern, bevor sie zu einer Schlussfolgerung gelangen konnten. Esperamos tener estad\u00edsticas m\u00e1s conretas para principios 2018.<\/p>\n<p><strong>CU\u00c1NTO CUESTA EL APLICACI\u00d3N OVARIAN DE PRP?<\/strong><br \/>\nDie Kosten f\u00fcr die Verj\u00fcngung der Eierst\u00f6cke f\u00fcr die PRP-Anwendung belaufen sich auf 1.500 Euro im FIV-Zentrum von Chipre Norte f\u00fcr beide Eierst\u00f6cke. Die Gesamtkosten betragen 1.500 Euro und umfassen die Untersuchung des pr\u00e4operativen Gesundheitszustands (CBC) und das Panel zur Erkennung von Infektionskrankheiten, darunter VDRL, HbsAg, HCV und VIH-Tests. W\u00e4hrend Ihres Besuchs in unserem Krankenhaus haben Sie keine versteckten Kosten erlitten. Unsere Patientenkoordinatoren k\u00f6nnen auch die Reservierung Ihrer Hotelreservierung w\u00e4hrend Ihres Aufenthaltes in Chipre organisieren. Ich denke, das ist mindestens ein Jahr, am besten noch in den Abendstunden in Chipre.<\/p>\n<p><strong>Was sind die Gr\u00fcnde f\u00fcr die PRP-Anwendung im Eierstock?<\/strong><br \/>\nDie PRP-Injektion ist in der Praxis kostenlos, da der Prozess die Injektion der Eierst\u00f6cke mit ihrem eigenen Heilprodukt mit sich bringt. Es gibt keine k\u00fcnstlichen N\u00e4hrstoffe oder andere N\u00e4hrstoffe, die m\u00f6glicherweise nicht in Ihr Zuhause eingef\u00fchrt werden. Da die Verwaltungsform jedoch eine Sedierung vorschreibt, muss sie w\u00e4hrend der Genesung der Patienten in einem FIV-Zyklus sediert werden. Die sekund\u00e4ren Auswirkungen des Verfahrens, die die \u00dcbertragung der Blutplaques auf die Eierst\u00f6cke nach der Sedierung zur Folge haben, k\u00f6nnen nach dem Verfahren auch Schmerzen verursachen. Zu den Sekund\u00e4reffekten geh\u00f6rten auch die Nachbehandlung und das Fieber.<\/p>\n<p><strong>Welche Vorteile hat die PRP-Anwendung f\u00fcr Eierst\u00f6cke?<\/strong><br \/>\nDer gr\u00f6\u00dfte potenzielle Nutzen liegt darin, dass er mit seinen eigenen Huevos auch nach den Wechseljahren in Verlegenheit gebracht wird! Die Antwort jeder Frau ist unterschiedlich und die PRP-Anwendung kann f\u00fcr alle Frauen nicht funktionieren. Auch wenn die Menopause auftritt und die Menopause auftritt, m\u00fcssen Sie sich auf die Zeit einstellen, in der die Menopause f\u00fcr eine relativ kurze Zeitspanne aktiviert wird und dies zu keiner Zeit m\u00f6glich ist. Da es keine Garantien gibt, handelt es sich hierbei um den letzten Schritt in der Reproduktionstechnologie, der m\u00f6glicherweise eine M\u00f6glichkeit bietet, die Farben einer Frau auszutauschen, auch wenn sie ihre Reserven vor sich hat. Die Studienvorbereitungen und Klinikanwendungen mussten in letzter Zeit sehr gute Ergebnisse erzielen, da die relativ geringen Kosten und die minimalen Nebeneffekte eine Frau mit Vorbehalten vor der T\u00fcr hatten und eine Gelegenheit boten, sich mit ihren eigenen Huevos zu vergn\u00fcgen, ohne einen Kandidaten zu haben idato ideal .<\/p>\n<p><strong>Wie funktioniert es?<\/strong><br \/>\nDas ist ganz einfach. Wenn Sie in den Wechseljahren sind, muss die PRP-Anwendung Ihre Menstruationszyklen wiederherstellen. Numerisch gesehen, muss es in seinen Hormonniveaus am h\u00f6chsten sein. Ungef\u00e4hr 1 bis 3 Monate nach der Anwendung von PRP m\u00fcssen Sie eine Erh\u00f6hung der Hormona-Anti-Mulleriana-Niveaus und eine Reduzierung unterhalb der FSH- und LH-Niveaus beobachten. Dies ist das Beste, was ich tun muss, um die Vorteile der PRP-Anwendung zu beobachten! Bitte beachten Sie, dass jede Frau auf die falsche Vorgehensweise bei der PRP-Anwendung reagieren muss und in einigen F\u00e4llen Wachstumsfaktoren bis zu 6 Monate dauern m\u00fcssen, um ihre Wirkung zu erzielen. Daher m\u00fcssen die Pr\u00fcfungen programmiert werden, um den Fortschritt innerhalb von 6 Monaten zu \u00fcberwachen. Bevor ich kam, mussten wir in einem \u00f6rtlichen Labor einen AMH-, FSH- und LH-Test durchf\u00fchren. Una vez que haya recibido su tratamiento y vuelva a casa, le pediremos que repita las mismas pruebas in 2 y 3 meses. Es ist wichtig, dass Sie f\u00fcr Ihre Tests das Labor verwenden, um eventuelle Schwankungen in den Labormedikamenten auszuschlie\u00dfen.<\/p>\n<p><em>\u00a0 \u00a0 Nehmen Sie an sozialen Netzwerken teil, damit andere davon profitieren!<\/em><\/p>\n<p style=\"margin-left: 16px; margin-top: 0px;\">\n<p style=\"margin-left: 16px; margin-top: 0px;\">","protected":false},"excerpt":{"rendered":"<p>RICO-PLASMA IN PLAQUETEN \u2013 ANWENDUNGEN ZUR ZELLENREGENERIERUNG. Die Reproduktion ist in ihrer einfachen Definition so gestaltet, dass sie sich mit einem einzigen Wissen der Wissenschaft an die Rezeption wenden muss. Das Wissen der Wissenschaft bezieht sich nicht unbedingt auf den Einsatz von Ger\u00e4ten aus der Hochtechnologie und der au\u00dferirdischen Technologie! Im Gro\u00dfen und Ganzen, [\u2026]<\/p>","protected":false},"author":1,"featured_media":1470,"parent":0,"menu_order":0,"comment_status":"closed","ping_status":"closed","template":"","meta":{"footnotes":""},"categories":[],"tags":[],"class_list":["post-681","page","type-page","status-publish","has-post-thumbnail","hentry"],"yoast_head":"<!-- This site is optimized with the Yoast SEO plugin v24.3 - https:\/\/yoast.com\/wordpress\/plugins\/seo\/ -->\n<title>Aplicacion Ovarian De Prp Rejuvenacion Ovariana - North Cyprus IVF<\/title>\n<meta name=\"robots\" content=\"index, follow, max-snippet:-1, max-image-preview:large, max-video-preview:-1\" \/>\n<link rel=\"canonical\" href=\"https:\/\/www.lowcostivf.net\/de\/aplicacion-ovarian-de-prp-rejuvenacion-ovariana\/\" \/>\n<meta property=\"og:locale\" content=\"de_DE\" \/>\n<meta property=\"og:type\" content=\"article\" \/>\n<meta property=\"og:title\" content=\"Aplicacion Ovarian De Prp Rejuvenacion Ovariana - North Cyprus IVF\" \/>\n<meta property=\"og:description\" content=\"\u200bPLASMA RICO EN PLAQUETAS &#8211; APLICACIONES PARA LA REGENERACI\u00d3N CELULAR. La reproducci\u00f3n asistida, en su definici\u00f3n simplista, se refiere a lograr el embarazo con alguna ayuda de la ciencia. La ayuda de la ciencia no necesariamente implica el uso de equipos de alta tecnolog\u00eda y la tecnolog\u00eda alien\u00edgena! En la mayor\u00eda de los casos, la [&hellip;]\" \/>\n<meta property=\"og:url\" content=\"https:\/\/www.lowcostivf.net\/de\/aplicacion-ovarian-de-prp-rejuvenacion-ovariana\/\" \/>\n<meta property=\"og:site_name\" content=\"North Cyprus IVF\" \/>\n<meta property=\"article:publisher\" content=\"https:\/\/www.facebook.com\/northcyprusivf\/\" \/>\n<meta property=\"article:modified_time\" content=\"2019-11-12T11:36:09+00:00\" \/>\n<meta property=\"og:image\" content=\"https:\/\/www.lowcostivf.net\/wp-content\/uploads\/2019\/11\/aplicacion-ovarian-de-prp-rejuvenacion-ovariana.jpg\" \/>\n\t<meta property=\"og:image:width\" content=\"1140\" \/>\n\t<meta property=\"og:image:height\" content=\"570\" \/>\n\t<meta property=\"og:image:type\" content=\"image\/jpeg\" \/>\n<meta name=\"twitter:card\" content=\"summary_large_image\" \/>\n<meta name=\"twitter:label1\" content=\"Gesch\u00e4tzte Lesezeit\" \/>\n\t<meta name=\"twitter:data1\" content=\"11\u00a0Minuten\" \/>\n<script type=\"application\/ld+json\" class=\"yoast-schema-graph\">{\"@context\":\"https:\/\/schema.org\",\"@graph\":[{\"@type\":\"WebPage\",\"@id\":\"https:\/\/www.lowcostivf.net\/aplicacion-ovarian-de-prp-rejuvenacion-ovariana\/\",\"url\":\"https:\/\/www.lowcostivf.net\/aplicacion-ovarian-de-prp-rejuvenacion-ovariana\/\",\"name\":\"Aplicacion Ovarian De Prp Rejuvenacion Ovariana - North Cyprus IVF\",\"isPartOf\":{\"@id\":\"https:\/\/www.lowcostivf.net\/#website\"},\"primaryImageOfPage\":{\"@id\":\"https:\/\/www.lowcostivf.net\/aplicacion-ovarian-de-prp-rejuvenacion-ovariana\/#primaryimage\"},\"image\":{\"@id\":\"https:\/\/www.lowcostivf.net\/aplicacion-ovarian-de-prp-rejuvenacion-ovariana\/#primaryimage\"},\"thumbnailUrl\":\"https:\/\/www.lowcostivf.net\/wp-content\/uploads\/2019\/11\/aplicacion-ovarian-de-prp-rejuvenacion-ovariana.jpg\",\"datePublished\":\"2019-10-27T11:29:05+00:00\",\"dateModified\":\"2019-11-12T11:36:09+00:00\",\"breadcrumb\":{\"@id\":\"https:\/\/www.lowcostivf.net\/aplicacion-ovarian-de-prp-rejuvenacion-ovariana\/#breadcrumb\"},\"inLanguage\":\"de\",\"potentialAction\":[{\"@type\":\"ReadAction\",\"target\":[\"https:\/\/www.lowcostivf.net\/aplicacion-ovarian-de-prp-rejuvenacion-ovariana\/\"]}]},{\"@type\":\"ImageObject\",\"inLanguage\":\"de\",\"@id\":\"https:\/\/www.lowcostivf.net\/aplicacion-ovarian-de-prp-rejuvenacion-ovariana\/#primaryimage\",\"url\":\"https:\/\/www.lowcostivf.net\/wp-content\/uploads\/2019\/11\/aplicacion-ovarian-de-prp-rejuvenacion-ovariana.jpg\",\"contentUrl\":\"https:\/\/www.lowcostivf.net\/wp-content\/uploads\/2019\/11\/aplicacion-ovarian-de-prp-rejuvenacion-ovariana.jpg\",\"width\":1140,\"height\":570},{\"@type\":\"BreadcrumbList\",\"@id\":\"https:\/\/www.lowcostivf.net\/aplicacion-ovarian-de-prp-rejuvenacion-ovariana\/#breadcrumb\",\"itemListElement\":[{\"@type\":\"ListItem\",\"position\":1,\"name\":\"Home\",\"item\":\"https:\/\/www.lowcostivf.net\/\"},{\"@type\":\"ListItem\",\"position\":2,\"name\":\"Aplicacion Ovarian De Prp Rejuvenacion Ovariana\"}]},{\"@type\":\"WebSite\",\"@id\":\"https:\/\/www.lowcostivf.net\/#website\",\"url\":\"https:\/\/www.lowcostivf.net\/\",\"name\":\"North Cyprus IVF\",\"description\":\"Highest IVF Success in Cyprus\",\"publisher\":{\"@id\":\"https:\/\/www.lowcostivf.net\/#organization\"},\"potentialAction\":[{\"@type\":\"SearchAction\",\"target\":{\"@type\":\"EntryPoint\",\"urlTemplate\":\"https:\/\/www.lowcostivf.net\/?s={search_term_string}\"},\"query-input\":{\"@type\":\"PropertyValueSpecification\",\"valueRequired\":true,\"valueName\":\"search_term_string\"}}],\"inLanguage\":\"de\"},{\"@type\":\"Organization\",\"@id\":\"https:\/\/www.lowcostivf.net\/#organization\",\"name\":\"North Cyprus IVF Centre\",\"alternateName\":\"Cyprus IVF Centre\",\"url\":\"https:\/\/www.lowcostivf.net\/\",\"logo\":{\"@type\":\"ImageObject\",\"inLanguage\":\"de\",\"@id\":\"https:\/\/www.lowcostivf.net\/#\/schema\/logo\/image\/\",\"url\":\"https:\/\/www.lowcostivf.net\/wp-content\/uploads\/2023\/08\/logo-cyprus-ivf-center-logo.png\",\"contentUrl\":\"https:\/\/www.lowcostivf.net\/wp-content\/uploads\/2023\/08\/logo-cyprus-ivf-center-logo.png\",\"width\":300,\"height\":300,\"caption\":\"North Cyprus IVF Centre\"},\"image\":{\"@id\":\"https:\/\/www.lowcostivf.net\/#\/schema\/logo\/image\/\"},\"sameAs\":[\"https:\/\/www.facebook.com\/northcyprusivf\/\"]}]}<\/script>\n<!-- \/ Yoast SEO plugin. -->","yoast_head_json":{"title":"Aplicacion Ovarian De Prp Rejuvenacion Ovariana - North Cyprus IVF","robots":{"index":"index","follow":"follow","max-snippet":"max-snippet:-1","max-image-preview":"max-image-preview:large","max-video-preview":"max-video-preview:-1"},"canonical":"https:\/\/www.lowcostivf.net\/de\/aplicacion-ovarian-de-prp-rejuvenacion-ovariana\/","og_locale":"de_DE","og_type":"article","og_title":"Aplicacion Ovarian De Prp Rejuvenacion Ovariana - North Cyprus IVF","og_description":"\u200bPLASMA RICO EN PLAQUETAS &#8211; APLICACIONES PARA LA REGENERACI\u00d3N CELULAR. La reproducci\u00f3n asistida, en su definici\u00f3n simplista, se refiere a lograr el embarazo con alguna ayuda de la ciencia. La ayuda de la ciencia no necesariamente implica el uso de equipos de alta tecnolog\u00eda y la tecnolog\u00eda alien\u00edgena! En la mayor\u00eda de los casos, la [&hellip;]","og_url":"https:\/\/www.lowcostivf.net\/de\/aplicacion-ovarian-de-prp-rejuvenacion-ovariana\/","og_site_name":"North Cyprus IVF","article_publisher":"https:\/\/www.facebook.com\/northcyprusivf\/","article_modified_time":"2019-11-12T11:36:09+00:00","og_image":[{"width":1140,"height":570,"url":"https:\/\/www.lowcostivf.net\/wp-content\/uploads\/2019\/11\/aplicacion-ovarian-de-prp-rejuvenacion-ovariana.jpg","type":"image\/jpeg"}],"twitter_card":"summary_large_image","twitter_misc":{"Gesch\u00e4tzte Lesezeit":"11\u00a0Minuten"},"schema":{"@context":"https:\/\/schema.org","@graph":[{"@type":"WebPage","@id":"https:\/\/www.lowcostivf.net\/aplicacion-ovarian-de-prp-rejuvenacion-ovariana\/","url":"https:\/\/www.lowcostivf.net\/aplicacion-ovarian-de-prp-rejuvenacion-ovariana\/","name":"Aplicacion Ovarian De Prp Rejuvenacion Ovariana - North Cyprus IVF","isPartOf":{"@id":"https:\/\/www.lowcostivf.net\/#website"},"primaryImageOfPage":{"@id":"https:\/\/www.lowcostivf.net\/aplicacion-ovarian-de-prp-rejuvenacion-ovariana\/#primaryimage"},"image":{"@id":"https:\/\/www.lowcostivf.net\/aplicacion-ovarian-de-prp-rejuvenacion-ovariana\/#primaryimage"},"thumbnailUrl":"https:\/\/www.lowcostivf.net\/wp-content\/uploads\/2019\/11\/aplicacion-ovarian-de-prp-rejuvenacion-ovariana.jpg","datePublished":"2019-10-27T11:29:05+00:00","dateModified":"2019-11-12T11:36:09+00:00","breadcrumb":{"@id":"https:\/\/www.lowcostivf.net\/aplicacion-ovarian-de-prp-rejuvenacion-ovariana\/#breadcrumb"},"inLanguage":"de","potentialAction":[{"@type":"ReadAction","target":["https:\/\/www.lowcostivf.net\/aplicacion-ovarian-de-prp-rejuvenacion-ovariana\/"]}]},{"@type":"ImageObject","inLanguage":"de","@id":"https:\/\/www.lowcostivf.net\/aplicacion-ovarian-de-prp-rejuvenacion-ovariana\/#primaryimage","url":"https:\/\/www.lowcostivf.net\/wp-content\/uploads\/2019\/11\/aplicacion-ovarian-de-prp-rejuvenacion-ovariana.jpg","contentUrl":"https:\/\/www.lowcostivf.net\/wp-content\/uploads\/2019\/11\/aplicacion-ovarian-de-prp-rejuvenacion-ovariana.jpg","width":1140,"height":570},{"@type":"BreadcrumbList","@id":"https:\/\/www.lowcostivf.net\/aplicacion-ovarian-de-prp-rejuvenacion-ovariana\/#breadcrumb","itemListElement":[{"@type":"ListItem","position":1,"name":"Home","item":"https:\/\/www.lowcostivf.net\/"},{"@type":"ListItem","position":2,"name":"Aplicacion Ovarian De Prp Rejuvenacion Ovariana"}]},{"@type":"WebSite","@id":"https:\/\/www.lowcostivf.net\/#website","url":"https:\/\/www.lowcostivf.net\/","name":"North Cyprus IVF","description":"Highest IVF Success in Cyprus","publisher":{"@id":"https:\/\/www.lowcostivf.net\/#organization"},"potentialAction":[{"@type":"SearchAction","target":{"@type":"EntryPoint","urlTemplate":"https:\/\/www.lowcostivf.net\/?s={search_term_string}"},"query-input":{"@type":"PropertyValueSpecification","valueRequired":true,"valueName":"search_term_string"}}],"inLanguage":"de"},{"@type":"Organization","@id":"https:\/\/www.lowcostivf.net\/#organization","name":"North Cyprus IVF Centre","alternateName":"Cyprus IVF Centre","url":"https:\/\/www.lowcostivf.net\/","logo":{"@type":"ImageObject","inLanguage":"de","@id":"https:\/\/www.lowcostivf.net\/#\/schema\/logo\/image\/","url":"https:\/\/www.lowcostivf.net\/wp-content\/uploads\/2023\/08\/logo-cyprus-ivf-center-logo.png","contentUrl":"https:\/\/www.lowcostivf.net\/wp-content\/uploads\/2023\/08\/logo-cyprus-ivf-center-logo.png","width":300,"height":300,"caption":"North Cyprus IVF Centre"},"image":{"@id":"https:\/\/www.lowcostivf.net\/#\/schema\/logo\/image\/"},"sameAs":["https:\/\/www.facebook.com\/northcyprusivf\/"]}]}},"_links":{"self":[{"href":"https:\/\/www.lowcostivf.net\/de\/wp-json\/wp\/v2\/pages\/681"}],"collection":[{"href":"https:\/\/www.lowcostivf.net\/de\/wp-json\/wp\/v2\/pages"}],"about":[{"href":"https:\/\/www.lowcostivf.net\/de\/wp-json\/wp\/v2\/types\/page"}],"author":[{"embeddable":true,"href":"https:\/\/www.lowcostivf.net\/de\/wp-json\/wp\/v2\/users\/1"}],"replies":[{"embeddable":true,"href":"https:\/\/www.lowcostivf.net\/de\/wp-json\/wp\/v2\/comments?post=681"}],"version-history":[{"count":3,"href":"https:\/\/www.lowcostivf.net\/de\/wp-json\/wp\/v2\/pages\/681\/revisions"}],"predecessor-version":[{"id":1644,"href":"https:\/\/www.lowcostivf.net\/de\/wp-json\/wp\/v2\/pages\/681\/revisions\/1644"}],"wp:featuredmedia":[{"embeddable":true,"href":"https:\/\/www.lowcostivf.net\/de\/wp-json\/wp\/v2\/media\/1470"}],"wp:attachment":[{"href":"https:\/\/www.lowcostivf.net\/de\/wp-json\/wp\/v2\/media?parent=681"}],"wp:term":[{"taxonomy":"category","embeddable":true,"href":"https:\/\/www.lowcostivf.net\/de\/wp-json\/wp\/v2\/categories?post=681"},{"taxonomy":"post_tag","embeddable":true,"href":"https:\/\/www.lowcostivf.net\/de\/wp-json\/wp\/v2\/tags?post=681"}],"curies":[{"name":"wp","href":"https:\/\/api.w.org\/{rel}","templated":true}]}}