{"id":3296,"date":"2019-12-20T14:04:54","date_gmt":"2019-12-20T14:04:54","guid":{"rendered":"https:\/\/www.lowcostivf.net\/?page_id=3296"},"modified":"2023-11-19T14:15:20","modified_gmt":"2023-11-19T14:15:20","slug":"dr-idil-aslan","status":"publish","type":"page","link":"https:\/\/www.lowcostivf.net\/de\/dr-idil-aslan\/","title":{"rendered":"Idil Aslan"},"content":{"rendered":"<div data-elementor-type=\"wp-page\" data-elementor-id=\"3296\" class=\"elementor elementor-3296\" data-elementor-post-type=\"page\">\n\t\t\t\t\t\t\t\t\t<section class=\"elementor-section elementor-top-section elementor-element elementor-element-4f15b88 elementor-section-boxed elementor-section-height-default elementor-section-height-default\" data-id=\"4f15b88\" data-element_type=\"section\">\n\t\t\t\t\t\t<div class=\"elementor-container elementor-column-gap-default\">\n\t\t\t\t\t<div class=\"elementor-column elementor-col-100 elementor-top-column elementor-element elementor-element-8709e8b\" data-id=\"8709e8b\" data-element_type=\"column\">\n\t\t\t<div class=\"elementor-widget-wrap elementor-element-populated\">\n\t\t\t\t\t\t\t\t<div class=\"elementor-element elementor-element-08fad63 elementor-widget elementor-widget-jnews_element_header_elementor\" data-id=\"08fad63\" data-element_type=\"widget\" data-widget_type=\"jnews_element_header_elementor.default\">\n\t\t\t\t<div class=\"elementor-widget-container\">\n\t\t\t<div  class=\"jeg_block_heading jeg_block_heading_5 jeg_aligncenter jnews_module__0_69e7329bc60ca\">\n                <h3 class=\"jeg_block_title\"><span>Wer ist Asst? Prof. Dr. Idil Aslan?<\/span><\/h3>\n                <style>.jnews_module__0_69e7329bc60ca.jeg_block_heading_5 .jeg_block_title span, .jnews_module__0_69e7329bc60ca.jeg_block_heading_5 .jeg_block_title i { color: #7a7a7a; }<\/style>\n            <\/div>\t\t<\/div>\n\t\t\t\t<\/div>\n\t\t\t\t\t<\/div>\n\t\t<\/div>\n\t\t\t\t\t\t\t<\/div>\n\t\t<\/section>\n\t\t\t\t<section class=\"elementor-section elementor-top-section elementor-element elementor-element-a528620 elementor-section-boxed elementor-section-height-default elementor-section-height-default\" data-id=\"a528620\" data-element_type=\"section\">\n\t\t\t\t\t\t<div class=\"elementor-container elementor-column-gap-default\">\n\t\t\t\t\t<div class=\"elementor-column elementor-col-100 elementor-top-column elementor-element elementor-element-6b75087\" data-id=\"6b75087\" data-element_type=\"column\">\n\t\t\t<div class=\"elementor-widget-wrap elementor-element-populated\">\n\t\t\t\t\t\t\t\t<div class=\"elementor-element elementor-element-d20a0f5 elementor-widget elementor-widget-image\" data-id=\"d20a0f5\" data-element_type=\"widget\" data-widget_type=\"image.default\">\n\t\t\t\t<div class=\"elementor-widget-container\">\n\t\t\t\t\t\t\t\t\t\t\t\t\t\t\t<img loading=\"lazy\" decoding=\"async\" width=\"1920\" height=\"960\" src=\"https:\/\/www.lowcostivf.net\/wp-content\/uploads\/2019\/12\/dr_idil_aslan.jpg\" class=\"attachment-full size-full wp-image-3299\" alt=\"\" srcset=\"https:\/\/www.lowcostivf.net\/wp-content\/uploads\/2019\/12\/dr_idil_aslan.jpg 1920w, https:\/\/www.lowcostivf.net\/wp-content\/uploads\/2019\/12\/dr_idil_aslan-300x150.jpg 300w, https:\/\/www.lowcostivf.net\/wp-content\/uploads\/2019\/12\/dr_idil_aslan-1024x512.jpg 1024w, https:\/\/www.lowcostivf.net\/wp-content\/uploads\/2019\/12\/dr_idil_aslan-768x384.jpg 768w, https:\/\/www.lowcostivf.net\/wp-content\/uploads\/2019\/12\/dr_idil_aslan-1536x768.jpg 1536w, https:\/\/www.lowcostivf.net\/wp-content\/uploads\/2019\/12\/dr_idil_aslan-360x180.jpg 360w, https:\/\/www.lowcostivf.net\/wp-content\/uploads\/2019\/12\/dr_idil_aslan-750x375.jpg 750w, https:\/\/www.lowcostivf.net\/wp-content\/uploads\/2019\/12\/dr_idil_aslan-1140x570.jpg 1140w\" sizes=\"(max-width: 1920px) 100vw, 1920px\" \/>\t\t\t\t\t\t\t\t\t\t\t\t\t\t\t<\/div>\n\t\t\t\t<\/div>\n\t\t\t\t<div class=\"elementor-element elementor-element-5dfb56b elementor-widget elementor-widget-heading\" data-id=\"5dfb56b\" data-element_type=\"widget\" data-widget_type=\"heading.default\">\n\t\t\t\t<div class=\"elementor-widget-container\">\n\t\t\t<h2 class=\"elementor-heading-title elementor-size-default\">Asst. Prof. Dr. Idil Aslan<\/h2>\t\t<\/div>\n\t\t\t\t<\/div>\n\t\t\t\t<div class=\"elementor-element elementor-element-be67038 elementor-widget elementor-widget-text-editor\" data-id=\"be67038\" data-element_type=\"widget\" data-widget_type=\"text-editor.default\">\n\t\t\t\t<div class=\"elementor-widget-container\">\n\t\t\t\t\t\t\t<p>Genetiker \/ Laborleiter<\/p>\t\t\t\t\t\t<\/div>\n\t\t\t\t<\/div>\n\t\t\t\t<div class=\"elementor-element elementor-element-abfaebd elementor-widget elementor-widget-text-editor\" data-id=\"abfaebd\" data-element_type=\"widget\" data-widget_type=\"text-editor.default\">\n\t\t\t\t<div class=\"elementor-widget-container\">\n\t\t\t\t\t\t\t<strong>Akademischer Hintergrund<\/strong><br><p><br>BS-Ankara-Universit\u00e4t, Fakult\u00e4t f\u00fcr Naturwissenschaften, Fachbereich Biologie<br>MS \u2013 Universit\u00e4t Ankara, Fakult\u00e4t f\u00fcr Veterin\u00e4rmedizin, Abteilung f\u00fcr Biochemie<br>PhD \u2013 Universit\u00e4t Ankara, Institut f\u00fcr Biotechnologie, Abteilung f\u00fcr Molekulargenetik<\/p>\n<p><strong>Kurse und Zertifikate<\/strong><br>P\u00e4dagogische Ausbildung: Beruf des Lehrers 1994-1995<br>Sprache: Holborn English Language Service London 1996-1997\/TOEIC-Zertifikat<br>Computer: Benutzerzertifikat f\u00fcr Word\/Excell\/Powerpoint<\/p>\n<p><strong>Ver\u00f6ffentlichungen<\/strong><br>1-Homozygote Mutationen im 15-Hydroxyprostaglandin-Dehydrogenase-Gen bei Patienten mit prim\u00e4rer hypertropher Osteoarthropathie. Y\u00fcksel-Konuk B, S\u0131rmac\u0131 A, Ayten GE, Ozdemir M, <strong>Aslan I.,<\/strong> Y\u0131lmaz-Turay U, Erdo\u011fan Y, Tekin M. Rheumatol Int. 22. M\u00e4rz 2009<br>2-Mutationen in TMC1 tragen erheblich zum nichtsyndromalen autosomal rezessiven Schallempfindungsschwerh\u00f6rigkeitsverlust bei: ein Bericht \u00fcber f\u00fcnf neue Mutationen.Sirmaci A, Duman D, Ozt\u00fcrkmen-Akay H, Erbek S, Incesulu A, Ozt\u00fcrk-Hi\u015fmi B, Arici ZS, Y\u00fcksel-Konuk EB, Ta\u015fir-Yilmaz S, Tokg\u00f6z-Yilmaz S, Cengiz FB, Aslan I, Yildirim M, Hasanefendio\u011flu-Bayrak A, Ay\u00e7i\u00e7ek A, Yilmaz I, Fitoz S, Altin F, Ozda\u011f H, Tekin M. Int J Pediatr Otorhinolaryngol. 2009 Mai<br>3-Homozygote Mutationen im Fibroblasten-Wachstumsfaktor 3 sind mit einer neuen Form syndromaler Taubheit verbunden, die durch Innenohragenesie, Mikrotie und Mikrodontie gekennzeichnet ist. Tekin M, Hi\u015fmi BO, Fitoz S, Ozda\u011f H, Cengiz FB, Sirmaci A, Aslan I, Inceo\u011flu B, Y\u00fcksel-Konuk EB, Yilmaz ST, Yasun O, Akar N.Am J Hum Genet. 2007 Feb;80(2):338-44.<br>4-Mutations-Screening des GJA7 (Cx45)-Gens in einer gro\u00dfen internationalen Serie von Probanden mit nicht-syndromaler Schwerh\u00f6rigkeit. Ouyang XM, Yan D, Aslan I, Du LL, Tekin M, Liu XZ. Gentest Mol-Biomarker. 2011 Mai;15(5):333-6. Epub 22. Januar 2011<br>5-Poster: 57. Jahrestagung der American Society of Human Genetics (ASHG), die vom 23. bis 27. Oktober in San Diego stattfindet. Poster 840\/T Signifikante Locus-Heterogenit\u00e4t in t\u00fcrkischen Familien mit autosomal rezessivem nichtsyndromalem sensorineuralem H\u00f6rverlust Tekin M, Ozda\u011f H, S\u0131rmac\u0131 A, Gengiz FB , Aslan I, Incesulu A, Erbek S, Y\u0131lmaz I<\/p>\n<p><strong>Angewandte Methoden<\/strong><br>PCR \u2013 Echtzeit-PCR<br>Alle Mutationserkennungsmethoden (SSCP\/TTGE\/Mikrosatellitenmarker\/DNA-Sequenzierung)<br>Zellkultur<br>FISH (Pr\u00e4implantationsdiagnostik)<\/p>\n<p><strong>Arbeitsfeld<\/strong><br>Genetische Pr\u00e4implantationsdiagnostik\/Geschlechtsauswahl<br>Nachweis und Genotypisierung des humanen Papillomavirus<br>Mutationspr\u00fcfung des Trombofilia-Genpanels durch Echtzeit-PCR<\/p>\n<hr style=\"width: 100%; clear: both; visibility: hidden;\">\n<hr style=\"width: 100%;\">\t\t\t\t\t\t<\/div>\n\t\t\t\t<\/div>\n\t\t\t\t\t<\/div>\n\t\t<\/div>\n\t\t\t\t\t\t\t<\/div>\n\t\t<\/section>\n\t\t\t\t<section class=\"elementor-section elementor-top-section elementor-element elementor-element-aad310c elementor-section-boxed elementor-section-height-default elementor-section-height-default\" data-id=\"aad310c\" data-element_type=\"section\">\n\t\t\t\t\t\t<div class=\"elementor-container elementor-column-gap-default\">\n\t\t\t\t\t<div class=\"elementor-column elementor-col-100 elementor-top-column elementor-element elementor-element-8f99db4\" data-id=\"8f99db4\" data-element_type=\"column\">\n\t\t\t<div class=\"elementor-widget-wrap elementor-element-populated\">\n\t\t\t\t\t\t\t\t<section class=\"elementor-section elementor-inner-section elementor-element elementor-element-7f29020 elementor-section-boxed elementor-section-height-default elementor-section-height-default\" data-id=\"7f29020\" data-element_type=\"section\">\n\t\t\t\t\t\t<div class=\"elementor-container elementor-column-gap-default\">\n\t\t\t\t\t<div class=\"elementor-column elementor-col-33 elementor-inner-column elementor-element elementor-element-4e8b572\" data-id=\"4e8b572\" data-element_type=\"column\">\n\t\t\t<div class=\"elementor-widget-wrap elementor-element-populated\">\n\t\t\t\t\t\t\t\t<div class=\"elementor-element elementor-element-d0c674d elementor-cta--skin-classic elementor-animated-content elementor-bg-transform elementor-bg-transform-zoom-in elementor-widget elementor-widget-call-to-action\" data-id=\"d0c674d\" data-element_type=\"widget\" data-widget_type=\"call-to-action.default\">\n\t\t\t\t<div class=\"elementor-widget-container\">\n\t\t\t\t\t<a class=\"elementor-cta\" href=\"\/de\/our-team\/\">\n\t\t\t\t\t<div class=\"elementor-cta__bg-wrapper\">\n\t\t\t\t<div class=\"elementor-cta__bg elementor-bg\" style=\"background-image: url(https:\/\/www.lowcostivf.net\/wp-content\/uploads\/2019\/12\/our_team-360x180.png);\" role=\"img\" aria-label=\"unser Team\"><\/div>\n\t\t\t\t<div class=\"elementor-cta__bg-overlay\"><\/div>\n\t\t\t<\/div>\n\t\t\t\t\t\t\t<div class=\"elementor-cta__content\">\n\t\t\t\t\n\t\t\t\t\t\t\t\t\t<h2 class=\"elementor-cta__title elementor-cta__content-item elementor-content-item\">\n\t\t\t\t\t\tIVF-Team Nordzypern\t\t\t\t\t<\/h2>\n\t\t\t\t\n\t\t\t\t\t\t\t\t\t<div class=\"elementor-cta__description elementor-cta__content-item elementor-content-item\">\n\t\t\t\t\t\t<p style=\"text-align: center; !important;\">Lernen Sie unsere Spezialisten und die Menschen hinter dem North Cyprus IVF Center kennen<\/p>\t\t\t\t\t<\/div>\n\t\t\t\t\n\t\t\t\t\t\t\t<\/div>\n\t\t\t\t\t\t\t<div class=\"elementor-ribbon elementor-ribbon-left\">\n\t\t\t\t<div class=\"elementor-ribbon-inner\">Unser Team<\/div>\n\t\t\t<\/div>\n\t\t\t\t<\/a>\n\t\t\t\t<\/div>\n\t\t\t\t<\/div>\n\t\t\t\t\t<\/div>\n\t\t<\/div>\n\t\t\t\t<div class=\"elementor-column elementor-col-33 elementor-inner-column elementor-element elementor-element-8e974b6\" data-id=\"8e974b6\" data-element_type=\"column\">\n\t\t\t<div class=\"elementor-widget-wrap elementor-element-populated\">\n\t\t\t\t\t\t\t\t<div class=\"elementor-element elementor-element-2f2188a elementor-cta--skin-classic elementor-animated-content elementor-bg-transform elementor-bg-transform-zoom-in elementor-widget elementor-widget-call-to-action\" data-id=\"2f2188a\" data-element_type=\"widget\" data-widget_type=\"call-to-action.default\">\n\t\t\t\t<div class=\"elementor-widget-container\">\n\t\t\t\t\t<a class=\"elementor-cta\" href=\"\/de\/ivf-success-rates\/\">\n\t\t\t\t\t<div class=\"elementor-cta__bg-wrapper\">\n\t\t\t\t<div class=\"elementor-cta__bg elementor-bg\" style=\"background-image: url(https:\/\/www.lowcostivf.net\/wp-content\/uploads\/2019\/11\/ivf-success-rates-350x250.jpg);\" role=\"img\" aria-label=\"IVF-Erfolgsraten\"><\/div>\n\t\t\t\t<div class=\"elementor-cta__bg-overlay\"><\/div>\n\t\t\t<\/div>\n\t\t\t\t\t\t\t<div class=\"elementor-cta__content\">\n\t\t\t\t\n\t\t\t\t\t\t\t\t\t<h2 class=\"elementor-cta__title elementor-cta__content-item elementor-content-item\">\n\t\t\t\t\t\tUnsere Erfolgsquoten\t\t\t\t\t<\/h2>\n\t\t\t\t\n\t\t\t\t\t\t\t\t\t<div class=\"elementor-cta__description elementor-cta__content-item elementor-content-item\">\n\t\t\t\t\t\t<p style=\"text-align: center; !important;\">Warum hat das IVF-Zentrum Nordzypern so hohe Erfolgsquoten?<\/p>\t\t\t\t\t<\/div>\n\t\t\t\t\n\t\t\t\t\t\t\t<\/div>\n\t\t\t\t\t\t\t<div class=\"elementor-ribbon elementor-ribbon-left\">\n\t\t\t\t<div class=\"elementor-ribbon-inner\">Erfolgsraten<\/div>\n\t\t\t<\/div>\n\t\t\t\t<\/a>\n\t\t\t\t<\/div>\n\t\t\t\t<\/div>\n\t\t\t\t\t<\/div>\n\t\t<\/div>\n\t\t\t\t<div class=\"elementor-column elementor-col-33 elementor-inner-column elementor-element elementor-element-4cbafb2\" data-id=\"4cbafb2\" data-element_type=\"column\">\n\t\t\t<div class=\"elementor-widget-wrap elementor-element-populated\">\n\t\t\t\t\t\t\t\t<div class=\"elementor-element elementor-element-6d98c42 elementor-cta--skin-classic elementor-animated-content elementor-bg-transform elementor-bg-transform-zoom-in elementor-widget elementor-widget-call-to-action\" data-id=\"6d98c42\" data-element_type=\"widget\" data-widget_type=\"call-to-action.default\">\n\t\t\t\t<div class=\"elementor-widget-container\">\n\t\t\t\t\t<a class=\"elementor-cta\" href=\"\/de\/latest-news-from-north-cyprus-ivf-center\/\">\n\t\t\t\t\t<div class=\"elementor-cta__bg-wrapper\">\n\t\t\t\t<div class=\"elementor-cta__bg elementor-bg\" style=\"background-image: url(https:\/\/www.lowcostivf.net\/wp-content\/uploads\/2019\/11\/blog-350x250.jpg);\" role=\"img\" aria-label=\"Blog\"><\/div>\n\t\t\t\t<div class=\"elementor-cta__bg-overlay\"><\/div>\n\t\t\t<\/div>\n\t\t\t\t\t\t\t<div class=\"elementor-cta__content\">\n\t\t\t\t\n\t\t\t\t\t\t\t\t\t<h2 class=\"elementor-cta__title elementor-cta__content-item elementor-content-item\">\n\t\t\t\t\t\tUnser Blog\t\t\t\t\t<\/h2>\n\t\t\t\t\n\t\t\t\t\t\t\t\t\t<div class=\"elementor-cta__description elementor-cta__content-item elementor-content-item\">\n\t\t\t\t\t\t<p style=\"text-align: center; !important;\">In unserem Blog finden Sie aktuelle Artikel zum Thema IVF und Unfruchtbarkeit.<\/p>\t\t\t\t\t<\/div>\n\t\t\t\t\n\t\t\t\t\t\t\t<\/div>\n\t\t\t\t\t\t\t<div class=\"elementor-ribbon elementor-ribbon-left\">\n\t\t\t\t<div class=\"elementor-ribbon-inner\">Blog<\/div>\n\t\t\t<\/div>\n\t\t\t\t<\/a>\n\t\t\t\t<\/div>\n\t\t\t\t<\/div>\n\t\t\t\t\t<\/div>\n\t\t<\/div>\n\t\t\t\t\t\t\t<\/div>\n\t\t<\/section>\n\t\t\t\t\t<\/div>\n\t\t<\/div>\n\t\t\t\t\t\t\t<\/div>\n\t\t<\/section>\n\t\t\t\t\t\t\t<\/div>","protected":false},"excerpt":{"rendered":"<p>Wer ist Asst. Prof. Dr. Idil Aslan? Asst. Prof. Dr. Idil Aslan Genetikerin \/ Laborleiterin\u200b Akademischer Hintergrund BS-Universit\u00e4t Ankara, Fakult\u00e4t f\u00fcr Naturwissenschaften, Abteilung f\u00fcr BiologieMS-Universit\u00e4t Ankara, Fakult\u00e4t f\u00fcr Veterin\u00e4rmedizin Abteilung f\u00fcr BiochemiePhD-Universit\u00e4t Ankara, Institut f\u00fcr Biotechnologie Abteilung f\u00fcr Molekulargenetik Kurse und ZertifikateP\u00e4dagogische Ausbildung: Lehrt\u00e4tigkeit 1994-1995Sprache: Holborn English [\u2026]<\/p>","protected":false},"author":1,"featured_media":0,"parent":0,"menu_order":0,"comment_status":"closed","ping_status":"closed","template":"elementor_header_footer","meta":{"footnotes":""},"categories":[],"tags":[],"class_list":["post-3296","page","type-page","status-publish","hentry"],"yoast_head":"<!-- This site is optimized with the Yoast SEO plugin v24.3 - https:\/\/yoast.com\/wordpress\/plugins\/seo\/ -->\n<title>Dr. Idil Aslan - North Cyprus IVF<\/title>\n<meta name=\"robots\" content=\"index, follow, max-snippet:-1, max-image-preview:large, max-video-preview:-1\" \/>\n<link rel=\"canonical\" href=\"https:\/\/www.lowcostivf.net\/de\/dr-idil-aslan\/\" \/>\n<meta property=\"og:locale\" content=\"de_DE\" \/>\n<meta property=\"og:type\" content=\"article\" \/>\n<meta property=\"og:title\" content=\"Dr. Idil Aslan - North Cyprus IVF\" \/>\n<meta property=\"og:description\" content=\"Who is Asst. Prof. Dr. Idil Aslan? Asst. Prof. Dr. Idil Aslan Geneticist \/ Laboratory Director\u200b Academic Background BS-Ankara University, Faculy of Science, Department of BiologyMS- Ankara University, Faculty of Veterinary Medicine Department of BiochemistryPhD- Ankara University, Institue of Biotecnology Department of Molecular Genetics Courses and CertificatesPedagogic Formation: Profession of teaching in 1994-1995Language: Holborn English [&hellip;]\" \/>\n<meta property=\"og:url\" content=\"https:\/\/www.lowcostivf.net\/de\/dr-idil-aslan\/\" \/>\n<meta property=\"og:site_name\" content=\"North Cyprus IVF\" \/>\n<meta property=\"article:publisher\" content=\"https:\/\/www.facebook.com\/northcyprusivf\/\" \/>\n<meta property=\"article:modified_time\" content=\"2023-11-19T14:15:20+00:00\" \/>\n<meta property=\"og:image\" content=\"https:\/\/www.lowcostivf.net\/wp-content\/uploads\/2019\/12\/dr_idil_aslan.jpg\" \/>\n<meta name=\"twitter:card\" content=\"summary_large_image\" \/>\n<meta name=\"twitter:label1\" content=\"Gesch\u00e4tzte Lesezeit\" \/>\n\t<meta name=\"twitter:data1\" content=\"2\u00a0Minuten\" \/>\n<script type=\"application\/ld+json\" class=\"yoast-schema-graph\">{\"@context\":\"https:\/\/schema.org\",\"@graph\":[{\"@type\":\"WebPage\",\"@id\":\"https:\/\/www.lowcostivf.net\/dr-idil-aslan\/\",\"url\":\"https:\/\/www.lowcostivf.net\/dr-idil-aslan\/\",\"name\":\"Dr. Idil Aslan - North Cyprus IVF\",\"isPartOf\":{\"@id\":\"https:\/\/www.lowcostivf.net\/#website\"},\"primaryImageOfPage\":{\"@id\":\"https:\/\/www.lowcostivf.net\/dr-idil-aslan\/#primaryimage\"},\"image\":{\"@id\":\"https:\/\/www.lowcostivf.net\/dr-idil-aslan\/#primaryimage\"},\"thumbnailUrl\":\"https:\/\/www.lowcostivf.net\/wp-content\/uploads\/2019\/12\/dr_idil_aslan.jpg\",\"datePublished\":\"2019-12-20T14:04:54+00:00\",\"dateModified\":\"2023-11-19T14:15:20+00:00\",\"breadcrumb\":{\"@id\":\"https:\/\/www.lowcostivf.net\/dr-idil-aslan\/#breadcrumb\"},\"inLanguage\":\"de\",\"potentialAction\":[{\"@type\":\"ReadAction\",\"target\":[\"https:\/\/www.lowcostivf.net\/dr-idil-aslan\/\"]}]},{\"@type\":\"ImageObject\",\"inLanguage\":\"de\",\"@id\":\"https:\/\/www.lowcostivf.net\/dr-idil-aslan\/#primaryimage\",\"url\":\"https:\/\/www.lowcostivf.net\/wp-content\/uploads\/2019\/12\/dr_idil_aslan.jpg\",\"contentUrl\":\"https:\/\/www.lowcostivf.net\/wp-content\/uploads\/2019\/12\/dr_idil_aslan.jpg\"},{\"@type\":\"BreadcrumbList\",\"@id\":\"https:\/\/www.lowcostivf.net\/dr-idil-aslan\/#breadcrumb\",\"itemListElement\":[{\"@type\":\"ListItem\",\"position\":1,\"name\":\"Home\",\"item\":\"https:\/\/www.lowcostivf.net\/\"},{\"@type\":\"ListItem\",\"position\":2,\"name\":\"Dr. Idil Aslan\"}]},{\"@type\":\"WebSite\",\"@id\":\"https:\/\/www.lowcostivf.net\/#website\",\"url\":\"https:\/\/www.lowcostivf.net\/\",\"name\":\"North Cyprus IVF\",\"description\":\"Highest IVF Success in Cyprus\",\"publisher\":{\"@id\":\"https:\/\/www.lowcostivf.net\/#organization\"},\"potentialAction\":[{\"@type\":\"SearchAction\",\"target\":{\"@type\":\"EntryPoint\",\"urlTemplate\":\"https:\/\/www.lowcostivf.net\/?s={search_term_string}\"},\"query-input\":{\"@type\":\"PropertyValueSpecification\",\"valueRequired\":true,\"valueName\":\"search_term_string\"}}],\"inLanguage\":\"de\"},{\"@type\":\"Organization\",\"@id\":\"https:\/\/www.lowcostivf.net\/#organization\",\"name\":\"North Cyprus IVF Centre\",\"alternateName\":\"Cyprus IVF Centre\",\"url\":\"https:\/\/www.lowcostivf.net\/\",\"logo\":{\"@type\":\"ImageObject\",\"inLanguage\":\"de\",\"@id\":\"https:\/\/www.lowcostivf.net\/#\/schema\/logo\/image\/\",\"url\":\"https:\/\/www.lowcostivf.net\/wp-content\/uploads\/2023\/08\/logo-cyprus-ivf-center-logo.png\",\"contentUrl\":\"https:\/\/www.lowcostivf.net\/wp-content\/uploads\/2023\/08\/logo-cyprus-ivf-center-logo.png\",\"width\":300,\"height\":300,\"caption\":\"North Cyprus IVF Centre\"},\"image\":{\"@id\":\"https:\/\/www.lowcostivf.net\/#\/schema\/logo\/image\/\"},\"sameAs\":[\"https:\/\/www.facebook.com\/northcyprusivf\/\"]}]}<\/script>\n<!-- \/ Yoast SEO plugin. -->","yoast_head_json":{"title":"Dr. Idil Aslan - North Cyprus IVF","robots":{"index":"index","follow":"follow","max-snippet":"max-snippet:-1","max-image-preview":"max-image-preview:large","max-video-preview":"max-video-preview:-1"},"canonical":"https:\/\/www.lowcostivf.net\/de\/dr-idil-aslan\/","og_locale":"de_DE","og_type":"article","og_title":"Dr. Idil Aslan - North Cyprus IVF","og_description":"Who is Asst. Prof. Dr. Idil Aslan? Asst. Prof. Dr. Idil Aslan Geneticist \/ Laboratory Director\u200b Academic Background BS-Ankara University, Faculy of Science, Department of BiologyMS- Ankara University, Faculty of Veterinary Medicine Department of BiochemistryPhD- Ankara University, Institue of Biotecnology Department of Molecular Genetics Courses and CertificatesPedagogic Formation: Profession of teaching in 1994-1995Language: Holborn English [&hellip;]","og_url":"https:\/\/www.lowcostivf.net\/de\/dr-idil-aslan\/","og_site_name":"North Cyprus IVF","article_publisher":"https:\/\/www.facebook.com\/northcyprusivf\/","article_modified_time":"2023-11-19T14:15:20+00:00","og_image":[{"url":"https:\/\/www.lowcostivf.net\/wp-content\/uploads\/2019\/12\/dr_idil_aslan.jpg","type":"","width":"","height":""}],"twitter_card":"summary_large_image","twitter_misc":{"Gesch\u00e4tzte Lesezeit":"2\u00a0Minuten"},"schema":{"@context":"https:\/\/schema.org","@graph":[{"@type":"WebPage","@id":"https:\/\/www.lowcostivf.net\/dr-idil-aslan\/","url":"https:\/\/www.lowcostivf.net\/dr-idil-aslan\/","name":"Dr. Idil Aslan - North Cyprus IVF","isPartOf":{"@id":"https:\/\/www.lowcostivf.net\/#website"},"primaryImageOfPage":{"@id":"https:\/\/www.lowcostivf.net\/dr-idil-aslan\/#primaryimage"},"image":{"@id":"https:\/\/www.lowcostivf.net\/dr-idil-aslan\/#primaryimage"},"thumbnailUrl":"https:\/\/www.lowcostivf.net\/wp-content\/uploads\/2019\/12\/dr_idil_aslan.jpg","datePublished":"2019-12-20T14:04:54+00:00","dateModified":"2023-11-19T14:15:20+00:00","breadcrumb":{"@id":"https:\/\/www.lowcostivf.net\/dr-idil-aslan\/#breadcrumb"},"inLanguage":"de","potentialAction":[{"@type":"ReadAction","target":["https:\/\/www.lowcostivf.net\/dr-idil-aslan\/"]}]},{"@type":"ImageObject","inLanguage":"de","@id":"https:\/\/www.lowcostivf.net\/dr-idil-aslan\/#primaryimage","url":"https:\/\/www.lowcostivf.net\/wp-content\/uploads\/2019\/12\/dr_idil_aslan.jpg","contentUrl":"https:\/\/www.lowcostivf.net\/wp-content\/uploads\/2019\/12\/dr_idil_aslan.jpg"},{"@type":"BreadcrumbList","@id":"https:\/\/www.lowcostivf.net\/dr-idil-aslan\/#breadcrumb","itemListElement":[{"@type":"ListItem","position":1,"name":"Home","item":"https:\/\/www.lowcostivf.net\/"},{"@type":"ListItem","position":2,"name":"Dr. Idil Aslan"}]},{"@type":"WebSite","@id":"https:\/\/www.lowcostivf.net\/#website","url":"https:\/\/www.lowcostivf.net\/","name":"North Cyprus IVF","description":"Highest IVF Success in Cyprus","publisher":{"@id":"https:\/\/www.lowcostivf.net\/#organization"},"potentialAction":[{"@type":"SearchAction","target":{"@type":"EntryPoint","urlTemplate":"https:\/\/www.lowcostivf.net\/?s={search_term_string}"},"query-input":{"@type":"PropertyValueSpecification","valueRequired":true,"valueName":"search_term_string"}}],"inLanguage":"de"},{"@type":"Organization","@id":"https:\/\/www.lowcostivf.net\/#organization","name":"North Cyprus IVF Centre","alternateName":"Cyprus IVF Centre","url":"https:\/\/www.lowcostivf.net\/","logo":{"@type":"ImageObject","inLanguage":"de","@id":"https:\/\/www.lowcostivf.net\/#\/schema\/logo\/image\/","url":"https:\/\/www.lowcostivf.net\/wp-content\/uploads\/2023\/08\/logo-cyprus-ivf-center-logo.png","contentUrl":"https:\/\/www.lowcostivf.net\/wp-content\/uploads\/2023\/08\/logo-cyprus-ivf-center-logo.png","width":300,"height":300,"caption":"North Cyprus IVF Centre"},"image":{"@id":"https:\/\/www.lowcostivf.net\/#\/schema\/logo\/image\/"},"sameAs":["https:\/\/www.facebook.com\/northcyprusivf\/"]}]}},"_links":{"self":[{"href":"https:\/\/www.lowcostivf.net\/de\/wp-json\/wp\/v2\/pages\/3296"}],"collection":[{"href":"https:\/\/www.lowcostivf.net\/de\/wp-json\/wp\/v2\/pages"}],"about":[{"href":"https:\/\/www.lowcostivf.net\/de\/wp-json\/wp\/v2\/types\/page"}],"author":[{"embeddable":true,"href":"https:\/\/www.lowcostivf.net\/de\/wp-json\/wp\/v2\/users\/1"}],"replies":[{"embeddable":true,"href":"https:\/\/www.lowcostivf.net\/de\/wp-json\/wp\/v2\/comments?post=3296"}],"version-history":[{"count":12,"href":"https:\/\/www.lowcostivf.net\/de\/wp-json\/wp\/v2\/pages\/3296\/revisions"}],"predecessor-version":[{"id":12228,"href":"https:\/\/www.lowcostivf.net\/de\/wp-json\/wp\/v2\/pages\/3296\/revisions\/12228"}],"wp:attachment":[{"href":"https:\/\/www.lowcostivf.net\/de\/wp-json\/wp\/v2\/media?parent=3296"}],"wp:term":[{"taxonomy":"category","embeddable":true,"href":"https:\/\/www.lowcostivf.net\/de\/wp-json\/wp\/v2\/categories?post=3296"},{"taxonomy":"post_tag","embeddable":true,"href":"https:\/\/www.lowcostivf.net\/de\/wp-json\/wp\/v2\/tags?post=3296"}],"curies":[{"name":"wp","href":"https:\/\/api.w.org\/{rel}","templated":true}]}}